{"id":115547,"date":"2025-01-13T14:00:55","date_gmt":"2025-01-13T13:00:55","guid":{"rendered":"https:\/\/beppy.com\/expedition-et-retours\/"},"modified":"2025-06-17T11:09:10","modified_gmt":"2025-06-17T09:09:10","slug":"expedition-et-retours","status":"publish","type":"page","link":"https:\/\/beppy.com\/fr\/expedition-et-retours\/","title":{"rendered":"Exp\u00e9dition et retours"},"content":{"rendered":"\t\t<div data-elementor-type=\"wp-page\" data-elementor-id=\"115547\" class=\"elementor elementor-115547 elementor-19\" data-elementor-post-type=\"page\">\n\t\t\t\t<div class=\"elementor-element elementor-element-67654bd e-flex e-con-boxed e-con e-parent\" data-id=\"67654bd\" data-element_type=\"container\" data-e-type=\"container\">\n\t\t\t\t\t<div class=\"e-con-inner\">\n\t\t\t\t<div class=\"elementor-element elementor-element-b4b1928 elementor-widget elementor-widget-heading\" data-id=\"b4b1928\" data-element_type=\"widget\" data-e-type=\"widget\" data-widget_type=\"heading.default\">\n\t\t\t\t<div class=\"elementor-widget-container\">\n\t\t\t\t\t<h1 class=\"elementor-heading-title elementor-size-default\">Exp\u00e9dition et retours<\/h1>\t\t\t\t<\/div>\n\t\t\t\t<\/div>\n\t\t\t\t<div class=\"elementor-element elementor-element-b389eec elementor-widget elementor-widget-text-editor\" data-id=\"b389eec\" data-element_type=\"widget\" data-e-type=\"widget\" data-widget_type=\"text-editor.default\">\n\t\t\t\t<div class=\"elementor-widget-container\">\n\t\t\t\t\t\t\t\t\t<p>En g\u00e9n\u00e9ral, le d\u00e9lai de livraison de Beppy&rsquo;s aux Pays-Bas est de 1 \u00e0 2 jours ouvrables. Pour la Belgique, le d\u00e9lai de livraison est l\u00e9g\u00e8rement plus long en moyenne, \u00e0 savoir 4 jours ouvrables (bien que cela puisse varier en fonction du transporteur). Vous trouverez ci-dessous un aper\u00e7u des d\u00e9lais de livraison estim\u00e9s pour les Pays-Bas :  <\/p><table border=\"1\"><tbody><tr><td bgcolor=\"\"><strong>Command\u00e9 le :<\/strong><\/td><td bgcolor=\"\"><strong>Livr\u00e9 le : <span data-mce-mark=\"1\">*<\/span><\/strong><\/td><\/tr><tr><td>Lundi<\/td><td>Mardi<\/td><\/tr><tr><td bgcolor=\"#E5E4E2\">Mardi<\/td><td bgcolor=\"#E5E4E2\">Mercredi<\/td><\/tr><tr><td>Mercredi<\/td><td>Jeudi<\/td><\/tr><tr><td bgcolor=\"#E5E4E2\">Jeudi<\/td><td bgcolor=\"#E5E4E2\">Vendredi<\/td><\/tr><tr><td>Vendredi<\/td><td>Samedi<\/td><\/tr><tr><td bgcolor=\"#E5E4E2\">Samedi<\/td><td bgcolor=\"#E5E4E2\">Mardi<\/td><\/tr><tr><td>Dimanche<\/td><td>Mardi<\/td><\/tr><\/tbody><\/table><p><em>* Ces d\u00e9lais de livraison indicatifs s&rsquo;appliquent aux commandes pass\u00e9es avant 16 heures les jours ouvrables.<\/em><\/p><p>Les Beppy&rsquo;s sont livr\u00e9s par courrier ordinaire de PostNL. Les d\u00e9lais de livraison indiqu\u00e9s ci-dessus sont donn\u00e9s \u00e0 titre indicatif. La livraison peut prendre un jour ouvrable de plus, en fonction du service de transport sur lequel nous n&rsquo;avons malheureusement aucun contr\u00f4le direct.  <\/p><p><b>Veuillez noter que <\/b>les commandes plus importantes (par exemple, Beppy 30 pi\u00e8ces) ne sont pas envoy\u00e9es par la poste mais par un service de colis en raison de leur taille. Dans ce cas, la livraison n&rsquo;est possible qu&rsquo;\u00e0 une adresse physique o\u00f9 une personne est pr\u00e9sente pour recevoir le colis. Les bo\u00eetes postales ne sont pas accept\u00e9es.  <\/p><h3>Frais d&rsquo;exp\u00e9dition<\/h3><p>Les frais d&rsquo;exp\u00e9dition ne sont pas factur\u00e9s pour les commandes sup\u00e9rieures \u00e0 25 euros.<\/p><h3>Droit de retour<\/h3><p>Vous disposez d&rsquo;un d\u00e9lai de r\u00e9flexion de 14 jours \u00e0 compter de la r\u00e9ception de votre commande. Si le produit ne correspond pas \u00e0 vos attentes, veuillez nous contacter pour nous retourner le produit non utilis\u00e9 dans son \u00e9tat d&rsquo;origine. Nous vous communiquerons alors nos conditions de retour d\u00e9taill\u00e9es et notre adresse de retour. Les frais de retour sont \u00e0 votre charge. Apr\u00e8s r\u00e9ception du produit dans son \u00e9tat d&rsquo;origine, nous vous rembourserons dans un d\u00e9lai de 14 jours. Pour des raisons d&rsquo;hygi\u00e8ne, les produits Beppy ne peuvent \u00eatre retourn\u00e9s que s&rsquo;ils n&rsquo;ont pas \u00e9t\u00e9 ouverts et dans un emballage intact. Veuillez noter que nous nous r\u00e9servons le droit de refuser les retours si le produit a \u00e9t\u00e9 ouvert ou utilis\u00e9. Si vous rencontrez des probl\u00e8mes ou si vous n&rsquo;\u00eates pas s\u00fbr de pouvoir retourner un produit, veuillez nous contacter \u00e0 l&rsquo;adresse info@beppy.com.       <\/p><p>Nous acceptons les retours dans les cas suivants :<\/p><ul><li>Produits d\u00e9fectueux (\u00e0 la r\u00e9ception)<\/li><li>R\u00e9ception d&rsquo;un mauvais produit<\/li><li>Dans le d\u00e9lai l\u00e9gal de r\u00e9tractation de 14 jours<\/li><\/ul><h3>Coupe Beppy<\/h3><p>Si la tasse Beppy ne vous convient pas, vous pouvez la renvoyer dans les 3 mois. Toutefois, veuillez noter que pour des raisons d&rsquo;hygi\u00e8ne, nous devrons jeter la tasse Beppy retourn\u00e9e, ce qui n&rsquo;est pas conforme \u00e0 nos valeurs de d\u00e9veloppement durable. Assurez-vous donc d&rsquo;avoir suffisamment essay\u00e9 la tasse et suivez attentivement les instructions figurant sur notre <a href=\"https:\/\/beppy.com\/blog\/\" target=\"_blank\" rel=\"noopener\">blog<\/a> et notre <a href=\"https:\/\/beppy.com\/veelgestelde-vragen\/\" target=\"_blank\" rel=\"noopener\">FAQ<\/a>. Nous sommes \u00e9galement \u00e0 votre disposition pour des conseils personnalis\u00e9s par e-mail ou via les m\u00e9dias sociaux.<br>N&rsquo;h\u00e9sitez pas \u00e0 contacter notre service client\u00e8le si vous souhaitez renvoyer un produit. N&rsquo;oubliez pas d&rsquo;indiquer votre num\u00e9ro de commande et votre nom.    <\/p><p>Pour plus d&rsquo;informations sur les retours et le droit de r\u00e9tractation, vous pouvez \u00e9galement consulter nos <a href=\"https:\/\/www.beppy.com\/algemene-voorwaarden\/\" target=\"_blank\" rel=\"noopener\">conditions g\u00e9n\u00e9rales<\/a>.<\/p>\t\t\t\t\t\t\t\t<\/div>\n\t\t\t\t<\/div>\n\t\t\t\t\t<\/div>\n\t\t\t\t<\/div>\n\t\t\t\t<\/div>\n\t\t","protected":false},"excerpt":{"rendered":"<p>Exp\u00e9dition et retours En g\u00e9n\u00e9ral, le d\u00e9lai de livraison de Beppy&rsquo;s aux Pays-Bas est de 1 \u00e0 2 jours ouvrables. Pour la Belgique, le d\u00e9lai de livraison est l\u00e9g\u00e8rement plus long en moyenne, \u00e0 savoir 4 jours ouvrables (bien que cela puisse varier en fonction du transporteur). Vous trouverez ci-dessous un aper\u00e7u des d\u00e9lais de [&hellip;]<\/p>\n","protected":false},"author":1,"featured_media":0,"parent":0,"menu_order":11,"comment_status":"closed","ping_status":"closed","template":"","meta":{"_acf_changed":false,"footnotes":""},"class_list":["post-115547","page","type-page","status-publish","hentry"],"acf":[],"yoast_head":"<!-- This site is optimized with the Yoast SEO Premium plugin v27.3 (Yoast SEO v27.3) - https:\/\/yoast.com\/product\/yoast-seo-premium-wordpress\/ -->\n<title>Exp\u00e9dition et retours - Beppy<\/title>\n<meta name=\"robots\" content=\"index, follow, max-snippet:-1, max-image-preview:large, max-video-preview:-1\" \/>\n<link rel=\"canonical\" href=\"https:\/\/beppy.com\/fr\/expedition-et-retours\/\" \/>\n<meta property=\"og:locale\" content=\"fr_FR\" \/>\n<meta property=\"og:type\" content=\"article\" \/>\n<meta property=\"og:title\" content=\"Exp\u00e9dition et retours\" \/>\n<meta property=\"og:description\" content=\"Exp\u00e9dition et retours En g\u00e9n\u00e9ral, le d\u00e9lai de livraison de Beppy&rsquo;s aux Pays-Bas est de 1 \u00e0 2 jours ouvrables. Pour la Belgique, le d\u00e9lai de livraison est l\u00e9g\u00e8rement plus long en moyenne, \u00e0 savoir 4 jours ouvrables (bien que cela puisse varier en fonction du transporteur). Vous trouverez ci-dessous un aper\u00e7u des d\u00e9lais de [&hellip;]\" \/>\n<meta property=\"og:url\" content=\"https:\/\/beppy.com\/fr\/expedition-et-retours\/\" \/>\n<meta property=\"og:site_name\" content=\"Beppy\" \/>\n<meta property=\"article:modified_time\" content=\"2025-06-17T09:09:10+00:00\" \/>\n<meta name=\"twitter:card\" content=\"summary_large_image\" \/>\n<meta name=\"twitter:label1\" content=\"Dur\u00e9e de lecture estim\u00e9e\" \/>\n\t<meta name=\"twitter:data1\" content=\"3 minutes\" \/>\n<script type=\"application\/ld+json\" class=\"yoast-schema-graph\">{\"@context\":\"https:\\\/\\\/schema.org\",\"@graph\":[{\"@type\":\"WebPage\",\"@id\":\"https:\\\/\\\/beppy.com\\\/fr\\\/expedition-et-retours\\\/\",\"url\":\"https:\\\/\\\/beppy.com\\\/fr\\\/expedition-et-retours\\\/\",\"name\":\"Exp\u00e9dition et retours - Beppy\",\"isPartOf\":{\"@id\":\"https:\\\/\\\/beppy.com\\\/fr\\\/#website\"},\"datePublished\":\"2025-01-13T13:00:55+00:00\",\"dateModified\":\"2025-06-17T09:09:10+00:00\",\"breadcrumb\":{\"@id\":\"https:\\\/\\\/beppy.com\\\/fr\\\/expedition-et-retours\\\/#breadcrumb\"},\"inLanguage\":\"fr-FR\",\"potentialAction\":[{\"@type\":\"ReadAction\",\"target\":[\"https:\\\/\\\/beppy.com\\\/fr\\\/expedition-et-retours\\\/\"]}]},{\"@type\":\"BreadcrumbList\",\"@id\":\"https:\\\/\\\/beppy.com\\\/fr\\\/expedition-et-retours\\\/#breadcrumb\",\"itemListElement\":[{\"@type\":\"ListItem\",\"position\":1,\"name\":\"Accueil\",\"item\":\"https:\\\/\\\/beppy.com\\\/fr\\\/\"},{\"@type\":\"ListItem\",\"position\":2,\"name\":\"Exp\u00e9dition et retours\"}]},{\"@type\":\"WebSite\",\"@id\":\"https:\\\/\\\/beppy.com\\\/fr\\\/#website\",\"url\":\"https:\\\/\\\/beppy.com\\\/fr\\\/\",\"name\":\"Beppy\",\"description\":\"Menstruatiecups, soft tampons en ondergoed\",\"publisher\":{\"@id\":\"https:\\\/\\\/beppy.com\\\/fr\\\/#organization\"},\"potentialAction\":[{\"@type\":\"SearchAction\",\"target\":{\"@type\":\"EntryPoint\",\"urlTemplate\":\"https:\\\/\\\/beppy.com\\\/fr\\\/?s={search_term_string}\"},\"query-input\":{\"@type\":\"PropertyValueSpecification\",\"valueRequired\":true,\"valueName\":\"search_term_string\"}}],\"inLanguage\":\"fr-FR\"},{\"@type\":\"Organization\",\"@id\":\"https:\\\/\\\/beppy.com\\\/fr\\\/#organization\",\"name\":\"Beppy\",\"url\":\"https:\\\/\\\/beppy.com\\\/fr\\\/\",\"logo\":{\"@type\":\"ImageObject\",\"inLanguage\":\"fr-FR\",\"@id\":\"https:\\\/\\\/beppy.com\\\/fr\\\/#\\\/schema\\\/logo\\\/image\\\/\",\"url\":\"https:\\\/\\\/beppy.com\\\/wp-content\\\/uploads\\\/2024\\\/12\\\/cropped-Beppy_logo.png\",\"contentUrl\":\"https:\\\/\\\/beppy.com\\\/wp-content\\\/uploads\\\/2024\\\/12\\\/cropped-Beppy_logo.png\",\"width\":241,\"height\":84,\"caption\":\"Beppy\"},\"image\":{\"@id\":\"https:\\\/\\\/beppy.com\\\/fr\\\/#\\\/schema\\\/logo\\\/image\\\/\"}}]}<\/script>\n<!-- \/ Yoast SEO Premium plugin. -->","yoast_head_json":{"title":"Exp\u00e9dition et retours - Beppy","robots":{"index":"index","follow":"follow","max-snippet":"max-snippet:-1","max-image-preview":"max-image-preview:large","max-video-preview":"max-video-preview:-1"},"canonical":"https:\/\/beppy.com\/fr\/expedition-et-retours\/","og_locale":"fr_FR","og_type":"article","og_title":"Exp\u00e9dition et retours","og_description":"Exp\u00e9dition et retours En g\u00e9n\u00e9ral, le d\u00e9lai de livraison de Beppy&rsquo;s aux Pays-Bas est de 1 \u00e0 2 jours ouvrables. Pour la Belgique, le d\u00e9lai de livraison est l\u00e9g\u00e8rement plus long en moyenne, \u00e0 savoir 4 jours ouvrables (bien que cela puisse varier en fonction du transporteur). Vous trouverez ci-dessous un aper\u00e7u des d\u00e9lais de [&hellip;]","og_url":"https:\/\/beppy.com\/fr\/expedition-et-retours\/","og_site_name":"Beppy","article_modified_time":"2025-06-17T09:09:10+00:00","twitter_card":"summary_large_image","twitter_misc":{"Dur\u00e9e de lecture estim\u00e9e":"3 minutes"},"schema":{"@context":"https:\/\/schema.org","@graph":[{"@type":"WebPage","@id":"https:\/\/beppy.com\/fr\/expedition-et-retours\/","url":"https:\/\/beppy.com\/fr\/expedition-et-retours\/","name":"Exp\u00e9dition et retours - Beppy","isPartOf":{"@id":"https:\/\/beppy.com\/fr\/#website"},"datePublished":"2025-01-13T13:00:55+00:00","dateModified":"2025-06-17T09:09:10+00:00","breadcrumb":{"@id":"https:\/\/beppy.com\/fr\/expedition-et-retours\/#breadcrumb"},"inLanguage":"fr-FR","potentialAction":[{"@type":"ReadAction","target":["https:\/\/beppy.com\/fr\/expedition-et-retours\/"]}]},{"@type":"BreadcrumbList","@id":"https:\/\/beppy.com\/fr\/expedition-et-retours\/#breadcrumb","itemListElement":[{"@type":"ListItem","position":1,"name":"Accueil","item":"https:\/\/beppy.com\/fr\/"},{"@type":"ListItem","position":2,"name":"Exp\u00e9dition et retours"}]},{"@type":"WebSite","@id":"https:\/\/beppy.com\/fr\/#website","url":"https:\/\/beppy.com\/fr\/","name":"Beppy","description":"Menstruatiecups, soft tampons en ondergoed","publisher":{"@id":"https:\/\/beppy.com\/fr\/#organization"},"potentialAction":[{"@type":"SearchAction","target":{"@type":"EntryPoint","urlTemplate":"https:\/\/beppy.com\/fr\/?s={search_term_string}"},"query-input":{"@type":"PropertyValueSpecification","valueRequired":true,"valueName":"search_term_string"}}],"inLanguage":"fr-FR"},{"@type":"Organization","@id":"https:\/\/beppy.com\/fr\/#organization","name":"Beppy","url":"https:\/\/beppy.com\/fr\/","logo":{"@type":"ImageObject","inLanguage":"fr-FR","@id":"https:\/\/beppy.com\/fr\/#\/schema\/logo\/image\/","url":"https:\/\/beppy.com\/wp-content\/uploads\/2024\/12\/cropped-Beppy_logo.png","contentUrl":"https:\/\/beppy.com\/wp-content\/uploads\/2024\/12\/cropped-Beppy_logo.png","width":241,"height":84,"caption":"Beppy"},"image":{"@id":"https:\/\/beppy.com\/fr\/#\/schema\/logo\/image\/"}}]}},"_links":{"self":[{"href":"https:\/\/beppy.com\/fr\/wp-json\/wp\/v2\/pages\/115547","targetHints":{"allow":["GET"]}}],"collection":[{"href":"https:\/\/beppy.com\/fr\/wp-json\/wp\/v2\/pages"}],"about":[{"href":"https:\/\/beppy.com\/fr\/wp-json\/wp\/v2\/types\/page"}],"author":[{"embeddable":true,"href":"https:\/\/beppy.com\/fr\/wp-json\/wp\/v2\/users\/1"}],"replies":[{"embeddable":true,"href":"https:\/\/beppy.com\/fr\/wp-json\/wp\/v2\/comments?post=115547"}],"version-history":[{"count":1,"href":"https:\/\/beppy.com\/fr\/wp-json\/wp\/v2\/pages\/115547\/revisions"}],"predecessor-version":[{"id":115548,"href":"https:\/\/beppy.com\/fr\/wp-json\/wp\/v2\/pages\/115547\/revisions\/115548"}],"wp:attachment":[{"href":"https:\/\/beppy.com\/fr\/wp-json\/wp\/v2\/media?parent=115547"}],"curies":[{"name":"wp","href":"https:\/\/api.w.org\/{rel}","templated":true}]}}