{"id":116198,"date":"2025-01-13T13:55:44","date_gmt":"2025-01-13T12:55:44","guid":{"rendered":"https:\/\/beppy.com\/manuel-de-lutilisateur\/"},"modified":"2025-06-17T16:55:27","modified_gmt":"2025-06-17T14:55:27","slug":"manuel-de-lutilisateur","status":"publish","type":"page","link":"https:\/\/beppy.com\/fr\/manuel-de-lutilisateur\/","title":{"rendered":"Manuel de l&rsquo;utilisateur"},"content":{"rendered":"\t\t<div data-elementor-type=\"wp-page\" data-elementor-id=\"116198\" class=\"elementor elementor-116198 elementor-110771\" data-elementor-post-type=\"page\">\n\t\t\t\t<div class=\"elementor-element elementor-element-fde9111 e-flex e-con-boxed e-con e-parent\" data-id=\"fde9111\" data-element_type=\"container\" data-e-type=\"container\">\n\t\t\t\t\t<div class=\"e-con-inner\">\n\t\t\t\t<div class=\"elementor-element elementor-element-0292f05 elementor-widget elementor-widget-heading\" data-id=\"0292f05\" data-element_type=\"widget\" data-e-type=\"widget\" data-widget_type=\"heading.default\">\n\t\t\t\t<div class=\"elementor-widget-container\">\n\t\t\t\t\t<h1 class=\"elementor-heading-title elementor-size-default\">Manuel de l'utilisateur<\/h1>\t\t\t\t<\/div>\n\t\t\t\t<\/div>\n\t\t\t\t<div class=\"elementor-element elementor-element-845eccf elementor-widget elementor-widget-text-editor\" data-id=\"845eccf\" data-element_type=\"widget\" data-e-type=\"widget\" data-widget_type=\"text-editor.default\">\n\t\t\t\t<div class=\"elementor-widget-container\">\n\t\t\t\t\t\t\t\t\t<p>Beppy est un tampon sans fil hygi\u00e9nique et facile \u00e0 utiliser, con\u00e7u pour un confort maximal et une protection optimale. Beppy est s\u00fbr, hygi\u00e9nique et n&rsquo;irrite pas, ce qui a \u00e9t\u00e9 cliniquement et dermatologiquement prouv\u00e9. Plus d&rsquo;un million de femmes dans le monde utilisent Beppy.  <\/p><p>Beppy se pr\u00e9occupe des gens et de l&rsquo;environnement, comme le montre <a href=\"https:\/\/www.beppy.com\/ons-verhaal\/\">notre histoire.<\/a> Beppy a \u00e9t\u00e9 d\u00e9velopp\u00e9 par des femmes pour des femmes. En tant qu&rsquo;utilisatrice de Beppy, vous pouvez \u00eatre s\u00fbre d&rsquo;avoir entre les mains un produit de qualit\u00e9.  <\/p><h3>Qualit\u00e9 de la production<\/h3><p>Asha International, le fabricant de Beppy, applique les normes internationales en mati\u00e8re de syst\u00e8mes de gestion de la qualit\u00e9. Cela signifie que la production du tampon r\u00e9pond \u00e0 des exigences internationales extr\u00eamement strictes. Beppy r\u00e9pond aux normes de qualit\u00e9 \u00e9num\u00e9r\u00e9es ci-dessous.  <\/p>\t\t\t\t\t\t\t\t<\/div>\n\t\t\t\t<\/div>\n\t\t\t\t<div class=\"elementor-element elementor-element-9ee0fd5 elementor-widget elementor-widget-image\" data-id=\"9ee0fd5\" data-element_type=\"widget\" data-e-type=\"widget\" data-widget_type=\"image.default\">\n\t\t\t\t<div class=\"elementor-widget-container\">\n\t\t\t\t\t\t\t\t\t\t\t\t\t\t\t<img decoding=\"async\" src=\"https:\/\/beppy.com\/wp-content\/uploads\/2019\/11\/kwaliteit_logos_beppy_website_.png\" title=\"\" alt=\"\" loading=\"lazy\" \/>\t\t\t\t\t\t\t\t\t\t\t\t\t\t\t<\/div>\n\t\t\t\t<\/div>\n\t\t\t\t<div class=\"elementor-element elementor-element-ae9bf14 elementor-widget elementor-widget-text-editor\" data-id=\"ae9bf14\" data-element_type=\"widget\" data-e-type=\"widget\" data-widget_type=\"text-editor.default\">\n\t\t\t\t<div class=\"elementor-widget-container\">\n\t\t\t\t\t\t\t\t\t<h3>Inserts<\/h3><p>Consultez la notice du <a href=\"https:\/\/www.beppy.com\/wp-content\/uploads\/2021\/09\/Beppy_WET_Bijsluiter.pdf\" target=\"_blank\" rel=\"nofollow noopener noreferrer\">Beppy WET<\/a>, du <a href=\"https:\/\/www.beppy.com\/wp-content\/uploads\/2021\/09\/Beppy_DRY_Bijsluiter.pdf\" target=\"_blank\" rel=\"nofollow noopener noreferrer\">Beppy DRY<\/a> et du <a href=\"https:\/\/www.beppy.com\/wp-content\/uploads\/2021\/09\/BeppyPure_Bijsluiter.pdf\" target=\"_blank\" rel=\"nofollow noopener noreferrer\">Beppy PURE<\/a>.<\/p><p>Vous trouverez ici les instructions pour les <a href=\"https:\/\/www.beppy.com\/wp-content\/uploads\/2021\/09\/BeppyCup_Bijsluiter.pdf\">tasses Beppy<\/a>, le <a href=\"https:\/\/www.beppy.com\/wp-content\/uploads\/2021\/09\/Beppy_Steam_Sterilizer_Bijsluiter.pdf\">Beppy Steam+Steriliser<\/a> et le <a href=\"https:\/\/www.beppy.com\/wp-content\/uploads\/2021\/09\/Beppy_Soapy_Bijsluiter.pdf\">Beppy Soapy<\/a>.<\/p><p>Le d\u00e9pliant des pr\u00e9servatifs Beppy est disponible en <a href=\"https:\/\/www.beppy.com\/wp-content\/uploads\/2021\/09\/Beppy_Condooms_Bijsluiter.pdf\" target=\"_blank\" rel=\"nofollow noopener noreferrer\">fran\u00e7ais<\/a>, <a href=\"https:\/\/www.beppy.com\/wp-content\/uploads\/2021\/09\/Beppy_Condooms_Bijsluiter.pdf\" target=\"_blank\" rel=\"nofollow noopener noreferrer\">n\u00e9erlandais<\/a>, <a href=\"https:\/\/www.beppy.com\/wp-content\/uploads\/2021\/09\/Beppy_Condooms_Bijsluiter.pdf\" target=\"_blank\" rel=\"nofollow noopener noreferrer\">espagnol<\/a>, <a href=\"https:\/\/www.beppy.com\/wp-content\/uploads\/2021\/09\/Beppy_Condooms_Bijsluiter.pdf\" target=\"_blank\" rel=\"nofollow noopener noreferrer\">allemand<\/a> et <a href=\"https:\/\/www.beppy.com\/wp-content\/uploads\/2021\/09\/Beppy_Condooms_Bijsluiter.pdf\" target=\"_blank\" rel=\"nofollow noopener noreferrer\">anglais<\/a>.<\/p><p>Consultez \u00e9galement la notice d&#8217;emballage, qui contient les ingr\u00e9dients du <a href=\"https:\/\/www.beppy.com\/wp-content\/uploads\/2021\/09\/Bijsluiter_Beppy_Comfort_Gel.pdf\" target=\"_blank\" rel=\"nofollow noopener noreferrer\">gel Beppy Comfort<\/a>.<\/p>\t\t\t\t\t\t\t\t<\/div>\n\t\t\t\t<\/div>\n\t\t\t\t\t<\/div>\n\t\t\t\t<\/div>\n\t\t\t\t<\/div>\n\t\t","protected":false},"excerpt":{"rendered":"<p>Manuel de l&rsquo;utilisateur Beppy est un tampon sans fil hygi\u00e9nique et facile \u00e0 utiliser, con\u00e7u pour un confort maximal et une protection optimale. Beppy est s\u00fbr, hygi\u00e9nique et n&rsquo;irrite pas, ce qui a \u00e9t\u00e9 cliniquement et dermatologiquement prouv\u00e9. Plus d&rsquo;un million de femmes dans le monde utilisent Beppy. Beppy se pr\u00e9occupe des gens et de [&hellip;]<\/p>\n","protected":false},"author":1,"featured_media":0,"parent":0,"menu_order":9,"comment_status":"closed","ping_status":"closed","template":"","meta":{"_acf_changed":false,"footnotes":""},"class_list":["post-116198","page","type-page","status-publish","hentry"],"acf":[],"yoast_head":"<!-- This site is optimized with the Yoast SEO Premium plugin v27.3 (Yoast SEO v27.3) - https:\/\/yoast.com\/product\/yoast-seo-premium-wordpress\/ -->\n<title>Manuel de l&#039;utilisateur - Beppy<\/title>\n<meta name=\"robots\" content=\"noindex, follow\" \/>\n<meta property=\"og:locale\" content=\"fr_FR\" \/>\n<meta property=\"og:type\" content=\"article\" \/>\n<meta property=\"og:title\" content=\"Manuel de l&#039;utilisateur\" \/>\n<meta property=\"og:description\" content=\"Manuel de l&rsquo;utilisateur Beppy est un tampon sans fil hygi\u00e9nique et facile \u00e0 utiliser, con\u00e7u pour un confort maximal et une protection optimale. Beppy est s\u00fbr, hygi\u00e9nique et n&rsquo;irrite pas, ce qui a \u00e9t\u00e9 cliniquement et dermatologiquement prouv\u00e9. Plus d&rsquo;un million de femmes dans le monde utilisent Beppy. Beppy se pr\u00e9occupe des gens et de [&hellip;]\" \/>\n<meta property=\"og:url\" content=\"https:\/\/beppy.com\/fr\/manuel-de-lutilisateur\/\" \/>\n<meta property=\"og:site_name\" content=\"Beppy\" \/>\n<meta property=\"article:modified_time\" content=\"2025-06-17T14:55:27+00:00\" \/>\n<meta property=\"og:image\" content=\"https:\/\/beppy.com\/wp-content\/uploads\/2019\/11\/kwaliteit_logos_beppy_website_.png\" \/>\n<meta name=\"twitter:card\" content=\"summary_large_image\" \/>\n<meta name=\"twitter:label1\" content=\"Dur\u00e9e de lecture estim\u00e9e\" \/>\n\t<meta name=\"twitter:data1\" content=\"1 minute\" \/>\n<script type=\"application\/ld+json\" class=\"yoast-schema-graph\">{\"@context\":\"https:\\\/\\\/schema.org\",\"@graph\":[{\"@type\":\"WebPage\",\"@id\":\"https:\\\/\\\/beppy.com\\\/fr\\\/manuel-de-lutilisateur\\\/\",\"url\":\"https:\\\/\\\/beppy.com\\\/fr\\\/manuel-de-lutilisateur\\\/\",\"name\":\"Manuel de l'utilisateur - Beppy\",\"isPartOf\":{\"@id\":\"https:\\\/\\\/beppy.com\\\/fr\\\/#website\"},\"primaryImageOfPage\":{\"@id\":\"https:\\\/\\\/beppy.com\\\/fr\\\/manuel-de-lutilisateur\\\/#primaryimage\"},\"image\":{\"@id\":\"https:\\\/\\\/beppy.com\\\/fr\\\/manuel-de-lutilisateur\\\/#primaryimage\"},\"thumbnailUrl\":\"https:\\\/\\\/beppy.com\\\/wp-content\\\/uploads\\\/2019\\\/11\\\/kwaliteit_logos_beppy_website_.png\",\"datePublished\":\"2025-01-13T12:55:44+00:00\",\"dateModified\":\"2025-06-17T14:55:27+00:00\",\"breadcrumb\":{\"@id\":\"https:\\\/\\\/beppy.com\\\/fr\\\/manuel-de-lutilisateur\\\/#breadcrumb\"},\"inLanguage\":\"fr-FR\",\"potentialAction\":[{\"@type\":\"ReadAction\",\"target\":[\"https:\\\/\\\/beppy.com\\\/fr\\\/manuel-de-lutilisateur\\\/\"]}]},{\"@type\":\"ImageObject\",\"inLanguage\":\"fr-FR\",\"@id\":\"https:\\\/\\\/beppy.com\\\/fr\\\/manuel-de-lutilisateur\\\/#primaryimage\",\"url\":\"https:\\\/\\\/beppy.com\\\/wp-content\\\/uploads\\\/2019\\\/11\\\/kwaliteit_logos_beppy_website_.png\",\"contentUrl\":\"https:\\\/\\\/beppy.com\\\/wp-content\\\/uploads\\\/2019\\\/11\\\/kwaliteit_logos_beppy_website_.png\"},{\"@type\":\"BreadcrumbList\",\"@id\":\"https:\\\/\\\/beppy.com\\\/fr\\\/manuel-de-lutilisateur\\\/#breadcrumb\",\"itemListElement\":[{\"@type\":\"ListItem\",\"position\":1,\"name\":\"Accueil\",\"item\":\"https:\\\/\\\/beppy.com\\\/fr\\\/\"},{\"@type\":\"ListItem\",\"position\":2,\"name\":\"Manuel de l&rsquo;utilisateur\"}]},{\"@type\":\"WebSite\",\"@id\":\"https:\\\/\\\/beppy.com\\\/fr\\\/#website\",\"url\":\"https:\\\/\\\/beppy.com\\\/fr\\\/\",\"name\":\"Beppy\",\"description\":\"Menstruatiecups, soft tampons en ondergoed\",\"publisher\":{\"@id\":\"https:\\\/\\\/beppy.com\\\/fr\\\/#organization\"},\"potentialAction\":[{\"@type\":\"SearchAction\",\"target\":{\"@type\":\"EntryPoint\",\"urlTemplate\":\"https:\\\/\\\/beppy.com\\\/fr\\\/?s={search_term_string}\"},\"query-input\":{\"@type\":\"PropertyValueSpecification\",\"valueRequired\":true,\"valueName\":\"search_term_string\"}}],\"inLanguage\":\"fr-FR\"},{\"@type\":\"Organization\",\"@id\":\"https:\\\/\\\/beppy.com\\\/fr\\\/#organization\",\"name\":\"Beppy\",\"url\":\"https:\\\/\\\/beppy.com\\\/fr\\\/\",\"logo\":{\"@type\":\"ImageObject\",\"inLanguage\":\"fr-FR\",\"@id\":\"https:\\\/\\\/beppy.com\\\/fr\\\/#\\\/schema\\\/logo\\\/image\\\/\",\"url\":\"https:\\\/\\\/beppy.com\\\/wp-content\\\/uploads\\\/2024\\\/12\\\/cropped-Beppy_logo.png\",\"contentUrl\":\"https:\\\/\\\/beppy.com\\\/wp-content\\\/uploads\\\/2024\\\/12\\\/cropped-Beppy_logo.png\",\"width\":241,\"height\":84,\"caption\":\"Beppy\"},\"image\":{\"@id\":\"https:\\\/\\\/beppy.com\\\/fr\\\/#\\\/schema\\\/logo\\\/image\\\/\"}}]}<\/script>\n<!-- \/ Yoast SEO Premium plugin. -->","yoast_head_json":{"title":"Manuel de l'utilisateur - Beppy","robots":{"index":"noindex","follow":"follow"},"og_locale":"fr_FR","og_type":"article","og_title":"Manuel de l'utilisateur","og_description":"Manuel de l&rsquo;utilisateur Beppy est un tampon sans fil hygi\u00e9nique et facile \u00e0 utiliser, con\u00e7u pour un confort maximal et une protection optimale. Beppy est s\u00fbr, hygi\u00e9nique et n&rsquo;irrite pas, ce qui a \u00e9t\u00e9 cliniquement et dermatologiquement prouv\u00e9. Plus d&rsquo;un million de femmes dans le monde utilisent Beppy. Beppy se pr\u00e9occupe des gens et de [&hellip;]","og_url":"https:\/\/beppy.com\/fr\/manuel-de-lutilisateur\/","og_site_name":"Beppy","article_modified_time":"2025-06-17T14:55:27+00:00","og_image":[{"url":"https:\/\/beppy.com\/wp-content\/uploads\/2019\/11\/kwaliteit_logos_beppy_website_.png","type":"","width":"","height":""}],"twitter_card":"summary_large_image","twitter_misc":{"Dur\u00e9e de lecture estim\u00e9e":"1 minute"},"schema":{"@context":"https:\/\/schema.org","@graph":[{"@type":"WebPage","@id":"https:\/\/beppy.com\/fr\/manuel-de-lutilisateur\/","url":"https:\/\/beppy.com\/fr\/manuel-de-lutilisateur\/","name":"Manuel de l'utilisateur - Beppy","isPartOf":{"@id":"https:\/\/beppy.com\/fr\/#website"},"primaryImageOfPage":{"@id":"https:\/\/beppy.com\/fr\/manuel-de-lutilisateur\/#primaryimage"},"image":{"@id":"https:\/\/beppy.com\/fr\/manuel-de-lutilisateur\/#primaryimage"},"thumbnailUrl":"https:\/\/beppy.com\/wp-content\/uploads\/2019\/11\/kwaliteit_logos_beppy_website_.png","datePublished":"2025-01-13T12:55:44+00:00","dateModified":"2025-06-17T14:55:27+00:00","breadcrumb":{"@id":"https:\/\/beppy.com\/fr\/manuel-de-lutilisateur\/#breadcrumb"},"inLanguage":"fr-FR","potentialAction":[{"@type":"ReadAction","target":["https:\/\/beppy.com\/fr\/manuel-de-lutilisateur\/"]}]},{"@type":"ImageObject","inLanguage":"fr-FR","@id":"https:\/\/beppy.com\/fr\/manuel-de-lutilisateur\/#primaryimage","url":"https:\/\/beppy.com\/wp-content\/uploads\/2019\/11\/kwaliteit_logos_beppy_website_.png","contentUrl":"https:\/\/beppy.com\/wp-content\/uploads\/2019\/11\/kwaliteit_logos_beppy_website_.png"},{"@type":"BreadcrumbList","@id":"https:\/\/beppy.com\/fr\/manuel-de-lutilisateur\/#breadcrumb","itemListElement":[{"@type":"ListItem","position":1,"name":"Accueil","item":"https:\/\/beppy.com\/fr\/"},{"@type":"ListItem","position":2,"name":"Manuel de l&rsquo;utilisateur"}]},{"@type":"WebSite","@id":"https:\/\/beppy.com\/fr\/#website","url":"https:\/\/beppy.com\/fr\/","name":"Beppy","description":"Menstruatiecups, soft tampons en ondergoed","publisher":{"@id":"https:\/\/beppy.com\/fr\/#organization"},"potentialAction":[{"@type":"SearchAction","target":{"@type":"EntryPoint","urlTemplate":"https:\/\/beppy.com\/fr\/?s={search_term_string}"},"query-input":{"@type":"PropertyValueSpecification","valueRequired":true,"valueName":"search_term_string"}}],"inLanguage":"fr-FR"},{"@type":"Organization","@id":"https:\/\/beppy.com\/fr\/#organization","name":"Beppy","url":"https:\/\/beppy.com\/fr\/","logo":{"@type":"ImageObject","inLanguage":"fr-FR","@id":"https:\/\/beppy.com\/fr\/#\/schema\/logo\/image\/","url":"https:\/\/beppy.com\/wp-content\/uploads\/2024\/12\/cropped-Beppy_logo.png","contentUrl":"https:\/\/beppy.com\/wp-content\/uploads\/2024\/12\/cropped-Beppy_logo.png","width":241,"height":84,"caption":"Beppy"},"image":{"@id":"https:\/\/beppy.com\/fr\/#\/schema\/logo\/image\/"}}]}},"_links":{"self":[{"href":"https:\/\/beppy.com\/fr\/wp-json\/wp\/v2\/pages\/116198","targetHints":{"allow":["GET"]}}],"collection":[{"href":"https:\/\/beppy.com\/fr\/wp-json\/wp\/v2\/pages"}],"about":[{"href":"https:\/\/beppy.com\/fr\/wp-json\/wp\/v2\/types\/page"}],"author":[{"embeddable":true,"href":"https:\/\/beppy.com\/fr\/wp-json\/wp\/v2\/users\/1"}],"replies":[{"embeddable":true,"href":"https:\/\/beppy.com\/fr\/wp-json\/wp\/v2\/comments?post=116198"}],"version-history":[{"count":1,"href":"https:\/\/beppy.com\/fr\/wp-json\/wp\/v2\/pages\/116198\/revisions"}],"predecessor-version":[{"id":116209,"href":"https:\/\/beppy.com\/fr\/wp-json\/wp\/v2\/pages\/116198\/revisions\/116209"}],"wp:attachment":[{"href":"https:\/\/beppy.com\/fr\/wp-json\/wp\/v2\/media?parent=116198"}],"curies":[{"name":"wp","href":"https:\/\/api.w.org\/{rel}","templated":true}]}}