{"id":116216,"date":"2025-01-13T12:16:23","date_gmt":"2025-01-13T11:16:23","guid":{"rendered":"https:\/\/beppy.com\/paiement-et-commande\/"},"modified":"2025-06-17T16:55:27","modified_gmt":"2025-06-17T14:55:27","slug":"paiement-et-commande","status":"publish","type":"page","link":"https:\/\/beppy.com\/fr\/paiement-et-commande\/","title":{"rendered":"Paiement et commande"},"content":{"rendered":"\t\t<div data-elementor-type=\"wp-page\" data-elementor-id=\"116216\" class=\"elementor elementor-116216 elementor-110729\" data-elementor-post-type=\"page\">\n\t\t\t\t<div class=\"elementor-element elementor-element-fde9111 e-flex e-con-boxed e-con e-parent\" data-id=\"fde9111\" data-element_type=\"container\" data-e-type=\"container\">\n\t\t\t\t\t<div class=\"e-con-inner\">\n\t\t\t\t<div class=\"elementor-element elementor-element-0292f05 elementor-widget elementor-widget-heading\" data-id=\"0292f05\" data-element_type=\"widget\" data-e-type=\"widget\" data-widget_type=\"heading.default\">\n\t\t\t\t<div class=\"elementor-widget-container\">\n\t\t\t\t\t<h1 class=\"elementor-heading-title elementor-size-default\">Paiement et commande<\/h1>\t\t\t\t<\/div>\n\t\t\t\t<\/div>\n\t\t\t\t<div class=\"elementor-element elementor-element-845eccf elementor-widget elementor-widget-text-editor\" data-id=\"845eccf\" data-element_type=\"widget\" data-e-type=\"widget\" data-widget_type=\"text-editor.default\">\n\t\t\t\t<div class=\"elementor-widget-container\">\n\t\t\t\t\t\t\t\t\t<p>Sur notre site web, nous proposons plusieurs modes de paiement s\u00e9curis\u00e9s afin que vous puissiez facilement r\u00e9gler votre commande. Vous avez la libert\u00e9 de choisir le mode de paiement qui vous convient le mieux. <\/p><h3>Banque en ligne<\/h3><p>Avec iDEAL, vous pouvez payer vos achats en ligne en toute s\u00e9curit\u00e9 et en toute simplicit\u00e9. Le syst\u00e8me vous relie directement \u00e0 votre programme de banque en ligne lorsque vous effectuez un achat en ligne. Les clients d&rsquo;ABN AMRO, ING, Rabobank, ASN Bank, SNS Bank, Regiobank, Triodos Bank, Bunq, Knab ou Van Lanschot peuvent payer directement avec iDEAL. Les clients belges peuvent utiliser Bancontact \/ Mister Cash pour leurs op\u00e9rations bancaires en ligne, o\u00f9 les paiements sont effectu\u00e9s en temps r\u00e9el.   <\/p><h3>Syst\u00e8mes de paiement en ligne et cartes de cr\u00e9dit<\/h3><p>PayPal est un service de paiement en ligne s\u00e9curis\u00e9 qui vous permet de r\u00e9gler facilement des achats en ligne. Commencez par vous inscrire aupr\u00e8s de PayPal et cr\u00e9ez un compte li\u00e9 \u00e0 une carte de cr\u00e9dit ou \u00e0 un compte bancaire. Pour effectuer un paiement, il vous suffit de vous connecter \u00e0 votre compte PayPal. Vous pouvez \u00e9galement choisir de payer par carte de cr\u00e9dit (Visa, Mastercard, American Express), en saisissant les d\u00e9tails de votre carte de cr\u00e9dit et le montant sera d\u00e9bit\u00e9 apr\u00e8s v\u00e9rification.   <\/p><h3>Virement bancaire<\/h3><p>Si vous ne disposez pas d&rsquo;une carte de cr\u00e9dit ou d&rsquo;un compte bancaire compatible avec iDEAL ou PayPal, ou si vous pr\u00e9f\u00e9rez un virement bancaire, vous pouvez virer le montant total de la facture sur notre compte bancaire. Une fois le paiement re\u00e7u, votre commande sera trait\u00e9e. Remarque : veuillez nous contacter si vous optez pour un virement bancaire.  <\/p><p>Compte bancaire NL : Asha International<br>IBAN : NL84INGB0007699241<br>BIC : INGBNL2A<\/p><p>Compte bancaire BE : Asha International<br>IBAN : BE71000071175869<br>SWIFT : BPOTBEB1<\/p><p>Veuillez noter que le d\u00e9lai de livraison est plus long que celui mentionn\u00e9 sur le site web, car nous n&rsquo;exp\u00e9dions pas le produit tant que le paiement ne nous est pas parvenu.<\/p><h3>Commande facile<\/h3><p>Notre site Internet vous permet de passer commande tr\u00e8s facilement. Allez \u00e0 la page de commande, placez les produits que vous souhaitez commander dans votre panier, suivez les \u00e9tapes pour remplir vos coordonn\u00e9es, choisissez un mode de paiement s\u00e9curis\u00e9 et terminez votre commande. Apr\u00e8s avoir pass\u00e9 votre commande, vous recevrez un e-mail de confirmation contenant les d\u00e9tails de votre commande.  <\/p><h3>Commande par t\u00e9l\u00e9phone<\/h3><p>Nous vous encourageons \u00e0 passer votre commande en ligne afin que nous puissions vous fournir le service le plus rapide. Toutefois, si vous souhaitez passer votre commande par t\u00e9l\u00e9phone, vous pouvez nous joindre les jours ouvrables de 09h00 \u00e0 17h00 au +31 (0)10-4676573. <\/p><h3>Modifier ou annuler votre commande<\/h3><p>Pour communiquer une modification ou une annulation de commande, veuillez utiliser le formulaire de contact sur notre site web ou contacter notre service client\u00e8le par t\u00e9l\u00e9phone au +31 (0)10 467 6573. Veuillez indiquer votre num\u00e9ro de facture, votre num\u00e9ro de client et la modification souhait\u00e9e. <\/p><p>Si l&rsquo;annulation est encore possible (par exemple parce que votre commande n&rsquo;a pas encore \u00e9t\u00e9 exp\u00e9di\u00e9e), vous serez rembours\u00e9 de la totalit\u00e9 du montant de l&rsquo;achat. Si vous avez pay\u00e9 par iDEAL ou par carte pr\u00e9pay\u00e9e, vous pouvez vous attendre \u00e0 ce que le montant pay\u00e9 soit cr\u00e9dit\u00e9 sur votre compte dans les cinq jours ouvrables suivant la date de traitement de l&rsquo;annulation. Si vous avez pay\u00e9 par carte de cr\u00e9dit, comptez jusqu&rsquo;\u00e0 trois semaines pour que le paiement de retour soit visible.  <\/p><p>Si vous souhaitez retourner un produit, vous pouvez consulter notre page sur les d\u00e9lais de livraison et les retours.<\/p>\t\t\t\t\t\t\t\t<\/div>\n\t\t\t\t<\/div>\n\t\t\t\t\t<\/div>\n\t\t\t\t<\/div>\n\t\t\t\t<\/div>\n\t\t","protected":false},"excerpt":{"rendered":"<p>Paiement et commande Sur notre site web, nous proposons plusieurs modes de paiement s\u00e9curis\u00e9s afin que vous puissiez facilement r\u00e9gler votre commande. Vous avez la libert\u00e9 de choisir le mode de paiement qui vous convient le mieux. Banque en ligne Avec iDEAL, vous pouvez payer vos achats en ligne en toute s\u00e9curit\u00e9 et en toute [&hellip;]<\/p>\n","protected":false},"author":1,"featured_media":0,"parent":0,"menu_order":10,"comment_status":"closed","ping_status":"closed","template":"","meta":{"_acf_changed":false,"footnotes":""},"class_list":["post-116216","page","type-page","status-publish","hentry"],"acf":[],"yoast_head":"<!-- This site is optimized with the Yoast SEO Premium plugin v27.3 (Yoast SEO v27.3) - https:\/\/yoast.com\/product\/yoast-seo-premium-wordpress\/ -->\n<title>Paiement et commande - Beppy<\/title>\n<meta name=\"robots\" content=\"noindex, follow\" \/>\n<meta property=\"og:locale\" content=\"fr_FR\" \/>\n<meta property=\"og:type\" content=\"article\" \/>\n<meta property=\"og:title\" content=\"Paiement et commande\" \/>\n<meta property=\"og:description\" content=\"Paiement et commande Sur notre site web, nous proposons plusieurs modes de paiement s\u00e9curis\u00e9s afin que vous puissiez facilement r\u00e9gler votre commande. Vous avez la libert\u00e9 de choisir le mode de paiement qui vous convient le mieux. Banque en ligne Avec iDEAL, vous pouvez payer vos achats en ligne en toute s\u00e9curit\u00e9 et en toute [&hellip;]\" \/>\n<meta property=\"og:url\" content=\"https:\/\/beppy.com\/fr\/paiement-et-commande\/\" \/>\n<meta property=\"og:site_name\" content=\"Beppy\" \/>\n<meta property=\"article:modified_time\" content=\"2025-06-17T14:55:27+00:00\" \/>\n<meta name=\"twitter:card\" content=\"summary_large_image\" \/>\n<meta name=\"twitter:label1\" content=\"Dur\u00e9e de lecture estim\u00e9e\" \/>\n\t<meta name=\"twitter:data1\" content=\"3 minutes\" \/>\n<script type=\"application\/ld+json\" class=\"yoast-schema-graph\">{\"@context\":\"https:\\\/\\\/schema.org\",\"@graph\":[{\"@type\":\"WebPage\",\"@id\":\"https:\\\/\\\/beppy.com\\\/fr\\\/paiement-et-commande\\\/\",\"url\":\"https:\\\/\\\/beppy.com\\\/fr\\\/paiement-et-commande\\\/\",\"name\":\"Paiement et commande - Beppy\",\"isPartOf\":{\"@id\":\"https:\\\/\\\/beppy.com\\\/fr\\\/#website\"},\"datePublished\":\"2025-01-13T11:16:23+00:00\",\"dateModified\":\"2025-06-17T14:55:27+00:00\",\"breadcrumb\":{\"@id\":\"https:\\\/\\\/beppy.com\\\/fr\\\/paiement-et-commande\\\/#breadcrumb\"},\"inLanguage\":\"fr-FR\",\"potentialAction\":[{\"@type\":\"ReadAction\",\"target\":[\"https:\\\/\\\/beppy.com\\\/fr\\\/paiement-et-commande\\\/\"]}]},{\"@type\":\"BreadcrumbList\",\"@id\":\"https:\\\/\\\/beppy.com\\\/fr\\\/paiement-et-commande\\\/#breadcrumb\",\"itemListElement\":[{\"@type\":\"ListItem\",\"position\":1,\"name\":\"Accueil\",\"item\":\"https:\\\/\\\/beppy.com\\\/fr\\\/\"},{\"@type\":\"ListItem\",\"position\":2,\"name\":\"Paiement et commande\"}]},{\"@type\":\"WebSite\",\"@id\":\"https:\\\/\\\/beppy.com\\\/fr\\\/#website\",\"url\":\"https:\\\/\\\/beppy.com\\\/fr\\\/\",\"name\":\"Beppy\",\"description\":\"Menstruatiecups, soft tampons en ondergoed\",\"publisher\":{\"@id\":\"https:\\\/\\\/beppy.com\\\/fr\\\/#organization\"},\"potentialAction\":[{\"@type\":\"SearchAction\",\"target\":{\"@type\":\"EntryPoint\",\"urlTemplate\":\"https:\\\/\\\/beppy.com\\\/fr\\\/?s={search_term_string}\"},\"query-input\":{\"@type\":\"PropertyValueSpecification\",\"valueRequired\":true,\"valueName\":\"search_term_string\"}}],\"inLanguage\":\"fr-FR\"},{\"@type\":\"Organization\",\"@id\":\"https:\\\/\\\/beppy.com\\\/fr\\\/#organization\",\"name\":\"Beppy\",\"url\":\"https:\\\/\\\/beppy.com\\\/fr\\\/\",\"logo\":{\"@type\":\"ImageObject\",\"inLanguage\":\"fr-FR\",\"@id\":\"https:\\\/\\\/beppy.com\\\/fr\\\/#\\\/schema\\\/logo\\\/image\\\/\",\"url\":\"https:\\\/\\\/beppy.com\\\/wp-content\\\/uploads\\\/2024\\\/12\\\/cropped-Beppy_logo.png\",\"contentUrl\":\"https:\\\/\\\/beppy.com\\\/wp-content\\\/uploads\\\/2024\\\/12\\\/cropped-Beppy_logo.png\",\"width\":241,\"height\":84,\"caption\":\"Beppy\"},\"image\":{\"@id\":\"https:\\\/\\\/beppy.com\\\/fr\\\/#\\\/schema\\\/logo\\\/image\\\/\"}}]}<\/script>\n<!-- \/ Yoast SEO Premium plugin. -->","yoast_head_json":{"title":"Paiement et commande - Beppy","robots":{"index":"noindex","follow":"follow"},"og_locale":"fr_FR","og_type":"article","og_title":"Paiement et commande","og_description":"Paiement et commande Sur notre site web, nous proposons plusieurs modes de paiement s\u00e9curis\u00e9s afin que vous puissiez facilement r\u00e9gler votre commande. Vous avez la libert\u00e9 de choisir le mode de paiement qui vous convient le mieux. Banque en ligne Avec iDEAL, vous pouvez payer vos achats en ligne en toute s\u00e9curit\u00e9 et en toute [&hellip;]","og_url":"https:\/\/beppy.com\/fr\/paiement-et-commande\/","og_site_name":"Beppy","article_modified_time":"2025-06-17T14:55:27+00:00","twitter_card":"summary_large_image","twitter_misc":{"Dur\u00e9e de lecture estim\u00e9e":"3 minutes"},"schema":{"@context":"https:\/\/schema.org","@graph":[{"@type":"WebPage","@id":"https:\/\/beppy.com\/fr\/paiement-et-commande\/","url":"https:\/\/beppy.com\/fr\/paiement-et-commande\/","name":"Paiement et commande - Beppy","isPartOf":{"@id":"https:\/\/beppy.com\/fr\/#website"},"datePublished":"2025-01-13T11:16:23+00:00","dateModified":"2025-06-17T14:55:27+00:00","breadcrumb":{"@id":"https:\/\/beppy.com\/fr\/paiement-et-commande\/#breadcrumb"},"inLanguage":"fr-FR","potentialAction":[{"@type":"ReadAction","target":["https:\/\/beppy.com\/fr\/paiement-et-commande\/"]}]},{"@type":"BreadcrumbList","@id":"https:\/\/beppy.com\/fr\/paiement-et-commande\/#breadcrumb","itemListElement":[{"@type":"ListItem","position":1,"name":"Accueil","item":"https:\/\/beppy.com\/fr\/"},{"@type":"ListItem","position":2,"name":"Paiement et commande"}]},{"@type":"WebSite","@id":"https:\/\/beppy.com\/fr\/#website","url":"https:\/\/beppy.com\/fr\/","name":"Beppy","description":"Menstruatiecups, soft tampons en ondergoed","publisher":{"@id":"https:\/\/beppy.com\/fr\/#organization"},"potentialAction":[{"@type":"SearchAction","target":{"@type":"EntryPoint","urlTemplate":"https:\/\/beppy.com\/fr\/?s={search_term_string}"},"query-input":{"@type":"PropertyValueSpecification","valueRequired":true,"valueName":"search_term_string"}}],"inLanguage":"fr-FR"},{"@type":"Organization","@id":"https:\/\/beppy.com\/fr\/#organization","name":"Beppy","url":"https:\/\/beppy.com\/fr\/","logo":{"@type":"ImageObject","inLanguage":"fr-FR","@id":"https:\/\/beppy.com\/fr\/#\/schema\/logo\/image\/","url":"https:\/\/beppy.com\/wp-content\/uploads\/2024\/12\/cropped-Beppy_logo.png","contentUrl":"https:\/\/beppy.com\/wp-content\/uploads\/2024\/12\/cropped-Beppy_logo.png","width":241,"height":84,"caption":"Beppy"},"image":{"@id":"https:\/\/beppy.com\/fr\/#\/schema\/logo\/image\/"}}]}},"_links":{"self":[{"href":"https:\/\/beppy.com\/fr\/wp-json\/wp\/v2\/pages\/116216","targetHints":{"allow":["GET"]}}],"collection":[{"href":"https:\/\/beppy.com\/fr\/wp-json\/wp\/v2\/pages"}],"about":[{"href":"https:\/\/beppy.com\/fr\/wp-json\/wp\/v2\/types\/page"}],"author":[{"embeddable":true,"href":"https:\/\/beppy.com\/fr\/wp-json\/wp\/v2\/users\/1"}],"replies":[{"embeddable":true,"href":"https:\/\/beppy.com\/fr\/wp-json\/wp\/v2\/comments?post=116216"}],"version-history":[{"count":1,"href":"https:\/\/beppy.com\/fr\/wp-json\/wp\/v2\/pages\/116216\/revisions"}],"predecessor-version":[{"id":116218,"href":"https:\/\/beppy.com\/fr\/wp-json\/wp\/v2\/pages\/116216\/revisions\/116218"}],"wp:attachment":[{"href":"https:\/\/beppy.com\/fr\/wp-json\/wp\/v2\/media?parent=116216"}],"curies":[{"name":"wp","href":"https:\/\/api.w.org\/{rel}","templated":true}]}}