{"id":116249,"date":"2022-08-02T13:35:39","date_gmt":"2022-08-02T11:35:39","guid":{"rendered":"https:\/\/beppy.com\/declaration-de-confidentialite\/"},"modified":"2025-06-17T16:55:34","modified_gmt":"2025-06-17T14:55:34","slug":"declaration-de-confidentialite","status":"publish","type":"page","link":"https:\/\/beppy.com\/fr\/declaration-de-confidentialite\/","title":{"rendered":"D\u00e9claration de confidentialit\u00e9"},"content":{"rendered":"\t\t<div data-elementor-type=\"wp-page\" data-elementor-id=\"116249\" class=\"elementor elementor-116249 elementor-28672\" data-elementor-post-type=\"page\">\n\t\t\t\t<div class=\"elementor-element elementor-element-2b7307e e-flex e-con-boxed e-con e-parent\" data-id=\"2b7307e\" data-element_type=\"container\" data-e-type=\"container\">\n\t\t\t\t\t<div class=\"e-con-inner\">\n\t\t\t\t<div class=\"elementor-element elementor-element-b7213cc elementor-widget elementor-widget-heading\" data-id=\"b7213cc\" data-element_type=\"widget\" data-e-type=\"widget\" data-widget_type=\"heading.default\">\n\t\t\t\t<div class=\"elementor-widget-container\">\n\t\t\t\t\t<h1 class=\"elementor-heading-title elementor-size-default\">D\u00e9claration de confidentialit\u00e9<\/h1>\t\t\t\t<\/div>\n\t\t\t\t<\/div>\n\t\t\t\t<div class=\"elementor-element elementor-element-53465d9 elementor-widget elementor-widget-text-editor\" data-id=\"53465d9\" data-element_type=\"widget\" data-e-type=\"widget\" data-widget_type=\"text-editor.default\">\n\t\t\t\t<div class=\"elementor-widget-container\">\n\t\t\t\t\t\t\t\t\t<h3>Protection des donn\u00e9es<\/h3><p>Nous appr\u00e9cions l&rsquo;int\u00e9r\u00eat que vous portez \u00e0 notre site web. La protection de votre vie priv\u00e9e est tr\u00e8s importante pour nous. Nous vous informons ci-dessous sur le traitement de vos donn\u00e9es.  <\/p><h3>Stockage des donn\u00e9es d&rsquo;acc\u00e8s dans les fichiers journaux du serveur<\/h3><p>Vous pouvez visiter nos sites web sans fournir d&rsquo;informations personnelles. Nous n&rsquo;enregistrons que les donn\u00e9es d&rsquo;acc\u00e8s dans les fichiers journaux du serveur, telles que le nom du fichier demand\u00e9, la date et l&rsquo;heure de la consultation, la quantit\u00e9 de donn\u00e9es transf\u00e9r\u00e9es et le nom du fournisseur d&rsquo;acc\u00e8s. Ces donn\u00e9es ne sont exploit\u00e9es que pour assurer le bon fonctionnement du site et am\u00e9liorer notre offre et ne nous permettent pas de tirer des conclusions \u00e0 votre sujet.  <\/p><h3>Collecte et utilisation des donn\u00e9es pour le traitement des contrats et l&rsquo;ouverture d&rsquo;un compte client<\/h3><p>Nous ne recueillons des informations personnelles que si vous nous les fournissez volontairement dans le cadre de votre commande, lorsque vous nous contactez (par exemple via un formulaire de contact ou un e-mail) ou lorsque vous ouvrez un compte client. Les donn\u00e9es collect\u00e9es peuvent \u00eatre consult\u00e9es sur les formulaires de saisie respectifs. Nous utilisons les donn\u00e9es que vous nous fournissez pour ex\u00e9cuter le contrat et traiter vos demandes. Apr\u00e8s l&rsquo;ex\u00e9cution du contrat ou la suppression de votre compte client, l&rsquo;utilisation de vos donn\u00e9es est bloqu\u00e9e et celles-ci sont supprim\u00e9es \u00e0 l&rsquo;expiration des d\u00e9lais de conservation fiscaux et commerciaux, \u00e0 moins que vous n&rsquo;ayez express\u00e9ment consenti \u00e0 l&rsquo;utilisation ult\u00e9rieure de vos donn\u00e9es ou que nous nous r\u00e9servions le droit d&rsquo;utiliser les donn\u00e9es conform\u00e9ment \u00e0 la loi, ce dont nous vous informons ci-dessous. La suppression de votre compte client est possible \u00e0 tout moment et peut \u00eatre effectu\u00e9e en envoyant un message \u00e0 l&rsquo;option de contact d\u00e9crite ci-dessous ou via une fonction d\u00e9di\u00e9e dans le compte client.    <\/p><h3>Transfert de donn\u00e9es pour l&rsquo;ex\u00e9cution du contrat<\/h3><p>Pour l&rsquo;ex\u00e9cution du contrat, nous transmettons vos donn\u00e9es \u00e0 l&rsquo;entreprise de transport charg\u00e9e de la livraison, dans la mesure o\u00f9 cela est n\u00e9cessaire pour la livraison des marchandises command\u00e9es. En fonction du prestataire de services de paiement que vous avez s\u00e9lectionn\u00e9 au cours du processus de commande, nous transmettons les donn\u00e9es de paiement collect\u00e9es \u00e0 l&rsquo;\u00e9tablissement de cr\u00e9dit qui a ordonn\u00e9 le paiement et \u00e0 tous les prestataires de services de paiement que nous avons charg\u00e9s de traiter les paiements ou le service de paiement s\u00e9lectionn\u00e9. En partie, les prestataires de services de paiement s\u00e9lectionn\u00e9s collectent \u00e9galement eux-m\u00eames ces donn\u00e9es, \u00e0 condition que vous y cr\u00e9iez un compte. Dans ce cas, vous devez vous connecter au prestataire de services de paiement avec vos donn\u00e9es d&rsquo;acc\u00e8s pendant le processus de commande. Dans ce cas, la politique de confidentialit\u00e9 du prestataire de services de paiement concern\u00e9 s&rsquo;applique.    <\/p><h3>Utilisation des donn\u00e9es lors de l&rsquo;inscription au bulletin d&rsquo;information \u00e9lectronique<\/h3><p>Si vous vous inscrivez \u00e0 notre lettre d&rsquo;information, nous utiliserons les donn\u00e9es requises ou fournies s\u00e9par\u00e9ment par vous pour vous envoyer r\u00e9guli\u00e8rement notre lettre d&rsquo;information par courrier \u00e9lectronique, conform\u00e9ment \u00e0 votre consentement. Vous pouvez vous d\u00e9sabonner de la lettre d&rsquo;information \u00e0 tout moment en envoyant un message \u00e0 l&rsquo;option de contact ci-dessous ou en cliquant sur un lien sp\u00e9cial dans la lettre d&rsquo;information. <\/p><h3>Utilisation de cookies<\/h3><p>Pour rendre la visite de notre site Internet attrayante et permettre l&rsquo;utilisation de certaines fonctions, nous utilisons ce que l&rsquo;on appelle des \u00ab cookies \u00bb sur diff\u00e9rentes pages. Il s&rsquo;agit de petits fichiers texte stock\u00e9s sur votre appareil. Certains des cookies que nous utilisons sont supprim\u00e9s apr\u00e8s la fin de la session de navigation, par exemple apr\u00e8s la fermeture de votre navigateur (cookies de session). D&rsquo;autres cookies restent sur votre appareil et nous permettent de reconna\u00eetre votre navigateur lors de votre prochaine visite (cookies permanents). Vous pouvez configurer votre navigateur de mani\u00e8re \u00e0 ce qu&rsquo;il soit inform\u00e9 de la mise en place de cookies et qu&rsquo;il d\u00e9cide individuellement de les accepter ou d&rsquo;exclure l&rsquo;acceptation de cookies pour des cas sp\u00e9cifiques ou de mani\u00e8re g\u00e9n\u00e9rale. Le fait de ne pas accepter les cookies peut limiter la fonctionnalit\u00e9 de notre site web.     <\/p><h3>Utilisation de Google (Universal) Analytics pour l&rsquo;analyse du web<\/h3><p>Ce site utilise Google (Universal) Analytics, un service d&rsquo;analyse de site internet fourni par Google Inc. (www.google.com). Google (Universal) Analytics utilise des m\u00e9thodes qui permettent d&rsquo;analyser l&rsquo;utilisation du site Internet, telles que les \u00ab cookies \u00bb, des fichiers texte stock\u00e9s sur votre ordinateur. Les informations g\u00e9n\u00e9r\u00e9es sur votre utilisation de ce site web sont g\u00e9n\u00e9ralement envoy\u00e9es \u00e0 un serveur de Google aux Etats-Unis et y sont stock\u00e9es. L&rsquo;activation de l&rsquo;anonymisation de l&rsquo;IP sur ce site web raccourcit l&rsquo;adresse IP avant sa transmission au sein des \u00c9tats membres de l&rsquo;Union europ\u00e9enne ou dans d&rsquo;autres \u00c9tats contractants de l&rsquo;accord sur l&rsquo;Espace \u00e9conomique europ\u00e9en. Ce n&rsquo;est que dans des cas exceptionnels que l&rsquo;adresse IP compl\u00e8te est envoy\u00e9e \u00e0 un serveur de Google aux \u00c9tats-Unis et y est tronqu\u00e9e. L&rsquo;adresse IP anonymis\u00e9e fournie par Google Analytics dans le cadre de Google Analytics n&rsquo;est pas fusionn\u00e9e avec d&rsquo;autres donn\u00e9es fournies par Google.      <\/p><p>Vous pouvez emp\u00eacher le t\u00e9l\u00e9chargement des donn\u00e9es g\u00e9n\u00e9r\u00e9es par les cookies (y compris votre adresse IP) li\u00e9es \u00e0 votre utilisation du site Internet de Google et le traitement de ces donn\u00e9es par Google en utilisant le plug-in de navigateur disponible sous le lien suivant <a href=\"https:\/\/tools.google.com\/dlpage\/gaoptout?hl=nl\" target=\"_blank\" rel=\"nofollow noopener noreferrer\">: http:\/\/tools.google.com\/dlpage\/gaoptout?hl=nl.<\/a><\/p><p>Comme alternative au plug-in de navigateur, vous pouvez cliquer sur ce lien pour emp\u00eacher Google Analytics de collecter des donn\u00e9es sur ce site web \u00e0 l&rsquo;avenir. Un cookie de d\u00e9sactivation sera stock\u00e9 sur votre appareil. Si vous supprimez vos cookies, vous devez cliquer \u00e0 nouveau sur le lien.  <\/p><p>Toutes les informations collect\u00e9es sont utilis\u00e9es conform\u00e9ment \u00e0 notre politique de confidentialit\u00e9 et \u00e0 celle de Google. Pour plus d&rsquo;informations, veuillez consulter la politique de confidentialit\u00e9 de Google <a href=\"https:\/\/policies.google.com\/technologies\/partner-sites\">https:\/\/policies.google.com\/technologies\/partner-sites.<\/a>  <\/p><h3>Utilisation des plug-ins sociaux de Facebook, Twitter, Instagram, Pinterest avec la solution Shariff<\/h3><p>Notre site web utilise des plug-ins sociaux (\"plug-ins\") provenant de r\u00e9seaux sociaux. Afin d&rsquo;accro\u00eetre la protection de vos donn\u00e9es lorsque vous visitez notre site web, les plug-ins ne sont pas accessibles sans restriction, mais uniquement en utilisant un lien HTML (la \"solution Shariff\") inclus sur le site. Cette int\u00e9gration garantit que lorsque vous visitez une page de notre site web qui contient de tels plug-ins, aucune connexion n&rsquo;est \u00e9tablie avec les serveurs du fournisseur de r\u00e9seau social concern\u00e9. Si vous cliquez sur l&rsquo;un des boutons, une nouvelle fen\u00eatre de votre navigateur s&rsquo;ouvrira et appellera la page du fournisseur de services respectif o\u00f9 vous pourrez entrer (par exemple apr\u00e8s avoir entr\u00e9 vos donn\u00e9es de connexion), appuyer sur le bouton \"J&rsquo;aime\" ou \"Partager\". Pour conna\u00eetre l&rsquo;objectif et l&rsquo;\u00e9tendue de la collecte des donn\u00e9es, le traitement ult\u00e9rieur et l&rsquo;utilisation des donn\u00e9es par les fournisseurs sur leurs sites, ainsi que leurs droits \u00e0 cet \u00e9gard et les options de r\u00e9glage pour prot\u00e9ger votre vie priv\u00e9e, veuillez vous r\u00e9f\u00e9rer \u00e0 la politique de confidentialit\u00e9 du fournisseur.    <\/p><p><a href=\"https:\/\/www.facebook.com\/policy.php\" target=\"_blank\" rel=\"nofollow noopener noreferrer\">http:\/\/www.facebook.com\/policy.php<\/a><br><a href=\"https:\/\/twitter.com\/privacy\" target=\"_blank\" rel=\"nofollow noopener noreferrer\">https:\/\/twitter.com\/privacy<\/a><br><a href=\"https:\/\/help.instagram.com\/155833707900388\" target=\"_blank\" rel=\"nofollow noopener noreferrer\">https:\/\/help.instagram.com\/155833707900388<\/a><br><a href=\"https:\/\/about.pinterest.com\/de\/privacy-policy\" rel=\"nofollow noopener\">https:\/\/about.pinterest.com\/de\/privacy-policy<\/a><\/p><h3>Plug-ins vid\u00e9o YouTube<\/h3><p>Ce site web contient du contenu provenant de fournisseurs tiers. Ce contenu est fourni par Google Inc (\u00ab Fournisseur \u00bb). <br>YouTube est exploit\u00e9 par Google Inc, 1600 Amphitheatre Parkway, Mountain View, CA 94043, \u00c9tats-Unis (\u00ab Google \u00bb).<br>Pour les vid\u00e9os YouTube int\u00e9gr\u00e9es sur notre site, le param\u00e8tre de confidentialit\u00e9 avanc\u00e9 est activ\u00e9. Cela signifie qu&rsquo;aucune information n&rsquo;est collect\u00e9e et stock\u00e9e sur YouTube par les visiteurs du site web \u00e0 moins qu&rsquo;ils ne lisent la vid\u00e9o.<br>Pour plus d&rsquo;informations sur l&rsquo;objectif et l&rsquo;\u00e9tendue de la collecte des donn\u00e9es, le traitement ult\u00e9rieur et l&rsquo;utilisation des donn\u00e9es par les fournisseurs, ainsi que sur leurs droits et options de param\u00e9trage pour prot\u00e9ger votre vie priv\u00e9e, veuillez consulter la politique de confidentialit\u00e9 de Google <a href=\"https:\/\/developers.google.com\/+\/web\/buttons-policy\" target=\"_blank\" rel=\"nofollow noopener noreferrer\">https:\/\/developers.google.com\/+\/web\/buttons-policy<\/a>. <\/p><h3>Rappel de notation par Trusted Shops<\/h3><p>Si vous nous avez donn\u00e9 votre consentement explicite pendant ou apr\u00e8s votre commande en activant une case \u00e0 cocher correspondante ou en cliquant sur un bouton \u00e0 cet effet, nous enverrons \u00e0 Trusted Shops GmbH, Subbelrather Str. 15c, 50823 Cologne (www.trustedshops.de), votre adresse e-mail pour le rappel de la possibilit\u00e9 de soumettre une \u00e9valuation de votre commande, afin de vous rappeler par e-mail la possibilit\u00e9 de soumettre une \u00e9valuation. Ce consentement peut \u00eatre r\u00e9voqu\u00e9 \u00e0 tout moment en envoyant un message \u00e0 l&rsquo;option de contact d\u00e9crite ci-dessous ou directement \u00e0 Trusted Shops.  <\/p><h3>Droit \u00e0 l&rsquo;information et au contact<\/h3><p>Vous avez le droit d&rsquo;obtenir gratuitement des informations sur les donn\u00e9es enregistr\u00e9es \u00e0 notre sujet, ainsi que le droit de les corriger, de les bloquer ou de les supprimer. Pour toute question concernant la collecte, le traitement ou l&rsquo;utilisation de vos donn\u00e9es personnelles, l&rsquo;information, la correction, le blocage ou la suppression des donn\u00e9es et le retrait du consentement accord\u00e9 ou l&rsquo;objection \u00e0 une utilisation particuli\u00e8re des donn\u00e9es, veuillez nous contacter directement en utilisant les coordonn\u00e9es figurant dans nos mentions l\u00e9gales. <\/p>\t\t\t\t\t\t\t\t<\/div>\n\t\t\t\t<\/div>\n\t\t\t\t\t<\/div>\n\t\t\t\t<\/div>\n\t\t\t\t<\/div>\n\t\t","protected":false},"excerpt":{"rendered":"<p>D\u00e9claration de confidentialit\u00e9 Protection des donn\u00e9es Nous appr\u00e9cions l&rsquo;int\u00e9r\u00eat que vous portez \u00e0 notre site web. La protection de votre vie priv\u00e9e est tr\u00e8s importante pour nous. Nous vous informons ci-dessous sur le traitement de vos donn\u00e9es. Stockage des donn\u00e9es d&rsquo;acc\u00e8s dans les fichiers journaux du serveur Vous pouvez visiter nos sites web sans fournir [&hellip;]<\/p>\n","protected":false},"author":9,"featured_media":0,"parent":0,"menu_order":14,"comment_status":"closed","ping_status":"closed","template":"","meta":{"_acf_changed":false,"footnotes":""},"class_list":["post-116249","page","type-page","status-publish","hentry"],"acf":[],"yoast_head":"<!-- This site is optimized with the Yoast SEO Premium plugin v27.3 (Yoast SEO v27.3) - https:\/\/yoast.com\/product\/yoast-seo-premium-wordpress\/ -->\n<title>D\u00e9claration de confidentialit\u00e9 - Beppy<\/title>\n<meta name=\"robots\" content=\"index, follow, max-snippet:-1, max-image-preview:large, max-video-preview:-1\" \/>\n<link rel=\"canonical\" href=\"https:\/\/beppy.com\/fr\/declaration-de-confidentialite\/\" \/>\n<meta property=\"og:locale\" content=\"fr_FR\" \/>\n<meta property=\"og:type\" content=\"article\" \/>\n<meta property=\"og:title\" content=\"D\u00e9claration de confidentialit\u00e9\" \/>\n<meta property=\"og:description\" content=\"D\u00e9claration de confidentialit\u00e9 Protection des donn\u00e9es Nous appr\u00e9cions l&rsquo;int\u00e9r\u00eat que vous portez \u00e0 notre site web. La protection de votre vie priv\u00e9e est tr\u00e8s importante pour nous. Nous vous informons ci-dessous sur le traitement de vos donn\u00e9es. Stockage des donn\u00e9es d&rsquo;acc\u00e8s dans les fichiers journaux du serveur Vous pouvez visiter nos sites web sans fournir [&hellip;]\" \/>\n<meta property=\"og:url\" content=\"https:\/\/beppy.com\/fr\/declaration-de-confidentialite\/\" \/>\n<meta property=\"og:site_name\" content=\"Beppy\" \/>\n<meta property=\"article:modified_time\" content=\"2025-06-17T14:55:34+00:00\" \/>\n<meta name=\"twitter:card\" content=\"summary_large_image\" \/>\n<meta name=\"twitter:label1\" content=\"Dur\u00e9e de lecture estim\u00e9e\" \/>\n\t<meta name=\"twitter:data1\" content=\"8 minutes\" \/>\n<script type=\"application\/ld+json\" class=\"yoast-schema-graph\">{\"@context\":\"https:\\\/\\\/schema.org\",\"@graph\":[{\"@type\":\"WebPage\",\"@id\":\"https:\\\/\\\/beppy.com\\\/fr\\\/declaration-de-confidentialite\\\/\",\"url\":\"https:\\\/\\\/beppy.com\\\/fr\\\/declaration-de-confidentialite\\\/\",\"name\":\"D\u00e9claration de confidentialit\u00e9 - Beppy\",\"isPartOf\":{\"@id\":\"https:\\\/\\\/beppy.com\\\/fr\\\/#website\"},\"datePublished\":\"2022-08-02T11:35:39+00:00\",\"dateModified\":\"2025-06-17T14:55:34+00:00\",\"breadcrumb\":{\"@id\":\"https:\\\/\\\/beppy.com\\\/fr\\\/declaration-de-confidentialite\\\/#breadcrumb\"},\"inLanguage\":\"fr-FR\",\"potentialAction\":[{\"@type\":\"ReadAction\",\"target\":[\"https:\\\/\\\/beppy.com\\\/fr\\\/declaration-de-confidentialite\\\/\"]}]},{\"@type\":\"BreadcrumbList\",\"@id\":\"https:\\\/\\\/beppy.com\\\/fr\\\/declaration-de-confidentialite\\\/#breadcrumb\",\"itemListElement\":[{\"@type\":\"ListItem\",\"position\":1,\"name\":\"Accueil\",\"item\":\"https:\\\/\\\/beppy.com\\\/fr\\\/\"},{\"@type\":\"ListItem\",\"position\":2,\"name\":\"D\u00e9claration de confidentialit\u00e9\"}]},{\"@type\":\"WebSite\",\"@id\":\"https:\\\/\\\/beppy.com\\\/fr\\\/#website\",\"url\":\"https:\\\/\\\/beppy.com\\\/fr\\\/\",\"name\":\"Beppy\",\"description\":\"Menstruatiecups, soft tampons en ondergoed\",\"publisher\":{\"@id\":\"https:\\\/\\\/beppy.com\\\/fr\\\/#organization\"},\"potentialAction\":[{\"@type\":\"SearchAction\",\"target\":{\"@type\":\"EntryPoint\",\"urlTemplate\":\"https:\\\/\\\/beppy.com\\\/fr\\\/?s={search_term_string}\"},\"query-input\":{\"@type\":\"PropertyValueSpecification\",\"valueRequired\":true,\"valueName\":\"search_term_string\"}}],\"inLanguage\":\"fr-FR\"},{\"@type\":\"Organization\",\"@id\":\"https:\\\/\\\/beppy.com\\\/fr\\\/#organization\",\"name\":\"Beppy\",\"url\":\"https:\\\/\\\/beppy.com\\\/fr\\\/\",\"logo\":{\"@type\":\"ImageObject\",\"inLanguage\":\"fr-FR\",\"@id\":\"https:\\\/\\\/beppy.com\\\/fr\\\/#\\\/schema\\\/logo\\\/image\\\/\",\"url\":\"https:\\\/\\\/beppy.com\\\/wp-content\\\/uploads\\\/2024\\\/12\\\/cropped-Beppy_logo.png\",\"contentUrl\":\"https:\\\/\\\/beppy.com\\\/wp-content\\\/uploads\\\/2024\\\/12\\\/cropped-Beppy_logo.png\",\"width\":241,\"height\":84,\"caption\":\"Beppy\"},\"image\":{\"@id\":\"https:\\\/\\\/beppy.com\\\/fr\\\/#\\\/schema\\\/logo\\\/image\\\/\"}}]}<\/script>\n<!-- \/ Yoast SEO Premium plugin. -->","yoast_head_json":{"title":"D\u00e9claration de confidentialit\u00e9 - Beppy","robots":{"index":"index","follow":"follow","max-snippet":"max-snippet:-1","max-image-preview":"max-image-preview:large","max-video-preview":"max-video-preview:-1"},"canonical":"https:\/\/beppy.com\/fr\/declaration-de-confidentialite\/","og_locale":"fr_FR","og_type":"article","og_title":"D\u00e9claration de confidentialit\u00e9","og_description":"D\u00e9claration de confidentialit\u00e9 Protection des donn\u00e9es Nous appr\u00e9cions l&rsquo;int\u00e9r\u00eat que vous portez \u00e0 notre site web. La protection de votre vie priv\u00e9e est tr\u00e8s importante pour nous. Nous vous informons ci-dessous sur le traitement de vos donn\u00e9es. Stockage des donn\u00e9es d&rsquo;acc\u00e8s dans les fichiers journaux du serveur Vous pouvez visiter nos sites web sans fournir [&hellip;]","og_url":"https:\/\/beppy.com\/fr\/declaration-de-confidentialite\/","og_site_name":"Beppy","article_modified_time":"2025-06-17T14:55:34+00:00","twitter_card":"summary_large_image","twitter_misc":{"Dur\u00e9e de lecture estim\u00e9e":"8 minutes"},"schema":{"@context":"https:\/\/schema.org","@graph":[{"@type":"WebPage","@id":"https:\/\/beppy.com\/fr\/declaration-de-confidentialite\/","url":"https:\/\/beppy.com\/fr\/declaration-de-confidentialite\/","name":"D\u00e9claration de confidentialit\u00e9 - Beppy","isPartOf":{"@id":"https:\/\/beppy.com\/fr\/#website"},"datePublished":"2022-08-02T11:35:39+00:00","dateModified":"2025-06-17T14:55:34+00:00","breadcrumb":{"@id":"https:\/\/beppy.com\/fr\/declaration-de-confidentialite\/#breadcrumb"},"inLanguage":"fr-FR","potentialAction":[{"@type":"ReadAction","target":["https:\/\/beppy.com\/fr\/declaration-de-confidentialite\/"]}]},{"@type":"BreadcrumbList","@id":"https:\/\/beppy.com\/fr\/declaration-de-confidentialite\/#breadcrumb","itemListElement":[{"@type":"ListItem","position":1,"name":"Accueil","item":"https:\/\/beppy.com\/fr\/"},{"@type":"ListItem","position":2,"name":"D\u00e9claration de confidentialit\u00e9"}]},{"@type":"WebSite","@id":"https:\/\/beppy.com\/fr\/#website","url":"https:\/\/beppy.com\/fr\/","name":"Beppy","description":"Menstruatiecups, soft tampons en ondergoed","publisher":{"@id":"https:\/\/beppy.com\/fr\/#organization"},"potentialAction":[{"@type":"SearchAction","target":{"@type":"EntryPoint","urlTemplate":"https:\/\/beppy.com\/fr\/?s={search_term_string}"},"query-input":{"@type":"PropertyValueSpecification","valueRequired":true,"valueName":"search_term_string"}}],"inLanguage":"fr-FR"},{"@type":"Organization","@id":"https:\/\/beppy.com\/fr\/#organization","name":"Beppy","url":"https:\/\/beppy.com\/fr\/","logo":{"@type":"ImageObject","inLanguage":"fr-FR","@id":"https:\/\/beppy.com\/fr\/#\/schema\/logo\/image\/","url":"https:\/\/beppy.com\/wp-content\/uploads\/2024\/12\/cropped-Beppy_logo.png","contentUrl":"https:\/\/beppy.com\/wp-content\/uploads\/2024\/12\/cropped-Beppy_logo.png","width":241,"height":84,"caption":"Beppy"},"image":{"@id":"https:\/\/beppy.com\/fr\/#\/schema\/logo\/image\/"}}]}},"_links":{"self":[{"href":"https:\/\/beppy.com\/fr\/wp-json\/wp\/v2\/pages\/116249","targetHints":{"allow":["GET"]}}],"collection":[{"href":"https:\/\/beppy.com\/fr\/wp-json\/wp\/v2\/pages"}],"about":[{"href":"https:\/\/beppy.com\/fr\/wp-json\/wp\/v2\/types\/page"}],"author":[{"embeddable":true,"href":"https:\/\/beppy.com\/fr\/wp-json\/wp\/v2\/users\/9"}],"replies":[{"embeddable":true,"href":"https:\/\/beppy.com\/fr\/wp-json\/wp\/v2\/comments?post=116249"}],"version-history":[{"count":1,"href":"https:\/\/beppy.com\/fr\/wp-json\/wp\/v2\/pages\/116249\/revisions"}],"predecessor-version":[{"id":116250,"href":"https:\/\/beppy.com\/fr\/wp-json\/wp\/v2\/pages\/116249\/revisions\/116250"}],"wp:attachment":[{"href":"https:\/\/beppy.com\/fr\/wp-json\/wp\/v2\/media?parent=116249"}],"curies":[{"name":"wp","href":"https:\/\/api.w.org\/{rel}","templated":true}]}}