{"id":116461,"date":"2025-05-08T13:02:00","date_gmt":"2025-05-08T11:02:00","guid":{"rendered":"https:\/\/beppy.com\/shop\/uncategorized\/beppy-steamsteriliser-pour-coupe-menstruelle-bleu\/"},"modified":"2025-12-03T23:14:28","modified_gmt":"2025-12-03T22:14:28","slug":"eppy-sterilisateur-vapeur-pour-coupe-menstruelle","status":"publish","type":"product","link":"https:\/\/beppy.com\/fr\/product\/eppy-sterilisateur-vapeur-pour-coupe-menstruelle\/","title":{"rendered":"St\u00e9rilisateur Beppy"},"content":{"rendered":"<p>Avec le st\u00e9rilisateur Beppy, vous st\u00e9rilisez votre <a href=\"https:\/\/www.beppy.com\/product\/de-meest-innovatieve-menstruatiecup-de-beppy-cup\/\">coupe menstruelle<\/a> en appuyant sur un bouton. L&rsquo;eau bouillante et la vapeur peuvent \u00e9liminer jusqu&rsquo;\u00e0 99,9 % des bact\u00e9ries, des champignons et des virus.<\/p>\n<h2>D\u00e9sinfectez avec le st\u00e9rilisateur Beppy :<\/h2>\n<p><span style=\"vertical-align: inherit;\"><span style=\"vertical-align: inherit;\"><span style=\"vertical-align: inherit;\"><span style=\"vertical-align: inherit;\"><span style=\"vertical-align: inherit;\"><span style=\"vertical-align: inherit;\"><span style=\"vertical-align: inherit;\"><span style=\"vertical-align: inherit;\">1. Ajoutez de l&rsquo;eau jusqu&rsquo;au bord du trou du st\u00e9rilisateur Beppy.  <\/span><\/span><\/span><\/span><\/span><\/span><\/span><\/span><br \/>\n<span style=\"vertical-align: inherit;\"><span style=\"vertical-align: inherit;\"><span style=\"vertical-align: inherit;\"><span style=\"vertical-align: inherit;\"><span style=\"vertical-align: inherit;\"><span style=\"vertical-align: inherit;\"><span style=\"vertical-align: inherit;\"><span style=\"vertical-align: inherit;\">2. Placez votre coupe menstruelle dans le cuiseur \u00e0 vapeur.<\/span><\/span><\/span><\/span><\/span><\/span><\/span><\/span><br \/>\n<span style=\"vertical-align: inherit;\"><span style=\"vertical-align: inherit;\"><span style=\"vertical-align: inherit;\"><span style=\"vertical-align: inherit;\"><span style=\"vertical-align: inherit;\"><span style=\"vertical-align: inherit;\"><span style=\"vertical-align: inherit;\"><span style=\"vertical-align: inherit;\">3. Appuyez sur le bouton et attendez 6 \u00e0 8 minutes !<\/span><\/span><\/span><\/span><\/span><\/span><\/span><\/span><\/p>\n<p>Note : Attention, la partie sup\u00e9rieure du couvercle peut \u00eatre tr\u00e8s chaude apr\u00e8s 8 minutes. Laissez-le refroidir un moment avant de l&rsquo;utiliser. \u00c9teignez ou d\u00e9branchez l&rsquo;appareil apr\u00e8s utilisation. V\u00e9rifiez les informations relatives au produit avant de le faire cuire \u00e0 la vapeur ; le produit doit pouvoir supporter jusqu&rsquo;\u00e0 100 degr\u00e9s Celsius.   <\/p>\n<p>Le <span style=\"vertical-align: inherit;\">Beppy Steam+Steriliser<\/span> arr\u00eate automatiquement la st\u00e9rilisation lorsque l&rsquo;eau s&rsquo;est ass\u00e9ch\u00e9e. Attendez que l&rsquo;appareil refroidisse compl\u00e8tement avant de retirer le couvercle.<\/p>\n<h3><span style=\"vertical-align: inherit;\"><span style=\"vertical-align: inherit;\"><span style=\"vertical-align: inherit;\"><span style=\"vertical-align: inherit;\"><span style=\"vertical-align: inherit;\"><span style=\"vertical-align: inherit;\"><span style=\"vertical-align: inherit;\"><span style=\"vertical-align: inherit;\">Mesures de s\u00e9curit\u00e9<\/span><\/span><\/span><\/span><\/span><\/span><\/span><\/span><\/h3>\n<ol>\n<li>Fermez le couvercle pendant l&rsquo;utilisation pour \u00e9viter les br\u00fblures et gardez l&rsquo;appareil hors de port\u00e9e des enfants.<\/li>\n<li>\u00c9vitez tout contact avec les \u00e9vents de vapeur pour \u00e9viter les br\u00fblures.<\/li>\n<li>Ne placez pas d&rsquo;objets non r\u00e9sistants \u00e0 la chaleur dans le st\u00e9rilisateur pour \u00e9viter de l&rsquo;endommager.<\/li>\n<li>Nettoyez le produit avec un chiffon doux et de l&rsquo;eau ou de l&rsquo;alcool, \u00e9vitez les solvants organiques tels que l&rsquo;essence.<\/li>\n<li>Ne r\u00e9parez pas le produit s&rsquo;il est endommag\u00e9 et d\u00e9branchez-le apr\u00e8s utilisation.<\/li>\n<li>Conservez le <span style=\"vertical-align: inherit;\">Beppy Steam+Steriliser<\/span> dans un endroit sec.<\/li>\n<\/ol>\n<h3><span style=\"vertical-align: inherit;\"><span style=\"vertical-align: inherit;\"><span style=\"vertical-align: inherit;\"><span style=\"vertical-align: inherit;\"><span style=\"vertical-align: inherit;\"><span style=\"vertical-align: inherit;\"><span style=\"vertical-align: inherit;\"><span style=\"vertical-align: inherit;\">Caract\u00e9ristiques du produit  <\/span><\/span><\/span><\/span><\/span><\/span><\/span><\/span><\/h3>\n<ul>\n<li>Convient aux produits en silicone, caoutchouc, latex, TPU, etc.<\/li>\n<li>Respectueux de l&rsquo;environnement, en polypropyl\u00e8ne (PP) r\u00e9sistant \u00e0 la chaleur et \u00e0 la corrosion.<\/li>\n<li>Fusible int\u00e9gr\u00e9 pour la s\u00e9curit\u00e9 \u00e9lectrique et plaque chauffante durable rev\u00eatue de t\u00e9flon.<\/li>\n<li>Fonctionnement avec un seul bouton, r\u00e9tention de la chaleur et mat\u00e9riau anti-combustion.<\/li>\n<li>Le Beppy Steam+Steriliser a un design compact et \u00e9l\u00e9gant, parfait pour une utilisation \u00e0 la maison ou en voyage. Disponible en rose, rose bonbon, bleu et violet. <\/li>\n<\/ul>\n","protected":false},"excerpt":{"rendered":"<p class=\"ai-optimize-21 ai-optimize-introduction\">Le st\u00e9rilisateur Beppy vous permet de st\u00e9riliser votre coupe menstruelle en appuyant simplement sur un bouton. L&rsquo;eau bouillante et la vapeur peuvent \u00e9liminer jusqu&rsquo;\u00e0 99,9 % des bact\u00e9ries, des champignons et des virus. <\/p>\n","protected":false},"featured_media":117639,"comment_status":"open","ping_status":"closed","template":"","meta":{"_acf_changed":false},"product_brand":[],"product_cat":[192,190],"product_tag":[],"class_list":{"0":"post-116461","1":"product","2":"type-product","3":"status-publish","4":"has-post-thumbnail","6":"product_cat-entretien-des-produits-beppy","7":"product_cat-tous-les-produits","9":"first","10":"instock","11":"taxable","12":"shipping-taxable","13":"purchasable","14":"product-type-variable"},"bundled_by":["116757","116699","116689"],"bundle_stock_status":"instock","bundle_stock_quantity":null,"bundle_virtual":false,"bundle_layout":"","bundle_add_to_cart_form_location":"","bundle_editable_in_cart":false,"bundle_sold_individually_context":"","bundle_item_grouping":"","bundle_min_size":"","bundle_max_size":"","bundle_price":[],"bundled_items":[],"bundle_sell_ids":[],"acf":[],"yoast_head":"<!-- This site is optimized with the Yoast SEO Premium plugin v27.4 (Yoast SEO v27.4) - https:\/\/yoast.com\/product\/yoast-seo-premium-wordpress\/ -->\n<title>St\u00e9rilisateur Beppy | Beppy.com<\/title>\n<meta name=\"description\" content=\"Avec le st\u00e9rilisateur Beppy, vous st\u00e9rilisez votre coupe menstruelle en appuyant simplement sur un bouton. Un nettoyage en profondeur et une facilit\u00e9 d&#039;utilisation en un seul geste. Commandez d\u00e8s aujourd&#039;hui !\" \/>\n<meta name=\"robots\" content=\"index, follow, max-snippet:-1, max-image-preview:large, max-video-preview:-1\" \/>\n<link rel=\"canonical\" href=\"https:\/\/beppy.com\/fr\/product\/eppy-sterilisateur-vapeur-pour-coupe-menstruelle\/\" \/>\n<meta property=\"og:locale\" content=\"fr_FR\" \/>\n<meta property=\"og:type\" content=\"article\" \/>\n<meta property=\"og:title\" content=\"St\u00e9rilisateur Beppy\" \/>\n<meta property=\"og:description\" content=\"Le Beppy Steam+Steriliser for menstrual cup blue st\u00e9rilise votre coupe menstruelle sur simple pression d&#039;un bouton. Commandez d\u00e8s aujourd&#039;hui !\" \/>\n<meta property=\"og:url\" content=\"https:\/\/beppy.com\/fr\/product\/eppy-sterilisateur-vapeur-pour-coupe-menstruelle\/\" \/>\n<meta property=\"og:site_name\" content=\"Beppy\" \/>\n<meta property=\"article:modified_time\" content=\"2025-12-03T22:14:28+00:00\" \/>\n<meta property=\"og:image\" content=\"https:\/\/beppy.com\/wp-content\/uploads\/2025\/05\/Beppy-SteamSterilizer.webp\" \/>\n\t<meta property=\"og:image:width\" content=\"2400\" \/>\n\t<meta property=\"og:image:height\" content=\"2400\" \/>\n\t<meta property=\"og:image:type\" content=\"image\/webp\" \/>\n<meta name=\"twitter:card\" content=\"summary_large_image\" \/>\n<meta name=\"twitter:description\" content=\"Le Beppy Steam+Steriliser for menstrual cup blue st\u00e9rilise votre coupe menstruelle sur simple pression d&#039;un bouton. Commandez d\u00e8s aujourd&#039;hui !\" \/>\n<meta name=\"twitter:label1\" content=\"Disponibilit\u00e9\" \/>\n\t<meta name=\"twitter:data1\" content=\"En stock\" \/>\n<script type=\"application\/ld+json\" class=\"yoast-schema-graph\">{\"@context\":\"https:\\\/\\\/schema.org\",\"@graph\":[{\"@type\":\"WebPage\",\"@id\":\"https:\\\/\\\/beppy.com\\\/fr\\\/product\\\/eppy-sterilisateur-vapeur-pour-coupe-menstruelle\\\/\",\"url\":\"https:\\\/\\\/beppy.com\\\/fr\\\/product\\\/eppy-sterilisateur-vapeur-pour-coupe-menstruelle\\\/\",\"name\":\"St\u00e9rilisateur Beppy | Beppy.com\",\"isPartOf\":{\"@id\":\"https:\\\/\\\/beppy.com\\\/fr\\\/#website\"},\"primaryImageOfPage\":{\"@id\":\"https:\\\/\\\/beppy.com\\\/fr\\\/product\\\/eppy-sterilisateur-vapeur-pour-coupe-menstruelle\\\/#primaryimage\"},\"image\":{\"@id\":\"https:\\\/\\\/beppy.com\\\/fr\\\/product\\\/eppy-sterilisateur-vapeur-pour-coupe-menstruelle\\\/#primaryimage\"},\"thumbnailUrl\":\"https:\\\/\\\/beppy.com\\\/wp-content\\\/uploads\\\/2025\\\/05\\\/Beppy-SteamSterilizer.webp\",\"datePublished\":\"2025-05-08T11:02:00+00:00\",\"dateModified\":\"2025-12-03T22:14:28+00:00\",\"description\":\"Avec le st\u00e9rilisateur Beppy, vous st\u00e9rilisez votre coupe menstruelle en appuyant simplement sur un bouton. Un nettoyage en profondeur et une facilit\u00e9 d'utilisation en un seul geste. Commandez d\u00e8s aujourd'hui !\",\"breadcrumb\":{\"@id\":\"https:\\\/\\\/beppy.com\\\/fr\\\/product\\\/eppy-sterilisateur-vapeur-pour-coupe-menstruelle\\\/#breadcrumb\"},\"inLanguage\":\"fr-FR\",\"potentialAction\":[{\"@type\":\"ReadAction\",\"target\":[\"https:\\\/\\\/beppy.com\\\/fr\\\/product\\\/eppy-sterilisateur-vapeur-pour-coupe-menstruelle\\\/\"]}]},{\"@type\":\"ImageObject\",\"inLanguage\":\"fr-FR\",\"@id\":\"https:\\\/\\\/beppy.com\\\/fr\\\/product\\\/eppy-sterilisateur-vapeur-pour-coupe-menstruelle\\\/#primaryimage\",\"url\":\"https:\\\/\\\/beppy.com\\\/wp-content\\\/uploads\\\/2025\\\/05\\\/Beppy-SteamSterilizer.webp\",\"contentUrl\":\"https:\\\/\\\/beppy.com\\\/wp-content\\\/uploads\\\/2025\\\/05\\\/Beppy-SteamSterilizer.webp\",\"width\":2400,\"height\":2400,\"caption\":\"Beppy Steam+Sterilizer\"},{\"@type\":\"BreadcrumbList\",\"@id\":\"https:\\\/\\\/beppy.com\\\/fr\\\/product\\\/eppy-sterilisateur-vapeur-pour-coupe-menstruelle\\\/#breadcrumb\",\"itemListElement\":[{\"@type\":\"ListItem\",\"position\":1,\"name\":\"Accueil\",\"item\":\"https:\\\/\\\/beppy.com\\\/fr\\\/accueil-2\\\/\"},{\"@type\":\"ListItem\",\"position\":2,\"name\":\"Produits\",\"item\":\"https:\\\/\\\/beppy.com\\\/fr\\\/shop\\\/\"},{\"@type\":\"ListItem\",\"position\":3,\"name\":\"St\u00e9rilisateur Beppy\"}]},{\"@type\":\"WebSite\",\"@id\":\"https:\\\/\\\/beppy.com\\\/fr\\\/#website\",\"url\":\"https:\\\/\\\/beppy.com\\\/fr\\\/\",\"name\":\"Beppy\",\"description\":\"Menstruatiecups, soft tampons en ondergoed\",\"publisher\":{\"@id\":\"https:\\\/\\\/beppy.com\\\/fr\\\/#organization\"},\"potentialAction\":[{\"@type\":\"SearchAction\",\"target\":{\"@type\":\"EntryPoint\",\"urlTemplate\":\"https:\\\/\\\/beppy.com\\\/fr\\\/?s={search_term_string}\"},\"query-input\":{\"@type\":\"PropertyValueSpecification\",\"valueRequired\":true,\"valueName\":\"search_term_string\"}}],\"inLanguage\":\"fr-FR\"},{\"@type\":\"Organization\",\"@id\":\"https:\\\/\\\/beppy.com\\\/fr\\\/#organization\",\"name\":\"Beppy\",\"url\":\"https:\\\/\\\/beppy.com\\\/fr\\\/\",\"logo\":{\"@type\":\"ImageObject\",\"inLanguage\":\"fr-FR\",\"@id\":\"https:\\\/\\\/beppy.com\\\/fr\\\/#\\\/schema\\\/logo\\\/image\\\/\",\"url\":\"https:\\\/\\\/beppy.com\\\/wp-content\\\/uploads\\\/2024\\\/12\\\/cropped-Beppy_logo.png\",\"contentUrl\":\"https:\\\/\\\/beppy.com\\\/wp-content\\\/uploads\\\/2024\\\/12\\\/cropped-Beppy_logo.png\",\"width\":241,\"height\":84,\"caption\":\"Beppy\"},\"image\":{\"@id\":\"https:\\\/\\\/beppy.com\\\/fr\\\/#\\\/schema\\\/logo\\\/image\\\/\"}}]}<\/script>\n<meta property=\"og:availability\" content=\"instock\" \/>\n<meta property=\"product:availability\" content=\"instock\" \/>\n<meta property=\"product:condition\" content=\"new\" \/>\n<!-- \/ Yoast SEO Premium plugin. -->","yoast_head_json":{"title":"St\u00e9rilisateur Beppy | Beppy.com","description":"Avec le st\u00e9rilisateur Beppy, vous st\u00e9rilisez votre coupe menstruelle en appuyant simplement sur un bouton. Un nettoyage en profondeur et une facilit\u00e9 d'utilisation en un seul geste. Commandez d\u00e8s aujourd'hui !","robots":{"index":"index","follow":"follow","max-snippet":"max-snippet:-1","max-image-preview":"max-image-preview:large","max-video-preview":"max-video-preview:-1"},"canonical":"https:\/\/beppy.com\/fr\/product\/eppy-sterilisateur-vapeur-pour-coupe-menstruelle\/","og_locale":"fr_FR","og_type":"article","og_title":"St\u00e9rilisateur Beppy","og_description":"Le Beppy Steam+Steriliser for menstrual cup blue st\u00e9rilise votre coupe menstruelle sur simple pression d'un bouton. Commandez d\u00e8s aujourd'hui !","og_url":"https:\/\/beppy.com\/fr\/product\/eppy-sterilisateur-vapeur-pour-coupe-menstruelle\/","og_site_name":"Beppy","article_modified_time":"2025-12-03T22:14:28+00:00","og_image":[{"width":2400,"height":2400,"url":"https:\/\/beppy.com\/wp-content\/uploads\/2025\/05\/Beppy-SteamSterilizer.webp","type":"image\/webp"}],"twitter_card":"summary_large_image","twitter_description":"Le Beppy Steam+Steriliser for menstrual cup blue st\u00e9rilise votre coupe menstruelle sur simple pression d'un bouton. Commandez d\u00e8s aujourd'hui !","twitter_misc":{"Disponibilit\u00e9":"En stock"},"schema":{"@context":"https:\/\/schema.org","@graph":[{"@type":"WebPage","@id":"https:\/\/beppy.com\/fr\/product\/eppy-sterilisateur-vapeur-pour-coupe-menstruelle\/","url":"https:\/\/beppy.com\/fr\/product\/eppy-sterilisateur-vapeur-pour-coupe-menstruelle\/","name":"St\u00e9rilisateur Beppy | Beppy.com","isPartOf":{"@id":"https:\/\/beppy.com\/fr\/#website"},"primaryImageOfPage":{"@id":"https:\/\/beppy.com\/fr\/product\/eppy-sterilisateur-vapeur-pour-coupe-menstruelle\/#primaryimage"},"image":{"@id":"https:\/\/beppy.com\/fr\/product\/eppy-sterilisateur-vapeur-pour-coupe-menstruelle\/#primaryimage"},"thumbnailUrl":"https:\/\/beppy.com\/wp-content\/uploads\/2025\/05\/Beppy-SteamSterilizer.webp","datePublished":"2025-05-08T11:02:00+00:00","dateModified":"2025-12-03T22:14:28+00:00","description":"Avec le st\u00e9rilisateur Beppy, vous st\u00e9rilisez votre coupe menstruelle en appuyant simplement sur un bouton. Un nettoyage en profondeur et une facilit\u00e9 d'utilisation en un seul geste. Commandez d\u00e8s aujourd'hui !","breadcrumb":{"@id":"https:\/\/beppy.com\/fr\/product\/eppy-sterilisateur-vapeur-pour-coupe-menstruelle\/#breadcrumb"},"inLanguage":"fr-FR","potentialAction":[{"@type":"ReadAction","target":["https:\/\/beppy.com\/fr\/product\/eppy-sterilisateur-vapeur-pour-coupe-menstruelle\/"]}]},{"@type":"ImageObject","inLanguage":"fr-FR","@id":"https:\/\/beppy.com\/fr\/product\/eppy-sterilisateur-vapeur-pour-coupe-menstruelle\/#primaryimage","url":"https:\/\/beppy.com\/wp-content\/uploads\/2025\/05\/Beppy-SteamSterilizer.webp","contentUrl":"https:\/\/beppy.com\/wp-content\/uploads\/2025\/05\/Beppy-SteamSterilizer.webp","width":2400,"height":2400,"caption":"Beppy Steam+Sterilizer"},{"@type":"BreadcrumbList","@id":"https:\/\/beppy.com\/fr\/product\/eppy-sterilisateur-vapeur-pour-coupe-menstruelle\/#breadcrumb","itemListElement":[{"@type":"ListItem","position":1,"name":"Accueil","item":"https:\/\/beppy.com\/fr\/accueil-2\/"},{"@type":"ListItem","position":2,"name":"Produits","item":"https:\/\/beppy.com\/fr\/shop\/"},{"@type":"ListItem","position":3,"name":"St\u00e9rilisateur Beppy"}]},{"@type":"WebSite","@id":"https:\/\/beppy.com\/fr\/#website","url":"https:\/\/beppy.com\/fr\/","name":"Beppy","description":"Menstruatiecups, soft tampons en ondergoed","publisher":{"@id":"https:\/\/beppy.com\/fr\/#organization"},"potentialAction":[{"@type":"SearchAction","target":{"@type":"EntryPoint","urlTemplate":"https:\/\/beppy.com\/fr\/?s={search_term_string}"},"query-input":{"@type":"PropertyValueSpecification","valueRequired":true,"valueName":"search_term_string"}}],"inLanguage":"fr-FR"},{"@type":"Organization","@id":"https:\/\/beppy.com\/fr\/#organization","name":"Beppy","url":"https:\/\/beppy.com\/fr\/","logo":{"@type":"ImageObject","inLanguage":"fr-FR","@id":"https:\/\/beppy.com\/fr\/#\/schema\/logo\/image\/","url":"https:\/\/beppy.com\/wp-content\/uploads\/2024\/12\/cropped-Beppy_logo.png","contentUrl":"https:\/\/beppy.com\/wp-content\/uploads\/2024\/12\/cropped-Beppy_logo.png","width":241,"height":84,"caption":"Beppy"},"image":{"@id":"https:\/\/beppy.com\/fr\/#\/schema\/logo\/image\/"}}]},"og_availability":"instock","product_availability":"instock","product_condition":"new"},"_links":{"self":[{"href":"https:\/\/beppy.com\/fr\/wp-json\/wp\/v2\/product\/116461","targetHints":{"allow":["GET"]}}],"collection":[{"href":"https:\/\/beppy.com\/fr\/wp-json\/wp\/v2\/product"}],"about":[{"href":"https:\/\/beppy.com\/fr\/wp-json\/wp\/v2\/types\/product"}],"replies":[{"embeddable":true,"href":"https:\/\/beppy.com\/fr\/wp-json\/wp\/v2\/comments?post=116461"}],"wp:featuredmedia":[{"embeddable":true,"href":"https:\/\/beppy.com\/fr\/wp-json\/wp\/v2\/media\/117639"}],"wp:attachment":[{"href":"https:\/\/beppy.com\/fr\/wp-json\/wp\/v2\/media?parent=116461"}],"wp:term":[{"taxonomy":"product_brand","embeddable":true,"href":"https:\/\/beppy.com\/fr\/wp-json\/wp\/v2\/product_brand?post=116461"},{"taxonomy":"product_cat","embeddable":true,"href":"https:\/\/beppy.com\/fr\/wp-json\/wp\/v2\/product_cat?post=116461"},{"taxonomy":"product_tag","embeddable":true,"href":"https:\/\/beppy.com\/fr\/wp-json\/wp\/v2\/product_tag?post=116461"}],"curies":[{"name":"wp","href":"https:\/\/api.w.org\/{rel}","templated":true}]}}