{"id":116487,"date":"2018-06-25T23:05:10","date_gmt":"2018-06-25T21:05:10","guid":{"rendered":"https:\/\/beppy.com\/shop\/uncategorized\/tampons-beppy-soft-comfort-wet\/"},"modified":"2025-12-22T14:57:27","modified_gmt":"2025-12-22T13:57:27","slug":"beppy-tampons-doux-confort-humides","status":"publish","type":"product","link":"https:\/\/beppy.com\/fr\/product\/beppy-tampons-doux-confort-humides\/","title":{"rendered":"Tampons Beppy Soft + Comfort Wet"},"content":{"rendered":"<p><span dir=\"auto\" style=\"vertical-align: inherit;\"><span dir=\"auto\" style=\"vertical-align: inherit;\">Faites l&rsquo;exp\u00e9rience d&rsquo;une libert\u00e9, d&rsquo;un confort et d&rsquo;une s\u00e9curit\u00e9 ultimes pendant vos r\u00e8gles avec les tampons humides Beppy Soft + Comfort. Ces tampons r\u00e9volutionnaires vont au-del\u00e0 des solutions traditionnelles gr\u00e2ce \u00e0 leur conception unique et \u00e0 leurs caract\u00e9ristiques innovantes. Fabriqu\u00e9s dans un mat\u00e9riau souple et flexible, ils \u00e9pousent parfaitement la forme de votre corps. Cela garantit un confort maximal et r\u00e9duit le risque de fuites.   <\/span><\/span><\/p>\n<h2><span dir=\"auto\" style=\"vertical-align: inherit;\"><span dir=\"auto\" style=\"vertical-align: inherit;\">Pourquoi choisir les tampons humides Beppy Soft + Comfort ?<\/span><\/span><\/h2>\n<p><span dir=\"auto\" style=\"vertical-align: inherit;\"><span dir=\"auto\" style=\"vertical-align: inherit;\">Nos tampons humides contiennent du lactagel, qui facilite l&rsquo;insertion et contribue \u00e0 l&rsquo;\u00e9quilibre de la flore vaginale. Ils constituent donc un excellent choix pour les femmes qui privil\u00e9gient le confort et l&rsquo;hygi\u00e8ne. <\/span><\/span><\/p>\n<ul>\n<li><strong><span dir=\"auto\" style=\"vertical-align: inherit;\"><span dir=\"auto\" style=\"vertical-align: inherit;\">Facile \u00e0 ins\u00e9rer<\/span><\/span><\/strong><span dir=\"auto\" style=\"vertical-align: inherit;\"><span dir=\"auto\" style=\"vertical-align: inherit;\">  Le lactagel : Gr\u00e2ce \u00e0 l&rsquo;ajout de lactagel, le tampon glisse facilement dans la bonne position. Ceci est particuli\u00e8rement utile pour les femmes qui ont des difficult\u00e9s \u00e0 ins\u00e9rer des tampons traditionnels. De plus, sa texture douce le rend tr\u00e8s confortable \u00e0 utiliser, m\u00eame pour les d\u00e9butantes.  <\/span><\/span><\/li>\n<li><strong><span dir=\"auto\" style=\"vertical-align: inherit;\"><span dir=\"auto\" style=\"vertical-align: inherit;\">Libert\u00e9 pendant les activit\u00e9s<\/span><\/span><\/strong><span dir=\"auto\" style=\"vertical-align: inherit;\"><span dir=\"auto\" style=\"vertical-align: inherit;\">  Beppy Soft + Comfort Tampons Wet : Avec les tampons Beppy Soft + Comfort Wet, vous pouvez vous adonner \u00e0 toutes vos activit\u00e9s pr\u00e9f\u00e9r\u00e9es en toute tranquillit\u00e9, m\u00eame pendant vos r\u00e8gles. Que vous alliez nager, que vous pr\u00e9voyiez une journ\u00e9e de d\u00e9tente au sauna, que vous fassiez de l&rsquo;exercice vigoureux ou que vous souhaitiez avoir des relations intimes avec votre partenaire, tout est possible. Le tampon est invisible et confortable, assurant une totale libert\u00e9 de mouvement.  <\/span><\/span><\/li>\n<li><strong><span dir=\"auto\" style=\"vertical-align: inherit;\"><span dir=\"auto\" style=\"vertical-align: inherit;\">Libert\u00e9 de mouvement maximale<\/span><\/span><\/strong><span dir=\"auto\" style=\"vertical-align: inherit;\"><span dir=\"auto\" style=\"vertical-align: inherit;\">  Beppy : Contrairement aux tampons traditionnels, Beppy n&rsquo;a pas de ficelle. Au lieu de cela, une boucle de retrait pratique est int\u00e9gr\u00e9e dans le design, ce qui vous permet de retirer facilement le tampon apr\u00e8s utilisation. <\/span><\/span><\/li>\n<li><strong><span dir=\"auto\" style=\"vertical-align: inherit;\"><span dir=\"auto\" style=\"vertical-align: inherit;\">Coupe confortable<\/span><\/span><\/strong><span dir=\"auto\" style=\"vertical-align: inherit;\"><span dir=\"auto\" style=\"vertical-align: inherit;\">  La mati\u00e8re douce et flexible des tampons Beppy Soft + Comfort Wet s&rsquo;adapte \u00e0 la forme unique de votre corps. Cela signifie que vous ne sentirez presque pas le tampon, ce qui vous permet de profiter d&rsquo;un confort maximal, quoi que vous fassiez. <\/span><\/span><\/li>\n<li><strong><span dir=\"auto\" style=\"vertical-align: inherit;\"><span dir=\"auto\" style=\"vertical-align: inherit;\">Pas d&rsquo;odeur d\u00e9sagr\u00e9able<\/span><\/span><\/strong><span dir=\"auto\" style=\"vertical-align: inherit;\"><span dir=\"auto\" style=\"vertical-align: inherit;\">  Les tampons Beppy emp\u00eachent l&rsquo;air de s&rsquo;accumuler dans le vagin, ce qui est souvent \u00e0 l&rsquo;origine des mauvaises odeurs. Vous vous sentez ainsi frais et confiant tout au long de la journ\u00e9e. <\/span><\/span><\/li>\n<li><strong><span dir=\"auto\" style=\"vertical-align: inherit;\"><span dir=\"auto\" style=\"vertical-align: inherit;\">Hygi\u00e9nique et respectueux de la peau<\/span><\/span><\/strong><span dir=\"auto\" style=\"vertical-align: inherit;\"><span dir=\"auto\" style=\"vertical-align: inherit;\">  Les tampons humides Beppy Soft + Comfort sont fabriqu\u00e9s \u00e0 partir de mat\u00e9riaux s\u00fbrs, certifi\u00e9s OEKO-TEX\u00ae, dont la compatibilit\u00e9 avec la peau et la toxicit\u00e9 ont \u00e9t\u00e9 soigneusement test\u00e9es. De plus, le produit a \u00e9t\u00e9 d\u00e9velopp\u00e9 en collaboration avec des gyn\u00e9cologues afin de garantir les normes d&rsquo;hygi\u00e8ne les plus \u00e9lev\u00e9es. <\/span><\/span><\/li>\n<\/ul>\n<h3><span dir=\"auto\" style=\"vertical-align: inherit;\"><span dir=\"auto\" style=\"vertical-align: inherit;\">A qui conviennent les tampons humides Beppy Soft + Comfort ?<\/span><\/span><\/h3>\n<p><span dir=\"auto\" style=\"vertical-align: inherit;\"><span dir=\"auto\" style=\"vertical-align: inherit;\">Beppy est id\u00e9al pour les femmes qui recherchent une alternative discr\u00e8te et confortable aux tampons traditionnels. Que vous souhaitiez nager, aller au sauna, faire de l&rsquo;exercice, organiser une soir\u00e9e ou avoir des relations intimes pendant vos r\u00e8gles, Beppy vous offre une libert\u00e9 in\u00e9gal\u00e9e. Le tampon est invisible gr\u00e2ce \u00e0 l&rsquo;absence de ficelle, et vous pouvez m\u00eame avoir des relations sexuelles pendant vos r\u00e8gles sans que votre partenaire le sache.  <\/span><\/span><\/p>\n<p><strong><span dir=\"auto\" style=\"vertical-align: inherit;\"><span dir=\"auto\" style=\"vertical-align: inherit;\">Utilisation :<\/span><\/span><\/strong><\/p>\n<ol>\n<li><strong><span dir=\"auto\" style=\"vertical-align: inherit;\"><span dir=\"auto\" style=\"vertical-align: inherit;\">Pr\u00e9paration<\/span><\/span><\/strong><span dir=\"auto\" style=\"vertical-align: inherit;\"><span dir=\"auto\" style=\"vertical-align: inherit;\"> Pr\u00e9paration : Pliez le tampon.<\/span><\/span><\/li>\n<li><strong><span dir=\"auto\" style=\"vertical-align: inherit;\"><span dir=\"auto\" style=\"vertical-align: inherit;\">Insertion<\/span><\/span><\/strong><span dir=\"auto\" style=\"vertical-align: inherit;\"><span dir=\"auto\" style=\"vertical-align: inherit;\"> Ins\u00e9rez le tampon avec votre doigt et positionnez-le correctement.<\/span><\/span><\/li>\n<li><strong><span dir=\"auto\" style=\"vertical-align: inherit;\"><span dir=\"auto\" style=\"vertical-align: inherit;\">Retrait<\/span><\/span><\/strong><span dir=\"auto\" style=\"vertical-align: inherit;\"><span dir=\"auto\" style=\"vertical-align: inherit;\"> Pour le retrait : Utilisez la boucle de retrait ou deux doigts avec la pince \u00e0 \u00e9piler.<\/span><\/span><\/li>\n<\/ol>\n<p><strong><span dir=\"auto\" style=\"vertical-align: inherit;\"><span dir=\"auto\" style=\"vertical-align: inherit;\">Important<\/span><\/span><\/strong><span dir=\"auto\" style=\"vertical-align: inherit;\"><span dir=\"auto\" style=\"vertical-align: inherit;\"> Pour vous familiariser avec la technique d&rsquo;enl\u00e8vement, veuillez suivre la proc\u00e9dure suivante : Entra\u00eenez-vous lors de la premi\u00e8re utilisation.<\/span><\/span><\/p>\n<h3><span dir=\"auto\" style=\"vertical-align: inherit;\"><span dir=\"auto\" style=\"vertical-align: inherit;\">Durabilit\u00e9 et r\u00e9glementation<\/span><\/span><\/h3>\n<p><span dir=\"auto\" style=\"vertical-align: inherit;\"><span dir=\"auto\" style=\"vertical-align: inherit;\">Les tampons Beppy sont conformes aux derni\u00e8res r\u00e9glementations de l&rsquo;UE concernant les plastiques jetables. \u00c0 partir du 3 juillet 2021, les produits tels que les tampons devront \u00eatre clairement \u00e9tiquet\u00e9s pour sensibiliser \u00e0 la pollution. Beppy contribue \u00e0 un avenir plus durable gr\u00e2ce \u00e0 des produits fabriqu\u00e9s de mani\u00e8re responsable et correctement \u00e9tiquet\u00e9s.  <\/span><\/span><\/p>\n<p><span dir=\"auto\" style=\"vertical-align: inherit;\"><span dir=\"auto\" style=\"vertical-align: inherit;\">Beppy est plus qu&rsquo;un simple tampon ; c&rsquo;est une solution pour les femmes qui ne veulent pas faire de compromis pendant leurs r\u00e8gles. De la libert\u00e9 in\u00e9gal\u00e9e \u00e0 l&rsquo;utilisation hygi\u00e9nique, Beppy est un choix fiable pour toutes les femmes. <\/span><\/span><\/p>\n<p><span dir=\"auto\" style=\"vertical-align: inherit;\"><span dir=\"auto\" style=\"vertical-align: inherit;\">Commandez vos tampons humides d\u00e8s aujourd&rsquo;hui et constatez la diff\u00e9rence par vous-m\u00eame ! Vous pr\u00e9f\u00e9rez essayer les   <\/span><\/span><a href=\"https:\/\/beppy.com\/shop\/alle-producten\/beppy-soft-comfort-tampons-droog\/\"><span dir=\"auto\" style=\"vertical-align: inherit;\"><span dir=\"auto\" style=\"vertical-align: inherit;\">SEC<\/span><\/span><\/a><span dir=\"auto\" style=\"vertical-align: inherit;\"><span dir=\"auto\" style=\"vertical-align: inherit;\">  version ? Choisissez ce qui vous convient le mieux. <\/span><\/span><\/p>\n","protected":false},"excerpt":{"rendered":"<p class=\"ai-optimize-24 ai-optimize-introduction\"><span dir=\"auto\" style=\"vertical-align: inherit;\"><span dir=\"auto\" style=\"vertical-align: inherit;\">Les tampons Beppy Soft + Comfort Wet sont une alternative parfaite aux tampons ordinaires. Pas de ficelle, juste un mat\u00e9riau souple et flexible ! <\/span><\/span><\/p>\n","protected":false},"featured_media":117704,"comment_status":"open","ping_status":"closed","template":"","meta":{"_acf_changed":false},"product_brand":[],"product_cat":[194,190],"product_tag":[],"class_list":{"0":"post-116487","1":"product","2":"type-product","3":"status-publish","4":"has-post-thumbnail","6":"product_cat-tampons-beppy","7":"product_cat-tous-les-produits","9":"first","10":"instock","11":"featured","12":"taxable","13":"shipping-taxable","14":"purchasable","15":"product-type-variable"},"bundled_by":[],"bundle_stock_status":"instock","bundle_stock_quantity":null,"bundle_virtual":false,"bundle_layout":"","bundle_add_to_cart_form_location":"","bundle_editable_in_cart":false,"bundle_sold_individually_context":"","bundle_item_grouping":"","bundle_min_size":"","bundle_max_size":"","bundle_price":[],"bundled_items":[],"bundle_sell_ids":[],"acf":[],"yoast_head":"<!-- This site is optimized with the Yoast SEO Premium plugin v27.3 (Yoast SEO v27.3) - https:\/\/yoast.com\/product\/yoast-seo-premium-wordpress\/ -->\n<title>Beppy Soft + Comfort Tampons Wet | Beppy.com<\/title>\n<meta name=\"description\" content=\"Les tampons Beppy Soft + Comfort Wet offrent aux femmes une exp\u00e9rience r\u00e9volutionnaire pendant leurs r\u00e8gles, contrairement aux tampons traditionnels. Achetez maintenant !\" \/>\n<meta name=\"robots\" content=\"index, follow, max-snippet:-1, max-image-preview:large, max-video-preview:-1\" \/>\n<link rel=\"canonical\" href=\"https:\/\/beppy.com\/fr\/product\/beppy-tampons-doux-confort-humides\/\" \/>\n<meta property=\"og:locale\" content=\"fr_FR\" \/>\n<meta property=\"og:type\" content=\"article\" \/>\n<meta property=\"og:title\" content=\"Tampons Beppy Soft + Comfort Wet\" \/>\n<meta property=\"og:description\" content=\"Les tampons Beppy Soft + Comfort Wet offrent aux femmes une exp\u00e9rience r\u00e9volutionnaire pendant leurs r\u00e8gles, contrairement aux tampons traditionnels. Achetez maintenant !\" \/>\n<meta property=\"og:url\" content=\"https:\/\/beppy.com\/fr\/product\/beppy-tampons-doux-confort-humides\/\" \/>\n<meta property=\"og:site_name\" content=\"Beppy\" \/>\n<meta property=\"article:modified_time\" content=\"2025-12-22T13:57:27+00:00\" \/>\n<meta property=\"og:image\" content=\"https:\/\/beppy.com\/wp-content\/uploads\/2018\/12\/Beppy-Soft-Comfort-Tampons-Wet-2-1.webp\" \/>\n\t<meta property=\"og:image:width\" content=\"2400\" \/>\n\t<meta property=\"og:image:height\" content=\"2400\" \/>\n\t<meta property=\"og:image:type\" content=\"image\/webp\" \/>\n<meta name=\"twitter:card\" content=\"summary_large_image\" \/>\n<meta name=\"twitter:description\" content=\"Les tampons Beppy Soft + Comfort Wet offrent aux femmes une exp\u00e9rience r\u00e9volutionnaire pendant leurs r\u00e8gles, contrairement aux tampons traditionnels. Achetez maintenant !\" \/>\n<meta name=\"twitter:label1\" content=\"Disponibilit\u00e9\" \/>\n\t<meta name=\"twitter:data1\" content=\"En stock\" \/>\n<script type=\"application\/ld+json\" class=\"yoast-schema-graph\">{\"@context\":\"https:\\\/\\\/schema.org\",\"@graph\":[{\"@type\":\"WebPage\",\"@id\":\"https:\\\/\\\/beppy.com\\\/fr\\\/product\\\/beppy-tampons-doux-confort-humides\\\/\",\"url\":\"https:\\\/\\\/beppy.com\\\/fr\\\/product\\\/beppy-tampons-doux-confort-humides\\\/\",\"name\":\"Beppy Soft + Comfort Tampons Wet | Beppy.com\",\"isPartOf\":{\"@id\":\"https:\\\/\\\/beppy.com\\\/fr\\\/#website\"},\"primaryImageOfPage\":{\"@id\":\"https:\\\/\\\/beppy.com\\\/fr\\\/product\\\/beppy-tampons-doux-confort-humides\\\/#primaryimage\"},\"image\":{\"@id\":\"https:\\\/\\\/beppy.com\\\/fr\\\/product\\\/beppy-tampons-doux-confort-humides\\\/#primaryimage\"},\"thumbnailUrl\":\"https:\\\/\\\/beppy.com\\\/wp-content\\\/uploads\\\/2018\\\/12\\\/Beppy-Soft-Comfort-Tampons-Wet-2-1.webp\",\"datePublished\":\"2018-06-25T21:05:10+00:00\",\"dateModified\":\"2025-12-22T13:57:27+00:00\",\"description\":\"Les tampons Beppy Soft + Comfort Wet offrent aux femmes une exp\u00e9rience r\u00e9volutionnaire pendant leurs r\u00e8gles, contrairement aux tampons traditionnels. Achetez maintenant !\",\"breadcrumb\":{\"@id\":\"https:\\\/\\\/beppy.com\\\/fr\\\/product\\\/beppy-tampons-doux-confort-humides\\\/#breadcrumb\"},\"inLanguage\":\"fr-FR\",\"potentialAction\":[{\"@type\":\"ReadAction\",\"target\":[\"https:\\\/\\\/beppy.com\\\/fr\\\/product\\\/beppy-tampons-doux-confort-humides\\\/\"]}]},{\"@type\":\"ImageObject\",\"inLanguage\":\"fr-FR\",\"@id\":\"https:\\\/\\\/beppy.com\\\/fr\\\/product\\\/beppy-tampons-doux-confort-humides\\\/#primaryimage\",\"url\":\"https:\\\/\\\/beppy.com\\\/wp-content\\\/uploads\\\/2018\\\/12\\\/Beppy-Soft-Comfort-Tampons-Wet-2-1.webp\",\"contentUrl\":\"https:\\\/\\\/beppy.com\\\/wp-content\\\/uploads\\\/2018\\\/12\\\/Beppy-Soft-Comfort-Tampons-Wet-2-1.webp\",\"width\":2400,\"height\":2400,\"caption\":\"Beppy Soft + Comfort Tampons Wet 2\"},{\"@type\":\"BreadcrumbList\",\"@id\":\"https:\\\/\\\/beppy.com\\\/fr\\\/product\\\/beppy-tampons-doux-confort-humides\\\/#breadcrumb\",\"itemListElement\":[{\"@type\":\"ListItem\",\"position\":1,\"name\":\"Accueil\",\"item\":\"https:\\\/\\\/beppy.com\\\/fr\\\/\"},{\"@type\":\"ListItem\",\"position\":2,\"name\":\"Produits\",\"item\":\"https:\\\/\\\/beppy.com\\\/fr\\\/shop\\\/\"},{\"@type\":\"ListItem\",\"position\":3,\"name\":\"Tampons Beppy Soft + Comfort Wet\"}]},{\"@type\":\"WebSite\",\"@id\":\"https:\\\/\\\/beppy.com\\\/fr\\\/#website\",\"url\":\"https:\\\/\\\/beppy.com\\\/fr\\\/\",\"name\":\"Beppy\",\"description\":\"Menstruatiecups, soft tampons en ondergoed\",\"publisher\":{\"@id\":\"https:\\\/\\\/beppy.com\\\/fr\\\/#organization\"},\"potentialAction\":[{\"@type\":\"SearchAction\",\"target\":{\"@type\":\"EntryPoint\",\"urlTemplate\":\"https:\\\/\\\/beppy.com\\\/fr\\\/?s={search_term_string}\"},\"query-input\":{\"@type\":\"PropertyValueSpecification\",\"valueRequired\":true,\"valueName\":\"search_term_string\"}}],\"inLanguage\":\"fr-FR\"},{\"@type\":\"Organization\",\"@id\":\"https:\\\/\\\/beppy.com\\\/fr\\\/#organization\",\"name\":\"Beppy\",\"url\":\"https:\\\/\\\/beppy.com\\\/fr\\\/\",\"logo\":{\"@type\":\"ImageObject\",\"inLanguage\":\"fr-FR\",\"@id\":\"https:\\\/\\\/beppy.com\\\/fr\\\/#\\\/schema\\\/logo\\\/image\\\/\",\"url\":\"https:\\\/\\\/beppy.com\\\/wp-content\\\/uploads\\\/2024\\\/12\\\/cropped-Beppy_logo.png\",\"contentUrl\":\"https:\\\/\\\/beppy.com\\\/wp-content\\\/uploads\\\/2024\\\/12\\\/cropped-Beppy_logo.png\",\"width\":241,\"height\":84,\"caption\":\"Beppy\"},\"image\":{\"@id\":\"https:\\\/\\\/beppy.com\\\/fr\\\/#\\\/schema\\\/logo\\\/image\\\/\"}}]}<\/script>\n<meta property=\"og:availability\" content=\"instock\" \/>\n<meta property=\"product:availability\" content=\"instock\" \/>\n<meta property=\"product:condition\" content=\"new\" \/>\n<!-- \/ Yoast SEO Premium plugin. -->","yoast_head_json":{"title":"Beppy Soft + Comfort Tampons Wet | Beppy.com","description":"Les tampons Beppy Soft + Comfort Wet offrent aux femmes une exp\u00e9rience r\u00e9volutionnaire pendant leurs r\u00e8gles, contrairement aux tampons traditionnels. Achetez maintenant !","robots":{"index":"index","follow":"follow","max-snippet":"max-snippet:-1","max-image-preview":"max-image-preview:large","max-video-preview":"max-video-preview:-1"},"canonical":"https:\/\/beppy.com\/fr\/product\/beppy-tampons-doux-confort-humides\/","og_locale":"fr_FR","og_type":"article","og_title":"Tampons Beppy Soft + Comfort Wet","og_description":"Les tampons Beppy Soft + Comfort Wet offrent aux femmes une exp\u00e9rience r\u00e9volutionnaire pendant leurs r\u00e8gles, contrairement aux tampons traditionnels. Achetez maintenant !","og_url":"https:\/\/beppy.com\/fr\/product\/beppy-tampons-doux-confort-humides\/","og_site_name":"Beppy","article_modified_time":"2025-12-22T13:57:27+00:00","og_image":[{"width":2400,"height":2400,"url":"https:\/\/beppy.com\/wp-content\/uploads\/2018\/12\/Beppy-Soft-Comfort-Tampons-Wet-2-1.webp","type":"image\/webp"}],"twitter_card":"summary_large_image","twitter_description":"Les tampons Beppy Soft + Comfort Wet offrent aux femmes une exp\u00e9rience r\u00e9volutionnaire pendant leurs r\u00e8gles, contrairement aux tampons traditionnels. Achetez maintenant !","twitter_misc":{"Disponibilit\u00e9":"En stock"},"schema":{"@context":"https:\/\/schema.org","@graph":[{"@type":"WebPage","@id":"https:\/\/beppy.com\/fr\/product\/beppy-tampons-doux-confort-humides\/","url":"https:\/\/beppy.com\/fr\/product\/beppy-tampons-doux-confort-humides\/","name":"Beppy Soft + Comfort Tampons Wet | Beppy.com","isPartOf":{"@id":"https:\/\/beppy.com\/fr\/#website"},"primaryImageOfPage":{"@id":"https:\/\/beppy.com\/fr\/product\/beppy-tampons-doux-confort-humides\/#primaryimage"},"image":{"@id":"https:\/\/beppy.com\/fr\/product\/beppy-tampons-doux-confort-humides\/#primaryimage"},"thumbnailUrl":"https:\/\/beppy.com\/wp-content\/uploads\/2018\/12\/Beppy-Soft-Comfort-Tampons-Wet-2-1.webp","datePublished":"2018-06-25T21:05:10+00:00","dateModified":"2025-12-22T13:57:27+00:00","description":"Les tampons Beppy Soft + Comfort Wet offrent aux femmes une exp\u00e9rience r\u00e9volutionnaire pendant leurs r\u00e8gles, contrairement aux tampons traditionnels. Achetez maintenant !","breadcrumb":{"@id":"https:\/\/beppy.com\/fr\/product\/beppy-tampons-doux-confort-humides\/#breadcrumb"},"inLanguage":"fr-FR","potentialAction":[{"@type":"ReadAction","target":["https:\/\/beppy.com\/fr\/product\/beppy-tampons-doux-confort-humides\/"]}]},{"@type":"ImageObject","inLanguage":"fr-FR","@id":"https:\/\/beppy.com\/fr\/product\/beppy-tampons-doux-confort-humides\/#primaryimage","url":"https:\/\/beppy.com\/wp-content\/uploads\/2018\/12\/Beppy-Soft-Comfort-Tampons-Wet-2-1.webp","contentUrl":"https:\/\/beppy.com\/wp-content\/uploads\/2018\/12\/Beppy-Soft-Comfort-Tampons-Wet-2-1.webp","width":2400,"height":2400,"caption":"Beppy Soft + Comfort Tampons Wet 2"},{"@type":"BreadcrumbList","@id":"https:\/\/beppy.com\/fr\/product\/beppy-tampons-doux-confort-humides\/#breadcrumb","itemListElement":[{"@type":"ListItem","position":1,"name":"Accueil","item":"https:\/\/beppy.com\/fr\/"},{"@type":"ListItem","position":2,"name":"Produits","item":"https:\/\/beppy.com\/fr\/shop\/"},{"@type":"ListItem","position":3,"name":"Tampons Beppy Soft + Comfort Wet"}]},{"@type":"WebSite","@id":"https:\/\/beppy.com\/fr\/#website","url":"https:\/\/beppy.com\/fr\/","name":"Beppy","description":"Menstruatiecups, soft tampons en ondergoed","publisher":{"@id":"https:\/\/beppy.com\/fr\/#organization"},"potentialAction":[{"@type":"SearchAction","target":{"@type":"EntryPoint","urlTemplate":"https:\/\/beppy.com\/fr\/?s={search_term_string}"},"query-input":{"@type":"PropertyValueSpecification","valueRequired":true,"valueName":"search_term_string"}}],"inLanguage":"fr-FR"},{"@type":"Organization","@id":"https:\/\/beppy.com\/fr\/#organization","name":"Beppy","url":"https:\/\/beppy.com\/fr\/","logo":{"@type":"ImageObject","inLanguage":"fr-FR","@id":"https:\/\/beppy.com\/fr\/#\/schema\/logo\/image\/","url":"https:\/\/beppy.com\/wp-content\/uploads\/2024\/12\/cropped-Beppy_logo.png","contentUrl":"https:\/\/beppy.com\/wp-content\/uploads\/2024\/12\/cropped-Beppy_logo.png","width":241,"height":84,"caption":"Beppy"},"image":{"@id":"https:\/\/beppy.com\/fr\/#\/schema\/logo\/image\/"}}]},"og_availability":"instock","product_availability":"instock","product_condition":"new"},"_links":{"self":[{"href":"https:\/\/beppy.com\/fr\/wp-json\/wp\/v2\/product\/116487","targetHints":{"allow":["GET"]}}],"collection":[{"href":"https:\/\/beppy.com\/fr\/wp-json\/wp\/v2\/product"}],"about":[{"href":"https:\/\/beppy.com\/fr\/wp-json\/wp\/v2\/types\/product"}],"replies":[{"embeddable":true,"href":"https:\/\/beppy.com\/fr\/wp-json\/wp\/v2\/comments?post=116487"}],"wp:featuredmedia":[{"embeddable":true,"href":"https:\/\/beppy.com\/fr\/wp-json\/wp\/v2\/media\/117704"}],"wp:attachment":[{"href":"https:\/\/beppy.com\/fr\/wp-json\/wp\/v2\/media?parent=116487"}],"wp:term":[{"taxonomy":"product_brand","embeddable":true,"href":"https:\/\/beppy.com\/fr\/wp-json\/wp\/v2\/product_brand?post=116487"},{"taxonomy":"product_cat","embeddable":true,"href":"https:\/\/beppy.com\/fr\/wp-json\/wp\/v2\/product_cat?post=116487"},{"taxonomy":"product_tag","embeddable":true,"href":"https:\/\/beppy.com\/fr\/wp-json\/wp\/v2\/product_tag?post=116487"}],"curies":[{"name":"wp","href":"https:\/\/api.w.org\/{rel}","templated":true}]}}