{"id":116495,"date":"2022-06-24T13:45:09","date_gmt":"2022-06-24T12:45:09","guid":{"rendered":"https:\/\/beppy.com\/shop\/uncategorized\/savon-neutre-pour-tasses\/"},"modified":"2026-03-20T11:50:49","modified_gmt":"2026-03-20T10:50:49","slug":"savon-neutre-pour-tasses","status":"publish","type":"product","link":"https:\/\/beppy.com\/fr\/product\/savon-neutre-pour-tasses\/","title":{"rendered":"Savon neutre pour tasses"},"content":{"rendered":"<p data-start=\"68\" data-end=\"420\">Beppy&rsquo;s Neutral Cup Soap est un nettoyant doux sp\u00e9cialement con\u00e7u pour nettoyer en profondeur votre <a href=\"https:\/\/www.beppy.com\/product\/de-meest-innovatieve-menstruatiecup-de-beppy-cup\/\">coupe menstruelle<\/a> sans affecter le mat\u00e9riau en silicone ni perturber votre \u00e9quilibre intime naturel. Ce savon incolore, inodore et au pH neutre est enrichi d&rsquo;une touche d&rsquo;extrait de th\u00e9 vert, qui procure une subtile sensation de fra\u00eecheur.<\/p>\n<p data-start=\"422\" data-end=\"735\">Le th\u00e9 vert \u00e9tant connu pour ses propri\u00e9t\u00e9s antibact\u00e9riennes naturelles, le savon aide \u00e0 maintenir votre tasse hygi\u00e9niquement propre et \u00e0 r\u00e9duire le risque d&rsquo;irritation ou d&rsquo;infection. Gr\u00e2ce \u00e0 sa composition douce, le savon neutre pour la coupe est parfait pour une utilisation quotidienne pendant vos r\u00e8gles. <\/p>\n<h2>Pourquoi choisir le savon Beppy Neutral Cup ?<\/h2>\n<ul>\n<li>Doux et s\u00fbr pour votre coupe menstruelle et votre zone intime<\/li>\n<li>Prot\u00e8ge le mat\u00e9riau de votre gobelet et prolonge ainsi sa dur\u00e9e de vie<\/li>\n<li>Formule naturelle, sans parfum, colorants ou substances agressives<\/li>\n<li>Economique \u00e0 utiliser, quelques gouttes suffisent pour le nettoyage.<\/li>\n<li>Convient \u00e0 tous les types de coupes menstruelles, en particulier celles en silicone m\u00e9dical.<\/li>\n<li>Aide \u00e0 pr\u00e9venir les odeurs et les bact\u00e9ries pour une sensation de fra\u00eecheur et d&rsquo;hygi\u00e8ne<\/li>\n<\/ul>\n<h3 data-start=\"1486\" data-end=\"1510\"><span style=\"font-family: -apple-system, BlinkMacSystemFont, 'Segoe UI', Roboto, 'Helvetica Neue', Arial, 'Noto Sans', sans-serif, 'Apple Color Emoji', 'Segoe UI Emoji', 'Segoe UI Symbol', 'Noto Color Emoji';\">Comment utilisez-vous le savon Beppy Neutral Cup ?<\/span><\/h3>\n<ol>\n<li data-start=\"1486\" data-end=\"1510\"><span style=\"font-family: -apple-system, BlinkMacSystemFont, 'Segoe UI', Roboto, 'Helvetica Neue', Arial, 'Noto Sans', sans-serif, 'Apple Color Emoji', 'Segoe UI Emoji', 'Segoe UI Symbol', 'Noto Color Emoji';\">Rincez votre coupe menstruelle \u00e0 l&rsquo;eau claire pour \u00e9liminer tout r\u00e9sidu.<\/span><\/li>\n<li data-start=\"1486\" data-end=\"1510\"><span style=\"font-family: -apple-system, BlinkMacSystemFont, 'Segoe UI', Roboto, 'Helvetica Neue', Arial, 'Noto Sans', sans-serif, 'Apple Color Emoji', 'Segoe UI Emoji', 'Segoe UI Symbol', 'Noto Color Emoji';\">Appliquez 1 \u00e0 2 gouttes de savon neutre pour gobelets Beppy sur le gobelet. C&rsquo;est suffisant pour un bon nettoyage. <\/span><\/li>\n<li data-start=\"1486\" data-end=\"1510\"><span style=\"font-family: -apple-system, BlinkMacSystemFont, 'Segoe UI', Roboto, 'Helvetica Neue', Arial, 'Noto Sans', sans-serif, 'Apple Color Emoji', 'Segoe UI Emoji', 'Segoe UI Symbol', 'Noto Color Emoji';\">Frottez doucement la tasse avec vos doigts ou une brosse douce. Veillez \u00e0 frotter l&rsquo;int\u00e9rieur et l&rsquo;ext\u00e9rieur, y compris les bords et le bec. <\/span><\/li>\n<li data-start=\"1486\" data-end=\"1510\"><span style=\"font-family: -apple-system, BlinkMacSystemFont, 'Segoe UI', Roboto, 'Helvetica Neue', Arial, 'Noto Sans', sans-serif, 'Apple Color Emoji', 'Segoe UI Emoji', 'Segoe UI Symbol', 'Noto Color Emoji';\">Rincez soigneusement la tasse \u00e0 l&rsquo;eau froide ou ti\u00e8de jusqu&rsquo;\u00e0 ce que tous les r\u00e9sidus de savon aient disparu.<\/span><\/li>\n<li data-start=\"1486\" data-end=\"1510\"><span style=\"font-family: -apple-system, BlinkMacSystemFont, 'Segoe UI', Roboto, 'Helvetica Neue', Arial, 'Noto Sans', sans-serif, 'Apple Color Emoji', 'Segoe UI Emoji', 'Segoe UI Symbol', 'Noto Color Emoji';\">Laissez le gobelet s\u00e9cher \u00e0 l&rsquo;air sur une surface propre et s\u00e8che.<\/span><span style=\"font-family: -apple-system, BlinkMacSystemFont, 'Segoe UI', Roboto, 'Helvetica Neue', Arial, 'Noto Sans', sans-serif, 'Apple Color Emoji', 'Segoe UI Emoji', 'Segoe UI Symbol', 'Noto Color Emoji';\"><br \/>\n<\/span><\/li>\n<\/ol>\n<p>Vous voulez nettoyer la coupe \u00e0 fond ? Utilisez le <a href=\"https:\/\/beppy.com\/shop\/alle-producten\/beppy-steam-sterilizer-voor-menstruatiecup-roze\/\">st\u00e9rilisateur Beppy rose<\/a> ou <a href=\"https:\/\/beppy.com\/shop\/alle-producten\/beppy-steam-sterilizer-voor-menstruatiecup-blauw\/\">bleu<\/a> au d\u00e9but et \u00e0 la fin de vos r\u00e8gles. Vous \u00e9liminerez ainsi les bact\u00e9ries qui ne dispara\u00eetront pas avec un simple rin\u00e7age !  <\/p>\n<h3><span data-contrast=\"auto\"><span style=\"vertical-align: inherit;\"><span style=\"vertical-align: inherit;\"><span style=\"vertical-align: inherit;\"><span style=\"vertical-align: inherit;\"><span style=\"vertical-align: inherit;\"><span style=\"vertical-align: inherit;\"><span style=\"vertical-align: inherit;\"><span style=\"vertical-align: inherit;\">Ingr\u00e9dients<\/span><\/span><\/span><\/span><\/span><\/span><\/span><\/span><\/span><\/h3>\n<p><span data-contrast=\"auto\"><span style=\"vertical-align: inherit;\"><span style=\"vertical-align: inherit;\"><span style=\"vertical-align: inherit;\"><span style=\"vertical-align: inherit;\"><span style=\"vertical-align: inherit;\"><span style=\"vertical-align: inherit;\"><span style=\"vertical-align: inherit;\"><span style=\"vertical-align: inherit;\">Eau, sodium laureth sulfate, decyl glucoside, lauryl hydroxysultaine, chlorure de sodium, sodium methyl cocoyl taurate, cocamidopropyl betaine, cocamide MEA, essence, DMDM hydantoin, disodium EDTA.<\/span><\/span><\/span><\/span><\/span><\/span><\/span><\/span><\/span><\/p>\n","protected":false},"excerpt":{"rendered":"<p class=\"ai-optimize-22 ai-optimize-introduction\">Le savon neutre pour coupes de Beppy nettoie soigneusement votre coupe menstruelle, \u00e0 l&rsquo;int\u00e9rieur comme \u00e0 l&rsquo;ext\u00e9rieur. Le savon est transparent, incolore, doux et sp\u00e9cialement con\u00e7u pour ne pas irriter la peau. <\/p>\n","protected":false},"featured_media":117719,"comment_status":"open","ping_status":"closed","template":"","meta":{"_acf_changed":false},"product_brand":[],"product_cat":[192,190],"product_tag":[],"class_list":{"0":"post-116495","1":"product","2":"type-product","3":"status-publish","4":"has-post-thumbnail","6":"product_cat-entretien-des-produits-beppy","7":"product_cat-tous-les-produits","9":"first","10":"instock","11":"taxable","12":"shipping-taxable","13":"purchasable","14":"product-type-simple"},"bundled_by":["117177","117133","116757","116699","116689"],"bundle_stock_status":"instock","bundle_stock_quantity":20,"bundle_virtual":false,"bundle_layout":"","bundle_add_to_cart_form_location":"","bundle_editable_in_cart":false,"bundle_sold_individually_context":"","bundle_item_grouping":"","bundle_min_size":"","bundle_max_size":"","bundle_price":[],"bundled_items":[],"bundle_sell_ids":[],"acf":[],"yoast_head":"<!-- This site is optimized with the Yoast SEO Premium plugin v27.4 (Yoast SEO v27.4) - https:\/\/yoast.com\/product\/yoast-seo-premium-wordpress\/ -->\n<title>Savon \u00e0 la coupe neutre | Beppy.com<\/title>\n<meta name=\"description\" content=\"Beppy&#039;s Neutral Cup Soap nettoie votre coupe menstruelle en profondeur, \u00e0 l&#039;int\u00e9rieur comme \u00e0 l&#039;ext\u00e9rieur. Achetez notre Cup Soap pour une hygi\u00e8ne optimale ici !\" \/>\n<meta name=\"robots\" content=\"index, follow, max-snippet:-1, max-image-preview:large, max-video-preview:-1\" \/>\n<link rel=\"canonical\" href=\"https:\/\/beppy.com\/fr\/product\/savon-neutre-pour-tasses\/\" \/>\n<meta property=\"og:locale\" content=\"fr_FR\" \/>\n<meta property=\"og:type\" content=\"article\" \/>\n<meta property=\"og:title\" content=\"Savon neutre pour tasses\" \/>\n<meta property=\"og:description\" content=\"Beppy&#039;s Neutral Cup Soap nettoie votre coupe menstruelle en profondeur, \u00e0 l&#039;int\u00e9rieur comme \u00e0 l&#039;ext\u00e9rieur. Achetez notre savon pour coupe ici !\" \/>\n<meta property=\"og:url\" content=\"https:\/\/beppy.com\/fr\/product\/savon-neutre-pour-tasses\/\" \/>\n<meta property=\"og:site_name\" content=\"Beppy\" \/>\n<meta property=\"article:modified_time\" content=\"2026-03-20T10:50:49+00:00\" \/>\n<meta property=\"og:image\" content=\"https:\/\/beppy.com\/wp-content\/uploads\/2022\/06\/Neutral-Cup-Soap-2.webp\" \/>\n\t<meta property=\"og:image:width\" content=\"2400\" \/>\n\t<meta property=\"og:image:height\" content=\"2400\" \/>\n\t<meta property=\"og:image:type\" content=\"image\/webp\" \/>\n<meta name=\"twitter:card\" content=\"summary_large_image\" \/>\n<meta name=\"twitter:title\" content=\"Savon neutre pour tasses\" \/>\n<meta name=\"twitter:description\" content=\"Beppy&#039;s Neutral Cup Soap nettoie votre coupe menstruelle en profondeur, \u00e0 l&#039;int\u00e9rieur comme \u00e0 l&#039;ext\u00e9rieur. Achetez notre savon pour coupe ici !\" \/>\n<meta name=\"twitter:label1\" content=\"Prix\" \/>\n\t<meta name=\"twitter:data1\" content=\"&euro;&nbsp;10,45\" \/>\n\t<meta name=\"twitter:label2\" content=\"Disponibilit\u00e9\" \/>\n\t<meta name=\"twitter:data2\" content=\"En stock\" \/>\n<script type=\"application\/ld+json\" class=\"yoast-schema-graph\">{\"@context\":\"https:\\\/\\\/schema.org\",\"@graph\":[{\"@type\":\"WebPage\",\"@id\":\"https:\\\/\\\/beppy.com\\\/fr\\\/product\\\/savon-neutre-pour-tasses\\\/\",\"url\":\"https:\\\/\\\/beppy.com\\\/fr\\\/product\\\/savon-neutre-pour-tasses\\\/\",\"name\":\"Savon \u00e0 la coupe neutre | Beppy.com\",\"isPartOf\":{\"@id\":\"https:\\\/\\\/beppy.com\\\/fr\\\/#website\"},\"primaryImageOfPage\":{\"@id\":\"https:\\\/\\\/beppy.com\\\/fr\\\/product\\\/savon-neutre-pour-tasses\\\/#primaryimage\"},\"image\":{\"@id\":\"https:\\\/\\\/beppy.com\\\/fr\\\/product\\\/savon-neutre-pour-tasses\\\/#primaryimage\"},\"thumbnailUrl\":\"https:\\\/\\\/beppy.com\\\/wp-content\\\/uploads\\\/2022\\\/06\\\/Neutral-Cup-Soap-2.webp\",\"datePublished\":\"2022-06-24T12:45:09+00:00\",\"dateModified\":\"2026-03-20T10:50:49+00:00\",\"description\":\"Beppy's Neutral Cup Soap nettoie votre coupe menstruelle en profondeur, \u00e0 l'int\u00e9rieur comme \u00e0 l'ext\u00e9rieur. Achetez notre Cup Soap pour une hygi\u00e8ne optimale ici !\",\"breadcrumb\":{\"@id\":\"https:\\\/\\\/beppy.com\\\/fr\\\/product\\\/savon-neutre-pour-tasses\\\/#breadcrumb\"},\"inLanguage\":\"fr-FR\",\"potentialAction\":[{\"@type\":\"ReadAction\",\"target\":[\"https:\\\/\\\/beppy.com\\\/fr\\\/product\\\/savon-neutre-pour-tasses\\\/\"]}]},{\"@type\":\"ImageObject\",\"inLanguage\":\"fr-FR\",\"@id\":\"https:\\\/\\\/beppy.com\\\/fr\\\/product\\\/savon-neutre-pour-tasses\\\/#primaryimage\",\"url\":\"https:\\\/\\\/beppy.com\\\/wp-content\\\/uploads\\\/2022\\\/06\\\/Neutral-Cup-Soap-2.webp\",\"contentUrl\":\"https:\\\/\\\/beppy.com\\\/wp-content\\\/uploads\\\/2022\\\/06\\\/Neutral-Cup-Soap-2.webp\",\"width\":2400,\"height\":2400,\"caption\":\"Savon neutre en gobelet 2\"},{\"@type\":\"BreadcrumbList\",\"@id\":\"https:\\\/\\\/beppy.com\\\/fr\\\/product\\\/savon-neutre-pour-tasses\\\/#breadcrumb\",\"itemListElement\":[{\"@type\":\"ListItem\",\"position\":1,\"name\":\"Accueil\",\"item\":\"https:\\\/\\\/beppy.com\\\/fr\\\/accueil-2\\\/\"},{\"@type\":\"ListItem\",\"position\":2,\"name\":\"Produits\",\"item\":\"https:\\\/\\\/beppy.com\\\/fr\\\/shop\\\/\"},{\"@type\":\"ListItem\",\"position\":3,\"name\":\"Savon neutre pour tasses\"}]},{\"@type\":\"WebSite\",\"@id\":\"https:\\\/\\\/beppy.com\\\/fr\\\/#website\",\"url\":\"https:\\\/\\\/beppy.com\\\/fr\\\/\",\"name\":\"Beppy\",\"description\":\"Menstruatiecups, soft tampons en ondergoed\",\"publisher\":{\"@id\":\"https:\\\/\\\/beppy.com\\\/fr\\\/#organization\"},\"potentialAction\":[{\"@type\":\"SearchAction\",\"target\":{\"@type\":\"EntryPoint\",\"urlTemplate\":\"https:\\\/\\\/beppy.com\\\/fr\\\/?s={search_term_string}\"},\"query-input\":{\"@type\":\"PropertyValueSpecification\",\"valueRequired\":true,\"valueName\":\"search_term_string\"}}],\"inLanguage\":\"fr-FR\"},{\"@type\":\"Organization\",\"@id\":\"https:\\\/\\\/beppy.com\\\/fr\\\/#organization\",\"name\":\"Beppy\",\"url\":\"https:\\\/\\\/beppy.com\\\/fr\\\/\",\"logo\":{\"@type\":\"ImageObject\",\"inLanguage\":\"fr-FR\",\"@id\":\"https:\\\/\\\/beppy.com\\\/fr\\\/#\\\/schema\\\/logo\\\/image\\\/\",\"url\":\"https:\\\/\\\/beppy.com\\\/wp-content\\\/uploads\\\/2024\\\/12\\\/cropped-Beppy_logo.png\",\"contentUrl\":\"https:\\\/\\\/beppy.com\\\/wp-content\\\/uploads\\\/2024\\\/12\\\/cropped-Beppy_logo.png\",\"width\":241,\"height\":84,\"caption\":\"Beppy\"},\"image\":{\"@id\":\"https:\\\/\\\/beppy.com\\\/fr\\\/#\\\/schema\\\/logo\\\/image\\\/\"}}]}<\/script>\n<meta property=\"product:price:amount\" content=\"10.45\" \/>\n<meta property=\"product:price:currency\" content=\"EUR\" \/>\n<meta property=\"og:availability\" content=\"instock\" \/>\n<meta property=\"product:availability\" content=\"instock\" \/>\n<meta property=\"product:retailer_item_id\" content=\"8714777003288\" \/>\n<meta property=\"product:condition\" content=\"new\" \/>\n<!-- \/ Yoast SEO Premium plugin. -->","yoast_head_json":{"title":"Savon \u00e0 la coupe neutre | Beppy.com","description":"Beppy's Neutral Cup Soap nettoie votre coupe menstruelle en profondeur, \u00e0 l'int\u00e9rieur comme \u00e0 l'ext\u00e9rieur. Achetez notre Cup Soap pour une hygi\u00e8ne optimale ici !","robots":{"index":"index","follow":"follow","max-snippet":"max-snippet:-1","max-image-preview":"max-image-preview:large","max-video-preview":"max-video-preview:-1"},"canonical":"https:\/\/beppy.com\/fr\/product\/savon-neutre-pour-tasses\/","og_locale":"fr_FR","og_type":"article","og_title":"Savon neutre pour tasses","og_description":"Beppy's Neutral Cup Soap nettoie votre coupe menstruelle en profondeur, \u00e0 l'int\u00e9rieur comme \u00e0 l'ext\u00e9rieur. Achetez notre savon pour coupe ici !","og_url":"https:\/\/beppy.com\/fr\/product\/savon-neutre-pour-tasses\/","og_site_name":"Beppy","article_modified_time":"2026-03-20T10:50:49+00:00","og_image":[{"width":2400,"height":2400,"url":"https:\/\/beppy.com\/wp-content\/uploads\/2022\/06\/Neutral-Cup-Soap-2.webp","type":"image\/webp"}],"twitter_card":"summary_large_image","twitter_title":"Savon neutre pour tasses","twitter_description":"Beppy's Neutral Cup Soap nettoie votre coupe menstruelle en profondeur, \u00e0 l'int\u00e9rieur comme \u00e0 l'ext\u00e9rieur. Achetez notre savon pour coupe ici !","twitter_misc":{"Prix":"&euro;&nbsp;10,45","Disponibilit\u00e9":"En stock"},"schema":{"@context":"https:\/\/schema.org","@graph":[{"@type":"WebPage","@id":"https:\/\/beppy.com\/fr\/product\/savon-neutre-pour-tasses\/","url":"https:\/\/beppy.com\/fr\/product\/savon-neutre-pour-tasses\/","name":"Savon \u00e0 la coupe neutre | Beppy.com","isPartOf":{"@id":"https:\/\/beppy.com\/fr\/#website"},"primaryImageOfPage":{"@id":"https:\/\/beppy.com\/fr\/product\/savon-neutre-pour-tasses\/#primaryimage"},"image":{"@id":"https:\/\/beppy.com\/fr\/product\/savon-neutre-pour-tasses\/#primaryimage"},"thumbnailUrl":"https:\/\/beppy.com\/wp-content\/uploads\/2022\/06\/Neutral-Cup-Soap-2.webp","datePublished":"2022-06-24T12:45:09+00:00","dateModified":"2026-03-20T10:50:49+00:00","description":"Beppy's Neutral Cup Soap nettoie votre coupe menstruelle en profondeur, \u00e0 l'int\u00e9rieur comme \u00e0 l'ext\u00e9rieur. Achetez notre Cup Soap pour une hygi\u00e8ne optimale ici !","breadcrumb":{"@id":"https:\/\/beppy.com\/fr\/product\/savon-neutre-pour-tasses\/#breadcrumb"},"inLanguage":"fr-FR","potentialAction":[{"@type":"ReadAction","target":["https:\/\/beppy.com\/fr\/product\/savon-neutre-pour-tasses\/"]}]},{"@type":"ImageObject","inLanguage":"fr-FR","@id":"https:\/\/beppy.com\/fr\/product\/savon-neutre-pour-tasses\/#primaryimage","url":"https:\/\/beppy.com\/wp-content\/uploads\/2022\/06\/Neutral-Cup-Soap-2.webp","contentUrl":"https:\/\/beppy.com\/wp-content\/uploads\/2022\/06\/Neutral-Cup-Soap-2.webp","width":2400,"height":2400,"caption":"Savon neutre en gobelet 2"},{"@type":"BreadcrumbList","@id":"https:\/\/beppy.com\/fr\/product\/savon-neutre-pour-tasses\/#breadcrumb","itemListElement":[{"@type":"ListItem","position":1,"name":"Accueil","item":"https:\/\/beppy.com\/fr\/accueil-2\/"},{"@type":"ListItem","position":2,"name":"Produits","item":"https:\/\/beppy.com\/fr\/shop\/"},{"@type":"ListItem","position":3,"name":"Savon neutre pour tasses"}]},{"@type":"WebSite","@id":"https:\/\/beppy.com\/fr\/#website","url":"https:\/\/beppy.com\/fr\/","name":"Beppy","description":"Menstruatiecups, soft tampons en ondergoed","publisher":{"@id":"https:\/\/beppy.com\/fr\/#organization"},"potentialAction":[{"@type":"SearchAction","target":{"@type":"EntryPoint","urlTemplate":"https:\/\/beppy.com\/fr\/?s={search_term_string}"},"query-input":{"@type":"PropertyValueSpecification","valueRequired":true,"valueName":"search_term_string"}}],"inLanguage":"fr-FR"},{"@type":"Organization","@id":"https:\/\/beppy.com\/fr\/#organization","name":"Beppy","url":"https:\/\/beppy.com\/fr\/","logo":{"@type":"ImageObject","inLanguage":"fr-FR","@id":"https:\/\/beppy.com\/fr\/#\/schema\/logo\/image\/","url":"https:\/\/beppy.com\/wp-content\/uploads\/2024\/12\/cropped-Beppy_logo.png","contentUrl":"https:\/\/beppy.com\/wp-content\/uploads\/2024\/12\/cropped-Beppy_logo.png","width":241,"height":84,"caption":"Beppy"},"image":{"@id":"https:\/\/beppy.com\/fr\/#\/schema\/logo\/image\/"}}]},"product_price_amount":"10.45","product_price_currency":"EUR","og_availability":"instock","product_availability":"instock","product_retailer_item_id":"8714777003288","product_condition":"new"},"_links":{"self":[{"href":"https:\/\/beppy.com\/fr\/wp-json\/wp\/v2\/product\/116495","targetHints":{"allow":["GET"]}}],"collection":[{"href":"https:\/\/beppy.com\/fr\/wp-json\/wp\/v2\/product"}],"about":[{"href":"https:\/\/beppy.com\/fr\/wp-json\/wp\/v2\/types\/product"}],"replies":[{"embeddable":true,"href":"https:\/\/beppy.com\/fr\/wp-json\/wp\/v2\/comments?post=116495"}],"wp:featuredmedia":[{"embeddable":true,"href":"https:\/\/beppy.com\/fr\/wp-json\/wp\/v2\/media\/117719"}],"wp:attachment":[{"href":"https:\/\/beppy.com\/fr\/wp-json\/wp\/v2\/media?parent=116495"}],"wp:term":[{"taxonomy":"product_brand","embeddable":true,"href":"https:\/\/beppy.com\/fr\/wp-json\/wp\/v2\/product_brand?post=116495"},{"taxonomy":"product_cat","embeddable":true,"href":"https:\/\/beppy.com\/fr\/wp-json\/wp\/v2\/product_cat?post=116495"},{"taxonomy":"product_tag","embeddable":true,"href":"https:\/\/beppy.com\/fr\/wp-json\/wp\/v2\/product_tag?post=116495"}],"curies":[{"name":"wp","href":"https:\/\/api.w.org\/{rel}","templated":true}]}}