{"id":116505,"date":"2022-02-14T12:27:01","date_gmt":"2022-02-14T11:27:01","guid":{"rendered":"https:\/\/beppy.com\/shop\/uncategorized\/culotte-menstruelle-beppy-pure-2-pieces\/"},"modified":"2025-12-22T14:59:31","modified_gmt":"2025-12-22T13:59:31","slug":"beppy-culotte-menstruelle-pure","status":"publish","type":"product","link":"https:\/\/beppy.com\/fr\/product\/beppy-culotte-menstruelle-pure\/","title":{"rendered":"Culotte menstruelle Beppy Pure 2 pi\u00e8ces"},"content":{"rendered":"<p>La culotte menstruelle Beppy Pure a \u00e9t\u00e9 soigneusement con\u00e7ue pour que vous vous sentiez \u00e0 l&rsquo;aise pendant vos r\u00e8gles. Avec un entrejambe extra absorbant qui peut contenir jusqu&rsquo;\u00e0 3 tampons de sang, notre sous-v\u00eatement menstruel offre une option respectueuse de l&rsquo;environnement par rapport aux tampons et serviettes jetables. Si vous avez besoin d&rsquo;une protection suppl\u00e9mentaire, vous pouvez combiner nos sous-v\u00eatements avec notre <a href=\"https:\/\/www.beppy.com\/product\/tampon-met-lacatagel-beppy-soft-comfort-tampons-wet\/\">tampon \u00e9ponge Beppy<\/a> ou notre<a href=\"https:\/\/www.beppy.com\/product\/de-meest-innovatieve-menstruatiecup-de-beppy-cup\/\"> coupe menstruelle Beppy<\/a>.  <\/p>\n<h2>Avantages de la serviette hygi\u00e9nique Beppy Pure<\/h2>\n<ul>\n<li>Durabilit\u00e9 : Nos sous-v\u00eatements menstruels peuvent durer de 3 \u00e0 5 ans, selon l&rsquo;utilisation, ce qui en fait un choix durable.<\/li>\n<li>Exempts de produits chimiques nocifs et de PFA : Nos sous-v\u00eatements menstruels sont sans danger pour vous et pour l&rsquo;environnement.<\/li>\n<li>Confortables et invisibles : Nos sous-v\u00eatements sont con\u00e7us pour le confort et la discr\u00e9tion pendant vos r\u00e8gles.<\/li>\n<li>En coton biologique : le slip est compos\u00e9 de 3 couches absorbantes et est fabriqu\u00e9 en coton biologique certifi\u00e9, ce qui le rend doux pour votre peau.<\/li>\n<\/ul>\n<h3>Composition<\/h3>\n<ul>\n<li>Couche sup\u00e9rieure du tissu : 100% coton biologique (certifi\u00e9 GOTS)<\/li>\n<li>Couche interm\u00e9diaire : 97% coton, 3% polyester<\/li>\n<li>Couche inf\u00e9rieure du tissu : membrane PUL 100% polyester<\/li>\n<\/ul>\n<h4>Utilisation et entretien<\/h4>\n<p><strong><span style=\"vertical-align: inherit;\">\u00c9tape 1 :<\/span><\/strong><span style=\"vertical-align: inherit;\"> Rincez vos sous-v\u00eatements menstruels usag\u00e9s \u00e0 l&rsquo;eau froide et au savon pour \u00e9liminer le sang. <\/span><br \/>\n<strong><span style=\"vertical-align: inherit;\">\u00c9tape 2 :<\/span><\/strong><span style=\"vertical-align: inherit;\"> Ensuite, lavez-le dans la machine \u00e0 laver \u00e0 30\u2103. <\/span><br \/>\n<strong><span style=\"vertical-align: inherit;\">\u00c9tape 3 :<\/span><\/strong><span style=\"vertical-align: inherit;\">  Laissez s\u00e9cher votre culotte menstruelle \u00e0 l&rsquo;air libre. Nous vous d\u00e9conseillons d&rsquo;utiliser un s\u00e8che-linge, qui pourrait alt\u00e9rer la qualit\u00e9 du tissu. <\/span><span style=\"vertical-align: inherit;\"> <\/span><\/p>\n<h5><span style=\"vertical-align: inherit;\"><span style=\"vertical-align: inherit;\"><span style=\"vertical-align: inherit;\"><span style=\"vertical-align: inherit;\"><span style=\"vertical-align: inherit;\"><span style=\"vertical-align: inherit;\"><span style=\"vertical-align: inherit;\"><span style=\"vertical-align: inherit;\"><span style=\"vertical-align: inherit;\"><span style=\"vertical-align: inherit;\"><span style=\"vertical-align: inherit;\"><span style=\"vertical-align: inherit;\"><span style=\"vertical-align: inherit;\"><span style=\"vertical-align: inherit;\"><span style=\"vertical-align: inherit;\"><span style=\"vertical-align: inherit;\"><span style=\"vertical-align: inherit;\"><span style=\"vertical-align: inherit;\">Les tailles<\/span><\/span><\/span><\/span><\/span><\/span><\/span><\/span><\/span><\/span><\/span><\/span><\/span><\/span><\/span><\/span><\/span><\/span><\/h5>\n<p><span style=\"vertical-align: inherit;\"><span style=\"vertical-align: inherit;\"><span style=\"vertical-align: inherit;\"><span style=\"vertical-align: inherit;\"><span style=\"vertical-align: inherit;\"><span style=\"vertical-align: inherit;\"><span style=\"vertical-align: inherit;\"><span style=\"vertical-align: inherit;\"><span style=\"vertical-align: inherit;\"><span style=\"vertical-align: inherit;\"><span style=\"vertical-align: inherit;\"><span style=\"vertical-align: inherit;\"><span style=\"vertical-align: inherit;\"><span style=\"vertical-align: inherit;\"><span style=\"vertical-align: inherit;\"><span style=\"vertical-align: inherit;\"><span style=\"vertical-align: inherit;\"><span style=\"vertical-align: inherit;\"><span style=\"vertical-align: inherit;\"><span style=\"vertical-align: inherit;\"><span style=\"vertical-align: inherit;\"><span style=\"vertical-align: inherit;\">Taille XS 34-36 \/ Extra Small  <\/span><\/span><\/span><\/span><\/span><\/span><\/span><\/span><\/span><\/span><\/span><\/span><\/span><\/span><\/span><\/span><\/span><\/span><\/span><\/span><\/span><\/span><br \/>\n<span style=\"vertical-align: inherit;\"><span style=\"vertical-align: inherit;\"><span style=\"vertical-align: inherit;\"><span style=\"vertical-align: inherit;\"><span style=\"vertical-align: inherit;\"><span style=\"vertical-align: inherit;\"><span style=\"vertical-align: inherit;\"><span style=\"vertical-align: inherit;\"><span style=\"vertical-align: inherit;\"><span style=\"vertical-align: inherit;\"><span style=\"vertical-align: inherit;\"><span style=\"vertical-align: inherit;\"><span style=\"vertical-align: inherit;\"><span style=\"vertical-align: inherit;\"><span style=\"vertical-align: inherit;\"><span style=\"vertical-align: inherit;\"><span style=\"vertical-align: inherit;\"><span style=\"vertical-align: inherit;\"><span style=\"vertical-align: inherit;\"><span style=\"vertical-align: inherit;\"><span style=\"vertical-align: inherit;\"><span style=\"vertical-align: inherit;\">Taille S 36-38 \/ Petit  <\/span><\/span><\/span><\/span><\/span><\/span><\/span><\/span><\/span><\/span><\/span><\/span><\/span><\/span><\/span><\/span><\/span><\/span><\/span><\/span><\/span><\/span><br \/>\n<span style=\"vertical-align: inherit;\"><span style=\"vertical-align: inherit;\"><span style=\"vertical-align: inherit;\"><span style=\"vertical-align: inherit;\"><span style=\"vertical-align: inherit;\"><span style=\"vertical-align: inherit;\"><span style=\"vertical-align: inherit;\"><span style=\"vertical-align: inherit;\"><span style=\"vertical-align: inherit;\"><span style=\"vertical-align: inherit;\"><span style=\"vertical-align: inherit;\"><span style=\"vertical-align: inherit;\"><span style=\"vertical-align: inherit;\"><span style=\"vertical-align: inherit;\"><span style=\"vertical-align: inherit;\"><span style=\"vertical-align: inherit;\"><span style=\"vertical-align: inherit;\"><span style=\"vertical-align: inherit;\"><span style=\"vertical-align: inherit;\"><span style=\"vertical-align: inherit;\"><span style=\"vertical-align: inherit;\"><span style=\"vertical-align: inherit;\">Taille M 38-40 \/ Moyen  <\/span><\/span><\/span><\/span><\/span><\/span><\/span><\/span><\/span><\/span><\/span><\/span><\/span><\/span><\/span><\/span><\/span><\/span><\/span><\/span><\/span><\/span><br \/>\n<span style=\"vertical-align: inherit;\"><span style=\"vertical-align: inherit;\"><span style=\"vertical-align: inherit;\"><span style=\"vertical-align: inherit;\"><span style=\"vertical-align: inherit;\"><span style=\"vertical-align: inherit;\"><span style=\"vertical-align: inherit;\"><span style=\"vertical-align: inherit;\"><span style=\"vertical-align: inherit;\"><span style=\"vertical-align: inherit;\"><span style=\"vertical-align: inherit;\"><span style=\"vertical-align: inherit;\"><span style=\"vertical-align: inherit;\"><span style=\"vertical-align: inherit;\"><span style=\"vertical-align: inherit;\"><span style=\"vertical-align: inherit;\"><span style=\"vertical-align: inherit;\"><span style=\"vertical-align: inherit;\"><span style=\"vertical-align: inherit;\"><span style=\"vertical-align: inherit;\"><span style=\"vertical-align: inherit;\"><span style=\"vertical-align: inherit;\">Taille L 42-44 \/ Large  <\/span><\/span><\/span><\/span><\/span><\/span><\/span><\/span><\/span><\/span><\/span><\/span><\/span><\/span><\/span><\/span><\/span><\/span><\/span><\/span><\/span><\/span><br \/>\n<span style=\"vertical-align: inherit;\"><span style=\"vertical-align: inherit;\"><span style=\"vertical-align: inherit;\"><span style=\"vertical-align: inherit;\"><span style=\"vertical-align: inherit;\"><span style=\"vertical-align: inherit;\"><span style=\"vertical-align: inherit;\"><span style=\"vertical-align: inherit;\"><span style=\"vertical-align: inherit;\"><span style=\"vertical-align: inherit;\"><span style=\"vertical-align: inherit;\"><span style=\"vertical-align: inherit;\"><span style=\"vertical-align: inherit;\"><span style=\"vertical-align: inherit;\"><span style=\"vertical-align: inherit;\"><span style=\"vertical-align: inherit;\"><span style=\"vertical-align: inherit;\"><span style=\"vertical-align: inherit;\"><span style=\"vertical-align: inherit;\"><span style=\"vertical-align: inherit;\"><span style=\"vertical-align: inherit;\"><span style=\"vertical-align: inherit;\">Taille XL 44-46 \/ Extra Large<\/span><\/span><\/span><\/span><\/span><\/span><\/span><\/span><\/span><\/span><\/span><\/span><\/span><\/span><\/span><\/span><\/span><\/span><\/span><\/span><\/span><\/span><\/p>\n","protected":false},"excerpt":{"rendered":"<p class=\"ai-optimize-21 ai-optimize-introduction\">La culotte menstruelle Beppy Pure a \u00e9t\u00e9 soigneusement con\u00e7ue pour que vous vous sentiez \u00e0 l&rsquo;aise pendant vos r\u00e8gles. Avec un entrejambe extra absorbant qui peut contenir jusqu&rsquo;\u00e0 3 tampons de sang. <\/p>\n","protected":false},"featured_media":117731,"comment_status":"open","ping_status":"closed","template":"","meta":{"_acf_changed":false},"product_brand":[],"product_cat":[191,190],"product_tag":[],"class_list":{"0":"post-116505","1":"product","2":"type-product","3":"status-publish","4":"has-post-thumbnail","6":"product_cat-sous-vetements-menstruels-beppy","7":"product_cat-tous-les-produits","9":"first","10":"instock","11":"taxable","12":"shipping-taxable","13":"purchasable","14":"product-type-variable"},"bundled_by":[],"bundle_stock_status":"instock","bundle_stock_quantity":null,"bundle_virtual":false,"bundle_layout":"","bundle_add_to_cart_form_location":"","bundle_editable_in_cart":false,"bundle_sold_individually_context":"","bundle_item_grouping":"","bundle_min_size":"","bundle_max_size":"","bundle_price":[],"bundled_items":[],"bundle_sell_ids":[],"acf":[],"yoast_head":"<!-- This site is optimized with the Yoast SEO Premium plugin v27.3 (Yoast SEO v27.3) - https:\/\/yoast.com\/product\/yoast-seo-premium-wordpress\/ -->\n<title>Beppy Pure Menstrual Briefs | Beppy.com<\/title>\n<meta name=\"description\" content=\"La serviette hygi\u00e9nique Beppy Pure est soigneusement con\u00e7ue pour que vous vous sentiez \u00e0 l&#039;aise pendant vos r\u00e8gles. Commandez vos produits Beppy sur notre boutique en ligne !\" \/>\n<meta name=\"robots\" content=\"index, follow, max-snippet:-1, max-image-preview:large, max-video-preview:-1\" \/>\n<link rel=\"canonical\" href=\"https:\/\/beppy.com\/fr\/product\/beppy-culotte-menstruelle-pure\/\" \/>\n<meta property=\"og:locale\" content=\"fr_FR\" \/>\n<meta property=\"og:type\" content=\"article\" \/>\n<meta property=\"og:title\" content=\"Culotte menstruelle Beppy Pure 2 pi\u00e8ces\" \/>\n<meta property=\"og:description\" content=\"La serviette hygi\u00e9nique Beppy Pure est soigneusement con\u00e7ue pour que vous vous sentiez \u00e0 l&#039;aise pendant vos r\u00e8gles. Commandez vos produits Beppy sur notre boutique en ligne !\" \/>\n<meta property=\"og:url\" content=\"https:\/\/beppy.com\/fr\/product\/beppy-culotte-menstruelle-pure\/\" \/>\n<meta property=\"og:site_name\" content=\"Beppy\" \/>\n<meta property=\"article:modified_time\" content=\"2025-12-22T13:59:31+00:00\" \/>\n<meta property=\"og:image\" content=\"https:\/\/beppy.com\/wp-content\/uploads\/2022\/02\/Beppy-Pure-Menstruatieslip.webp\" \/>\n\t<meta property=\"og:image:width\" content=\"2400\" \/>\n\t<meta property=\"og:image:height\" content=\"2400\" \/>\n\t<meta property=\"og:image:type\" content=\"image\/webp\" \/>\n<meta name=\"twitter:card\" content=\"summary_large_image\" \/>\n<meta name=\"twitter:label1\" content=\"Disponibilit\u00e9\" \/>\n\t<meta name=\"twitter:data1\" content=\"En stock\" \/>\n<script type=\"application\/ld+json\" class=\"yoast-schema-graph\">{\"@context\":\"https:\\\/\\\/schema.org\",\"@graph\":[{\"@type\":\"WebPage\",\"@id\":\"https:\\\/\\\/beppy.com\\\/fr\\\/product\\\/beppy-culotte-menstruelle-pure\\\/\",\"url\":\"https:\\\/\\\/beppy.com\\\/fr\\\/product\\\/beppy-culotte-menstruelle-pure\\\/\",\"name\":\"Beppy Pure Menstrual Briefs | Beppy.com\",\"isPartOf\":{\"@id\":\"https:\\\/\\\/beppy.com\\\/fr\\\/#website\"},\"primaryImageOfPage\":{\"@id\":\"https:\\\/\\\/beppy.com\\\/fr\\\/product\\\/beppy-culotte-menstruelle-pure\\\/#primaryimage\"},\"image\":{\"@id\":\"https:\\\/\\\/beppy.com\\\/fr\\\/product\\\/beppy-culotte-menstruelle-pure\\\/#primaryimage\"},\"thumbnailUrl\":\"https:\\\/\\\/beppy.com\\\/wp-content\\\/uploads\\\/2022\\\/02\\\/Beppy-Pure-Menstruatieslip.webp\",\"datePublished\":\"2022-02-14T11:27:01+00:00\",\"dateModified\":\"2025-12-22T13:59:31+00:00\",\"description\":\"La serviette hygi\u00e9nique Beppy Pure est soigneusement con\u00e7ue pour que vous vous sentiez \u00e0 l'aise pendant vos r\u00e8gles. Commandez vos produits Beppy sur notre boutique en ligne !\",\"breadcrumb\":{\"@id\":\"https:\\\/\\\/beppy.com\\\/fr\\\/product\\\/beppy-culotte-menstruelle-pure\\\/#breadcrumb\"},\"inLanguage\":\"fr-FR\",\"potentialAction\":[{\"@type\":\"ReadAction\",\"target\":[\"https:\\\/\\\/beppy.com\\\/fr\\\/product\\\/beppy-culotte-menstruelle-pure\\\/\"]}]},{\"@type\":\"ImageObject\",\"inLanguage\":\"fr-FR\",\"@id\":\"https:\\\/\\\/beppy.com\\\/fr\\\/product\\\/beppy-culotte-menstruelle-pure\\\/#primaryimage\",\"url\":\"https:\\\/\\\/beppy.com\\\/wp-content\\\/uploads\\\/2022\\\/02\\\/Beppy-Pure-Menstruatieslip.webp\",\"contentUrl\":\"https:\\\/\\\/beppy.com\\\/wp-content\\\/uploads\\\/2022\\\/02\\\/Beppy-Pure-Menstruatieslip.webp\",\"width\":2400,\"height\":2400,\"caption\":\"Beppy Pure Menstruatieslip\"},{\"@type\":\"BreadcrumbList\",\"@id\":\"https:\\\/\\\/beppy.com\\\/fr\\\/product\\\/beppy-culotte-menstruelle-pure\\\/#breadcrumb\",\"itemListElement\":[{\"@type\":\"ListItem\",\"position\":1,\"name\":\"Accueil\",\"item\":\"https:\\\/\\\/beppy.com\\\/fr\\\/\"},{\"@type\":\"ListItem\",\"position\":2,\"name\":\"Produits\",\"item\":\"https:\\\/\\\/beppy.com\\\/fr\\\/shop\\\/\"},{\"@type\":\"ListItem\",\"position\":3,\"name\":\"Culotte menstruelle Beppy Pure 2 pi\u00e8ces\"}]},{\"@type\":\"WebSite\",\"@id\":\"https:\\\/\\\/beppy.com\\\/fr\\\/#website\",\"url\":\"https:\\\/\\\/beppy.com\\\/fr\\\/\",\"name\":\"Beppy\",\"description\":\"Menstruatiecups, soft tampons en ondergoed\",\"publisher\":{\"@id\":\"https:\\\/\\\/beppy.com\\\/fr\\\/#organization\"},\"potentialAction\":[{\"@type\":\"SearchAction\",\"target\":{\"@type\":\"EntryPoint\",\"urlTemplate\":\"https:\\\/\\\/beppy.com\\\/fr\\\/?s={search_term_string}\"},\"query-input\":{\"@type\":\"PropertyValueSpecification\",\"valueRequired\":true,\"valueName\":\"search_term_string\"}}],\"inLanguage\":\"fr-FR\"},{\"@type\":\"Organization\",\"@id\":\"https:\\\/\\\/beppy.com\\\/fr\\\/#organization\",\"name\":\"Beppy\",\"url\":\"https:\\\/\\\/beppy.com\\\/fr\\\/\",\"logo\":{\"@type\":\"ImageObject\",\"inLanguage\":\"fr-FR\",\"@id\":\"https:\\\/\\\/beppy.com\\\/fr\\\/#\\\/schema\\\/logo\\\/image\\\/\",\"url\":\"https:\\\/\\\/beppy.com\\\/wp-content\\\/uploads\\\/2024\\\/12\\\/cropped-Beppy_logo.png\",\"contentUrl\":\"https:\\\/\\\/beppy.com\\\/wp-content\\\/uploads\\\/2024\\\/12\\\/cropped-Beppy_logo.png\",\"width\":241,\"height\":84,\"caption\":\"Beppy\"},\"image\":{\"@id\":\"https:\\\/\\\/beppy.com\\\/fr\\\/#\\\/schema\\\/logo\\\/image\\\/\"}}]}<\/script>\n<meta property=\"og:availability\" content=\"instock\" \/>\n<meta property=\"product:availability\" content=\"instock\" \/>\n<meta property=\"product:condition\" content=\"new\" \/>\n<!-- \/ Yoast SEO Premium plugin. -->","yoast_head_json":{"title":"Beppy Pure Menstrual Briefs | Beppy.com","description":"La serviette hygi\u00e9nique Beppy Pure est soigneusement con\u00e7ue pour que vous vous sentiez \u00e0 l'aise pendant vos r\u00e8gles. Commandez vos produits Beppy sur notre boutique en ligne !","robots":{"index":"index","follow":"follow","max-snippet":"max-snippet:-1","max-image-preview":"max-image-preview:large","max-video-preview":"max-video-preview:-1"},"canonical":"https:\/\/beppy.com\/fr\/product\/beppy-culotte-menstruelle-pure\/","og_locale":"fr_FR","og_type":"article","og_title":"Culotte menstruelle Beppy Pure 2 pi\u00e8ces","og_description":"La serviette hygi\u00e9nique Beppy Pure est soigneusement con\u00e7ue pour que vous vous sentiez \u00e0 l'aise pendant vos r\u00e8gles. Commandez vos produits Beppy sur notre boutique en ligne !","og_url":"https:\/\/beppy.com\/fr\/product\/beppy-culotte-menstruelle-pure\/","og_site_name":"Beppy","article_modified_time":"2025-12-22T13:59:31+00:00","og_image":[{"width":2400,"height":2400,"url":"https:\/\/beppy.com\/wp-content\/uploads\/2022\/02\/Beppy-Pure-Menstruatieslip.webp","type":"image\/webp"}],"twitter_card":"summary_large_image","twitter_misc":{"Disponibilit\u00e9":"En stock"},"schema":{"@context":"https:\/\/schema.org","@graph":[{"@type":"WebPage","@id":"https:\/\/beppy.com\/fr\/product\/beppy-culotte-menstruelle-pure\/","url":"https:\/\/beppy.com\/fr\/product\/beppy-culotte-menstruelle-pure\/","name":"Beppy Pure Menstrual Briefs | Beppy.com","isPartOf":{"@id":"https:\/\/beppy.com\/fr\/#website"},"primaryImageOfPage":{"@id":"https:\/\/beppy.com\/fr\/product\/beppy-culotte-menstruelle-pure\/#primaryimage"},"image":{"@id":"https:\/\/beppy.com\/fr\/product\/beppy-culotte-menstruelle-pure\/#primaryimage"},"thumbnailUrl":"https:\/\/beppy.com\/wp-content\/uploads\/2022\/02\/Beppy-Pure-Menstruatieslip.webp","datePublished":"2022-02-14T11:27:01+00:00","dateModified":"2025-12-22T13:59:31+00:00","description":"La serviette hygi\u00e9nique Beppy Pure est soigneusement con\u00e7ue pour que vous vous sentiez \u00e0 l'aise pendant vos r\u00e8gles. Commandez vos produits Beppy sur notre boutique en ligne !","breadcrumb":{"@id":"https:\/\/beppy.com\/fr\/product\/beppy-culotte-menstruelle-pure\/#breadcrumb"},"inLanguage":"fr-FR","potentialAction":[{"@type":"ReadAction","target":["https:\/\/beppy.com\/fr\/product\/beppy-culotte-menstruelle-pure\/"]}]},{"@type":"ImageObject","inLanguage":"fr-FR","@id":"https:\/\/beppy.com\/fr\/product\/beppy-culotte-menstruelle-pure\/#primaryimage","url":"https:\/\/beppy.com\/wp-content\/uploads\/2022\/02\/Beppy-Pure-Menstruatieslip.webp","contentUrl":"https:\/\/beppy.com\/wp-content\/uploads\/2022\/02\/Beppy-Pure-Menstruatieslip.webp","width":2400,"height":2400,"caption":"Beppy Pure Menstruatieslip"},{"@type":"BreadcrumbList","@id":"https:\/\/beppy.com\/fr\/product\/beppy-culotte-menstruelle-pure\/#breadcrumb","itemListElement":[{"@type":"ListItem","position":1,"name":"Accueil","item":"https:\/\/beppy.com\/fr\/"},{"@type":"ListItem","position":2,"name":"Produits","item":"https:\/\/beppy.com\/fr\/shop\/"},{"@type":"ListItem","position":3,"name":"Culotte menstruelle Beppy Pure 2 pi\u00e8ces"}]},{"@type":"WebSite","@id":"https:\/\/beppy.com\/fr\/#website","url":"https:\/\/beppy.com\/fr\/","name":"Beppy","description":"Menstruatiecups, soft tampons en ondergoed","publisher":{"@id":"https:\/\/beppy.com\/fr\/#organization"},"potentialAction":[{"@type":"SearchAction","target":{"@type":"EntryPoint","urlTemplate":"https:\/\/beppy.com\/fr\/?s={search_term_string}"},"query-input":{"@type":"PropertyValueSpecification","valueRequired":true,"valueName":"search_term_string"}}],"inLanguage":"fr-FR"},{"@type":"Organization","@id":"https:\/\/beppy.com\/fr\/#organization","name":"Beppy","url":"https:\/\/beppy.com\/fr\/","logo":{"@type":"ImageObject","inLanguage":"fr-FR","@id":"https:\/\/beppy.com\/fr\/#\/schema\/logo\/image\/","url":"https:\/\/beppy.com\/wp-content\/uploads\/2024\/12\/cropped-Beppy_logo.png","contentUrl":"https:\/\/beppy.com\/wp-content\/uploads\/2024\/12\/cropped-Beppy_logo.png","width":241,"height":84,"caption":"Beppy"},"image":{"@id":"https:\/\/beppy.com\/fr\/#\/schema\/logo\/image\/"}}]},"og_availability":"instock","product_availability":"instock","product_condition":"new"},"_links":{"self":[{"href":"https:\/\/beppy.com\/fr\/wp-json\/wp\/v2\/product\/116505","targetHints":{"allow":["GET"]}}],"collection":[{"href":"https:\/\/beppy.com\/fr\/wp-json\/wp\/v2\/product"}],"about":[{"href":"https:\/\/beppy.com\/fr\/wp-json\/wp\/v2\/types\/product"}],"replies":[{"embeddable":true,"href":"https:\/\/beppy.com\/fr\/wp-json\/wp\/v2\/comments?post=116505"}],"wp:featuredmedia":[{"embeddable":true,"href":"https:\/\/beppy.com\/fr\/wp-json\/wp\/v2\/media\/117731"}],"wp:attachment":[{"href":"https:\/\/beppy.com\/fr\/wp-json\/wp\/v2\/media?parent=116505"}],"wp:term":[{"taxonomy":"product_brand","embeddable":true,"href":"https:\/\/beppy.com\/fr\/wp-json\/wp\/v2\/product_brand?post=116505"},{"taxonomy":"product_cat","embeddable":true,"href":"https:\/\/beppy.com\/fr\/wp-json\/wp\/v2\/product_cat?post=116505"},{"taxonomy":"product_tag","embeddable":true,"href":"https:\/\/beppy.com\/fr\/wp-json\/wp\/v2\/product_tag?post=116505"}],"curies":[{"name":"wp","href":"https:\/\/api.w.org\/{rel}","templated":true}]}}