{"id":116511,"date":"2021-11-03T16:00:16","date_gmt":"2021-11-03T15:00:16","guid":{"rendered":"https:\/\/beppy.com\/shop\/uncategorized\/beppy-comfort-gel-a-base-deau\/"},"modified":"2025-12-03T23:14:29","modified_gmt":"2025-12-03T22:14:29","slug":"beppy-comfort-gel-a-base-deau","status":"publish","type":"product","link":"https:\/\/beppy.com\/fr\/product\/beppy-comfort-gel-a-base-deau\/","title":{"rendered":"Beppy Comfort Gel \u00e0 base d&rsquo;eau"},"content":{"rendered":"<p>Vous avez des difficult\u00e9s \u00e0 ins\u00e9rer votre <a href=\"https:\/\/www.beppy.com\/product-category\/beppy-menstruatiecup\/\">coupe Beppy<\/a> ou votre <a href=\"https:\/\/www.beppy.com\/product-category\/beppy-tampons\/\">tampon Beppy<\/a>? Voici le gel confort Beppy, un lubrifiant \u00e0 base d&rsquo;eau sp\u00e9cialement formul\u00e9 pour faciliter l&rsquo;insertion des coupes menstruelles et des tampons sans effort et en tout confort. Gr\u00e2ce \u00e0 sa formule unique, votre coupe menstruelle ou votre tampon se met en place sans effort. Pas de douleur, pas d&rsquo;irritation - juste un confort ultime et une facilit\u00e9 d&rsquo;utilisation !   <\/p>\n<h2>Pourquoi le gel Beppy Comfort fait-il la diff\u00e9rence ?<\/h2>\n<p>La formule unique du gel Beppy Comfort Gel procure une douceur soyeuse qui r\u00e9duit les frottements et rend l&rsquo;insertion des coupes menstruelles et des tampons Beppy plus facile et plus agr\u00e9able.<\/p>\n<p>Contrairement \u00e0 de nombreux autres lubrifiants, le gel confort de Beppy est enti\u00e8rement soluble dans l&rsquo;eau. Il ne laisse donc aucun r\u00e9sidu collant et se rince facilement. Gr\u00e2ce \u00e0 sa composition au pH neutre, l&rsquo;\u00e9quilibre naturel de votre corps est respect\u00e9, de sorte que les irritations et l&rsquo;inconfort appartiennent au pass\u00e9. Ce lubrifiant est \u00e9galement parfait pour les moments intimes et peut \u00eatre utilis\u00e9 avec des pr\u00e9servatifs et des jouets en silicone. Avec Comfort Gel, vous n&rsquo;aurez plus jamais \u00e0 souffrir d&rsquo;inconfort ou de s\u00e9cheresse pendant ou apr\u00e8s vos r\u00e8gles.    <\/p>\n<p>Faites l&rsquo;exp\u00e9rience de la diff\u00e9rence avec Beppy Comfort Gel et d\u00e9couvrez par vous-m\u00eame comment il rend votre routine quotidienne plus facile et plus agr\u00e9able. Choisissez le confort, choisissez Beppy ! <\/p>\n<p>Notre lubrifiant innovant \u00e0 base d&rsquo;eau offre plusieurs avantages. Les principaux avantages de notre Beppy Comfort Gel en un coup d&rsquo;\u0153il : <\/p>\n<ul>\n<li><strong>Lubrifiant \u00e0 base d&rsquo;eau : <\/strong>peut \u00eatre utilis\u00e9 en toute s\u00e9curit\u00e9 avec les pr\u00e9servatifs, les jouets, les coupes menstruelles et les tampons Beppy sans ficelle. Le gel se rince facilement \u00e0 l&rsquo;eau et ne laisse aucun r\u00e9sidu collant ou gras, ce qui garantit une sensation de fra\u00eecheur et de propret\u00e9 apr\u00e8s utilisation. <\/li>\n<li><strong>Incolore, inodore et sans go\u00fbt : l <\/strong>&rsquo;utilisation du gel Beppy Comfort est totalement discr\u00e8te. Sans odeurs, couleurs ou saveurs g\u00eanantes, vous pouvez profiter de moments intimes en toute qui\u00e9tude ou supporter confortablement l&rsquo;utilisation de coupes menstruelles et de tampons. <\/li>\n<li><strong>Douceur durable : <\/strong>gr\u00e2ce \u00e0 sa texture soyeuse, le gel offre une exp\u00e9rience durable et douce. Il pr\u00e9vient l&rsquo;inconfort ou l&rsquo;irritation lors de l&rsquo;insertion des coupes menstruelles ou des tampons et augmente le confort pendant les moments intimes. <\/li>\n<li><strong>Convient aux peaux sensibles : <\/strong>la formule au pH neutre respecte l&rsquo;\u00e9quilibre naturel de votre corps et contribue \u00e0 r\u00e9duire les irritations. Ce produit est donc id\u00e9al pour les personnes \u00e0 la peau sensible ou sujettes \u00e0 l&rsquo;inconfort. <\/li>\n<li><strong>Disponible en deux formats : <\/strong>Choisissez entre un conditionnement pratique de 100 ml pour les d\u00e9placements et un flacon plus grand de 250 ml pour un usage r\u00e9gulier. Vous avez ainsi toujours \u00e0 port\u00e9e de main la taille adapt\u00e9e \u00e0 vos besoins. <\/li>\n<\/ul>\n<p>Commandez d\u00e8s aujourd&rsquo;hui le gel Beppy Comfort Gel et d\u00e9couvrez ses avantages par vous-m\u00eame. Vous avez encore des questions sur nos produits ? N&rsquo;h\u00e9sitez pas \u00e0 nous <a href=\"https:\/\/www.beppy.com\/contact\/\">contacter<\/a>!  <\/p>\n","protected":false},"excerpt":{"rendered":"<p>La formule unique du gel Beppy Comfort Gel procure une douceur soyeuse qui r\u00e9duit les frottements et rend l&rsquo;insertion des coupes menstruelles et des tampons Beppy plus facile et plus agr\u00e9able.<\/p>\n","protected":false},"featured_media":117666,"comment_status":"open","ping_status":"closed","template":"","meta":{"_acf_changed":false},"product_brand":[],"product_cat":[195,190],"product_tag":[364],"class_list":{"0":"post-116511","1":"product","2":"type-product","3":"status-publish","4":"has-post-thumbnail","6":"product_cat-soins-de-la-peau-beppy","7":"product_cat-tous-les-produits","8":"product_tag-gel-fr","10":"first","11":"instock","12":"taxable","13":"shipping-taxable","14":"purchasable","15":"product-type-variable","16":"has-default-attributes"},"bundled_by":["117177","117115"],"bundle_stock_status":"instock","bundle_stock_quantity":null,"bundle_virtual":false,"bundle_layout":"","bundle_add_to_cart_form_location":"","bundle_editable_in_cart":false,"bundle_sold_individually_context":"","bundle_item_grouping":"","bundle_min_size":"","bundle_max_size":"","bundle_price":[],"bundled_items":[],"bundle_sell_ids":[],"acf":[],"yoast_head":"<!-- This site is optimized with the Yoast SEO Premium plugin v27.3 (Yoast SEO v27.3) - https:\/\/yoast.com\/product\/yoast-seo-premium-wordpress\/ -->\n<title>Gel de confort Beppy \u00e0 base d&#039;eau | Beppy.com<\/title>\n<meta name=\"description\" content=\"Vous avez des difficult\u00e9s \u00e0 ins\u00e9rer votre Beppy Cup ou votre tampon Beppy ? Voici la base aqueuse Beppy Comfort Gel. Achetez maintenant !\" \/>\n<meta name=\"robots\" content=\"index, follow, max-snippet:-1, max-image-preview:large, max-video-preview:-1\" \/>\n<link rel=\"canonical\" href=\"https:\/\/beppy.com\/fr\/product\/beppy-comfort-gel-a-base-deau\/\" \/>\n<meta property=\"og:locale\" content=\"fr_FR\" \/>\n<meta property=\"og:type\" content=\"article\" \/>\n<meta property=\"og:title\" content=\"Beppy Comfort Gel \u00e0 base d&#039;eau\" \/>\n<meta property=\"og:description\" content=\"Vous avez des difficult\u00e9s \u00e0 ins\u00e9rer votre Beppy Cup ou votre tampon Beppy ? D\u00e9couvrez le gel confort Beppy, un lubrifiant sp\u00e9cial \u00e0 base d&#039;eau. Achetez maintenant !\" \/>\n<meta property=\"og:url\" content=\"https:\/\/beppy.com\/fr\/product\/beppy-comfort-gel-a-base-deau\/\" \/>\n<meta property=\"og:site_name\" content=\"Beppy\" \/>\n<meta property=\"article:modified_time\" content=\"2025-12-03T22:14:29+00:00\" \/>\n<meta property=\"og:image\" content=\"https:\/\/beppy.com\/wp-content\/uploads\/2021\/10\/gellubricantbeppy-1024x1015.png\" \/>\n<meta name=\"twitter:card\" content=\"summary_large_image\" \/>\n<meta name=\"twitter:title\" content=\"Beppy Comfort Gel \u00e0 base d&#039;eau\" \/>\n<meta name=\"twitter:description\" content=\"Vous avez des difficult\u00e9s \u00e0 ins\u00e9rer votre Beppy Cup ou votre tampon Beppy ? D\u00e9couvrez le gel confort Beppy, un lubrifiant sp\u00e9cial \u00e0 base d&#039;eau. Achetez maintenant !\" \/>\n<meta name=\"twitter:image\" content=\"https:\/\/beppy.com\/wp-content\/uploads\/2021\/10\/gellubricantbeppy-1024x1015.png\" \/>\n<meta name=\"twitter:label1\" content=\"Disponibilit\u00e9\" \/>\n\t<meta name=\"twitter:data1\" content=\"En stock\" \/>\n<script type=\"application\/ld+json\" class=\"yoast-schema-graph\">{\"@context\":\"https:\\\/\\\/schema.org\",\"@graph\":[{\"@type\":\"WebPage\",\"@id\":\"https:\\\/\\\/beppy.com\\\/fr\\\/product\\\/beppy-comfort-gel-a-base-deau\\\/\",\"url\":\"https:\\\/\\\/beppy.com\\\/fr\\\/product\\\/beppy-comfort-gel-a-base-deau\\\/\",\"name\":\"Gel de confort Beppy \u00e0 base d'eau | Beppy.com\",\"isPartOf\":{\"@id\":\"https:\\\/\\\/beppy.com\\\/fr\\\/#website\"},\"primaryImageOfPage\":{\"@id\":\"https:\\\/\\\/beppy.com\\\/fr\\\/product\\\/beppy-comfort-gel-a-base-deau\\\/#primaryimage\"},\"image\":{\"@id\":\"https:\\\/\\\/beppy.com\\\/fr\\\/product\\\/beppy-comfort-gel-a-base-deau\\\/#primaryimage\"},\"thumbnailUrl\":\"https:\\\/\\\/beppy.com\\\/wp-content\\\/uploads\\\/2021\\\/11\\\/Beppy-Comfort-Gel-waterbasis.webp\",\"datePublished\":\"2021-11-03T15:00:16+00:00\",\"dateModified\":\"2025-12-03T22:14:29+00:00\",\"description\":\"Vous avez des difficult\u00e9s \u00e0 ins\u00e9rer votre Beppy Cup ou votre tampon Beppy ? Voici la base aqueuse Beppy Comfort Gel. Achetez maintenant !\",\"breadcrumb\":{\"@id\":\"https:\\\/\\\/beppy.com\\\/fr\\\/product\\\/beppy-comfort-gel-a-base-deau\\\/#breadcrumb\"},\"inLanguage\":\"fr-FR\",\"potentialAction\":[{\"@type\":\"ReadAction\",\"target\":[\"https:\\\/\\\/beppy.com\\\/fr\\\/product\\\/beppy-comfort-gel-a-base-deau\\\/\"]}]},{\"@type\":\"ImageObject\",\"inLanguage\":\"fr-FR\",\"@id\":\"https:\\\/\\\/beppy.com\\\/fr\\\/product\\\/beppy-comfort-gel-a-base-deau\\\/#primaryimage\",\"url\":\"https:\\\/\\\/beppy.com\\\/wp-content\\\/uploads\\\/2021\\\/11\\\/Beppy-Comfort-Gel-waterbasis.webp\",\"contentUrl\":\"https:\\\/\\\/beppy.com\\\/wp-content\\\/uploads\\\/2021\\\/11\\\/Beppy-Comfort-Gel-waterbasis.webp\",\"width\":2400,\"height\":2400,\"caption\":\"Beppy Comfort Gel \u00e0 base d'eau\"},{\"@type\":\"BreadcrumbList\",\"@id\":\"https:\\\/\\\/beppy.com\\\/fr\\\/product\\\/beppy-comfort-gel-a-base-deau\\\/#breadcrumb\",\"itemListElement\":[{\"@type\":\"ListItem\",\"position\":1,\"name\":\"Accueil\",\"item\":\"https:\\\/\\\/beppy.com\\\/fr\\\/\"},{\"@type\":\"ListItem\",\"position\":2,\"name\":\"Produits\",\"item\":\"https:\\\/\\\/beppy.com\\\/fr\\\/shop\\\/\"},{\"@type\":\"ListItem\",\"position\":3,\"name\":\"Beppy Comfort Gel \u00e0 base d&rsquo;eau\"}]},{\"@type\":\"WebSite\",\"@id\":\"https:\\\/\\\/beppy.com\\\/fr\\\/#website\",\"url\":\"https:\\\/\\\/beppy.com\\\/fr\\\/\",\"name\":\"Beppy\",\"description\":\"Menstruatiecups, soft tampons en ondergoed\",\"publisher\":{\"@id\":\"https:\\\/\\\/beppy.com\\\/fr\\\/#organization\"},\"potentialAction\":[{\"@type\":\"SearchAction\",\"target\":{\"@type\":\"EntryPoint\",\"urlTemplate\":\"https:\\\/\\\/beppy.com\\\/fr\\\/?s={search_term_string}\"},\"query-input\":{\"@type\":\"PropertyValueSpecification\",\"valueRequired\":true,\"valueName\":\"search_term_string\"}}],\"inLanguage\":\"fr-FR\"},{\"@type\":\"Organization\",\"@id\":\"https:\\\/\\\/beppy.com\\\/fr\\\/#organization\",\"name\":\"Beppy\",\"url\":\"https:\\\/\\\/beppy.com\\\/fr\\\/\",\"logo\":{\"@type\":\"ImageObject\",\"inLanguage\":\"fr-FR\",\"@id\":\"https:\\\/\\\/beppy.com\\\/fr\\\/#\\\/schema\\\/logo\\\/image\\\/\",\"url\":\"https:\\\/\\\/beppy.com\\\/wp-content\\\/uploads\\\/2024\\\/12\\\/cropped-Beppy_logo.png\",\"contentUrl\":\"https:\\\/\\\/beppy.com\\\/wp-content\\\/uploads\\\/2024\\\/12\\\/cropped-Beppy_logo.png\",\"width\":241,\"height\":84,\"caption\":\"Beppy\"},\"image\":{\"@id\":\"https:\\\/\\\/beppy.com\\\/fr\\\/#\\\/schema\\\/logo\\\/image\\\/\"}}]}<\/script>\n<meta property=\"og:availability\" content=\"instock\" \/>\n<meta property=\"product:availability\" content=\"instock\" \/>\n<meta property=\"product:condition\" content=\"new\" \/>\n<!-- \/ Yoast SEO Premium plugin. -->","yoast_head_json":{"title":"Gel de confort Beppy \u00e0 base d'eau | Beppy.com","description":"Vous avez des difficult\u00e9s \u00e0 ins\u00e9rer votre Beppy Cup ou votre tampon Beppy ? Voici la base aqueuse Beppy Comfort Gel. Achetez maintenant !","robots":{"index":"index","follow":"follow","max-snippet":"max-snippet:-1","max-image-preview":"max-image-preview:large","max-video-preview":"max-video-preview:-1"},"canonical":"https:\/\/beppy.com\/fr\/product\/beppy-comfort-gel-a-base-deau\/","og_locale":"fr_FR","og_type":"article","og_title":"Beppy Comfort Gel \u00e0 base d'eau","og_description":"Vous avez des difficult\u00e9s \u00e0 ins\u00e9rer votre Beppy Cup ou votre tampon Beppy ? D\u00e9couvrez le gel confort Beppy, un lubrifiant sp\u00e9cial \u00e0 base d'eau. Achetez maintenant !","og_url":"https:\/\/beppy.com\/fr\/product\/beppy-comfort-gel-a-base-deau\/","og_site_name":"Beppy","article_modified_time":"2025-12-03T22:14:29+00:00","og_image":[{"url":"https:\/\/beppy.com\/wp-content\/uploads\/2021\/10\/gellubricantbeppy-1024x1015.png","type":"","width":"","height":""}],"twitter_card":"summary_large_image","twitter_title":"Beppy Comfort Gel \u00e0 base d'eau","twitter_description":"Vous avez des difficult\u00e9s \u00e0 ins\u00e9rer votre Beppy Cup ou votre tampon Beppy ? D\u00e9couvrez le gel confort Beppy, un lubrifiant sp\u00e9cial \u00e0 base d'eau. Achetez maintenant !","twitter_image":"https:\/\/beppy.com\/wp-content\/uploads\/2021\/10\/gellubricantbeppy-1024x1015.png","twitter_misc":{"Disponibilit\u00e9":"En stock"},"schema":{"@context":"https:\/\/schema.org","@graph":[{"@type":"WebPage","@id":"https:\/\/beppy.com\/fr\/product\/beppy-comfort-gel-a-base-deau\/","url":"https:\/\/beppy.com\/fr\/product\/beppy-comfort-gel-a-base-deau\/","name":"Gel de confort Beppy \u00e0 base d'eau | Beppy.com","isPartOf":{"@id":"https:\/\/beppy.com\/fr\/#website"},"primaryImageOfPage":{"@id":"https:\/\/beppy.com\/fr\/product\/beppy-comfort-gel-a-base-deau\/#primaryimage"},"image":{"@id":"https:\/\/beppy.com\/fr\/product\/beppy-comfort-gel-a-base-deau\/#primaryimage"},"thumbnailUrl":"https:\/\/beppy.com\/wp-content\/uploads\/2021\/11\/Beppy-Comfort-Gel-waterbasis.webp","datePublished":"2021-11-03T15:00:16+00:00","dateModified":"2025-12-03T22:14:29+00:00","description":"Vous avez des difficult\u00e9s \u00e0 ins\u00e9rer votre Beppy Cup ou votre tampon Beppy ? Voici la base aqueuse Beppy Comfort Gel. Achetez maintenant !","breadcrumb":{"@id":"https:\/\/beppy.com\/fr\/product\/beppy-comfort-gel-a-base-deau\/#breadcrumb"},"inLanguage":"fr-FR","potentialAction":[{"@type":"ReadAction","target":["https:\/\/beppy.com\/fr\/product\/beppy-comfort-gel-a-base-deau\/"]}]},{"@type":"ImageObject","inLanguage":"fr-FR","@id":"https:\/\/beppy.com\/fr\/product\/beppy-comfort-gel-a-base-deau\/#primaryimage","url":"https:\/\/beppy.com\/wp-content\/uploads\/2021\/11\/Beppy-Comfort-Gel-waterbasis.webp","contentUrl":"https:\/\/beppy.com\/wp-content\/uploads\/2021\/11\/Beppy-Comfort-Gel-waterbasis.webp","width":2400,"height":2400,"caption":"Beppy Comfort Gel \u00e0 base d'eau"},{"@type":"BreadcrumbList","@id":"https:\/\/beppy.com\/fr\/product\/beppy-comfort-gel-a-base-deau\/#breadcrumb","itemListElement":[{"@type":"ListItem","position":1,"name":"Accueil","item":"https:\/\/beppy.com\/fr\/"},{"@type":"ListItem","position":2,"name":"Produits","item":"https:\/\/beppy.com\/fr\/shop\/"},{"@type":"ListItem","position":3,"name":"Beppy Comfort Gel \u00e0 base d&rsquo;eau"}]},{"@type":"WebSite","@id":"https:\/\/beppy.com\/fr\/#website","url":"https:\/\/beppy.com\/fr\/","name":"Beppy","description":"Menstruatiecups, soft tampons en ondergoed","publisher":{"@id":"https:\/\/beppy.com\/fr\/#organization"},"potentialAction":[{"@type":"SearchAction","target":{"@type":"EntryPoint","urlTemplate":"https:\/\/beppy.com\/fr\/?s={search_term_string}"},"query-input":{"@type":"PropertyValueSpecification","valueRequired":true,"valueName":"search_term_string"}}],"inLanguage":"fr-FR"},{"@type":"Organization","@id":"https:\/\/beppy.com\/fr\/#organization","name":"Beppy","url":"https:\/\/beppy.com\/fr\/","logo":{"@type":"ImageObject","inLanguage":"fr-FR","@id":"https:\/\/beppy.com\/fr\/#\/schema\/logo\/image\/","url":"https:\/\/beppy.com\/wp-content\/uploads\/2024\/12\/cropped-Beppy_logo.png","contentUrl":"https:\/\/beppy.com\/wp-content\/uploads\/2024\/12\/cropped-Beppy_logo.png","width":241,"height":84,"caption":"Beppy"},"image":{"@id":"https:\/\/beppy.com\/fr\/#\/schema\/logo\/image\/"}}]},"og_availability":"instock","product_availability":"instock","product_condition":"new"},"_links":{"self":[{"href":"https:\/\/beppy.com\/fr\/wp-json\/wp\/v2\/product\/116511","targetHints":{"allow":["GET"]}}],"collection":[{"href":"https:\/\/beppy.com\/fr\/wp-json\/wp\/v2\/product"}],"about":[{"href":"https:\/\/beppy.com\/fr\/wp-json\/wp\/v2\/types\/product"}],"replies":[{"embeddable":true,"href":"https:\/\/beppy.com\/fr\/wp-json\/wp\/v2\/comments?post=116511"}],"wp:featuredmedia":[{"embeddable":true,"href":"https:\/\/beppy.com\/fr\/wp-json\/wp\/v2\/media\/117666"}],"wp:attachment":[{"href":"https:\/\/beppy.com\/fr\/wp-json\/wp\/v2\/media?parent=116511"}],"wp:term":[{"taxonomy":"product_brand","embeddable":true,"href":"https:\/\/beppy.com\/fr\/wp-json\/wp\/v2\/product_brand?post=116511"},{"taxonomy":"product_cat","embeddable":true,"href":"https:\/\/beppy.com\/fr\/wp-json\/wp\/v2\/product_cat?post=116511"},{"taxonomy":"product_tag","embeddable":true,"href":"https:\/\/beppy.com\/fr\/wp-json\/wp\/v2\/product_tag?post=116511"}],"curies":[{"name":"wp","href":"https:\/\/api.w.org\/{rel}","templated":true}]}}