{"id":116519,"date":"2025-09-09T10:41:42","date_gmt":"2025-09-09T08:41:42","guid":{"rendered":"https:\/\/beppy.com\/shop\/uncategorized\/coupe-menstruelle-beppy-rose-violet-2-pieces-2\/"},"modified":"2025-12-22T14:57:23","modified_gmt":"2025-12-22T13:57:23","slug":"coupe-menstruelle-la-plus-innovante","status":"publish","type":"product","link":"https:\/\/beppy.com\/fr\/product\/coupe-menstruelle-la-plus-innovante\/","title":{"rendered":"Coupe menstruelle Beppy 2 pi\u00e8ces"},"content":{"rendered":"<p>Coupe menstruelle Beppy 2 pi\u00e8ces : la meilleure et la plus innovante des coupes menstruelles ! Cette coupe flexible offre un confort ultime et r\u00e9duit le risque de fuites gr\u00e2ce \u00e0 son mat\u00e9riau souple et flexible. Les coupes sont livr\u00e9es dans une pochette de voyage pratique.  <\/p>\n<p>La Beppy Cup est la coupe menstruelle la plus innovante, d\u00e9velopp\u00e9e pour diff\u00e9rentes occasions et une alternative parfaite aux coupes menstruelles traditionnelles. Le mat\u00e9riau souple et flexible de la Beppy Cup assure un confort optimal et un ajustement naturel. La Beppy Cup n&rsquo;a pas de tige, mais une boucle innovante qui permet de l&rsquo;ins\u00e9rer et de la retirer sans effort. La coupe Beppy vous donne plus de libert\u00e9 lorsque vous nagez, allez au sauna, faites de l&rsquo;exercice ou sortez. La coupe Beppy convient \u00e0 toutes les activit\u00e9s, de jour comme de nuit ! Avec Beppy, vous vous sentez libre et confiante tous les jours !     <\/p>\n<p>Veuillez noter que vous pouvez toujours tomber enceinte lorsque vous utilisez la coupe. Comme toute autre coupe, la Beppy Cup n&rsquo;est pas un contraceptif. N&rsquo;utilisez pas la coupe menstruelle pendant plus de 8 heures. La dur\u00e9e minimale d&rsquo;utilisation d\u00e9pend de vos r\u00e8gles.  <\/p>\n<h2>La meilleure garantie de qualit\u00e9<\/h2>\n<p>D\u00e9velopp\u00e9e par des femmes pour des femmes, la coupe menstruelle Beppy 2 a \u00e9t\u00e9 soigneusement test\u00e9e dermatologiquement et cliniquement. Elle est fabriqu\u00e9e en silicone m\u00e9dical de haute qualit\u00e9, non toxique et respectueux de la peau. <\/p>\n<p>La coupe menstruelle innovante est produite de mani\u00e8re hygi\u00e9nique et sous contr\u00f4le constant, conform\u00e9ment \u00e0 la norme internationale ISO 13485:2016 (certification des dispositifs m\u00e9dicaux).<\/p>\n<h3><span style=\"vertical-align: inherit;\">Les avantages de la coupe menstruelle Beppy<\/span><\/h3>\n<ul>\n<li>Le gobelet Beppy n&rsquo;a pas de poign\u00e9e g\u00eanante, mais une boucle de retrait pratique.<\/li>\n<li>Le bonnet est souple et tr\u00e8s confortable et se moule \u00e0 votre corps.<\/li>\n<li>Pas d&rsquo;odeur d\u00e9sagr\u00e9able.<\/li>\n<li>Silicone m\u00e9dical hygi\u00e9nique et respectueux de la peau.<\/li>\n<li>L&rsquo;int\u00e9rieur du gobelet est dot\u00e9 d&rsquo;un bord anti-fuite qui r\u00e9duit le risque de fuite.<\/li>\n<li>Le gobelet est vendu par deux afin de r\u00e9duire le risque de syndrome de choc toxique.<\/li>\n<\/ul>\n<h4><span style=\"vertical-align: inherit;\">Comment l&rsquo;utiliser ?<\/span><\/h4>\n<ol>\n<li>St\u00e9rilisez <strong>la coupe :<\/strong> st\u00e9rilisez la coupe menstruelle \u00e0 l&rsquo;aide de notre <a href=\"https:\/\/www.beppy.com\/product\/de-beppy-steam-sterilisator\/\">st\u00e9rilisateur<\/a> ou manuellement, toujours avant de l&rsquo;utiliser pour \u00e9viter le risque d&rsquo;infections telles que le syndrome de choc toxique. Si n\u00e9cessaire, consultez un m\u00e9decin pour obtenir un avis m\u00e9dical sur les probl\u00e8mes de sant\u00e9.<\/li>\n<li><strong>Technique de pliage :<\/strong> choisissez la technique de pliage qui vous semble la plus facile et la plus confortable. Si n\u00e9cessaire, utilisez notre <a href=\"https:\/\/www.beppy.com\/product\/beppy-comfort-gel-op-waterbasis\/\">gel de confort Beppy<\/a> pour faciliter l&rsquo;insertion. <\/li>\n<li><strong>D\u00e9tendez-vous :<\/strong> respirez calmement et consciemment. Cela permet de d\u00e9tendre les muscles et d&rsquo;oxyg\u00e9ner le corps, ce qui r\u00e9duit le stress. Une paroi vaginale d\u00e9tendue facilite l&rsquo;insertion de la coupe.  <\/li>\n<li><strong>Insertion :<\/strong> <a href=\"https:\/\/www.youtube.com\/watch?v=K5QUp_RRVvY&amp;t=12s\">Ins\u00e9rez la coupe menstruelle dans le vagin<\/a> et poussez-la vers le haut avec votre doigt jusqu&rsquo;\u00e0 ce qu&rsquo;elle repose confortablement. Il fonctionne en fait de la m\u00eame mani\u00e8re qu&rsquo;un tampon normal.<\/li>\n<li><strong>V\u00e9rification :<\/strong> une fois la cupule ins\u00e9r\u00e9e, v\u00e9rifiez qu&rsquo;elle s&rsquo;est ouverte correctement. Vous ne devriez pas ressentir de g\u00eane si la cupule est correctement ins\u00e9r\u00e9e. Si n\u00e9cessaire, aidez la cupule \u00e0 cr\u00e9er un vide en tirant l\u00e9g\u00e8rement dessus. Cela permettra \u00e0 la cupule de rester fermement en place.   <\/li>\n<\/ol>\n<h5>La taille<\/h5>\n<p>La taille du bonnet Beppy est similaire \u00e0 celle d&rsquo;un bonnet S\/M, ce qui en fait une taille interm\u00e9diaire. Le diam\u00e8tre en haut est de 4,5 cm, le diam\u00e8tre en bas est de 3,5 cm et la longueur totale du bonnet est de 6 cm (y compris une boucle de retrait de 1,5 cm). <\/p>\n","protected":false},"excerpt":{"rendered":"<p class=\"ai-optimize-22 ai-optimize-introduction\">Coupe menstruelle Beppy : la meilleure et la plus innovante des coupes menstruelles ! Cette coupe flexible offre un confort ultime et r\u00e9duit le risque de fuites gr\u00e2ce \u00e0 son mat\u00e9riau souple et flexible. <\/p>\n","protected":false},"featured_media":117698,"comment_status":"open","ping_status":"closed","template":"","meta":{"_acf_changed":false},"product_brand":[],"product_cat":[200,190],"product_tag":[],"class_list":{"0":"post-116519","1":"product","2":"type-product","3":"status-publish","4":"has-post-thumbnail","6":"product_cat-coupe-menstruelle-beppy","7":"product_cat-tous-les-produits","9":"first","10":"instock","11":"featured","12":"taxable","13":"shipping-taxable","14":"purchasable","15":"product-type-variable"},"bundled_by":["116757","116699","116689"],"bundle_stock_status":"instock","bundle_stock_quantity":null,"bundle_virtual":false,"bundle_layout":"","bundle_add_to_cart_form_location":"","bundle_editable_in_cart":false,"bundle_sold_individually_context":"","bundle_item_grouping":"","bundle_min_size":"","bundle_max_size":"","bundle_price":[],"bundled_items":[],"bundle_sell_ids":[],"acf":[],"yoast_head":"<!-- This site is optimized with the Yoast SEO Premium plugin v27.3 (Yoast SEO v27.3) - https:\/\/yoast.com\/product\/yoast-seo-premium-wordpress\/ -->\n<title>Coupe menstruelle Beppy 2 pi\u00e8ces | Beppy.com<\/title>\n<meta name=\"description\" content=\"Coupe menstruelle Beppy 2 pi\u00e8ces : la meilleure et la plus innovante des coupes menstruelles ! Les coupes sont livr\u00e9es dans une pochette de voyage pratique. Commandez d\u00e8s aujourd&#039;hui !\" \/>\n<meta name=\"robots\" content=\"index, follow, max-snippet:-1, max-image-preview:large, max-video-preview:-1\" \/>\n<link rel=\"canonical\" href=\"https:\/\/beppy.com\/fr\/product\/coupe-menstruelle-la-plus-innovante\/\" \/>\n<meta property=\"og:locale\" content=\"fr_FR\" \/>\n<meta property=\"og:type\" content=\"article\" \/>\n<meta property=\"og:title\" content=\"Coupe menstruelle Beppy 2 pi\u00e8ces\" \/>\n<meta property=\"og:description\" content=\"Coupe menstruelle Beppy 2 pi\u00e8ces : la meilleure et la plus innovante des coupes menstruelles ! Les coupes sont livr\u00e9es dans une pochette de voyage pratique. Commandez d\u00e8s aujourd&#039;hui !\" \/>\n<meta property=\"og:url\" content=\"https:\/\/beppy.com\/fr\/product\/coupe-menstruelle-la-plus-innovante\/\" \/>\n<meta property=\"og:site_name\" content=\"Beppy\" \/>\n<meta property=\"article:modified_time\" content=\"2025-12-22T13:57:23+00:00\" \/>\n<meta property=\"og:image\" content=\"https:\/\/beppy.com\/wp-content\/uploads\/2020\/12\/Beppy-menstruatiecup-2-stuks.webp\" \/>\n\t<meta property=\"og:image:width\" content=\"2400\" \/>\n\t<meta property=\"og:image:height\" content=\"2400\" \/>\n\t<meta property=\"og:image:type\" content=\"image\/webp\" \/>\n<meta name=\"twitter:card\" content=\"summary_large_image\" \/>\n<meta name=\"twitter:description\" content=\"Coupe menstruelle Beppy 2 pi\u00e8ces : la meilleure et la plus innovante des coupes menstruelles ! Les coupes sont livr\u00e9es dans une pochette de voyage pratique. Commandez d\u00e8s aujourd&#039;hui !\" \/>\n<meta name=\"twitter:label1\" content=\"Disponibilit\u00e9\" \/>\n\t<meta name=\"twitter:data1\" content=\"En stock\" \/>\n<script type=\"application\/ld+json\" class=\"yoast-schema-graph\">{\"@context\":\"https:\\\/\\\/schema.org\",\"@graph\":[{\"@type\":\"WebPage\",\"@id\":\"https:\\\/\\\/beppy.com\\\/fr\\\/product\\\/coupe-menstruelle-la-plus-innovante\\\/\",\"url\":\"https:\\\/\\\/beppy.com\\\/fr\\\/product\\\/coupe-menstruelle-la-plus-innovante\\\/\",\"name\":\"Coupe menstruelle Beppy 2 pi\u00e8ces | Beppy.com\",\"isPartOf\":{\"@id\":\"https:\\\/\\\/beppy.com\\\/fr\\\/#website\"},\"primaryImageOfPage\":{\"@id\":\"https:\\\/\\\/beppy.com\\\/fr\\\/product\\\/coupe-menstruelle-la-plus-innovante\\\/#primaryimage\"},\"image\":{\"@id\":\"https:\\\/\\\/beppy.com\\\/fr\\\/product\\\/coupe-menstruelle-la-plus-innovante\\\/#primaryimage\"},\"thumbnailUrl\":\"https:\\\/\\\/beppy.com\\\/wp-content\\\/uploads\\\/2020\\\/12\\\/Beppy-menstruatiecup-2-stuks.webp\",\"datePublished\":\"2025-09-09T08:41:42+00:00\",\"dateModified\":\"2025-12-22T13:57:23+00:00\",\"description\":\"Coupe menstruelle Beppy 2 pi\u00e8ces : la meilleure et la plus innovante des coupes menstruelles ! Les coupes sont livr\u00e9es dans une pochette de voyage pratique. Commandez d\u00e8s aujourd'hui !\",\"breadcrumb\":{\"@id\":\"https:\\\/\\\/beppy.com\\\/fr\\\/product\\\/coupe-menstruelle-la-plus-innovante\\\/#breadcrumb\"},\"inLanguage\":\"fr-FR\",\"potentialAction\":[{\"@type\":\"ReadAction\",\"target\":[\"https:\\\/\\\/beppy.com\\\/fr\\\/product\\\/coupe-menstruelle-la-plus-innovante\\\/\"]}]},{\"@type\":\"ImageObject\",\"inLanguage\":\"fr-FR\",\"@id\":\"https:\\\/\\\/beppy.com\\\/fr\\\/product\\\/coupe-menstruelle-la-plus-innovante\\\/#primaryimage\",\"url\":\"https:\\\/\\\/beppy.com\\\/wp-content\\\/uploads\\\/2020\\\/12\\\/Beppy-menstruatiecup-2-stuks.webp\",\"contentUrl\":\"https:\\\/\\\/beppy.com\\\/wp-content\\\/uploads\\\/2020\\\/12\\\/Beppy-menstruatiecup-2-stuks.webp\",\"width\":2400,\"height\":2400,\"caption\":\"Coupe menstruelle Beppy 2 pi\u00e8ces\"},{\"@type\":\"BreadcrumbList\",\"@id\":\"https:\\\/\\\/beppy.com\\\/fr\\\/product\\\/coupe-menstruelle-la-plus-innovante\\\/#breadcrumb\",\"itemListElement\":[{\"@type\":\"ListItem\",\"position\":1,\"name\":\"Accueil\",\"item\":\"https:\\\/\\\/beppy.com\\\/fr\\\/\"},{\"@type\":\"ListItem\",\"position\":2,\"name\":\"Produits\",\"item\":\"https:\\\/\\\/beppy.com\\\/fr\\\/shop\\\/\"},{\"@type\":\"ListItem\",\"position\":3,\"name\":\"Coupe menstruelle Beppy 2 pi\u00e8ces\"}]},{\"@type\":\"WebSite\",\"@id\":\"https:\\\/\\\/beppy.com\\\/fr\\\/#website\",\"url\":\"https:\\\/\\\/beppy.com\\\/fr\\\/\",\"name\":\"Beppy\",\"description\":\"Menstruatiecups, soft tampons en ondergoed\",\"publisher\":{\"@id\":\"https:\\\/\\\/beppy.com\\\/fr\\\/#organization\"},\"potentialAction\":[{\"@type\":\"SearchAction\",\"target\":{\"@type\":\"EntryPoint\",\"urlTemplate\":\"https:\\\/\\\/beppy.com\\\/fr\\\/?s={search_term_string}\"},\"query-input\":{\"@type\":\"PropertyValueSpecification\",\"valueRequired\":true,\"valueName\":\"search_term_string\"}}],\"inLanguage\":\"fr-FR\"},{\"@type\":\"Organization\",\"@id\":\"https:\\\/\\\/beppy.com\\\/fr\\\/#organization\",\"name\":\"Beppy\",\"url\":\"https:\\\/\\\/beppy.com\\\/fr\\\/\",\"logo\":{\"@type\":\"ImageObject\",\"inLanguage\":\"fr-FR\",\"@id\":\"https:\\\/\\\/beppy.com\\\/fr\\\/#\\\/schema\\\/logo\\\/image\\\/\",\"url\":\"https:\\\/\\\/beppy.com\\\/wp-content\\\/uploads\\\/2024\\\/12\\\/cropped-Beppy_logo.png\",\"contentUrl\":\"https:\\\/\\\/beppy.com\\\/wp-content\\\/uploads\\\/2024\\\/12\\\/cropped-Beppy_logo.png\",\"width\":241,\"height\":84,\"caption\":\"Beppy\"},\"image\":{\"@id\":\"https:\\\/\\\/beppy.com\\\/fr\\\/#\\\/schema\\\/logo\\\/image\\\/\"}}]}<\/script>\n<meta property=\"og:availability\" content=\"instock\" \/>\n<meta property=\"product:availability\" content=\"instock\" \/>\n<meta property=\"product:condition\" content=\"new\" \/>\n<!-- \/ Yoast SEO Premium plugin. -->","yoast_head_json":{"title":"Coupe menstruelle Beppy 2 pi\u00e8ces | Beppy.com","description":"Coupe menstruelle Beppy 2 pi\u00e8ces : la meilleure et la plus innovante des coupes menstruelles ! Les coupes sont livr\u00e9es dans une pochette de voyage pratique. Commandez d\u00e8s aujourd'hui !","robots":{"index":"index","follow":"follow","max-snippet":"max-snippet:-1","max-image-preview":"max-image-preview:large","max-video-preview":"max-video-preview:-1"},"canonical":"https:\/\/beppy.com\/fr\/product\/coupe-menstruelle-la-plus-innovante\/","og_locale":"fr_FR","og_type":"article","og_title":"Coupe menstruelle Beppy 2 pi\u00e8ces","og_description":"Coupe menstruelle Beppy 2 pi\u00e8ces : la meilleure et la plus innovante des coupes menstruelles ! Les coupes sont livr\u00e9es dans une pochette de voyage pratique. Commandez d\u00e8s aujourd'hui !","og_url":"https:\/\/beppy.com\/fr\/product\/coupe-menstruelle-la-plus-innovante\/","og_site_name":"Beppy","article_modified_time":"2025-12-22T13:57:23+00:00","og_image":[{"width":2400,"height":2400,"url":"https:\/\/beppy.com\/wp-content\/uploads\/2020\/12\/Beppy-menstruatiecup-2-stuks.webp","type":"image\/webp"}],"twitter_card":"summary_large_image","twitter_description":"Coupe menstruelle Beppy 2 pi\u00e8ces : la meilleure et la plus innovante des coupes menstruelles ! Les coupes sont livr\u00e9es dans une pochette de voyage pratique. Commandez d\u00e8s aujourd'hui !","twitter_misc":{"Disponibilit\u00e9":"En stock"},"schema":{"@context":"https:\/\/schema.org","@graph":[{"@type":"WebPage","@id":"https:\/\/beppy.com\/fr\/product\/coupe-menstruelle-la-plus-innovante\/","url":"https:\/\/beppy.com\/fr\/product\/coupe-menstruelle-la-plus-innovante\/","name":"Coupe menstruelle Beppy 2 pi\u00e8ces | Beppy.com","isPartOf":{"@id":"https:\/\/beppy.com\/fr\/#website"},"primaryImageOfPage":{"@id":"https:\/\/beppy.com\/fr\/product\/coupe-menstruelle-la-plus-innovante\/#primaryimage"},"image":{"@id":"https:\/\/beppy.com\/fr\/product\/coupe-menstruelle-la-plus-innovante\/#primaryimage"},"thumbnailUrl":"https:\/\/beppy.com\/wp-content\/uploads\/2020\/12\/Beppy-menstruatiecup-2-stuks.webp","datePublished":"2025-09-09T08:41:42+00:00","dateModified":"2025-12-22T13:57:23+00:00","description":"Coupe menstruelle Beppy 2 pi\u00e8ces : la meilleure et la plus innovante des coupes menstruelles ! Les coupes sont livr\u00e9es dans une pochette de voyage pratique. Commandez d\u00e8s aujourd'hui !","breadcrumb":{"@id":"https:\/\/beppy.com\/fr\/product\/coupe-menstruelle-la-plus-innovante\/#breadcrumb"},"inLanguage":"fr-FR","potentialAction":[{"@type":"ReadAction","target":["https:\/\/beppy.com\/fr\/product\/coupe-menstruelle-la-plus-innovante\/"]}]},{"@type":"ImageObject","inLanguage":"fr-FR","@id":"https:\/\/beppy.com\/fr\/product\/coupe-menstruelle-la-plus-innovante\/#primaryimage","url":"https:\/\/beppy.com\/wp-content\/uploads\/2020\/12\/Beppy-menstruatiecup-2-stuks.webp","contentUrl":"https:\/\/beppy.com\/wp-content\/uploads\/2020\/12\/Beppy-menstruatiecup-2-stuks.webp","width":2400,"height":2400,"caption":"Coupe menstruelle Beppy 2 pi\u00e8ces"},{"@type":"BreadcrumbList","@id":"https:\/\/beppy.com\/fr\/product\/coupe-menstruelle-la-plus-innovante\/#breadcrumb","itemListElement":[{"@type":"ListItem","position":1,"name":"Accueil","item":"https:\/\/beppy.com\/fr\/"},{"@type":"ListItem","position":2,"name":"Produits","item":"https:\/\/beppy.com\/fr\/shop\/"},{"@type":"ListItem","position":3,"name":"Coupe menstruelle Beppy 2 pi\u00e8ces"}]},{"@type":"WebSite","@id":"https:\/\/beppy.com\/fr\/#website","url":"https:\/\/beppy.com\/fr\/","name":"Beppy","description":"Menstruatiecups, soft tampons en ondergoed","publisher":{"@id":"https:\/\/beppy.com\/fr\/#organization"},"potentialAction":[{"@type":"SearchAction","target":{"@type":"EntryPoint","urlTemplate":"https:\/\/beppy.com\/fr\/?s={search_term_string}"},"query-input":{"@type":"PropertyValueSpecification","valueRequired":true,"valueName":"search_term_string"}}],"inLanguage":"fr-FR"},{"@type":"Organization","@id":"https:\/\/beppy.com\/fr\/#organization","name":"Beppy","url":"https:\/\/beppy.com\/fr\/","logo":{"@type":"ImageObject","inLanguage":"fr-FR","@id":"https:\/\/beppy.com\/fr\/#\/schema\/logo\/image\/","url":"https:\/\/beppy.com\/wp-content\/uploads\/2024\/12\/cropped-Beppy_logo.png","contentUrl":"https:\/\/beppy.com\/wp-content\/uploads\/2024\/12\/cropped-Beppy_logo.png","width":241,"height":84,"caption":"Beppy"},"image":{"@id":"https:\/\/beppy.com\/fr\/#\/schema\/logo\/image\/"}}]},"og_availability":"instock","product_availability":"instock","product_condition":"new"},"_links":{"self":[{"href":"https:\/\/beppy.com\/fr\/wp-json\/wp\/v2\/product\/116519","targetHints":{"allow":["GET"]}}],"collection":[{"href":"https:\/\/beppy.com\/fr\/wp-json\/wp\/v2\/product"}],"about":[{"href":"https:\/\/beppy.com\/fr\/wp-json\/wp\/v2\/types\/product"}],"replies":[{"embeddable":true,"href":"https:\/\/beppy.com\/fr\/wp-json\/wp\/v2\/comments?post=116519"}],"wp:featuredmedia":[{"embeddable":true,"href":"https:\/\/beppy.com\/fr\/wp-json\/wp\/v2\/media\/117698"}],"wp:attachment":[{"href":"https:\/\/beppy.com\/fr\/wp-json\/wp\/v2\/media?parent=116519"}],"wp:term":[{"taxonomy":"product_brand","embeddable":true,"href":"https:\/\/beppy.com\/fr\/wp-json\/wp\/v2\/product_brand?post=116519"},{"taxonomy":"product_cat","embeddable":true,"href":"https:\/\/beppy.com\/fr\/wp-json\/wp\/v2\/product_cat?post=116519"},{"taxonomy":"product_tag","embeddable":true,"href":"https:\/\/beppy.com\/fr\/wp-json\/wp\/v2\/product_tag?post=116519"}],"curies":[{"name":"wp","href":"https:\/\/api.w.org\/{rel}","templated":true}]}}