{"id":116707,"date":"2025-05-08T13:05:45","date_gmt":"2025-05-08T11:05:45","guid":{"rendered":"https:\/\/beppy.com\/shop\/uncategorized\/tampon-beppy-hollow-violet\/"},"modified":"2025-12-03T23:14:28","modified_gmt":"2025-12-03T22:14:28","slug":"beppy-hollow-tampon","status":"publish","type":"product","link":"https:\/\/beppy.com\/fr\/product\/beppy-hollow-tampon\/","title":{"rendered":"Tampon Beppy Hollow"},"content":{"rendered":"<p>Le Beppy Hollow Tampon\u00ae est bien plus qu&rsquo;un simple tampon : c&rsquo;est le tout premier tampon r\u00e9utilisable et durable au monde ! Ce tampon innovant permet aux femmes du monde entier de g\u00e9rer leurs r\u00e8gles de mani\u00e8re s\u00fbre, confortable et \u00e9cologique. Le Beppy Hollow Tampon\u00ae a \u00e9t\u00e9 sp\u00e9cialement con\u00e7u dans un souci de confort, de sant\u00e9 et de durabilit\u00e9. C&rsquo;est la solution pour des r\u00e8gles plus confortables et sans souci !   <\/p>\n<h2>Avantages du tampon Beppy Hollow<\/h2>\n<p>Le Beppy Hollow Tampon\u00ae est un produit innovant qui offre une alternative plus saine, plus durable et plus s\u00fbre aux tampons jetables traditionnels.<\/p>\n<ul>\n<li>Durable : le Beppy Hollow Tampon\u00ae est r\u00e9utilisable et peut \u00eatre utilis\u00e9 pendant plus de cinq ans. Cela permet non seulement d&rsquo;\u00e9conomiser de l&rsquo;argent, mais aussi de r\u00e9duire les d\u00e9chets et de prot\u00e9ger l&rsquo;environnement. <\/li>\n<li>S\u00fbr et confortable : Fabriqu\u00e9 \u00e0 100 % en silicone m\u00e9dical, ce tampon est hypoallerg\u00e9nique, respectueux du corps et totalement d\u00e9pourvu de produits chimiques nocifs. En outre, ce tampon durable ne contient pas de fibres susceptibles de provoquer des irritations ou des infections. <\/li>\n<li>Une protection fiable : Avec une capacit\u00e9 de 15 ml, le Beppy Hollow Tampon\u00ae offre une protection durable. Plus de fuites et plus besoin de le changer constamment au cours de la journ\u00e9e. <\/li>\n<li>Conception innovante : la conception creuse unique permet au tampon de se mouler parfaitement \u00e0 votre corps pour un confort optimal. Des gouttes de friction sp\u00e9ciales en forme de gouttelettes aident le tampon \u00e0 rester en place en offrant une adh\u00e9rence suppl\u00e9mentaire. <\/li>\n<li>Discret et compact : avec une hauteur de 5,4 cm et un diam\u00e8tre de 3,3 cm, ce tampon est petit et discret, mais il offre toujours la meilleure protection.<\/li>\n<li>Facile \u00e0 utiliser : l&rsquo;anneau d&rsquo;extraction pratique facilite l&rsquo;insertion et le retrait du tampon. Pas de g\u00eane ni de sentiment d&rsquo;incertitude ! <\/li>\n<li>Comment fonctionne notre tampon Beppy Hollow durable ?<\/li>\n<\/ul>\n<p>L&rsquo;utilisation du tampon Beppy Hollow Tampon\u00ae est simple et confortable. Pliez d\u00e9licatement le tampon sur le c\u00f4t\u00e9 et ins\u00e9rez-le dans votre vagin en forme de c\u0153ur. Gr\u00e2ce \u00e0 sa conception intelligente et \u00e0 sa texture douce, vous ne sentez pratiquement pas le tampon une fois qu&rsquo;il est au bon endroit. Il attrape vos r\u00e8gles sans que vous vous en rendiez compte.   <\/p>\n<p>Vous voulez retirer le tampon ? Tirez doucement sur l&rsquo;anneau d&rsquo;extraction pour le retirer. Rincez le tampon \u00e0 l&rsquo;eau froide avec un savon doux au pH neutre. Pour un nettoyage en profondeur, placez le tampon dans de l&rsquo;eau bouillante pendant cinq minutes chaque jour ou utilisez notre st\u00e9rilisateur sp\u00e9cial. Conservez le tampon dans un endroit sec jusqu&rsquo;\u00e0 la prochaine utilisation !    <\/p>\n<h3>L&rsquo;avenir des produits menstruels<\/h3>\n<p>Le Beppy Hollow Tampon\u00ae est l&rsquo;avenir des produits menstruels durables ! Ce tampon sans ficelle, r\u00e9utilisable et durable, offre aux femmes du monde entier un moyen plus sain, plus s\u00fbr et plus responsable d&rsquo;avoir leurs r\u00e8gles. <\/p>\n<p>Gr\u00e2ce \u00e0 sa conception innovante, \u00e0 ses mat\u00e9riaux s\u00fbrs et de haute qualit\u00e9 et \u00e0 sa capacit\u00e9 \u00e0 \u00eatre r\u00e9utilis\u00e9 \u00e0 l&rsquo;infini, le Beppy Hollow Tampon\u00ae offre tout ce dont vous avez besoin.<\/p>\n<p>Investissez dans votre sant\u00e9, choisissez le confort et contribuez \u00e0 un monde plus durable. Passez au Tampon Beppy Hollow\u00ae et constatez vous-m\u00eame la diff\u00e9rence ! Vous avez encore des questions sur nos produits ? N&rsquo;h\u00e9sitez pas \u00e0 nous contacter !   <\/p>\n","protected":false},"excerpt":{"rendered":"<p class=\"ai-optimize-23 ai-optimize-introduction\"><span data-contrast=\"auto\">Le Beppy Hollow Tampon\u00ae est un produit innovant qui offre une alternative plus saine, plus durable et plus s\u00fbre aux tampons jetables traditionnels.<\/span><\/p>\n","protected":false},"featured_media":117464,"comment_status":"closed","ping_status":"closed","template":"","meta":{"_acf_changed":false},"product_brand":[],"product_cat":[193,190],"product_tag":[],"class_list":{"0":"post-116707","1":"product","2":"type-product","3":"status-publish","4":"has-post-thumbnail","6":"product_cat-tampons-creux","7":"product_cat-tous-les-produits","9":"first","10":"instock","11":"featured","12":"taxable","13":"shipping-taxable","14":"purchasable","15":"product-type-variable"},"bundled_by":[],"bundle_stock_status":"instock","bundle_stock_quantity":null,"bundle_virtual":false,"bundle_layout":"","bundle_add_to_cart_form_location":"","bundle_editable_in_cart":false,"bundle_sold_individually_context":"","bundle_item_grouping":"","bundle_min_size":"","bundle_max_size":"","bundle_price":[],"bundled_items":[],"bundle_sell_ids":[],"acf":[],"yoast_head":"<!-- This site is optimized with the Yoast SEO Premium plugin v27.3 (Yoast SEO v27.3) - https:\/\/yoast.com\/product\/yoast-seo-premium-wordpress\/ -->\n<title>Tampon Beppy Hollow | Beppy.com<\/title>\n<meta name=\"description\" content=\"Le Tampon Beppy Hollow\u00ae est le tout premier tampon r\u00e9utilisable et durable au monde ! Achetez le Tampon Beppy Hollow d\u00e8s aujourd&#039;hui !\" \/>\n<meta name=\"robots\" content=\"index, follow, max-snippet:-1, max-image-preview:large, max-video-preview:-1\" \/>\n<link rel=\"canonical\" href=\"https:\/\/beppy.com\/fr\/product\/beppy-hollow-tampon\/\" \/>\n<meta property=\"og:locale\" content=\"fr_FR\" \/>\n<meta property=\"og:type\" content=\"article\" \/>\n<meta property=\"og:title\" content=\"Tampon Beppy Hollow\" \/>\n<meta property=\"og:description\" content=\"Le Beppy Hollow Tampon\u00ae est le tout premier tampon r\u00e9utilisable et durable au monde ! Achetez le Beppy Hollow Tampon Pink d\u00e8s aujourd&#039;hui !\" \/>\n<meta property=\"og:url\" content=\"https:\/\/beppy.com\/fr\/product\/beppy-hollow-tampon\/\" \/>\n<meta property=\"og:site_name\" content=\"Beppy\" \/>\n<meta property=\"article:modified_time\" content=\"2025-12-03T22:14:28+00:00\" \/>\n<meta property=\"og:image\" content=\"https:\/\/beppy.com\/wp-content\/uploads\/2025\/06\/Beppy-Hollow-Tampon-2.webp\" \/>\n\t<meta property=\"og:image:width\" content=\"2400\" \/>\n\t<meta property=\"og:image:height\" content=\"2400\" \/>\n\t<meta property=\"og:image:type\" content=\"image\/webp\" \/>\n<meta name=\"twitter:card\" content=\"summary_large_image\" \/>\n<meta name=\"twitter:title\" content=\"Tampon Beppy Hollow\" \/>\n<meta name=\"twitter:description\" content=\"Le Beppy Hollow Tampon\u00ae est le tout premier tampon r\u00e9utilisable et durable au monde ! Achetez le Beppy Hollow Tampon Pink d\u00e8s aujourd&#039;hui !\" \/>\n<meta name=\"twitter:label1\" content=\"Disponibilit\u00e9\" \/>\n\t<meta name=\"twitter:data1\" content=\"En stock\" \/>\n<script type=\"application\/ld+json\" class=\"yoast-schema-graph\">{\"@context\":\"https:\\\/\\\/schema.org\",\"@graph\":[{\"@type\":\"WebPage\",\"@id\":\"https:\\\/\\\/beppy.com\\\/fr\\\/product\\\/beppy-hollow-tampon\\\/\",\"url\":\"https:\\\/\\\/beppy.com\\\/fr\\\/product\\\/beppy-hollow-tampon\\\/\",\"name\":\"Tampon Beppy Hollow | Beppy.com\",\"isPartOf\":{\"@id\":\"https:\\\/\\\/beppy.com\\\/fr\\\/#website\"},\"primaryImageOfPage\":{\"@id\":\"https:\\\/\\\/beppy.com\\\/fr\\\/product\\\/beppy-hollow-tampon\\\/#primaryimage\"},\"image\":{\"@id\":\"https:\\\/\\\/beppy.com\\\/fr\\\/product\\\/beppy-hollow-tampon\\\/#primaryimage\"},\"thumbnailUrl\":\"https:\\\/\\\/beppy.com\\\/wp-content\\\/uploads\\\/2025\\\/06\\\/Beppy-Hollow-Tampon-2.webp\",\"datePublished\":\"2025-05-08T11:05:45+00:00\",\"dateModified\":\"2025-12-03T22:14:28+00:00\",\"description\":\"Le Tampon Beppy Hollow\u00ae est le tout premier tampon r\u00e9utilisable et durable au monde ! Achetez le Tampon Beppy Hollow d\u00e8s aujourd'hui !\",\"breadcrumb\":{\"@id\":\"https:\\\/\\\/beppy.com\\\/fr\\\/product\\\/beppy-hollow-tampon\\\/#breadcrumb\"},\"inLanguage\":\"fr-FR\",\"potentialAction\":[{\"@type\":\"ReadAction\",\"target\":[\"https:\\\/\\\/beppy.com\\\/fr\\\/product\\\/beppy-hollow-tampon\\\/\"]}]},{\"@type\":\"ImageObject\",\"inLanguage\":\"fr-FR\",\"@id\":\"https:\\\/\\\/beppy.com\\\/fr\\\/product\\\/beppy-hollow-tampon\\\/#primaryimage\",\"url\":\"https:\\\/\\\/beppy.com\\\/wp-content\\\/uploads\\\/2025\\\/06\\\/Beppy-Hollow-Tampon-2.webp\",\"contentUrl\":\"https:\\\/\\\/beppy.com\\\/wp-content\\\/uploads\\\/2025\\\/06\\\/Beppy-Hollow-Tampon-2.webp\",\"width\":2400,\"height\":2400},{\"@type\":\"BreadcrumbList\",\"@id\":\"https:\\\/\\\/beppy.com\\\/fr\\\/product\\\/beppy-hollow-tampon\\\/#breadcrumb\",\"itemListElement\":[{\"@type\":\"ListItem\",\"position\":1,\"name\":\"Accueil\",\"item\":\"https:\\\/\\\/beppy.com\\\/fr\\\/\"},{\"@type\":\"ListItem\",\"position\":2,\"name\":\"Produits\",\"item\":\"https:\\\/\\\/beppy.com\\\/fr\\\/shop\\\/\"},{\"@type\":\"ListItem\",\"position\":3,\"name\":\"Tampon Beppy Hollow\"}]},{\"@type\":\"WebSite\",\"@id\":\"https:\\\/\\\/beppy.com\\\/fr\\\/#website\",\"url\":\"https:\\\/\\\/beppy.com\\\/fr\\\/\",\"name\":\"Beppy\",\"description\":\"Menstruatiecups, soft tampons en ondergoed\",\"publisher\":{\"@id\":\"https:\\\/\\\/beppy.com\\\/fr\\\/#organization\"},\"potentialAction\":[{\"@type\":\"SearchAction\",\"target\":{\"@type\":\"EntryPoint\",\"urlTemplate\":\"https:\\\/\\\/beppy.com\\\/fr\\\/?s={search_term_string}\"},\"query-input\":{\"@type\":\"PropertyValueSpecification\",\"valueRequired\":true,\"valueName\":\"search_term_string\"}}],\"inLanguage\":\"fr-FR\"},{\"@type\":\"Organization\",\"@id\":\"https:\\\/\\\/beppy.com\\\/fr\\\/#organization\",\"name\":\"Beppy\",\"url\":\"https:\\\/\\\/beppy.com\\\/fr\\\/\",\"logo\":{\"@type\":\"ImageObject\",\"inLanguage\":\"fr-FR\",\"@id\":\"https:\\\/\\\/beppy.com\\\/fr\\\/#\\\/schema\\\/logo\\\/image\\\/\",\"url\":\"https:\\\/\\\/beppy.com\\\/wp-content\\\/uploads\\\/2024\\\/12\\\/cropped-Beppy_logo.png\",\"contentUrl\":\"https:\\\/\\\/beppy.com\\\/wp-content\\\/uploads\\\/2024\\\/12\\\/cropped-Beppy_logo.png\",\"width\":241,\"height\":84,\"caption\":\"Beppy\"},\"image\":{\"@id\":\"https:\\\/\\\/beppy.com\\\/fr\\\/#\\\/schema\\\/logo\\\/image\\\/\"}}]}<\/script>\n<meta property=\"og:availability\" content=\"instock\" \/>\n<meta property=\"product:availability\" content=\"instock\" \/>\n<meta property=\"product:condition\" content=\"new\" \/>\n<!-- \/ Yoast SEO Premium plugin. -->","yoast_head_json":{"title":"Tampon Beppy Hollow | Beppy.com","description":"Le Tampon Beppy Hollow\u00ae est le tout premier tampon r\u00e9utilisable et durable au monde ! Achetez le Tampon Beppy Hollow d\u00e8s aujourd'hui !","robots":{"index":"index","follow":"follow","max-snippet":"max-snippet:-1","max-image-preview":"max-image-preview:large","max-video-preview":"max-video-preview:-1"},"canonical":"https:\/\/beppy.com\/fr\/product\/beppy-hollow-tampon\/","og_locale":"fr_FR","og_type":"article","og_title":"Tampon Beppy Hollow","og_description":"Le Beppy Hollow Tampon\u00ae est le tout premier tampon r\u00e9utilisable et durable au monde ! Achetez le Beppy Hollow Tampon Pink d\u00e8s aujourd'hui !","og_url":"https:\/\/beppy.com\/fr\/product\/beppy-hollow-tampon\/","og_site_name":"Beppy","article_modified_time":"2025-12-03T22:14:28+00:00","og_image":[{"width":2400,"height":2400,"url":"https:\/\/beppy.com\/wp-content\/uploads\/2025\/06\/Beppy-Hollow-Tampon-2.webp","type":"image\/webp"}],"twitter_card":"summary_large_image","twitter_title":"Tampon Beppy Hollow","twitter_description":"Le Beppy Hollow Tampon\u00ae est le tout premier tampon r\u00e9utilisable et durable au monde ! Achetez le Beppy Hollow Tampon Pink d\u00e8s aujourd'hui !","twitter_misc":{"Disponibilit\u00e9":"En stock"},"schema":{"@context":"https:\/\/schema.org","@graph":[{"@type":"WebPage","@id":"https:\/\/beppy.com\/fr\/product\/beppy-hollow-tampon\/","url":"https:\/\/beppy.com\/fr\/product\/beppy-hollow-tampon\/","name":"Tampon Beppy Hollow | Beppy.com","isPartOf":{"@id":"https:\/\/beppy.com\/fr\/#website"},"primaryImageOfPage":{"@id":"https:\/\/beppy.com\/fr\/product\/beppy-hollow-tampon\/#primaryimage"},"image":{"@id":"https:\/\/beppy.com\/fr\/product\/beppy-hollow-tampon\/#primaryimage"},"thumbnailUrl":"https:\/\/beppy.com\/wp-content\/uploads\/2025\/06\/Beppy-Hollow-Tampon-2.webp","datePublished":"2025-05-08T11:05:45+00:00","dateModified":"2025-12-03T22:14:28+00:00","description":"Le Tampon Beppy Hollow\u00ae est le tout premier tampon r\u00e9utilisable et durable au monde ! Achetez le Tampon Beppy Hollow d\u00e8s aujourd'hui !","breadcrumb":{"@id":"https:\/\/beppy.com\/fr\/product\/beppy-hollow-tampon\/#breadcrumb"},"inLanguage":"fr-FR","potentialAction":[{"@type":"ReadAction","target":["https:\/\/beppy.com\/fr\/product\/beppy-hollow-tampon\/"]}]},{"@type":"ImageObject","inLanguage":"fr-FR","@id":"https:\/\/beppy.com\/fr\/product\/beppy-hollow-tampon\/#primaryimage","url":"https:\/\/beppy.com\/wp-content\/uploads\/2025\/06\/Beppy-Hollow-Tampon-2.webp","contentUrl":"https:\/\/beppy.com\/wp-content\/uploads\/2025\/06\/Beppy-Hollow-Tampon-2.webp","width":2400,"height":2400},{"@type":"BreadcrumbList","@id":"https:\/\/beppy.com\/fr\/product\/beppy-hollow-tampon\/#breadcrumb","itemListElement":[{"@type":"ListItem","position":1,"name":"Accueil","item":"https:\/\/beppy.com\/fr\/"},{"@type":"ListItem","position":2,"name":"Produits","item":"https:\/\/beppy.com\/fr\/shop\/"},{"@type":"ListItem","position":3,"name":"Tampon Beppy Hollow"}]},{"@type":"WebSite","@id":"https:\/\/beppy.com\/fr\/#website","url":"https:\/\/beppy.com\/fr\/","name":"Beppy","description":"Menstruatiecups, soft tampons en ondergoed","publisher":{"@id":"https:\/\/beppy.com\/fr\/#organization"},"potentialAction":[{"@type":"SearchAction","target":{"@type":"EntryPoint","urlTemplate":"https:\/\/beppy.com\/fr\/?s={search_term_string}"},"query-input":{"@type":"PropertyValueSpecification","valueRequired":true,"valueName":"search_term_string"}}],"inLanguage":"fr-FR"},{"@type":"Organization","@id":"https:\/\/beppy.com\/fr\/#organization","name":"Beppy","url":"https:\/\/beppy.com\/fr\/","logo":{"@type":"ImageObject","inLanguage":"fr-FR","@id":"https:\/\/beppy.com\/fr\/#\/schema\/logo\/image\/","url":"https:\/\/beppy.com\/wp-content\/uploads\/2024\/12\/cropped-Beppy_logo.png","contentUrl":"https:\/\/beppy.com\/wp-content\/uploads\/2024\/12\/cropped-Beppy_logo.png","width":241,"height":84,"caption":"Beppy"},"image":{"@id":"https:\/\/beppy.com\/fr\/#\/schema\/logo\/image\/"}}]},"og_availability":"instock","product_availability":"instock","product_condition":"new"},"_links":{"self":[{"href":"https:\/\/beppy.com\/fr\/wp-json\/wp\/v2\/product\/116707","targetHints":{"allow":["GET"]}}],"collection":[{"href":"https:\/\/beppy.com\/fr\/wp-json\/wp\/v2\/product"}],"about":[{"href":"https:\/\/beppy.com\/fr\/wp-json\/wp\/v2\/types\/product"}],"replies":[{"embeddable":true,"href":"https:\/\/beppy.com\/fr\/wp-json\/wp\/v2\/comments?post=116707"}],"wp:featuredmedia":[{"embeddable":true,"href":"https:\/\/beppy.com\/fr\/wp-json\/wp\/v2\/media\/117464"}],"wp:attachment":[{"href":"https:\/\/beppy.com\/fr\/wp-json\/wp\/v2\/media?parent=116707"}],"wp:term":[{"taxonomy":"product_brand","embeddable":true,"href":"https:\/\/beppy.com\/fr\/wp-json\/wp\/v2\/product_brand?post=116707"},{"taxonomy":"product_cat","embeddable":true,"href":"https:\/\/beppy.com\/fr\/wp-json\/wp\/v2\/product_cat?post=116707"},{"taxonomy":"product_tag","embeddable":true,"href":"https:\/\/beppy.com\/fr\/wp-json\/wp\/v2\/product_tag?post=116707"}],"curies":[{"name":"wp","href":"https:\/\/api.w.org\/{rel}","templated":true}]}}