{"id":116712,"date":"2018-06-25T10:53:58","date_gmt":"2018-06-25T08:53:58","guid":{"rendered":"https:\/\/beppy.com\/shop\/uncategorized\/tampons-secs-beppy-soft-comfort\/"},"modified":"2026-04-20T10:38:13","modified_gmt":"2026-04-20T08:38:13","slug":"beppy-tampons-doux-confort-secs","status":"publish","type":"product","link":"https:\/\/beppy.com\/fr\/product\/beppy-tampons-doux-confort-secs\/","title":{"rendered":"Tampons Beppy Soft + Comfort Soft"},"content":{"rendered":"<p>Les tampons Beppy Soft + Comfort Soft offrent aux femmes une exp\u00e9rience r\u00e9volutionnaire pendant leurs r\u00e8gles, contrairement aux tampons traditionnels. Ces tampons innovants offrent non seulement la libert\u00e9, mais aussi un sentiment de s\u00e9curit\u00e9 et de confiance. Gr\u00e2ce \u00e0 son mat\u00e9riau souple et flexible, le tampon Beppy s&rsquo;adapte enti\u00e8rement \u00e0 votre corps, garantissant un confort maximal et r\u00e9duisant le risque de fuites.  <\/p>\n<p>Lorsque vous utilisez un tampon \u00e9ponge pour la premi\u00e8re fois, il est recommand\u00e9 de commencer par <a href=\"https:\/\/www.beppy.com\/product\/tampon-met-lacatagel-beppy-soft-comfort-tampons-wet\/\">Beppy WET<\/a>. La version Beppy Wet contient un gel de lactose qui facilite l&rsquo;insertion du tampon. Ce gel pr\u00e9serve l&rsquo;acidit\u00e9 naturelle de votre vagin, cr\u00e9ant ainsi un environnement sain.  <\/p>\n<p>L&rsquo;utilisation d&rsquo;un Beppy pendant les rapports sexuels ne peut pas emp\u00eacher une grossesse ; le Beppy n&rsquo;est pas un contraceptif. Apr\u00e8s un rapport sexuel, attendez un peu avant de retirer le Beppy lorsque votre corps est \u00e0 nouveau au repos. Le retrait demande un peu d&rsquo;entra\u00eenement, mais se fait ensuite sans probl\u00e8me. N&rsquo;utilisez pas Beppy lorsque l&rsquo;hymen est intact et pas plus de 8 heures. La dur\u00e9e minimale d&rsquo;utilisation varie en fonction des menstruations.    <\/p>\n<h2><strong>Alternative aux tampons ordinaires<\/strong><\/h2>\n<p>Le tampon Beppy Soft + Comfort n&rsquo;est pas seulement une excellente alternative aux tampons traditionnels, il convient \u00e9galement \u00e0 de nombreuses autres occasions. Avec les tampons Beppy, vous pouvez m\u00eame avoir des relations sexuelles pendant vos r\u00e8gles sans que votre partenaire s&rsquo;en aper\u00e7oive. De plus, l&rsquo;absence de ficelle offre une libert\u00e9 maximale pendant la baignade, le sauna, le sport, les sorties nocturnes ou m\u00eame les rapports sexuels.  <\/p>\n<h3><strong>D\u00e9couvrez les atouts des tampons Beppy Soft + Comfort Soft<\/strong><\/h3>\n<ul>\n<li>Plus de libert\u00e9 pendant vos r\u00e8gles avec Beppy !<\/li>\n<li>Faire du sport, nager, aller au sauna ou \u00eatre intime, tout est possible.<\/li>\n<li>Pas de ficelle g\u00eanante, mais une boucle de retrait pratique.<\/li>\n<li>La coupe est souple et tr\u00e8s confortable, elle \u00e9pouse les formes de votre corps.<\/li>\n<li>Pas d&rsquo;odeur d\u00e9sagr\u00e9able.<\/li>\n<li>Mat\u00e9riau hygi\u00e9nique et respectueux de la peau.<\/li>\n<\/ul>\n<h4>Comment l&rsquo;utiliser ?<\/h4>\n<ul>\n<li>Pliez le tampon et ins\u00e9rez-le.<\/li>\n<li>A l&rsquo;aide de votre doigt, poussez le tampon dans la bonne position.<\/li>\n<li>Le tampon Beppy s&rsquo;adapte \u00e0 la forme de votre corps, il est donc toujours confortable.<\/li>\n<li>Comme le tampon Beppy n&rsquo;a pas de ficelle, il est invisible et vous ne le sentez pas.<\/li>\n<li>Profitez de 8 heures de protection et retirez facilement le tampon gr\u00e2ce \u00e0 la boucle de retrait pratique ou avec deux doigts gr\u00e2ce \u00e0 la poign\u00e9e pince.<\/li>\n<li>Le tampon Beppy ne peut pas dispara\u00eetre dans votre corps, ce qui vous permet de profiter de votre journ\u00e9e en toute tranquillit\u00e9.<\/li>\n<\/ul>\n<h5><strong>Qualit\u00e9 garantie<\/strong><\/h5>\n<p>D\u00e9velopp\u00e9 par des gyn\u00e9cologues et soigneusement test\u00e9, le tampon Beppy offre une qualit\u00e9 sup\u00e9rieure. Fabriqu\u00e9 dans un mat\u00e9riau non toxique et respectueux de la peau et test\u00e9 selon la norme OEKO-TEX\u00ae, il offre une exp\u00e9rience s\u00fbre et hygi\u00e9nique. <\/p>\n<h6>R\u00e8glement de l&rsquo;UE<\/h6>\n<p>Conform\u00e9ment \u00e0 la r\u00e9glementation europ\u00e9enne sur les plastiques jetables, il est obligatoire d \u00ab \u00e9tiqueter les tampons, ainsi que 99 % de tous les tampons conventionnels, serviettes hygi\u00e9niques, lingettes humides, etc., \u00e0 partir du 3 juillet 2021. Les produits jetables, y compris les tampons, sont souvent \u00e9limin\u00e9s de mani\u00e8re incorrecte, ce qui entra\u00eene une pollution importante. Le label rouge\/bleu vise \u00e0 sensibiliser et \u00e0 informer le public sur ce probl\u00e8me. Actuellement, le graphisme a d\u00e9j\u00e0 \u00e9t\u00e9 adapt\u00e9 \u00e0 la nouvelle r\u00e9glementation, et nous fournirons des versions avec l \u00bb \u00e9tiquetage mis \u00e0 jour \u00e0 l&rsquo;avenir.   <\/p>\n","protected":false},"excerpt":{"rendered":"<p class=\"ai-optimize-21 ai-optimize-introduction\">Les tampons secs Beppy Soft + Comfort sont une alternative parfaite aux tampons ordinaires. Pas de ficelle, mati\u00e8re douce et flexible ! <\/p>\n","protected":false},"featured_media":117707,"comment_status":"open","ping_status":"closed","template":"","meta":{"_acf_changed":false},"product_brand":[],"product_cat":[194,190],"product_tag":[],"class_list":{"0":"post-116712","1":"product","2":"type-product","3":"status-publish","4":"has-post-thumbnail","6":"product_cat-tampons-beppy","7":"product_cat-tous-les-produits","9":"first","10":"instock","11":"taxable","12":"shipping-taxable","13":"purchasable","14":"product-type-variable"},"bundled_by":[],"bundle_stock_status":"instock","bundle_stock_quantity":null,"bundle_virtual":false,"bundle_layout":"","bundle_add_to_cart_form_location":"","bundle_editable_in_cart":false,"bundle_sold_individually_context":"","bundle_item_grouping":"","bundle_min_size":"","bundle_max_size":"","bundle_price":[],"bundled_items":[],"bundle_sell_ids":[],"acf":[],"yoast_head":"<!-- This site is optimized with the Yoast SEO Premium plugin v27.4 (Yoast SEO v27.4) - https:\/\/yoast.com\/product\/yoast-seo-premium-wordpress\/ -->\n<title>Beppy Soft + Comfort Tampons Dry | Beppy.com<\/title>\n<meta name=\"description\" content=\"Les tampons secs Beppy Soft + Comfort sont une alternative parfaite aux tampons ordinaires. Pas de ficelle, mati\u00e8re douce et flexible. Commandez en ligne !\" \/>\n<meta name=\"robots\" content=\"index, follow, max-snippet:-1, max-image-preview:large, max-video-preview:-1\" \/>\n<link rel=\"canonical\" href=\"https:\/\/beppy.com\/fr\/product\/beppy-tampons-doux-confort-secs\/\" \/>\n<meta property=\"og:locale\" content=\"fr_FR\" \/>\n<meta property=\"og:type\" content=\"article\" \/>\n<meta property=\"og:title\" content=\"Tampons Beppy Soft + Comfort Soft\" \/>\n<meta property=\"og:description\" content=\"Les tampons secs Beppy Soft + Comfort sont une alternative parfaite aux tampons ordinaires. Pas de ficelle, mati\u00e8re douce et flexible. Commandez en ligne !\" \/>\n<meta property=\"og:url\" content=\"https:\/\/beppy.com\/fr\/product\/beppy-tampons-doux-confort-secs\/\" \/>\n<meta property=\"og:site_name\" content=\"Beppy\" \/>\n<meta property=\"article:modified_time\" content=\"2026-04-20T08:38:13+00:00\" \/>\n<meta property=\"og:image\" content=\"https:\/\/beppy.com\/wp-content\/uploads\/2018\/11\/Beppy-Soft-Comfort-Tampons-Droog-2-1.webp\" \/>\n\t<meta property=\"og:image:width\" content=\"2400\" \/>\n\t<meta property=\"og:image:height\" content=\"2400\" \/>\n\t<meta property=\"og:image:type\" content=\"image\/webp\" \/>\n<meta name=\"twitter:card\" content=\"summary_large_image\" \/>\n<meta name=\"twitter:label1\" content=\"Disponibilit\u00e9\" \/>\n\t<meta name=\"twitter:data1\" content=\"En stock\" \/>\n<script type=\"application\/ld+json\" class=\"yoast-schema-graph\">{\"@context\":\"https:\\\/\\\/schema.org\",\"@graph\":[{\"@type\":\"WebPage\",\"@id\":\"https:\\\/\\\/beppy.com\\\/fr\\\/product\\\/beppy-tampons-doux-confort-secs\\\/\",\"url\":\"https:\\\/\\\/beppy.com\\\/fr\\\/product\\\/beppy-tampons-doux-confort-secs\\\/\",\"name\":\"Beppy Soft + Comfort Tampons Dry | Beppy.com\",\"isPartOf\":{\"@id\":\"https:\\\/\\\/beppy.com\\\/fr\\\/#website\"},\"primaryImageOfPage\":{\"@id\":\"https:\\\/\\\/beppy.com\\\/fr\\\/product\\\/beppy-tampons-doux-confort-secs\\\/#primaryimage\"},\"image\":{\"@id\":\"https:\\\/\\\/beppy.com\\\/fr\\\/product\\\/beppy-tampons-doux-confort-secs\\\/#primaryimage\"},\"thumbnailUrl\":\"https:\\\/\\\/beppy.com\\\/wp-content\\\/uploads\\\/2018\\\/11\\\/Beppy-Soft-Comfort-Tampons-Droog-2-1.webp\",\"datePublished\":\"2018-06-25T08:53:58+00:00\",\"dateModified\":\"2026-04-20T08:38:13+00:00\",\"description\":\"Les tampons secs Beppy Soft + Comfort sont une alternative parfaite aux tampons ordinaires. Pas de ficelle, mati\u00e8re douce et flexible. Commandez en ligne !\",\"breadcrumb\":{\"@id\":\"https:\\\/\\\/beppy.com\\\/fr\\\/product\\\/beppy-tampons-doux-confort-secs\\\/#breadcrumb\"},\"inLanguage\":\"fr-FR\",\"potentialAction\":[{\"@type\":\"ReadAction\",\"target\":[\"https:\\\/\\\/beppy.com\\\/fr\\\/product\\\/beppy-tampons-doux-confort-secs\\\/\"]}]},{\"@type\":\"ImageObject\",\"inLanguage\":\"fr-FR\",\"@id\":\"https:\\\/\\\/beppy.com\\\/fr\\\/product\\\/beppy-tampons-doux-confort-secs\\\/#primaryimage\",\"url\":\"https:\\\/\\\/beppy.com\\\/wp-content\\\/uploads\\\/2018\\\/11\\\/Beppy-Soft-Comfort-Tampons-Droog-2-1.webp\",\"contentUrl\":\"https:\\\/\\\/beppy.com\\\/wp-content\\\/uploads\\\/2018\\\/11\\\/Beppy-Soft-Comfort-Tampons-Droog-2-1.webp\",\"width\":2400,\"height\":2400,\"caption\":\"Tampons Beppy Soft + Comfort Dry 2\"},{\"@type\":\"BreadcrumbList\",\"@id\":\"https:\\\/\\\/beppy.com\\\/fr\\\/product\\\/beppy-tampons-doux-confort-secs\\\/#breadcrumb\",\"itemListElement\":[{\"@type\":\"ListItem\",\"position\":1,\"name\":\"Accueil\",\"item\":\"https:\\\/\\\/beppy.com\\\/fr\\\/accueil-2\\\/\"},{\"@type\":\"ListItem\",\"position\":2,\"name\":\"Produits\",\"item\":\"https:\\\/\\\/beppy.com\\\/fr\\\/shop\\\/\"},{\"@type\":\"ListItem\",\"position\":3,\"name\":\"Tampons Beppy Soft + Comfort Soft\"}]},{\"@type\":\"WebSite\",\"@id\":\"https:\\\/\\\/beppy.com\\\/fr\\\/#website\",\"url\":\"https:\\\/\\\/beppy.com\\\/fr\\\/\",\"name\":\"Beppy\",\"description\":\"Menstruatiecups, soft tampons en ondergoed\",\"publisher\":{\"@id\":\"https:\\\/\\\/beppy.com\\\/fr\\\/#organization\"},\"potentialAction\":[{\"@type\":\"SearchAction\",\"target\":{\"@type\":\"EntryPoint\",\"urlTemplate\":\"https:\\\/\\\/beppy.com\\\/fr\\\/?s={search_term_string}\"},\"query-input\":{\"@type\":\"PropertyValueSpecification\",\"valueRequired\":true,\"valueName\":\"search_term_string\"}}],\"inLanguage\":\"fr-FR\"},{\"@type\":\"Organization\",\"@id\":\"https:\\\/\\\/beppy.com\\\/fr\\\/#organization\",\"name\":\"Beppy\",\"url\":\"https:\\\/\\\/beppy.com\\\/fr\\\/\",\"logo\":{\"@type\":\"ImageObject\",\"inLanguage\":\"fr-FR\",\"@id\":\"https:\\\/\\\/beppy.com\\\/fr\\\/#\\\/schema\\\/logo\\\/image\\\/\",\"url\":\"https:\\\/\\\/beppy.com\\\/wp-content\\\/uploads\\\/2024\\\/12\\\/cropped-Beppy_logo.png\",\"contentUrl\":\"https:\\\/\\\/beppy.com\\\/wp-content\\\/uploads\\\/2024\\\/12\\\/cropped-Beppy_logo.png\",\"width\":241,\"height\":84,\"caption\":\"Beppy\"},\"image\":{\"@id\":\"https:\\\/\\\/beppy.com\\\/fr\\\/#\\\/schema\\\/logo\\\/image\\\/\"}}]}<\/script>\n<meta property=\"og:availability\" content=\"instock\" \/>\n<meta property=\"product:availability\" content=\"instock\" \/>\n<meta property=\"product:condition\" content=\"new\" \/>\n<!-- \/ Yoast SEO Premium plugin. -->","yoast_head_json":{"title":"Beppy Soft + Comfort Tampons Dry | Beppy.com","description":"Les tampons secs Beppy Soft + Comfort sont une alternative parfaite aux tampons ordinaires. Pas de ficelle, mati\u00e8re douce et flexible. Commandez en ligne !","robots":{"index":"index","follow":"follow","max-snippet":"max-snippet:-1","max-image-preview":"max-image-preview:large","max-video-preview":"max-video-preview:-1"},"canonical":"https:\/\/beppy.com\/fr\/product\/beppy-tampons-doux-confort-secs\/","og_locale":"fr_FR","og_type":"article","og_title":"Tampons Beppy Soft + Comfort Soft","og_description":"Les tampons secs Beppy Soft + Comfort sont une alternative parfaite aux tampons ordinaires. Pas de ficelle, mati\u00e8re douce et flexible. Commandez en ligne !","og_url":"https:\/\/beppy.com\/fr\/product\/beppy-tampons-doux-confort-secs\/","og_site_name":"Beppy","article_modified_time":"2026-04-20T08:38:13+00:00","og_image":[{"width":2400,"height":2400,"url":"https:\/\/beppy.com\/wp-content\/uploads\/2018\/11\/Beppy-Soft-Comfort-Tampons-Droog-2-1.webp","type":"image\/webp"}],"twitter_card":"summary_large_image","twitter_misc":{"Disponibilit\u00e9":"En stock"},"schema":{"@context":"https:\/\/schema.org","@graph":[{"@type":"WebPage","@id":"https:\/\/beppy.com\/fr\/product\/beppy-tampons-doux-confort-secs\/","url":"https:\/\/beppy.com\/fr\/product\/beppy-tampons-doux-confort-secs\/","name":"Beppy Soft + Comfort Tampons Dry | Beppy.com","isPartOf":{"@id":"https:\/\/beppy.com\/fr\/#website"},"primaryImageOfPage":{"@id":"https:\/\/beppy.com\/fr\/product\/beppy-tampons-doux-confort-secs\/#primaryimage"},"image":{"@id":"https:\/\/beppy.com\/fr\/product\/beppy-tampons-doux-confort-secs\/#primaryimage"},"thumbnailUrl":"https:\/\/beppy.com\/wp-content\/uploads\/2018\/11\/Beppy-Soft-Comfort-Tampons-Droog-2-1.webp","datePublished":"2018-06-25T08:53:58+00:00","dateModified":"2026-04-20T08:38:13+00:00","description":"Les tampons secs Beppy Soft + Comfort sont une alternative parfaite aux tampons ordinaires. Pas de ficelle, mati\u00e8re douce et flexible. Commandez en ligne !","breadcrumb":{"@id":"https:\/\/beppy.com\/fr\/product\/beppy-tampons-doux-confort-secs\/#breadcrumb"},"inLanguage":"fr-FR","potentialAction":[{"@type":"ReadAction","target":["https:\/\/beppy.com\/fr\/product\/beppy-tampons-doux-confort-secs\/"]}]},{"@type":"ImageObject","inLanguage":"fr-FR","@id":"https:\/\/beppy.com\/fr\/product\/beppy-tampons-doux-confort-secs\/#primaryimage","url":"https:\/\/beppy.com\/wp-content\/uploads\/2018\/11\/Beppy-Soft-Comfort-Tampons-Droog-2-1.webp","contentUrl":"https:\/\/beppy.com\/wp-content\/uploads\/2018\/11\/Beppy-Soft-Comfort-Tampons-Droog-2-1.webp","width":2400,"height":2400,"caption":"Tampons Beppy Soft + Comfort Dry 2"},{"@type":"BreadcrumbList","@id":"https:\/\/beppy.com\/fr\/product\/beppy-tampons-doux-confort-secs\/#breadcrumb","itemListElement":[{"@type":"ListItem","position":1,"name":"Accueil","item":"https:\/\/beppy.com\/fr\/accueil-2\/"},{"@type":"ListItem","position":2,"name":"Produits","item":"https:\/\/beppy.com\/fr\/shop\/"},{"@type":"ListItem","position":3,"name":"Tampons Beppy Soft + Comfort Soft"}]},{"@type":"WebSite","@id":"https:\/\/beppy.com\/fr\/#website","url":"https:\/\/beppy.com\/fr\/","name":"Beppy","description":"Menstruatiecups, soft tampons en ondergoed","publisher":{"@id":"https:\/\/beppy.com\/fr\/#organization"},"potentialAction":[{"@type":"SearchAction","target":{"@type":"EntryPoint","urlTemplate":"https:\/\/beppy.com\/fr\/?s={search_term_string}"},"query-input":{"@type":"PropertyValueSpecification","valueRequired":true,"valueName":"search_term_string"}}],"inLanguage":"fr-FR"},{"@type":"Organization","@id":"https:\/\/beppy.com\/fr\/#organization","name":"Beppy","url":"https:\/\/beppy.com\/fr\/","logo":{"@type":"ImageObject","inLanguage":"fr-FR","@id":"https:\/\/beppy.com\/fr\/#\/schema\/logo\/image\/","url":"https:\/\/beppy.com\/wp-content\/uploads\/2024\/12\/cropped-Beppy_logo.png","contentUrl":"https:\/\/beppy.com\/wp-content\/uploads\/2024\/12\/cropped-Beppy_logo.png","width":241,"height":84,"caption":"Beppy"},"image":{"@id":"https:\/\/beppy.com\/fr\/#\/schema\/logo\/image\/"}}]},"og_availability":"instock","product_availability":"instock","product_condition":"new"},"_links":{"self":[{"href":"https:\/\/beppy.com\/fr\/wp-json\/wp\/v2\/product\/116712","targetHints":{"allow":["GET"]}}],"collection":[{"href":"https:\/\/beppy.com\/fr\/wp-json\/wp\/v2\/product"}],"about":[{"href":"https:\/\/beppy.com\/fr\/wp-json\/wp\/v2\/types\/product"}],"replies":[{"embeddable":true,"href":"https:\/\/beppy.com\/fr\/wp-json\/wp\/v2\/comments?post=116712"}],"wp:featuredmedia":[{"embeddable":true,"href":"https:\/\/beppy.com\/fr\/wp-json\/wp\/v2\/media\/117707"}],"wp:attachment":[{"href":"https:\/\/beppy.com\/fr\/wp-json\/wp\/v2\/media?parent=116712"}],"wp:term":[{"taxonomy":"product_brand","embeddable":true,"href":"https:\/\/beppy.com\/fr\/wp-json\/wp\/v2\/product_brand?post=116712"},{"taxonomy":"product_cat","embeddable":true,"href":"https:\/\/beppy.com\/fr\/wp-json\/wp\/v2\/product_cat?post=116712"},{"taxonomy":"product_tag","embeddable":true,"href":"https:\/\/beppy.com\/fr\/wp-json\/wp\/v2\/product_tag?post=116712"}],"curies":[{"name":"wp","href":"https:\/\/api.w.org\/{rel}","templated":true}]}}