{"id":116757,"date":"2025-05-08T13:27:26","date_gmt":"2025-05-08T11:27:26","guid":{"rendered":"https:\/\/beppy.com\/?post_type=product&#038;p=116757"},"modified":"2026-04-20T10:37:38","modified_gmt":"2026-04-20T08:37:38","slug":"beppy-coffret-menstruel-cotton-candy","status":"publish","type":"product","link":"https:\/\/beppy.com\/fr\/product\/beppy-coffret-menstruel-cotton-candy\/","title":{"rendered":"Set menstruel Beppy Cotton Candy"},"content":{"rendered":"<p>Compl\u00e9tez votre rituel menstruel avec notre set menstruel Beppy Cotton Candy et \u00e9conomisez 15%, par exemple ! Ce set comprend la coupe Beppy, le savon neutre pour coupe et le st\u00e9rilisateur Beppy - tout ce dont vous avez besoin pour une hygi\u00e8ne et un confort optimaux. <\/p>\n<h2><span style=\"vertical-align: inherit;\"><span style=\"vertical-align: inherit;\"><span style=\"vertical-align: inherit;\"><span style=\"vertical-align: inherit;\"><span style=\"vertical-align: inherit;\">Produit 1 du set menstruel Beppy Cotton Candy : Beppy Cup Wonder<\/span><\/span><\/span><\/span><\/span><\/h2>\n<p>Par exemple, le premier produit du set menstruel Beppy Cotton Candy est notre Beppy Cup, une coupe menstruelle innovante qui vous assure une libert\u00e9 maximale pendant vos r\u00e8gles. Le mat\u00e9riau flexible s&rsquo;adapte \u00e0 votre corps et minimise le risque de fuite. La coupe est disponible dans la combinaison de couleurs Wonder (violet\/turquoise) et est accompagn\u00e9e d&rsquo;une pochette en silicone, d&rsquo;une bo\u00eete illustr\u00e9e et de deux pochettes en coton.  <\/p>\n<h3><span style=\"vertical-align: inherit;\"><strong>Tous les avantages en un coup d&rsquo;\u0153il :<\/strong><\/span><\/h3>\n<div class=\"flex max-w-full flex-col flex-grow\">\n<div class=\"min-h-[20px] text-message flex w-full flex-col items-end gap-2 whitespace-pre-wrap break-words [.text-message+&amp;]:mt-5 overflow-x-auto\" dir=\"auto\" data-message-author-role=\"assistant\" data-message-id=\"b2c0c00a-4e43-4844-a8ca-39d5db080a85\">\n<div class=\"flex w-full flex-col gap-1 empty:hidden first:pt-[3px]\">\n<div class=\"markdown prose w-full break-words dark:prose-invert dark\">\n<ul>\n<li><strong>Libert\u00e9 et confort<\/strong>: la Beppy Cup offre une libert\u00e9 maximale pendant vos r\u00e8gles, vous permettant de faire de l&rsquo;exercice, de nager, d&rsquo;aller au sauna et m\u00eame de partager des moments intimes sans g\u00eane.<\/li>\n<li><strong>Conception innovante<\/strong>: au lieu d&rsquo;une tige, le gobelet Beppy Cup est dot\u00e9 d&rsquo;une boucle de retrait pratique, ce qui rend le retrait facile et confortable.<\/li>\n<li>Souple <strong>et flexible<\/strong>: le mat\u00e9riau souple du bonnet s&rsquo;adapte parfaitement \u00e0 votre corps pour un confort in\u00e9gal\u00e9.<\/li>\n<li><strong>Pas d&rsquo;odeurs d\u00e9s<\/strong>agr\u00e9ables : le gobelet est con\u00e7u pour ne pas provoquer d&rsquo;odeurs d\u00e9sagr\u00e9ables.<\/li>\n<li><strong>Qualit\u00e9 m\u00e9dicale<\/strong>: notre c<span style=\"vertical-align: inherit;\">up a \u00e9t\u00e9 d\u00e9velopp\u00e9 par des femmes pour des femmes et a \u00e9t\u00e9 soigneusement test\u00e9 dermatologiquement et cliniquement. Il est fabriqu\u00e9 en silicone m\u00e9dical non toxique et respectueux de la peau.   <\/span>Le produit est fabriqu\u00e9 de mani\u00e8re hygi\u00e9nique sous surveillance constante conform\u00e9ment \u00e0 la norme internationale ISO 13485:2016 (certification des dispositifs m\u00e9dicaux).<\/li>\n<li><strong>Bord anti-fuite<\/strong>: l&rsquo;int\u00e9rieur du gobelet est dot\u00e9 d&rsquo;un bord anti-fuite qui minimise le risque de fuite.<\/li>\n<li><strong>Hygi\u00e8ne<\/strong>: disponible par lot de deux pour r\u00e9duire le risque de syndrome de choc toxique ; gardez toujours un gobelet propre et st\u00e9rilis\u00e9 \u00e0 port\u00e9e de main.<\/li>\n<\/ul>\n<\/div>\n<\/div>\n<\/div>\n<\/div>\n<p><span style=\"vertical-align: inherit;\"><span style=\"vertical-align: inherit;\"><span style=\"vertical-align: inherit;\"><span style=\"vertical-align: inherit;\">La Beppy Cup est la coupe menstruelle Beppy Cup et est disponible en une seule taille.  <\/span><\/span><\/span><span style=\"vertical-align: inherit;\"><span style=\"vertical-align: inherit;\"><span style=\"vertical-align: inherit;\">Il s&rsquo;agit d&rsquo;une taille interm\u00e9diaire, similaire \u00e0 la taille S\/M des bonnets conventionnels.  <\/span><\/span><\/span><span style=\"vertical-align: inherit;\"><span style=\"vertical-align: inherit;\"><span style=\"vertical-align: inherit;\">Le diam\u00e8tre de la partie sup\u00e9rieure est de 4,5 cm. Le diam\u00e8tre de la partie inf\u00e9rieure est de 3,5 cm et la longueur totale du gobelet est de 6 cm (y compris la boucle d&rsquo;extraction de 1,5 cm).   <\/span><\/span><\/span><span style=\"vertical-align: inherit;\"><span style=\"vertical-align: inherit;\"><span style=\"vertical-align: inherit;\">Le choix de la coupe menstruelle d\u00e9pend de l&rsquo;anatomie de chaque femme.  <\/span><\/span><\/span><span style=\"vertical-align: inherit;\"><span style=\"vertical-align: inherit;\"><span style=\"vertical-align: inherit;\">Le gobelet Beppy a une capacit\u00e9 g\u00e9n\u00e9reuse : 25 ml au niveau du bord anti-fuite et 30 ml au niveau du bord sup\u00e9rieur.<\/span><\/span><\/span><\/span><\/p>\n<h4><strong>Comment ins\u00e9rer un gobelet Beppy ?<\/strong><\/h4>\n<ol>\n<li>Pliez la coupe Beppy et ins\u00e9rez-la d\u00e9licatement dans votre vagin. L&rsquo;insertion demande un peu de pratique. <\/li>\n<li>Poussez le gobelet plus loin avec deux doigts ; le gobelet ne doit pas dispara\u00eetre dans votre corps.<\/li>\n<li>La mati\u00e8re souple s&rsquo;adapte \u00e0 votre corps. V\u00e9rifiez que le bonnet est compl\u00e8tement ouvert en touchant le fond ; il doit \u00eatre plat au toucher. <\/li>\n<li>Portez le bonnet pendant 8 heures au maximum.<\/li>\n<\/ol>\n<p><strong>Retrait<\/strong>: Placez votre index entre la cupule et la paroi vaginale, utilisez un autre doigt pour saisir la boucle. Cassez le vide en poussant sur le c\u00f4t\u00e9 de la cupule, par exemple, et tirez doucement la cupule \u00e0 travers la boucle.   <span style=\"vertical-align: inherit;\">Apr\u00e8s un rapport sexuel, attendez toujours un peu avant de retirer la coupe Beppy, jusqu&rsquo;\u00e0 ce que votre vagin ait retrouv\u00e9 sa forme \"normale\".  <\/span><\/p>\n<h5><span style=\"vertical-align: inherit;\"><span style=\"vertical-align: inherit;\">Produit 2 - <span data-contrast=\"auto\"><span style=\"vertical-align: inherit;\">Savon neutre en coupe<\/span><\/span> (120 ml)<\/span><\/span><\/h5>\n<p>Le deuxi\u00e8me produit de notre set menstruel Beppy est le Neutral Cup Soap, parfait pour nettoyer soigneusement et naturellement votre coupe menstruelle. Ce savon doux au parfum rafra\u00eechissant de th\u00e9 vert prend soin de votre coupe et prolonge sa dur\u00e9e de vie en pr\u00e9venant les bact\u00e9ries. <\/p>\n<p><strong>Pourquoi utiliser le savon neutre ?<\/strong><\/p>\n<ul>\n<li><strong>Prot\u00e8ge le silicone<\/strong>: Emp\u00eache la prolif\u00e9ration des bact\u00e9ries et prolonge la dur\u00e9e de vie de votre gobelet, par exemple.<\/li>\n<li><strong>Doux et s\u00fbr<\/strong>: incolore, transparent et non irritant pour un nettoyage en profondeur sans risque d&rsquo;infection.<\/li>\n<\/ul>\n<p><strong>Utilisation<\/strong>:<\/p>\n<ol>\n<li>Appliquez d&rsquo;abord 1 \u00e0 2 gouttes de savon sur la coupe menstruelle.<\/li>\n<li>Frottez doucement avec de l&rsquo;eau propre.<\/li>\n<li>Rincez \u00e0 l&rsquo;eau froide.<\/li>\n<\/ol>\n<p><strong><span style=\"vertical-align: inherit;\"><span style=\"vertical-align: inherit;\"><span style=\"vertical-align: inherit;\"><span style=\"vertical-align: inherit;\">Ingr\u00e9dients<\/span><\/span><\/span><\/span><\/strong><\/p>\n<p><span data-contrast=\"auto\"><span style=\"vertical-align: inherit;\"><span style=\"vertical-align: inherit;\">Eau, laureth sulfate de sodium, d\u00e9cyl glucoside, lauryl hydroxysulfate, chlorure de sodium, m\u00e9thyl cocoyl taurate de sodium, cocamidopropyl b\u00e9ta\u00efne, cocamide MEA, essence, DMDM hydanto\u00efne, EDTA disodique.<\/span><\/span><\/span><\/p>\n<h3><span style=\"vertical-align: inherit;\"><span style=\"vertical-align: inherit;\">Produit 3 - <span style=\"vertical-align: inherit;\">St\u00e9rilisateur Steam+ de Beppy<\/span><\/span><\/span><\/h3>\n<p>Le st\u00e9rilisateur Beppy Steam+ vous permet de st\u00e9riliser facilement votre coupe menstruelle en appuyant simplement sur un bouton. Il \u00e9limine jusqu&rsquo;\u00e0 99,9 % des bact\u00e9ries, champignons et virus en utilisant de l&rsquo;eau bouillante et de la vapeur. <\/p>\n<p><strong>D\u00e9sinfectez en 4 \u00e9tapes simples :<\/strong><\/p>\n<ol>\n<li>Remplissez le st\u00e9rilisateur d&rsquo;eau jusqu&rsquo;\u00e0 la limite indiqu\u00e9e.<\/li>\n<li>Placez votre coupe menstruelle dans le st\u00e9rilisateur.<\/li>\n<li>Appuyez sur le bouton et attendez 6 \u00e0 8 minutes.<\/li>\n<li>\u00c9teignez ou d\u00e9branchez d\u00e9j\u00e0 l&rsquo;appareil apr\u00e8s la d\u00e9sinfection et rangez-le dans un endroit sec.<\/li>\n<\/ol>\n<p>V\u00e9rifiez toujours que votre produit peut supporter jusqu&rsquo;\u00e0 100\u00b0C avant de le st\u00e9riliser.<\/p>\n<p><strong>Notes :  <\/strong><\/p>\n<ul>\n<li>Laissez le couvercle refroidir apr\u00e8s utilisation car il peut \u00eatre chaud.<\/li>\n<li>Le st\u00e9rilisateur s&rsquo;arr\u00eate automatiquement lorsque l&rsquo;eau s&rsquo;est ass\u00e9ch\u00e9e.<\/li>\n<li>Laissez l&rsquo;appareil refroidir compl\u00e8tement lorsque vous l&rsquo;ouvrez.<\/li>\n<li>Par exemple, ne d\u00e9montez jamais l&rsquo;appareil et n&rsquo;essayez pas de le r\u00e9parer vous-m\u00eame en cas de dommage.<\/li>\n<\/ul>\n<p><strong>Mesures de s\u00e9curit\u00e9<\/strong>:<\/p>\n<ul>\n<li><strong>Fermez le couvercle<\/strong>: Maintenez \u00e9galement le couvercle ferm\u00e9 pendant l&rsquo;utilisation afin d&rsquo;\u00e9viter les br\u00fblures caus\u00e9es par l&rsquo;eau bouillante et la vapeur. Tenez les enfants \u00e0 l&rsquo;\u00e9cart de l&rsquo;appareil. <\/li>\n<li><strong>\u00c9vitez les \u00e9vents de vapeur<\/strong>: Ne vous approchez pas des \u00e9vents de vapeur pour \u00e9viter les br\u00fblures.<\/li>\n<li><strong>Utilisez des objets r\u00e9sistants \u00e0 la chaleur<\/strong>: Ne placez que des objets r\u00e9sistants \u00e0 la chaleur dans le st\u00e9rilisateur pour \u00e9viter de l&rsquo;endommager.<\/li>\n<li><strong>Alimentation \u00e9lectrique<\/strong>: Par exemple, d\u00e9branchez l&rsquo;appareil avant de le nettoyer. Nettoyez le gobelet avec un chiffon propre et \u00e9vitez les solvants organiques tels que l&rsquo;essence. <\/li>\n<\/ul>\n<p>La taille compacte du cuiseur vapeur Beppy le rend id\u00e9al pour la maison et les voyages. Sa conception \u00e0 double paroi, en polypropyl\u00e8ne (PP) r\u00e9sistant \u00e0 la chaleur et \u00e0 la corrosion, garantit que l&rsquo;ext\u00e9rieur de l&rsquo;appareil reste frais pendant l&rsquo;utilisation. <\/p>\n<p>Commandez le set menstruel Beppy Cotton Candy aujourd&rsquo;hui et b\u00e9n\u00e9ficiez de 15% de r\u00e9duction !<\/p>\n","protected":false},"excerpt":{"rendered":"<p class=\"ai-optimize-24 ai-optimize-introduction\">Compl\u00e9tez votre rituel menstruel avec notre set menstruel Beppy et \u00e9conomisez 15% ! Ce set comprend la Beppy Cup, le Neutral Cup Soap et le Beppy Steriliser - tout ce dont vous avez besoin pour une hygi\u00e8ne et un confort optimaux ! <\/p>\n","protected":false},"featured_media":117431,"comment_status":"open","ping_status":"closed","template":"","meta":{"_acf_changed":false},"product_brand":[],"product_cat":[200,192,205,190],"product_tag":[],"class_list":{"0":"post-116757","1":"product","2":"type-product","3":"status-publish","4":"has-post-thumbnail","6":"product_cat-coupe-menstruelle-beppy","7":"product_cat-entretien-des-produits-beppy","8":"product_cat-kit-menstruel-beppy","9":"product_cat-tous-les-produits","11":"first","12":"instock","13":"sale","14":"taxable","15":"shipping-taxable","16":"purchasable","17":"product-type-bundle"},"bundled_by":[],"bundle_stock_status":"instock","bundle_stock_quantity":21,"bundle_virtual":false,"bundle_layout":"default","bundle_add_to_cart_form_location":"default","bundle_editable_in_cart":false,"bundle_sold_individually_context":"product","bundle_item_grouping":"parent","bundle_min_size":"","bundle_max_size":"","bundle_price":{"price":{"min":{"incl_tax":"69.95","excl_tax":"57.809917"},"max":{"incl_tax":"69.95","excl_tax":"57.809917"}},"regular_price":{"min":{"incl_tax":"82.35","excl_tax":"68.057851"},"max":{"incl_tax":"82.35","excl_tax":"68.057851"}}},"bundled_items":[{"bundled_item_id":49,"product_id":116519,"menu_order":0,"quantity_min":1,"quantity_max":1,"quantity_default":1,"priced_individually":false,"shipped_individually":false,"override_title":false,"title":"Coupe menstruelle Beppy 2 pi\u00e8ces","override_description":false,"description":"Coupe menstruelle Beppy 2 pi\u00e8ces","optional":false,"hide_thumbnail":false,"discount":"","override_variations":true,"allowed_variations":[117186],"override_default_variation_attributes":false,"default_variation_attributes":[],"single_product_visibility":"visible","cart_visibility":"visible","order_visibility":"visible","single_product_price_visibility":"visible","cart_price_visibility":"visible","order_price_visibility":"visible","stock_status":"in_stock"},{"bundled_item_id":50,"product_id":116461,"menu_order":1,"quantity_min":1,"quantity_max":1,"quantity_default":1,"priced_individually":false,"shipped_individually":false,"override_title":false,"title":"St\u00e9rilisateur Beppy","override_description":false,"description":"St\u00e9rilisateur Beppy","optional":false,"hide_thumbnail":false,"discount":"","override_variations":true,"allowed_variations":[117171],"override_default_variation_attributes":false,"default_variation_attributes":[],"single_product_visibility":"visible","cart_visibility":"visible","order_visibility":"visible","single_product_price_visibility":"visible","cart_price_visibility":"visible","order_price_visibility":"visible","stock_status":"in_stock"},{"bundled_item_id":51,"product_id":116495,"menu_order":2,"quantity_min":1,"quantity_max":1,"quantity_default":1,"priced_individually":false,"shipped_individually":false,"override_title":false,"title":"Savon neutre pour tasses","override_description":false,"description":"Savon neutre pour tasses","optional":false,"hide_thumbnail":false,"discount":"","override_variations":false,"allowed_variations":[""],"override_default_variation_attributes":false,"default_variation_attributes":[],"single_product_visibility":"visible","cart_visibility":"visible","order_visibility":"visible","single_product_price_visibility":"visible","cart_price_visibility":"visible","order_price_visibility":"visible","stock_status":"in_stock"}],"bundle_sell_ids":[],"acf":[],"yoast_head":"<!-- This site is optimized with the Yoast SEO Premium plugin v27.4 (Yoast SEO v27.4) - https:\/\/yoast.com\/product\/yoast-seo-premium-wordpress\/ -->\n<title>Set menstruel Beppy Cotton Candy | Bepy.com<\/title>\n<meta name=\"description\" content=\"Avec notre set menstruel Beppy Cotton Candy, vous \u00e9conomisez 15% et recevez la Beppy Cup avec tous les \u00e9l\u00e9ments essentiels pour nettoyer la coupe. Achetez maintenant !\" \/>\n<meta name=\"robots\" content=\"index, follow, max-snippet:-1, max-image-preview:large, max-video-preview:-1\" \/>\n<link rel=\"canonical\" href=\"https:\/\/beppy.com\/fr\/product\/beppy-coffret-menstruel-cotton-candy\/\" \/>\n<meta property=\"og:locale\" content=\"fr_FR\" \/>\n<meta property=\"og:type\" content=\"article\" \/>\n<meta property=\"og:title\" content=\"Set menstruel Beppy Cotton Candy\" \/>\n<meta property=\"og:description\" content=\"Avec notre set menstruel Beppy Cotton Candy, vous \u00e9conomisez 15% et recevez la Beppy Cup avec tous les \u00e9l\u00e9ments essentiels pour nettoyer la coupe. Achetez maintenant !\" \/>\n<meta property=\"og:url\" content=\"https:\/\/beppy.com\/fr\/product\/beppy-coffret-menstruel-cotton-candy\/\" \/>\n<meta property=\"og:site_name\" content=\"Beppy\" \/>\n<meta property=\"article:modified_time\" content=\"2026-04-20T08:37:38+00:00\" \/>\n<meta property=\"og:image\" content=\"https:\/\/beppy.com\/wp-content\/uploads\/2025\/05\/Beppy-menstruatieset-Cotton-Candy.webp\" \/>\n\t<meta property=\"og:image:width\" content=\"2400\" \/>\n\t<meta property=\"og:image:height\" content=\"2400\" \/>\n\t<meta property=\"og:image:type\" content=\"image\/webp\" \/>\n<meta name=\"twitter:card\" content=\"summary_large_image\" \/>\n<meta name=\"twitter:description\" content=\"Avec notre set menstruel Beppy Cotton Candy, vous \u00e9conomisez 15% et recevez la Beppy Cup avec tous les \u00e9l\u00e9ments essentiels pour nettoyer la coupe. Achetez maintenant !\" \/>\n<meta name=\"twitter:label1\" content=\"Prix\" \/>\n\t<meta name=\"twitter:data1\" content=\"&euro;&nbsp;69,95\" \/>\n\t<meta name=\"twitter:label2\" content=\"Disponibilit\u00e9\" \/>\n\t<meta name=\"twitter:data2\" content=\"En stock\" \/>\n<script type=\"application\/ld+json\" class=\"yoast-schema-graph\">{\"@context\":\"https:\\\/\\\/schema.org\",\"@graph\":[{\"@type\":\"WebPage\",\"@id\":\"https:\\\/\\\/beppy.com\\\/fr\\\/product\\\/beppy-coffret-menstruel-cotton-candy\\\/\",\"url\":\"https:\\\/\\\/beppy.com\\\/fr\\\/product\\\/beppy-coffret-menstruel-cotton-candy\\\/\",\"name\":\"Set menstruel Beppy Cotton Candy | Bepy.com\",\"isPartOf\":{\"@id\":\"https:\\\/\\\/beppy.com\\\/fr\\\/#website\"},\"primaryImageOfPage\":{\"@id\":\"https:\\\/\\\/beppy.com\\\/fr\\\/product\\\/beppy-coffret-menstruel-cotton-candy\\\/#primaryimage\"},\"image\":{\"@id\":\"https:\\\/\\\/beppy.com\\\/fr\\\/product\\\/beppy-coffret-menstruel-cotton-candy\\\/#primaryimage\"},\"thumbnailUrl\":\"https:\\\/\\\/beppy.com\\\/wp-content\\\/uploads\\\/2025\\\/05\\\/Beppy-menstruatieset-Cotton-Candy.webp\",\"datePublished\":\"2025-05-08T11:27:26+00:00\",\"dateModified\":\"2026-04-20T08:37:38+00:00\",\"description\":\"Avec notre set menstruel Beppy Cotton Candy, vous \u00e9conomisez 15% et recevez la Beppy Cup avec tous les \u00e9l\u00e9ments essentiels pour nettoyer la coupe. Achetez maintenant !\",\"breadcrumb\":{\"@id\":\"https:\\\/\\\/beppy.com\\\/fr\\\/product\\\/beppy-coffret-menstruel-cotton-candy\\\/#breadcrumb\"},\"inLanguage\":\"fr-FR\",\"potentialAction\":[{\"@type\":\"ReadAction\",\"target\":[\"https:\\\/\\\/beppy.com\\\/fr\\\/product\\\/beppy-coffret-menstruel-cotton-candy\\\/\"]}]},{\"@type\":\"ImageObject\",\"inLanguage\":\"fr-FR\",\"@id\":\"https:\\\/\\\/beppy.com\\\/fr\\\/product\\\/beppy-coffret-menstruel-cotton-candy\\\/#primaryimage\",\"url\":\"https:\\\/\\\/beppy.com\\\/wp-content\\\/uploads\\\/2025\\\/05\\\/Beppy-menstruatieset-Cotton-Candy.webp\",\"contentUrl\":\"https:\\\/\\\/beppy.com\\\/wp-content\\\/uploads\\\/2025\\\/05\\\/Beppy-menstruatieset-Cotton-Candy.webp\",\"width\":2400,\"height\":2400,\"caption\":\"Set menstruel Beppy Cotton Candy\"},{\"@type\":\"BreadcrumbList\",\"@id\":\"https:\\\/\\\/beppy.com\\\/fr\\\/product\\\/beppy-coffret-menstruel-cotton-candy\\\/#breadcrumb\",\"itemListElement\":[{\"@type\":\"ListItem\",\"position\":1,\"name\":\"Accueil\",\"item\":\"https:\\\/\\\/beppy.com\\\/fr\\\/accueil-2\\\/\"},{\"@type\":\"ListItem\",\"position\":2,\"name\":\"Produits\",\"item\":\"https:\\\/\\\/beppy.com\\\/fr\\\/shop\\\/\"},{\"@type\":\"ListItem\",\"position\":3,\"name\":\"Set menstruel Beppy Cotton Candy\"}]},{\"@type\":\"WebSite\",\"@id\":\"https:\\\/\\\/beppy.com\\\/fr\\\/#website\",\"url\":\"https:\\\/\\\/beppy.com\\\/fr\\\/\",\"name\":\"Beppy\",\"description\":\"Menstruatiecups, soft tampons en ondergoed\",\"publisher\":{\"@id\":\"https:\\\/\\\/beppy.com\\\/fr\\\/#organization\"},\"potentialAction\":[{\"@type\":\"SearchAction\",\"target\":{\"@type\":\"EntryPoint\",\"urlTemplate\":\"https:\\\/\\\/beppy.com\\\/fr\\\/?s={search_term_string}\"},\"query-input\":{\"@type\":\"PropertyValueSpecification\",\"valueRequired\":true,\"valueName\":\"search_term_string\"}}],\"inLanguage\":\"fr-FR\"},{\"@type\":\"Organization\",\"@id\":\"https:\\\/\\\/beppy.com\\\/fr\\\/#organization\",\"name\":\"Beppy\",\"url\":\"https:\\\/\\\/beppy.com\\\/fr\\\/\",\"logo\":{\"@type\":\"ImageObject\",\"inLanguage\":\"fr-FR\",\"@id\":\"https:\\\/\\\/beppy.com\\\/fr\\\/#\\\/schema\\\/logo\\\/image\\\/\",\"url\":\"https:\\\/\\\/beppy.com\\\/wp-content\\\/uploads\\\/2024\\\/12\\\/cropped-Beppy_logo.png\",\"contentUrl\":\"https:\\\/\\\/beppy.com\\\/wp-content\\\/uploads\\\/2024\\\/12\\\/cropped-Beppy_logo.png\",\"width\":241,\"height\":84,\"caption\":\"Beppy\"},\"image\":{\"@id\":\"https:\\\/\\\/beppy.com\\\/fr\\\/#\\\/schema\\\/logo\\\/image\\\/\"}}]}<\/script>\n<meta property=\"product:price:amount\" content=\"69.95\" \/>\n<meta property=\"product:price:currency\" content=\"EUR\" \/>\n<meta property=\"og:availability\" content=\"instock\" \/>\n<meta property=\"product:availability\" content=\"instock\" \/>\n<meta property=\"product:retailer_item_id\" content=\"0123456789015\" \/>\n<meta property=\"product:condition\" content=\"new\" \/>\n<!-- \/ Yoast SEO Premium plugin. -->","yoast_head_json":{"title":"Set menstruel Beppy Cotton Candy | Bepy.com","description":"Avec notre set menstruel Beppy Cotton Candy, vous \u00e9conomisez 15% et recevez la Beppy Cup avec tous les \u00e9l\u00e9ments essentiels pour nettoyer la coupe. Achetez maintenant !","robots":{"index":"index","follow":"follow","max-snippet":"max-snippet:-1","max-image-preview":"max-image-preview:large","max-video-preview":"max-video-preview:-1"},"canonical":"https:\/\/beppy.com\/fr\/product\/beppy-coffret-menstruel-cotton-candy\/","og_locale":"fr_FR","og_type":"article","og_title":"Set menstruel Beppy Cotton Candy","og_description":"Avec notre set menstruel Beppy Cotton Candy, vous \u00e9conomisez 15% et recevez la Beppy Cup avec tous les \u00e9l\u00e9ments essentiels pour nettoyer la coupe. Achetez maintenant !","og_url":"https:\/\/beppy.com\/fr\/product\/beppy-coffret-menstruel-cotton-candy\/","og_site_name":"Beppy","article_modified_time":"2026-04-20T08:37:38+00:00","og_image":[{"width":2400,"height":2400,"url":"https:\/\/beppy.com\/wp-content\/uploads\/2025\/05\/Beppy-menstruatieset-Cotton-Candy.webp","type":"image\/webp"}],"twitter_card":"summary_large_image","twitter_description":"Avec notre set menstruel Beppy Cotton Candy, vous \u00e9conomisez 15% et recevez la Beppy Cup avec tous les \u00e9l\u00e9ments essentiels pour nettoyer la coupe. Achetez maintenant !","twitter_misc":{"Prix":"&euro;&nbsp;69,95","Disponibilit\u00e9":"En stock"},"schema":{"@context":"https:\/\/schema.org","@graph":[{"@type":"WebPage","@id":"https:\/\/beppy.com\/fr\/product\/beppy-coffret-menstruel-cotton-candy\/","url":"https:\/\/beppy.com\/fr\/product\/beppy-coffret-menstruel-cotton-candy\/","name":"Set menstruel Beppy Cotton Candy | Bepy.com","isPartOf":{"@id":"https:\/\/beppy.com\/fr\/#website"},"primaryImageOfPage":{"@id":"https:\/\/beppy.com\/fr\/product\/beppy-coffret-menstruel-cotton-candy\/#primaryimage"},"image":{"@id":"https:\/\/beppy.com\/fr\/product\/beppy-coffret-menstruel-cotton-candy\/#primaryimage"},"thumbnailUrl":"https:\/\/beppy.com\/wp-content\/uploads\/2025\/05\/Beppy-menstruatieset-Cotton-Candy.webp","datePublished":"2025-05-08T11:27:26+00:00","dateModified":"2026-04-20T08:37:38+00:00","description":"Avec notre set menstruel Beppy Cotton Candy, vous \u00e9conomisez 15% et recevez la Beppy Cup avec tous les \u00e9l\u00e9ments essentiels pour nettoyer la coupe. Achetez maintenant !","breadcrumb":{"@id":"https:\/\/beppy.com\/fr\/product\/beppy-coffret-menstruel-cotton-candy\/#breadcrumb"},"inLanguage":"fr-FR","potentialAction":[{"@type":"ReadAction","target":["https:\/\/beppy.com\/fr\/product\/beppy-coffret-menstruel-cotton-candy\/"]}]},{"@type":"ImageObject","inLanguage":"fr-FR","@id":"https:\/\/beppy.com\/fr\/product\/beppy-coffret-menstruel-cotton-candy\/#primaryimage","url":"https:\/\/beppy.com\/wp-content\/uploads\/2025\/05\/Beppy-menstruatieset-Cotton-Candy.webp","contentUrl":"https:\/\/beppy.com\/wp-content\/uploads\/2025\/05\/Beppy-menstruatieset-Cotton-Candy.webp","width":2400,"height":2400,"caption":"Set menstruel Beppy Cotton Candy"},{"@type":"BreadcrumbList","@id":"https:\/\/beppy.com\/fr\/product\/beppy-coffret-menstruel-cotton-candy\/#breadcrumb","itemListElement":[{"@type":"ListItem","position":1,"name":"Accueil","item":"https:\/\/beppy.com\/fr\/accueil-2\/"},{"@type":"ListItem","position":2,"name":"Produits","item":"https:\/\/beppy.com\/fr\/shop\/"},{"@type":"ListItem","position":3,"name":"Set menstruel Beppy Cotton Candy"}]},{"@type":"WebSite","@id":"https:\/\/beppy.com\/fr\/#website","url":"https:\/\/beppy.com\/fr\/","name":"Beppy","description":"Menstruatiecups, soft tampons en ondergoed","publisher":{"@id":"https:\/\/beppy.com\/fr\/#organization"},"potentialAction":[{"@type":"SearchAction","target":{"@type":"EntryPoint","urlTemplate":"https:\/\/beppy.com\/fr\/?s={search_term_string}"},"query-input":{"@type":"PropertyValueSpecification","valueRequired":true,"valueName":"search_term_string"}}],"inLanguage":"fr-FR"},{"@type":"Organization","@id":"https:\/\/beppy.com\/fr\/#organization","name":"Beppy","url":"https:\/\/beppy.com\/fr\/","logo":{"@type":"ImageObject","inLanguage":"fr-FR","@id":"https:\/\/beppy.com\/fr\/#\/schema\/logo\/image\/","url":"https:\/\/beppy.com\/wp-content\/uploads\/2024\/12\/cropped-Beppy_logo.png","contentUrl":"https:\/\/beppy.com\/wp-content\/uploads\/2024\/12\/cropped-Beppy_logo.png","width":241,"height":84,"caption":"Beppy"},"image":{"@id":"https:\/\/beppy.com\/fr\/#\/schema\/logo\/image\/"}}]},"product_price_amount":"69.95","product_price_currency":"EUR","og_availability":"instock","product_availability":"instock","product_retailer_item_id":"0123456789015","product_condition":"new"},"_links":{"self":[{"href":"https:\/\/beppy.com\/fr\/wp-json\/wp\/v2\/product\/116757","targetHints":{"allow":["GET"]}}],"collection":[{"href":"https:\/\/beppy.com\/fr\/wp-json\/wp\/v2\/product"}],"about":[{"href":"https:\/\/beppy.com\/fr\/wp-json\/wp\/v2\/types\/product"}],"replies":[{"embeddable":true,"href":"https:\/\/beppy.com\/fr\/wp-json\/wp\/v2\/comments?post=116757"}],"wp:featuredmedia":[{"embeddable":true,"href":"https:\/\/beppy.com\/fr\/wp-json\/wp\/v2\/media\/117431"}],"wp:attachment":[{"href":"https:\/\/beppy.com\/fr\/wp-json\/wp\/v2\/media?parent=116757"}],"wp:term":[{"taxonomy":"product_brand","embeddable":true,"href":"https:\/\/beppy.com\/fr\/wp-json\/wp\/v2\/product_brand?post=116757"},{"taxonomy":"product_cat","embeddable":true,"href":"https:\/\/beppy.com\/fr\/wp-json\/wp\/v2\/product_cat?post=116757"},{"taxonomy":"product_tag","embeddable":true,"href":"https:\/\/beppy.com\/fr\/wp-json\/wp\/v2\/product_tag?post=116757"}],"curies":[{"name":"wp","href":"https:\/\/api.w.org\/{rel}","templated":true}]}}