{"id":117115,"date":"2025-06-24T12:28:19","date_gmt":"2025-06-24T10:28:19","guid":{"rendered":"https:\/\/beppy.com\/?post_type=product&#038;p=117115"},"modified":"2026-04-20T10:39:05","modified_gmt":"2026-04-20T08:39:05","slug":"coffre-fort-de-beppy","status":"publish","type":"product","link":"https:\/\/beppy.com\/fr\/product\/coffre-fort-de-beppy\/","title":{"rendered":"Bo\u00eete d&rsquo;amour Beppy"},"content":{"rendered":"<p>La Beppy Safe Box est la solution durable parfaite pour les femmes qui recherchent le confort, la libert\u00e9 et la discr\u00e9tion ultimes pendant leurs r\u00e8gles. Que vous ayez pr\u00e9vu une journ\u00e9e au sauna ou que vous fassiez une s\u00e9ance d&rsquo;entra\u00eenement intense, notre nouvelle bo\u00eete vous donne la libert\u00e9 de faire ce que vous voulez sans vous soucier de l&rsquo;inconfort. Gr\u00e2ce \u00e0 des produits soigneusement s\u00e9lectionn\u00e9s, la bo\u00eete vous assure une p\u00e9riode menstruelle sans souci. Choisissez l&rsquo;innovation, la qualit\u00e9 et le confort. Commandez la Beppy Safe Box d\u00e8s aujourd&rsquo;hui et profitez d&rsquo;une menstruation sans souci !    <\/p>\n<h2>Que contient le coffre-fort de Beppy ?<\/h2>\n<p>La Beppy Safe Box contient une s\u00e9lection de produits menstruels soigneusement choisis et durables pour que vous vous sentiez toujours \u00e0 l&rsquo;aise :<\/p>\n<ol>\n<li><a href=\"https:\/\/www.beppy.com\/product-category\/beppy-tampons\/\"><strong>Beppy Tampon WET + DRY<\/strong>:<\/a> (2 pi\u00e8ces Wet + 2 pi\u00e8ces DRY) Nos tampons invisibles sans ficelle pour un confort et une discr\u00e9tion ultimes. La variante WET est humidifi\u00e9e avec du lactagel pour une insertion plus facile, id\u00e9ale pour les d\u00e9butantes. La variante DRY est parfaite pour celles qui pr\u00e9f\u00e8rent un tampon sec et qui ont d\u00e9j\u00e0 de l&rsquo;exp\u00e9rience.   <\/li>\n<li><a href=\"https:\/\/www.beppy.com\/product\/beppy-comfort-gel-op-waterbasis\/\"><strong>Gel Beppy Comfort \u00e0 base d&rsquo;eau<\/strong><\/a>: Ce gel permet une insertion plus douce et plus confortable du tampon.<\/li>\n<li><a href=\"https:\/\/www.beppy.com\/product\/beppy-condooms\/\"><strong>Pr\u00e9servatifs Beppy<\/strong><\/a>Les pr\u00e9servatifs Beppy : s\u00fbrs, fiables et test\u00e9s dermatologiquement, pour une protection maximale et une exp\u00e9rience sans souci.<\/li>\n<\/ol>\n<h3><strong>Pourquoi le coffre-fort Beppy est-il un bon choix ?<\/strong><\/h3>\n<p>Nous pensons qu&rsquo;il est important qu&rsquo;aucune femme ne se sente g\u00ean\u00e9e pendant ses r\u00e8gles. Nos produits sont con\u00e7us pour vous aider \u00e0 profiter de votre vie sans g\u00eane ni inqui\u00e9tude ! <\/p>\n<ul>\n<li>Avec le<strong> tampon sans ficelle<\/strong>, vous pouvez vous adonner \u00e0 toutes vos activit\u00e9s pendant vos r\u00e8gles en toute tranquillit\u00e9. Gr\u00e2ce \u00e0 sa conception innovante, le tampon sans ficelle est totalement invisible et vous n&rsquo;avez pas besoin de le changer souvent. Vous n&rsquo;avez donc plus \u00e0 vous soucier des moments inconfortables !  <\/li>\n<li>Notre<strong> gel confort<\/strong> facilite l&rsquo;insertion des tampons. Ce gel \u00e0 base d&rsquo;eau est sp\u00e9cialement con\u00e7u pour rendre votre exp\u00e9rience plus confortable, aussi bien lors de l&rsquo;utilisation des tampons que pendant vos r\u00e8gles. <\/li>\n<li>En outre, nos <strong>pr\u00e9servatifs Beppy<\/strong> offrent une protection fiable et sont test\u00e9s dermatologiquement et certifi\u00e9s CE. Ils sont sans danger pour votre peau et vous offrent la s\u00e9curit\u00e9 que vous recherchez ! <\/li>\n<\/ul>\n<p>En bref, la Beppy Safe Box rend votre p\u00e9riode menstruelle plus facile, plus confortable et vous donne plus de libert\u00e9. La combinaison de produits innovants vous permettra de vous sentir \u00e0 l&rsquo;aise et de profiter de toutes vos activit\u00e9s ! <\/p>\n<h3>Durabilit\u00e9 et s\u00e9curit\u00e9<\/h3>\n<p>Nous pensons qu&rsquo;il est important de se concentrer non seulement sur votre exp\u00e9rience en tant que femme, mais aussi sur l&rsquo;environnement. C&rsquo;est pourquoi nous veillons \u00e0 ce que nos produits soient fabriqu\u00e9s \u00e0 partir de mat\u00e9riaux \u00e0 la fois s\u00fbrs pour vous et respectueux de la plan\u00e8te. Tous nos produits sont test\u00e9s de mani\u00e8re approfondie afin de garantir une s\u00e9curit\u00e9 maximale et une facilit\u00e9 d&rsquo;utilisation !  <\/p>\n<p>Beppy - Votre partenaire fiable pour une exp\u00e9rience menstruelle confortable, durable et discr\u00e8te. Vous avez encore des questions ? N&rsquo;h\u00e9sitez pas \u00e0 nous <a href=\"https:\/\/www.beppy.com\/contact\/\">contacter<\/a>!  <\/p>\n","protected":false},"excerpt":{"rendered":"<p><strong>Ce que vous recevez<\/strong><br \/>\n1 lubrifiant (choisissez entre 100ml ou 250ml), 8 pr\u00e9servatifs Beppy, 2 Beppy Wet et 2 Beppy Soft (si applicable).<\/p>\n","protected":false},"featured_media":117413,"comment_status":"open","ping_status":"closed","template":"","meta":{"_acf_changed":false},"product_brand":[],"product_cat":[205,194,190],"product_tag":[],"class_list":{"0":"post-117115","1":"product","2":"type-product","3":"status-publish","4":"has-post-thumbnail","6":"product_cat-kit-menstruel-beppy","7":"product_cat-tampons-beppy","8":"product_cat-tous-les-produits","10":"first","11":"instock","12":"sale","13":"taxable","14":"shipping-taxable","15":"purchasable","16":"product-type-bundle"},"bundled_by":[],"bundle_stock_status":"instock","bundle_stock_quantity":"","bundle_virtual":false,"bundle_layout":"default","bundle_add_to_cart_form_location":"default","bundle_editable_in_cart":false,"bundle_sold_individually_context":"product","bundle_item_grouping":"parent","bundle_min_size":"","bundle_max_size":"","bundle_price":{"price":{"min":{"incl_tax":"20.66","excl_tax":"18.954128"},"max":{"incl_tax":"20.66","excl_tax":"18.954128"}},"regular_price":{"min":{"incl_tax":"22.95","excl_tax":"21.055046"},"max":{"incl_tax":"22.95","excl_tax":"21.055046"}}},"bundled_items":[{"bundled_item_id":27,"product_id":116511,"menu_order":0,"quantity_min":1,"quantity_max":1,"quantity_default":1,"priced_individually":false,"shipped_individually":false,"override_title":false,"title":"Beppy Comfort Gel \u00e0 base d&#8217;eau","override_description":true,"description":"Le gel Beppy Comfort, \u00e0 base d'eau, est un lubrifiant doux et hydratant qui garantit une utilisation souple et confortable. Le gel est s\u00fbr, respectueux de la peau et convient aux pr\u00e9servatifs en latex. ","optional":false,"hide_thumbnail":false,"discount":"","override_variations":false,"allowed_variations":[""],"override_default_variation_attributes":false,"default_variation_attributes":[],"single_product_visibility":"visible","cart_visibility":"visible","order_visibility":"visible","single_product_price_visibility":"visible","cart_price_visibility":"visible","order_price_visibility":"visible","stock_status":"in_stock"},{"bundled_item_id":32,"product_id":117564,"menu_order":1,"quantity_min":1,"quantity_max":1,"quantity_default":1,"priced_individually":false,"shipped_individually":false,"override_title":false,"title":"Pr\u00e9servatifs Beppy - 8 pi\u00e8ces","override_description":true,"description":"Les pr\u00e9servatifs Beppy sont fiables, faciles \u00e0 utiliser et certifi\u00e9s CE. Cela signifie qu'ils r\u00e9pondent aux normes europ\u00e9ennes les plus strictes en mati\u00e8re de s\u00e9curit\u00e9 et de qualit\u00e9 ! ","optional":false,"hide_thumbnail":false,"discount":"","override_variations":false,"allowed_variations":[""],"override_default_variation_attributes":false,"default_variation_attributes":[],"single_product_visibility":"visible","cart_visibility":"visible","order_visibility":"visible","single_product_price_visibility":"visible","cart_price_visibility":"visible","order_price_visibility":"visible","stock_status":"in_stock"},{"bundled_item_id":78,"product_id":120871,"menu_order":2,"quantity_min":1,"quantity_max":1,"quantity_default":1,"priced_individually":false,"shipped_individually":false,"override_title":false,"title":"Beppy WET - 2 pi\u00e8ces","override_description":true,"description":"Les tampons Beppy Wet sont d\u00e9j\u00e0 l\u00e9g\u00e8rement humidifi\u00e9s avec du gel de lactose, ce qui vous permet de les ins\u00e9rer sans effort. La mati\u00e8re souple et flexible assure une sensation de confort, sans fil visible. ","optional":false,"hide_thumbnail":false,"discount":"","override_variations":false,"allowed_variations":[""],"override_default_variation_attributes":false,"default_variation_attributes":[],"single_product_visibility":"visible","cart_visibility":"visible","order_visibility":"visible","single_product_price_visibility":"visible","cart_price_visibility":"visible","order_price_visibility":"visible","stock_status":"in_stock"},{"bundled_item_id":79,"product_id":120873,"menu_order":3,"quantity_min":1,"quantity_max":1,"quantity_default":1,"priced_individually":false,"shipped_individually":false,"override_title":false,"title":"Beppy DRY - 2 pi\u00e8ces","override_description":true,"description":"Les tampons Beppy Dry allient confort et flexibilit\u00e9 dans un design discret sans fil. Contrairement \u00e0 la version humide, cette version est totalement exempte de lactose. ","optional":false,"hide_thumbnail":false,"discount":"","override_variations":false,"allowed_variations":[""],"override_default_variation_attributes":false,"default_variation_attributes":[],"single_product_visibility":"visible","cart_visibility":"visible","order_visibility":"visible","single_product_price_visibility":"visible","cart_price_visibility":"visible","order_price_visibility":"visible","stock_status":"in_stock"}],"bundle_sell_ids":[],"acf":[],"yoast_head":"<!-- This site is optimized with the Yoast SEO Premium plugin v27.4 (Yoast SEO v27.4) - https:\/\/yoast.com\/product\/yoast-seo-premium-wordpress\/ -->\n<title>Beppy Safe Box | Beppy.com<\/title>\n<meta name=\"description\" content=\"Le coffre-fort Beppy est la solution pour les femmes qui recherchent le confort, la libert\u00e9 et la discr\u00e9tion ultimes. Commandez aujourd&#039;hui et d\u00e9couvrez les avantages !\" \/>\n<meta name=\"robots\" content=\"index, follow, max-snippet:-1, max-image-preview:large, max-video-preview:-1\" \/>\n<link rel=\"canonical\" href=\"https:\/\/beppy.com\/fr\/product\/coffre-fort-de-beppy\/\" \/>\n<meta property=\"og:locale\" content=\"fr_FR\" \/>\n<meta property=\"og:type\" content=\"article\" \/>\n<meta property=\"og:title\" content=\"Bo\u00eete d&#039;amour Beppy\" \/>\n<meta property=\"og:description\" content=\"Le coffre-fort Beppy est la solution pour les femmes qui recherchent le confort, la libert\u00e9 et la discr\u00e9tion ultimes. Commandez aujourd&#039;hui et d\u00e9couvrez les avantages !\" \/>\n<meta property=\"og:url\" content=\"https:\/\/beppy.com\/fr\/product\/coffre-fort-de-beppy\/\" \/>\n<meta property=\"og:site_name\" content=\"Beppy\" \/>\n<meta property=\"article:modified_time\" content=\"2026-04-20T08:39:05+00:00\" \/>\n<meta property=\"og:image\" content=\"https:\/\/beppy.com\/wp-content\/uploads\/2025\/06\/Beppy-Safe-Box.webp\" \/>\n\t<meta property=\"og:image:width\" content=\"2400\" \/>\n\t<meta property=\"og:image:height\" content=\"2400\" \/>\n\t<meta property=\"og:image:type\" content=\"image\/webp\" \/>\n<meta name=\"twitter:card\" content=\"summary_large_image\" \/>\n<meta name=\"twitter:description\" content=\"Le coffre-fort Beppy est la solution pour les femmes qui recherchent le confort, la libert\u00e9 et la discr\u00e9tion ultimes. Commandez aujourd&#039;hui et d\u00e9couvrez les avantages !\" \/>\n<meta name=\"twitter:label1\" content=\"Prix\" \/>\n\t<meta name=\"twitter:data1\" content=\"&euro;&nbsp;20,66\" \/>\n\t<meta name=\"twitter:label2\" content=\"Disponibilit\u00e9\" \/>\n\t<meta name=\"twitter:data2\" content=\"En stock\" \/>\n<script type=\"application\/ld+json\" class=\"yoast-schema-graph\">{\"@context\":\"https:\\\/\\\/schema.org\",\"@graph\":[{\"@type\":\"WebPage\",\"@id\":\"https:\\\/\\\/beppy.com\\\/fr\\\/product\\\/coffre-fort-de-beppy\\\/\",\"url\":\"https:\\\/\\\/beppy.com\\\/fr\\\/product\\\/coffre-fort-de-beppy\\\/\",\"name\":\"Beppy Safe Box | Beppy.com\",\"isPartOf\":{\"@id\":\"https:\\\/\\\/beppy.com\\\/fr\\\/#website\"},\"primaryImageOfPage\":{\"@id\":\"https:\\\/\\\/beppy.com\\\/fr\\\/product\\\/coffre-fort-de-beppy\\\/#primaryimage\"},\"image\":{\"@id\":\"https:\\\/\\\/beppy.com\\\/fr\\\/product\\\/coffre-fort-de-beppy\\\/#primaryimage\"},\"thumbnailUrl\":\"https:\\\/\\\/beppy.com\\\/wp-content\\\/uploads\\\/2025\\\/06\\\/Beppy-Safe-Box.webp\",\"datePublished\":\"2025-06-24T10:28:19+00:00\",\"dateModified\":\"2026-04-20T08:39:05+00:00\",\"description\":\"Le coffre-fort Beppy est la solution pour les femmes qui recherchent le confort, la libert\u00e9 et la discr\u00e9tion ultimes. Commandez aujourd'hui et d\u00e9couvrez les avantages !\",\"breadcrumb\":{\"@id\":\"https:\\\/\\\/beppy.com\\\/fr\\\/product\\\/coffre-fort-de-beppy\\\/#breadcrumb\"},\"inLanguage\":\"fr-FR\",\"potentialAction\":[{\"@type\":\"ReadAction\",\"target\":[\"https:\\\/\\\/beppy.com\\\/fr\\\/product\\\/coffre-fort-de-beppy\\\/\"]}]},{\"@type\":\"ImageObject\",\"inLanguage\":\"fr-FR\",\"@id\":\"https:\\\/\\\/beppy.com\\\/fr\\\/product\\\/coffre-fort-de-beppy\\\/#primaryimage\",\"url\":\"https:\\\/\\\/beppy.com\\\/wp-content\\\/uploads\\\/2025\\\/06\\\/Beppy-Safe-Box.webp\",\"contentUrl\":\"https:\\\/\\\/beppy.com\\\/wp-content\\\/uploads\\\/2025\\\/06\\\/Beppy-Safe-Box.webp\",\"width\":2400,\"height\":2400,\"caption\":\"Coffre-fort de Beppy\"},{\"@type\":\"BreadcrumbList\",\"@id\":\"https:\\\/\\\/beppy.com\\\/fr\\\/product\\\/coffre-fort-de-beppy\\\/#breadcrumb\",\"itemListElement\":[{\"@type\":\"ListItem\",\"position\":1,\"name\":\"Accueil\",\"item\":\"https:\\\/\\\/beppy.com\\\/fr\\\/accueil-2\\\/\"},{\"@type\":\"ListItem\",\"position\":2,\"name\":\"Produits\",\"item\":\"https:\\\/\\\/beppy.com\\\/fr\\\/shop\\\/\"},{\"@type\":\"ListItem\",\"position\":3,\"name\":\"Bo\u00eete d&rsquo;amour Beppy\"}]},{\"@type\":\"WebSite\",\"@id\":\"https:\\\/\\\/beppy.com\\\/fr\\\/#website\",\"url\":\"https:\\\/\\\/beppy.com\\\/fr\\\/\",\"name\":\"Beppy\",\"description\":\"Menstruatiecups, soft tampons en ondergoed\",\"publisher\":{\"@id\":\"https:\\\/\\\/beppy.com\\\/fr\\\/#organization\"},\"potentialAction\":[{\"@type\":\"SearchAction\",\"target\":{\"@type\":\"EntryPoint\",\"urlTemplate\":\"https:\\\/\\\/beppy.com\\\/fr\\\/?s={search_term_string}\"},\"query-input\":{\"@type\":\"PropertyValueSpecification\",\"valueRequired\":true,\"valueName\":\"search_term_string\"}}],\"inLanguage\":\"fr-FR\"},{\"@type\":\"Organization\",\"@id\":\"https:\\\/\\\/beppy.com\\\/fr\\\/#organization\",\"name\":\"Beppy\",\"url\":\"https:\\\/\\\/beppy.com\\\/fr\\\/\",\"logo\":{\"@type\":\"ImageObject\",\"inLanguage\":\"fr-FR\",\"@id\":\"https:\\\/\\\/beppy.com\\\/fr\\\/#\\\/schema\\\/logo\\\/image\\\/\",\"url\":\"https:\\\/\\\/beppy.com\\\/wp-content\\\/uploads\\\/2024\\\/12\\\/cropped-Beppy_logo.png\",\"contentUrl\":\"https:\\\/\\\/beppy.com\\\/wp-content\\\/uploads\\\/2024\\\/12\\\/cropped-Beppy_logo.png\",\"width\":241,\"height\":84,\"caption\":\"Beppy\"},\"image\":{\"@id\":\"https:\\\/\\\/beppy.com\\\/fr\\\/#\\\/schema\\\/logo\\\/image\\\/\"}}]}<\/script>\n<meta property=\"product:price:amount\" content=\"20.66\" \/>\n<meta property=\"product:price:currency\" content=\"EUR\" \/>\n<meta property=\"og:availability\" content=\"instock\" \/>\n<meta property=\"product:availability\" content=\"instock\" \/>\n<meta property=\"product:retailer_item_id\" content=\"0123456789018\" \/>\n<meta property=\"product:condition\" content=\"new\" \/>\n<!-- \/ Yoast SEO Premium plugin. -->","yoast_head_json":{"title":"Beppy Safe Box | Beppy.com","description":"Le coffre-fort Beppy est la solution pour les femmes qui recherchent le confort, la libert\u00e9 et la discr\u00e9tion ultimes. Commandez aujourd'hui et d\u00e9couvrez les avantages !","robots":{"index":"index","follow":"follow","max-snippet":"max-snippet:-1","max-image-preview":"max-image-preview:large","max-video-preview":"max-video-preview:-1"},"canonical":"https:\/\/beppy.com\/fr\/product\/coffre-fort-de-beppy\/","og_locale":"fr_FR","og_type":"article","og_title":"Bo\u00eete d'amour Beppy","og_description":"Le coffre-fort Beppy est la solution pour les femmes qui recherchent le confort, la libert\u00e9 et la discr\u00e9tion ultimes. Commandez aujourd'hui et d\u00e9couvrez les avantages !","og_url":"https:\/\/beppy.com\/fr\/product\/coffre-fort-de-beppy\/","og_site_name":"Beppy","article_modified_time":"2026-04-20T08:39:05+00:00","og_image":[{"width":2400,"height":2400,"url":"https:\/\/beppy.com\/wp-content\/uploads\/2025\/06\/Beppy-Safe-Box.webp","type":"image\/webp"}],"twitter_card":"summary_large_image","twitter_description":"Le coffre-fort Beppy est la solution pour les femmes qui recherchent le confort, la libert\u00e9 et la discr\u00e9tion ultimes. Commandez aujourd'hui et d\u00e9couvrez les avantages !","twitter_misc":{"Prix":"&euro;&nbsp;20,66","Disponibilit\u00e9":"En stock"},"schema":{"@context":"https:\/\/schema.org","@graph":[{"@type":"WebPage","@id":"https:\/\/beppy.com\/fr\/product\/coffre-fort-de-beppy\/","url":"https:\/\/beppy.com\/fr\/product\/coffre-fort-de-beppy\/","name":"Beppy Safe Box | Beppy.com","isPartOf":{"@id":"https:\/\/beppy.com\/fr\/#website"},"primaryImageOfPage":{"@id":"https:\/\/beppy.com\/fr\/product\/coffre-fort-de-beppy\/#primaryimage"},"image":{"@id":"https:\/\/beppy.com\/fr\/product\/coffre-fort-de-beppy\/#primaryimage"},"thumbnailUrl":"https:\/\/beppy.com\/wp-content\/uploads\/2025\/06\/Beppy-Safe-Box.webp","datePublished":"2025-06-24T10:28:19+00:00","dateModified":"2026-04-20T08:39:05+00:00","description":"Le coffre-fort Beppy est la solution pour les femmes qui recherchent le confort, la libert\u00e9 et la discr\u00e9tion ultimes. Commandez aujourd'hui et d\u00e9couvrez les avantages !","breadcrumb":{"@id":"https:\/\/beppy.com\/fr\/product\/coffre-fort-de-beppy\/#breadcrumb"},"inLanguage":"fr-FR","potentialAction":[{"@type":"ReadAction","target":["https:\/\/beppy.com\/fr\/product\/coffre-fort-de-beppy\/"]}]},{"@type":"ImageObject","inLanguage":"fr-FR","@id":"https:\/\/beppy.com\/fr\/product\/coffre-fort-de-beppy\/#primaryimage","url":"https:\/\/beppy.com\/wp-content\/uploads\/2025\/06\/Beppy-Safe-Box.webp","contentUrl":"https:\/\/beppy.com\/wp-content\/uploads\/2025\/06\/Beppy-Safe-Box.webp","width":2400,"height":2400,"caption":"Coffre-fort de Beppy"},{"@type":"BreadcrumbList","@id":"https:\/\/beppy.com\/fr\/product\/coffre-fort-de-beppy\/#breadcrumb","itemListElement":[{"@type":"ListItem","position":1,"name":"Accueil","item":"https:\/\/beppy.com\/fr\/accueil-2\/"},{"@type":"ListItem","position":2,"name":"Produits","item":"https:\/\/beppy.com\/fr\/shop\/"},{"@type":"ListItem","position":3,"name":"Bo\u00eete d&rsquo;amour Beppy"}]},{"@type":"WebSite","@id":"https:\/\/beppy.com\/fr\/#website","url":"https:\/\/beppy.com\/fr\/","name":"Beppy","description":"Menstruatiecups, soft tampons en ondergoed","publisher":{"@id":"https:\/\/beppy.com\/fr\/#organization"},"potentialAction":[{"@type":"SearchAction","target":{"@type":"EntryPoint","urlTemplate":"https:\/\/beppy.com\/fr\/?s={search_term_string}"},"query-input":{"@type":"PropertyValueSpecification","valueRequired":true,"valueName":"search_term_string"}}],"inLanguage":"fr-FR"},{"@type":"Organization","@id":"https:\/\/beppy.com\/fr\/#organization","name":"Beppy","url":"https:\/\/beppy.com\/fr\/","logo":{"@type":"ImageObject","inLanguage":"fr-FR","@id":"https:\/\/beppy.com\/fr\/#\/schema\/logo\/image\/","url":"https:\/\/beppy.com\/wp-content\/uploads\/2024\/12\/cropped-Beppy_logo.png","contentUrl":"https:\/\/beppy.com\/wp-content\/uploads\/2024\/12\/cropped-Beppy_logo.png","width":241,"height":84,"caption":"Beppy"},"image":{"@id":"https:\/\/beppy.com\/fr\/#\/schema\/logo\/image\/"}}]},"product_price_amount":"20.66","product_price_currency":"EUR","og_availability":"instock","product_availability":"instock","product_retailer_item_id":"0123456789018","product_condition":"new"},"_links":{"self":[{"href":"https:\/\/beppy.com\/fr\/wp-json\/wp\/v2\/product\/117115","targetHints":{"allow":["GET"]}}],"collection":[{"href":"https:\/\/beppy.com\/fr\/wp-json\/wp\/v2\/product"}],"about":[{"href":"https:\/\/beppy.com\/fr\/wp-json\/wp\/v2\/types\/product"}],"replies":[{"embeddable":true,"href":"https:\/\/beppy.com\/fr\/wp-json\/wp\/v2\/comments?post=117115"}],"wp:featuredmedia":[{"embeddable":true,"href":"https:\/\/beppy.com\/fr\/wp-json\/wp\/v2\/media\/117413"}],"wp:attachment":[{"href":"https:\/\/beppy.com\/fr\/wp-json\/wp\/v2\/media?parent=117115"}],"wp:term":[{"taxonomy":"product_brand","embeddable":true,"href":"https:\/\/beppy.com\/fr\/wp-json\/wp\/v2\/product_brand?post=117115"},{"taxonomy":"product_cat","embeddable":true,"href":"https:\/\/beppy.com\/fr\/wp-json\/wp\/v2\/product_cat?post=117115"},{"taxonomy":"product_tag","embeddable":true,"href":"https:\/\/beppy.com\/fr\/wp-json\/wp\/v2\/product_tag?post=117115"}],"curies":[{"name":"wp","href":"https:\/\/api.w.org\/{rel}","templated":true}]}}