{"id":117118,"date":"2025-06-24T12:45:17","date_gmt":"2025-06-24T10:45:17","guid":{"rendered":"https:\/\/beppy.com\/?post_type=product&#038;p=117118"},"modified":"2025-12-03T23:14:27","modified_gmt":"2025-12-03T22:14:27","slug":"sac-beppy","status":"publish","type":"product","link":"https:\/\/beppy.com\/fr\/product\/sac-beppy\/","title":{"rendered":"Sac Beppy"},"content":{"rendered":"<p>Toujours pr\u00eat et \u00e9l\u00e9gant en d\u00e9placement ? D\u00e9couvrez le sac Beppy : compact, pratique et d\u00e9sormais disponible s\u00e9par\u00e9ment en plusieurs couleurs. Vous avez d\u00e9j\u00e0 une coupe menstruelle et votre sac de rangement doit \u00eatre remplac\u00e9 ? Ou bien vous cherchez un sac \u00e9l\u00e9gant et pratique pour ranger vos autres produits menstruels, votre maquillage ou vos objets personnels ? Le sac Beppy est la solution id\u00e9ale. Choisissez votre couleur pr\u00e9f\u00e9r\u00e9e d\u00e8s maintenant et d\u00e9couvrez les avantages par vous-m\u00eame !<\/p>\n<h2><strong>Haute qualit\u00e9 et durabilit\u00e9<\/strong><\/h2>\n<p>Le <strong>sac Beppy<\/strong> est fabriqu\u00e9 en <strong>silicone<\/strong> de haute qualit\u00e9, ce qui en fait un sac durable et facile \u00e0 entretenir. Le mat\u00e9riau est non seulement r\u00e9sistant aux taches, mais aussi aux odeurs, de sorte que votre sac aura toujours l&rsquo;air frais et propre, quelle que soit la fr\u00e9quence \u00e0 laquelle vous l&rsquo;utilisez. Le mat\u00e9riau en silicone est souple et r\u00e9sistant \u00e0 l&rsquo;eau, ce qui vous \u00e9vite d&rsquo;endommager le sac lors de son utilisation quotidienne. Que vous y rangiez vos produits menstruels comme la <strong>coupe menstruelle Beppy<\/strong>, les <strong>tampons Beppy<\/strong>, nos sous-v\u00eatements menstruels ou quoi que ce soit d&rsquo;autre, le sac prot\u00e8gera vos produits de la salet\u00e9 et de l&rsquo;humidit\u00e9 !   <\/p>\n<h2>Les avantages du sac Beppy<\/h2>\n<p>Le sac a \u00e9t\u00e9 con\u00e7u en alliant parfaitement style et fonctionnalit\u00e9. En voici les principaux avantages : <\/p>\n<ul>\n<li><strong>Silicone de qualit\u00e9 sup\u00e9rieure<\/strong>: le sac pratique est fabriqu\u00e9 en silicone de qualit\u00e9 sup\u00e9rieure, ce qui en fait un sac durable, flexible et facile \u00e0 nettoyer. Le mat\u00e9riau est r\u00e9sistant aux taches et aux odeurs, ce qui rend le sac durable et parfait pour ranger tous nos produits menstruels durables. <\/li>\n<li><strong>Couleurs pastel gaies : <\/strong>le sac pratique est disponible dans des couleurs pastel douces et gaies comme le lilas doux, le vert menthe et le rose p\u00e2le. Ces couleurs \u00e9l\u00e9gantes garantissent que le sac n&rsquo;est pas seulement pratique, mais qu&rsquo;il constitue \u00e9galement un compl\u00e9ment \u00e9l\u00e9gant \u00e0 vos accessoires personnels. <\/li>\n<li><strong>Polyvalence d&rsquo;utilisation<\/strong>: notre sac ne se limite pas aux produits menstruels ; c&rsquo;est une solution id\u00e9ale pour ranger le maquillage, les accessoires de coiffure, les bijoux et d&rsquo;autres articles personnels.<\/li>\n<li><strong>Pratique et durable<\/strong>: le mat\u00e9riau en silicone de haute qualit\u00e9 est non seulement solide, mais aussi r\u00e9sistant \u00e0 l&rsquo;usure quotidienne. Que vous le mettiez dans votre sac \u00e0 main ou que vous l&#8217;emmeniez \u00e0 la plage, le Beppy Bag conserve sa forme et sa qualit\u00e9 m\u00eame en cas d&rsquo;utilisation intensive. <\/li>\n<li><strong>Design \u00e9l\u00e9gant et minimaliste<\/strong>: Les couleurs douces et pastel et le design minimaliste font du sac Beppy un sac adapt\u00e9 \u00e0 toutes les occasions. Que vous sortiez pour la journ\u00e9e ou pour la nuit ! <\/li>\n<\/ul>\n<h3>Commandez votre sac Beppy d\u00e8s aujourd&rsquo;hui !<\/h3>\n<p>Simplifiez-vous la vie et donnez-vous du style avec le sac Beppy. Commandez d\u00e8s aujourd&rsquo;hui votre sac dans la couleur qui vous convient le mieux et d\u00e9couvrez comment cet accessoire pratique et \u00e9l\u00e9gant peut am\u00e9liorer votre quotidien. Vous avez encore des questions ? N&rsquo;h\u00e9sitez pas \u00e0 nous <a href=\"https:\/\/www.beppy.com\/contact\/\">contacter<\/a>!   <\/p>\n","protected":false},"excerpt":{"rendered":"<p class=\"ai-optimize-25 ai-optimize-introduction\">Toujours pr\u00eat et \u00e9l\u00e9gant en d\u00e9placement ? D\u00e9couvrez le sac Beppy : compact, pratique et d\u00e9sormais disponible s\u00e9par\u00e9ment en plusieurs couleurs. Magasinez votre couleur pr\u00e9f\u00e9r\u00e9e !  <\/p>\n","protected":false},"featured_media":117400,"comment_status":"open","ping_status":"closed","template":"","meta":{"_acf_changed":false},"product_brand":[],"product_cat":[359,190],"product_tag":[],"class_list":{"0":"post-117118","1":"product","2":"type-product","3":"status-publish","4":"has-post-thumbnail","6":"product_cat-sac-beppy","7":"product_cat-tous-les-produits","9":"first","10":"instock","11":"taxable","12":"shipping-taxable","13":"purchasable","14":"product-type-variable"},"bundled_by":[],"bundle_stock_status":"instock","bundle_stock_quantity":null,"bundle_virtual":false,"bundle_layout":"","bundle_add_to_cart_form_location":"","bundle_editable_in_cart":false,"bundle_sold_individually_context":"","bundle_item_grouping":"","bundle_min_size":"","bundle_max_size":"","bundle_price":[],"bundled_items":[],"bundle_sell_ids":[],"acf":[],"yoast_head":"<!-- This site is optimized with the Yoast SEO Premium plugin v27.3 (Yoast SEO v27.3) - https:\/\/yoast.com\/product\/yoast-seo-premium-wordpress\/ -->\n<title>Beppy Bag | Beppy.com<\/title>\n<meta name=\"description\" content=\"Toujours pr\u00eat et \u00e9l\u00e9gant en d\u00e9placement ? D\u00e9couvrez le sac Beppy : compact, pratique et d\u00e9sormais disponible s\u00e9par\u00e9ment en plusieurs couleurs. Magasinez votre couleur pr\u00e9f\u00e9r\u00e9e !\" \/>\n<meta name=\"robots\" content=\"index, follow, max-snippet:-1, max-image-preview:large, max-video-preview:-1\" \/>\n<link rel=\"canonical\" href=\"https:\/\/beppy.com\/fr\/product\/sac-beppy\/\" \/>\n<meta property=\"og:locale\" content=\"fr_FR\" \/>\n<meta property=\"og:type\" content=\"article\" \/>\n<meta property=\"og:title\" content=\"Sac Beppy\" \/>\n<meta property=\"og:description\" content=\"Toujours pr\u00eat et \u00e9l\u00e9gant en d\u00e9placement ? D\u00e9couvrez le sac Beppy : compact, pratique et d\u00e9sormais disponible s\u00e9par\u00e9ment en plusieurs couleurs. Magasinez votre couleur pr\u00e9f\u00e9r\u00e9e !\" \/>\n<meta property=\"og:url\" content=\"https:\/\/beppy.com\/fr\/product\/sac-beppy\/\" \/>\n<meta property=\"og:site_name\" content=\"Beppy\" \/>\n<meta property=\"article:modified_time\" content=\"2025-12-03T22:14:27+00:00\" \/>\n<meta property=\"og:image\" content=\"https:\/\/beppy.com\/wp-content\/uploads\/2025\/06\/Beppy-bag.webp\" \/>\n\t<meta property=\"og:image:width\" content=\"2400\" \/>\n\t<meta property=\"og:image:height\" content=\"2400\" \/>\n\t<meta property=\"og:image:type\" content=\"image\/webp\" \/>\n<meta name=\"twitter:card\" content=\"summary_large_image\" \/>\n<meta name=\"twitter:description\" content=\"Toujours pr\u00eat et \u00e9l\u00e9gant en d\u00e9placement ? D\u00e9couvrez le sac Beppy : compact, pratique et d\u00e9sormais disponible s\u00e9par\u00e9ment en plusieurs couleurs. Magasinez votre couleur pr\u00e9f\u00e9r\u00e9e !\" \/>\n<meta name=\"twitter:label1\" content=\"Disponibilit\u00e9\" \/>\n\t<meta name=\"twitter:data1\" content=\"En stock\" \/>\n<script type=\"application\/ld+json\" class=\"yoast-schema-graph\">{\"@context\":\"https:\\\/\\\/schema.org\",\"@graph\":[{\"@type\":\"WebPage\",\"@id\":\"https:\\\/\\\/beppy.com\\\/fr\\\/product\\\/sac-beppy\\\/\",\"url\":\"https:\\\/\\\/beppy.com\\\/fr\\\/product\\\/sac-beppy\\\/\",\"name\":\"Beppy Bag | Beppy.com\",\"isPartOf\":{\"@id\":\"https:\\\/\\\/beppy.com\\\/fr\\\/#website\"},\"primaryImageOfPage\":{\"@id\":\"https:\\\/\\\/beppy.com\\\/fr\\\/product\\\/sac-beppy\\\/#primaryimage\"},\"image\":{\"@id\":\"https:\\\/\\\/beppy.com\\\/fr\\\/product\\\/sac-beppy\\\/#primaryimage\"},\"thumbnailUrl\":\"https:\\\/\\\/beppy.com\\\/wp-content\\\/uploads\\\/2025\\\/06\\\/Beppy-bag.webp\",\"datePublished\":\"2025-06-24T10:45:17+00:00\",\"dateModified\":\"2025-12-03T22:14:27+00:00\",\"description\":\"Toujours pr\u00eat et \u00e9l\u00e9gant en d\u00e9placement ? D\u00e9couvrez le sac Beppy : compact, pratique et d\u00e9sormais disponible s\u00e9par\u00e9ment en plusieurs couleurs. Magasinez votre couleur pr\u00e9f\u00e9r\u00e9e !\",\"breadcrumb\":{\"@id\":\"https:\\\/\\\/beppy.com\\\/fr\\\/product\\\/sac-beppy\\\/#breadcrumb\"},\"inLanguage\":\"fr-FR\",\"potentialAction\":[{\"@type\":\"ReadAction\",\"target\":[\"https:\\\/\\\/beppy.com\\\/fr\\\/product\\\/sac-beppy\\\/\"]}]},{\"@type\":\"ImageObject\",\"inLanguage\":\"fr-FR\",\"@id\":\"https:\\\/\\\/beppy.com\\\/fr\\\/product\\\/sac-beppy\\\/#primaryimage\",\"url\":\"https:\\\/\\\/beppy.com\\\/wp-content\\\/uploads\\\/2025\\\/06\\\/Beppy-bag.webp\",\"contentUrl\":\"https:\\\/\\\/beppy.com\\\/wp-content\\\/uploads\\\/2025\\\/06\\\/Beppy-bag.webp\",\"width\":2400,\"height\":2400,\"caption\":\"Sac Beppy\"},{\"@type\":\"BreadcrumbList\",\"@id\":\"https:\\\/\\\/beppy.com\\\/fr\\\/product\\\/sac-beppy\\\/#breadcrumb\",\"itemListElement\":[{\"@type\":\"ListItem\",\"position\":1,\"name\":\"Accueil\",\"item\":\"https:\\\/\\\/beppy.com\\\/fr\\\/\"},{\"@type\":\"ListItem\",\"position\":2,\"name\":\"Produits\",\"item\":\"https:\\\/\\\/beppy.com\\\/fr\\\/shop\\\/\"},{\"@type\":\"ListItem\",\"position\":3,\"name\":\"Sac Beppy\"}]},{\"@type\":\"WebSite\",\"@id\":\"https:\\\/\\\/beppy.com\\\/fr\\\/#website\",\"url\":\"https:\\\/\\\/beppy.com\\\/fr\\\/\",\"name\":\"Beppy\",\"description\":\"Menstruatiecups, soft tampons en ondergoed\",\"publisher\":{\"@id\":\"https:\\\/\\\/beppy.com\\\/fr\\\/#organization\"},\"potentialAction\":[{\"@type\":\"SearchAction\",\"target\":{\"@type\":\"EntryPoint\",\"urlTemplate\":\"https:\\\/\\\/beppy.com\\\/fr\\\/?s={search_term_string}\"},\"query-input\":{\"@type\":\"PropertyValueSpecification\",\"valueRequired\":true,\"valueName\":\"search_term_string\"}}],\"inLanguage\":\"fr-FR\"},{\"@type\":\"Organization\",\"@id\":\"https:\\\/\\\/beppy.com\\\/fr\\\/#organization\",\"name\":\"Beppy\",\"url\":\"https:\\\/\\\/beppy.com\\\/fr\\\/\",\"logo\":{\"@type\":\"ImageObject\",\"inLanguage\":\"fr-FR\",\"@id\":\"https:\\\/\\\/beppy.com\\\/fr\\\/#\\\/schema\\\/logo\\\/image\\\/\",\"url\":\"https:\\\/\\\/beppy.com\\\/wp-content\\\/uploads\\\/2024\\\/12\\\/cropped-Beppy_logo.png\",\"contentUrl\":\"https:\\\/\\\/beppy.com\\\/wp-content\\\/uploads\\\/2024\\\/12\\\/cropped-Beppy_logo.png\",\"width\":241,\"height\":84,\"caption\":\"Beppy\"},\"image\":{\"@id\":\"https:\\\/\\\/beppy.com\\\/fr\\\/#\\\/schema\\\/logo\\\/image\\\/\"}}]}<\/script>\n<meta property=\"og:availability\" content=\"instock\" \/>\n<meta property=\"product:availability\" content=\"instock\" \/>\n<meta property=\"product:condition\" content=\"new\" \/>\n<!-- \/ Yoast SEO Premium plugin. -->","yoast_head_json":{"title":"Beppy Bag | Beppy.com","description":"Toujours pr\u00eat et \u00e9l\u00e9gant en d\u00e9placement ? D\u00e9couvrez le sac Beppy : compact, pratique et d\u00e9sormais disponible s\u00e9par\u00e9ment en plusieurs couleurs. Magasinez votre couleur pr\u00e9f\u00e9r\u00e9e !","robots":{"index":"index","follow":"follow","max-snippet":"max-snippet:-1","max-image-preview":"max-image-preview:large","max-video-preview":"max-video-preview:-1"},"canonical":"https:\/\/beppy.com\/fr\/product\/sac-beppy\/","og_locale":"fr_FR","og_type":"article","og_title":"Sac Beppy","og_description":"Toujours pr\u00eat et \u00e9l\u00e9gant en d\u00e9placement ? D\u00e9couvrez le sac Beppy : compact, pratique et d\u00e9sormais disponible s\u00e9par\u00e9ment en plusieurs couleurs. Magasinez votre couleur pr\u00e9f\u00e9r\u00e9e !","og_url":"https:\/\/beppy.com\/fr\/product\/sac-beppy\/","og_site_name":"Beppy","article_modified_time":"2025-12-03T22:14:27+00:00","og_image":[{"width":2400,"height":2400,"url":"https:\/\/beppy.com\/wp-content\/uploads\/2025\/06\/Beppy-bag.webp","type":"image\/webp"}],"twitter_card":"summary_large_image","twitter_description":"Toujours pr\u00eat et \u00e9l\u00e9gant en d\u00e9placement ? D\u00e9couvrez le sac Beppy : compact, pratique et d\u00e9sormais disponible s\u00e9par\u00e9ment en plusieurs couleurs. Magasinez votre couleur pr\u00e9f\u00e9r\u00e9e !","twitter_misc":{"Disponibilit\u00e9":"En stock"},"schema":{"@context":"https:\/\/schema.org","@graph":[{"@type":"WebPage","@id":"https:\/\/beppy.com\/fr\/product\/sac-beppy\/","url":"https:\/\/beppy.com\/fr\/product\/sac-beppy\/","name":"Beppy Bag | Beppy.com","isPartOf":{"@id":"https:\/\/beppy.com\/fr\/#website"},"primaryImageOfPage":{"@id":"https:\/\/beppy.com\/fr\/product\/sac-beppy\/#primaryimage"},"image":{"@id":"https:\/\/beppy.com\/fr\/product\/sac-beppy\/#primaryimage"},"thumbnailUrl":"https:\/\/beppy.com\/wp-content\/uploads\/2025\/06\/Beppy-bag.webp","datePublished":"2025-06-24T10:45:17+00:00","dateModified":"2025-12-03T22:14:27+00:00","description":"Toujours pr\u00eat et \u00e9l\u00e9gant en d\u00e9placement ? D\u00e9couvrez le sac Beppy : compact, pratique et d\u00e9sormais disponible s\u00e9par\u00e9ment en plusieurs couleurs. Magasinez votre couleur pr\u00e9f\u00e9r\u00e9e !","breadcrumb":{"@id":"https:\/\/beppy.com\/fr\/product\/sac-beppy\/#breadcrumb"},"inLanguage":"fr-FR","potentialAction":[{"@type":"ReadAction","target":["https:\/\/beppy.com\/fr\/product\/sac-beppy\/"]}]},{"@type":"ImageObject","inLanguage":"fr-FR","@id":"https:\/\/beppy.com\/fr\/product\/sac-beppy\/#primaryimage","url":"https:\/\/beppy.com\/wp-content\/uploads\/2025\/06\/Beppy-bag.webp","contentUrl":"https:\/\/beppy.com\/wp-content\/uploads\/2025\/06\/Beppy-bag.webp","width":2400,"height":2400,"caption":"Sac Beppy"},{"@type":"BreadcrumbList","@id":"https:\/\/beppy.com\/fr\/product\/sac-beppy\/#breadcrumb","itemListElement":[{"@type":"ListItem","position":1,"name":"Accueil","item":"https:\/\/beppy.com\/fr\/"},{"@type":"ListItem","position":2,"name":"Produits","item":"https:\/\/beppy.com\/fr\/shop\/"},{"@type":"ListItem","position":3,"name":"Sac Beppy"}]},{"@type":"WebSite","@id":"https:\/\/beppy.com\/fr\/#website","url":"https:\/\/beppy.com\/fr\/","name":"Beppy","description":"Menstruatiecups, soft tampons en ondergoed","publisher":{"@id":"https:\/\/beppy.com\/fr\/#organization"},"potentialAction":[{"@type":"SearchAction","target":{"@type":"EntryPoint","urlTemplate":"https:\/\/beppy.com\/fr\/?s={search_term_string}"},"query-input":{"@type":"PropertyValueSpecification","valueRequired":true,"valueName":"search_term_string"}}],"inLanguage":"fr-FR"},{"@type":"Organization","@id":"https:\/\/beppy.com\/fr\/#organization","name":"Beppy","url":"https:\/\/beppy.com\/fr\/","logo":{"@type":"ImageObject","inLanguage":"fr-FR","@id":"https:\/\/beppy.com\/fr\/#\/schema\/logo\/image\/","url":"https:\/\/beppy.com\/wp-content\/uploads\/2024\/12\/cropped-Beppy_logo.png","contentUrl":"https:\/\/beppy.com\/wp-content\/uploads\/2024\/12\/cropped-Beppy_logo.png","width":241,"height":84,"caption":"Beppy"},"image":{"@id":"https:\/\/beppy.com\/fr\/#\/schema\/logo\/image\/"}}]},"og_availability":"instock","product_availability":"instock","product_condition":"new"},"_links":{"self":[{"href":"https:\/\/beppy.com\/fr\/wp-json\/wp\/v2\/product\/117118","targetHints":{"allow":["GET"]}}],"collection":[{"href":"https:\/\/beppy.com\/fr\/wp-json\/wp\/v2\/product"}],"about":[{"href":"https:\/\/beppy.com\/fr\/wp-json\/wp\/v2\/types\/product"}],"replies":[{"embeddable":true,"href":"https:\/\/beppy.com\/fr\/wp-json\/wp\/v2\/comments?post=117118"}],"wp:featuredmedia":[{"embeddable":true,"href":"https:\/\/beppy.com\/fr\/wp-json\/wp\/v2\/media\/117400"}],"wp:attachment":[{"href":"https:\/\/beppy.com\/fr\/wp-json\/wp\/v2\/media?parent=117118"}],"wp:term":[{"taxonomy":"product_brand","embeddable":true,"href":"https:\/\/beppy.com\/fr\/wp-json\/wp\/v2\/product_brand?post=117118"},{"taxonomy":"product_cat","embeddable":true,"href":"https:\/\/beppy.com\/fr\/wp-json\/wp\/v2\/product_cat?post=117118"},{"taxonomy":"product_tag","embeddable":true,"href":"https:\/\/beppy.com\/fr\/wp-json\/wp\/v2\/product_tag?post=117118"}],"curies":[{"name":"wp","href":"https:\/\/api.w.org\/{rel}","templated":true}]}}