{"id":117133,"date":"2025-06-24T12:55:13","date_gmt":"2025-06-24T10:55:13","guid":{"rendered":"https:\/\/beppy.com\/?post_type=product&#038;p=117133"},"modified":"2025-09-09T20:25:56","modified_gmt":"2025-09-09T18:25:56","slug":"set-menstruel-beppy-cotton-candy-copy","status":"publish","type":"product","link":"https:\/\/beppy.com\/fr\/product\/set-menstruel-beppy-cotton-candy-copy\/","title":{"rendered":"Bo\u00eete tout-en-un Beppy"},"content":{"rendered":"<p>La Beppy All-in Box est un coffret haut de gamme qui contient tout ce dont vous avez besoin, con\u00e7u pour vous accompagner \u00e0 chaque \u00e9tape de vos r\u00e8gles. Ce coffret de luxe contient des produits soigneusement s\u00e9lectionn\u00e9s qui non seulement faciliteront vos r\u00e8gles, mais vous procureront \u00e9galement un sentiment de bien-\u00eatre et de confiance. Commandez la Beppy All-in Box d\u00e8s aujourd&rsquo;hui et d\u00e9couvrez la solution ultime pour vos r\u00e8gles !  <\/p>\n<h2><strong>Contenu de la bo\u00eete Beppy All-in Box<\/strong><\/h2>\n<p>La Beppy All-in Box contient une luxueuse s\u00e9lection de produits qui rendront votre p\u00e9riode menstruelle beaucoup plus agr\u00e9able :<\/p>\n<ol>\n<li><strong>Coupe menstruelle Beppy 1 pi\u00e8ce<\/strong><strong>:<\/strong> Cette coupe menstruelle r\u00e9utilisable offre une excellente protection et un grand confort pendant vos r\u00e8gles. Fabriqu\u00e9e en silicone m\u00e9dical souple, la coupe est sans danger pour votre corps et con\u00e7ue pour durer des ann\u00e9es. Notre coupe menstruelle flexible offre une protection fiable sans fuite, ce qui vous permet de vous sentir \u00e0 l&rsquo;aise jour et nuit.  <\/li>\n<li><a href=\"https:\/\/www.beppy.com\/product-category\/beppy-tampons\/\"><strong>Tampon Beppy WET + DRY<\/strong><\/a>Beppy Tampon <strong>:<\/strong> Ces tampons invisibles sans ficelle offrent un confort et une discr\u00e9tion ultimes. La variante WET, humidifi\u00e9e avec du lactagel, facilite l&rsquo;insertion et est id\u00e9ale pour les d\u00e9butantes. La variante DRY offre un confort suppl\u00e9mentaire aux utilisatrices exp\u00e9riment\u00e9es qui pr\u00e9f\u00e8rent un tampon sec.  <\/li>\n<li><a href=\"https:\/\/www.beppy.com\/product-category\/beppy-panties\/\"><strong>Culotte Beppy<\/strong>:<\/a> Dans la <strong>bo\u00eete Beppy All-in Box<\/strong>, vous trouverez un ensemble de <strong>deux culottes menstruelles<\/strong> id\u00e9ales pour une utilisation pendant la nuit. Les slips menstruels sont une excellente alternative aux serviettes hygi\u00e9niques, qui frottent et se d\u00e9placent souvent, ou aux tampons traditionnels, qui ne peuvent pas \u00eatre port\u00e9s en toute s\u00e9curit\u00e9 pendant la nuit. La culotte menstruelle sp\u00e9cialement con\u00e7ue offre une absorption fiable, avec plusieurs couches qui garantissent que la culotte reste s\u00e8che aussi bien pendant la journ\u00e9e que pendant la nuit. Gr\u00e2ce \u00e0 leur conception bien pens\u00e9e, vous n&rsquo;avez pas \u00e0 vous soucier de l&rsquo;inconfort, des fuites ou du manque d&rsquo;hygi\u00e8ne !   <\/li>\n<li><a href=\"https:\/\/www.beppy.com\/product\/new-neutral-cup-soap\/\"><strong>Beppy Natural Cup Soap<\/strong><\/a><strong>:<\/strong> ce savon naturel est id\u00e9al pour nettoyer vos coupes menstruelles. Sa formule douce est respectueuse de la peau et garantit que vos coupes restent toujours propres et hygi\u00e9niques, pr\u00eates pour la prochaine utilisation. <\/li>\n<li><a href=\"https:\/\/www.beppy.com\/product\/beppy-comfort-gel-op-waterbasis\/\"><strong>Gel de confort Beppy :<\/strong><\/a> Ce gel \u00e0 base d&rsquo;eau assure une insertion douce et confortable des tampons et des coupes menstruelles. Le gel rend le processus plus facile et plus agr\u00e9able, ce qui rend votre exp\u00e9rience menstruelle encore plus confortable. <\/li>\n<\/ol>\n<h3><strong>Pourquoi notre bo\u00eete est le choix id\u00e9al pour toutes les femmes<\/strong><\/h3>\n<p>Avec la Beppy All-in Box, vous optez pour un ensemble complet :<\/p>\n<ul>\n<li><strong>Qualit\u00e9 sup\u00e9rieure et confort :<\/strong> la Beppy All-in Box offre une s\u00e9lection de produits de qualit\u00e9 sup\u00e9rieure con\u00e7us pour un confort ultime, la discr\u00e9tion et la facilit\u00e9 d&rsquo;utilisation. Vous disposez de tout ce dont vous avez besoin pour vivre vos r\u00e8gles de la mani\u00e8re la plus confortable qui soit. <\/li>\n<li><strong>Une protection compl\u00e8te pour chaque jour et chaque nuit :<\/strong> que vous choisissiez les coupes menstruelles, les tampons ou les sous-v\u00eatements menstruels Beppy, vous avez toujours la bonne solution pour chaque situation. La combinaison de ces produits offre une protection polyvalente pour les journ\u00e9es l\u00e9g\u00e8res comme pour les journ\u00e9es plus lourdes. <\/li>\n<li><strong>Durables et r\u00e9utilisables :<\/strong> les coupes menstruelles et les sous-v\u00eatements menstruels sont r\u00e9utilisables et con\u00e7us pour durer. En choisissant ces produits durables, vous r\u00e9duirez non seulement vos d\u00e9penses mensuelles, mais vous contribuerez \u00e9galement \u00e0 un monde plus durable. <\/li>\n<li><strong>Hygi\u00e8ne et soins fiables : le<\/strong> Natural Cup Soap et le Comfort Gel garantissent une exp\u00e9rience hygi\u00e9nique et confortable. Le savon nettoie efficacement vos coupes menstruelles, tandis que le gel de confort facilite l&rsquo;insertion et augmente le confort. <\/li>\n<\/ul>\n<p>Nous nous engageons \u00e0 proposer des produits qui sont \u00e0 la fois s\u00fbrs pour vous et pour la plan\u00e8te. La Beppy All-in Box ne contient que des mat\u00e9riaux durables et de haute qualit\u00e9, tels que le silicone m\u00e9dical pour les coupes menstruelles et des tissus respectueux de l&rsquo;environnement pour les sous-v\u00eatements menstruels. Tous nos produits sont soigneusement test\u00e9s pour s&rsquo;assurer qu&rsquo;ils r\u00e9pondent aux normes les plus strictes en mati\u00e8re de s\u00e9curit\u00e9 et de commodit\u00e9.  <\/p>\n<p>Avez-vous des questions sur notre Beppy All-in Box ? Ou sur d&rsquo;autres produits ? N&rsquo;h\u00e9sitez pas \u00e0 nous <a href=\"https:\/\/www.beppy.com\/contact\/\">contacter<\/a>!  <\/p>\n","protected":false},"excerpt":{"rendered":"<p><strong>Ce que vous recevez<\/strong><br \/>\n1 tasse, 1 savon, 2 culottes, 2 Beppy Wet et 2 Beppy Soft (le cas \u00e9ch\u00e9ant).<\/p>\n","protected":false},"featured_media":117381,"comment_status":"open","ping_status":"closed","template":"","meta":{"_acf_changed":false},"product_brand":[],"product_cat":[200,192,205,191,194,190],"product_tag":[],"class_list":{"0":"post-117133","1":"product","2":"type-product","3":"status-publish","4":"has-post-thumbnail","6":"product_cat-coupe-menstruelle-beppy","7":"product_cat-entretien-des-produits-beppy","8":"product_cat-kit-menstruel-beppy","9":"product_cat-sous-vetements-menstruels-beppy","10":"product_cat-tampons-beppy","11":"product_cat-tous-les-produits","13":"first","14":"instock","15":"taxable","16":"shipping-taxable","17":"purchasable","18":"product-type-bundle"},"bundled_by":[],"bundle_stock_status":"instock","bundle_stock_quantity":53,"bundle_virtual":false,"bundle_layout":"default","bundle_add_to_cart_form_location":"default","bundle_editable_in_cart":false,"bundle_sold_individually_context":"product","bundle_item_grouping":"parent","bundle_min_size":"","bundle_max_size":"","bundle_price":{"price":{"min":{"incl_tax":"74.95","excl_tax":"61.942149"},"max":{"incl_tax":"74.95","excl_tax":"61.942149"}},"regular_price":{"min":{"incl_tax":"74.95","excl_tax":"61.942149"},"max":{"incl_tax":"74.95","excl_tax":"61.942149"}}},"bundled_items":[{"bundled_item_id":21,"product_id":117136,"menu_order":1,"quantity_min":1,"quantity_max":1,"quantity_default":1,"priced_individually":false,"shipped_individually":false,"override_title":false,"title":"Coupe menstruelle Beppy - 1 pi\u00e8ce","override_description":false,"description":"Coupe menstruelle Beppy - 1 pi\u00e8ce","optional":false,"hide_thumbnail":false,"discount":"","override_variations":false,"allowed_variations":[""],"override_default_variation_attributes":false,"default_variation_attributes":[],"single_product_visibility":"visible","cart_visibility":"visible","order_visibility":"visible","single_product_price_visibility":"visible","cart_price_visibility":"visible","order_price_visibility":"visible","stock_status":"in_stock"},{"bundled_item_id":35,"product_id":117520,"menu_order":1,"quantity_min":1,"quantity_max":1,"quantity_default":1,"priced_individually":false,"shipped_individually":false,"override_title":false,"title":null,"override_description":false,"description":null,"optional":false,"hide_thumbnail":false,"discount":"","override_variations":false,"allowed_variations":[""],"override_default_variation_attributes":false,"default_variation_attributes":[],"single_product_visibility":"visible","cart_visibility":"visible","order_visibility":"visible","single_product_price_visibility":"visible","cart_price_visibility":"visible","order_price_visibility":"visible","stock_status":"in_stock"},{"bundled_item_id":36,"product_id":117585,"menu_order":2,"quantity_min":1,"quantity_max":1,"quantity_default":1,"priced_individually":false,"shipped_individually":false,"override_title":false,"title":null,"override_description":false,"description":null,"optional":false,"hide_thumbnail":false,"discount":"","override_variations":false,"allowed_variations":[""],"override_default_variation_attributes":false,"default_variation_attributes":[],"single_product_visibility":"visible","cart_visibility":"visible","order_visibility":"visible","single_product_price_visibility":"visible","cart_price_visibility":"visible","order_price_visibility":"visible","stock_status":"in_stock"},{"bundled_item_id":76,"product_id":120871,"menu_order":3,"quantity_min":1,"quantity_max":1,"quantity_default":1,"priced_individually":false,"shipped_individually":false,"override_title":false,"title":"Beppy WET - 2 pi\u00e8ces","override_description":true,"description":"Les tampons Beppy Wet sont d\u00e9j\u00e0 l\u00e9g\u00e8rement humidifi\u00e9s avec du gel de lactose, ce qui vous permet de les ins\u00e9rer sans effort. La mati\u00e8re souple et flexible assure une sensation de confort, sans fil visible. ","optional":false,"hide_thumbnail":false,"discount":"","override_variations":false,"allowed_variations":[""],"override_default_variation_attributes":false,"default_variation_attributes":[],"single_product_visibility":"visible","cart_visibility":"visible","order_visibility":"visible","single_product_price_visibility":"visible","cart_price_visibility":"visible","order_price_visibility":"visible","stock_status":"in_stock"},{"bundled_item_id":22,"product_id":116495,"menu_order":4,"quantity_min":1,"quantity_max":1,"quantity_default":1,"priced_individually":false,"shipped_individually":false,"override_title":false,"title":"Savon neutre pour tasses","override_description":false,"description":"Savon neutre pour tasses","optional":false,"hide_thumbnail":false,"discount":"","override_variations":false,"allowed_variations":[""],"override_default_variation_attributes":false,"default_variation_attributes":[],"single_product_visibility":"visible","cart_visibility":"visible","order_visibility":"visible","single_product_price_visibility":"visible","cart_price_visibility":"visible","order_price_visibility":"visible","stock_status":"in_stock"},{"bundled_item_id":37,"product_id":117565,"menu_order":4,"quantity_min":1,"quantity_max":1,"quantity_default":1,"priced_individually":false,"shipped_individually":false,"override_title":false,"title":"Culotte Beppy - 2 pi\u00e8ces","override_description":false,"description":"Culotte Beppy - 2 pi\u00e8ces","optional":false,"hide_thumbnail":false,"discount":"","override_variations":false,"allowed_variations":[""],"override_default_variation_attributes":false,"default_variation_attributes":[],"single_product_visibility":"visible","cart_visibility":"visible","order_visibility":"visible","single_product_price_visibility":"visible","cart_price_visibility":"visible","order_price_visibility":"visible","stock_status":"in_stock"},{"bundled_item_id":77,"product_id":120873,"menu_order":4,"quantity_min":1,"quantity_max":1,"quantity_default":1,"priced_individually":false,"shipped_individually":false,"override_title":false,"title":"Beppy DRY - 2 pi\u00e8ces","override_description":true,"description":"Les tampons Beppy Dry allient confort et flexibilit\u00e9 dans un design discret sans fil. Contrairement \u00e0 la version humide, cette version est totalement exempte de lactose. ","optional":false,"hide_thumbnail":false,"discount":"","override_variations":false,"allowed_variations":[""],"override_default_variation_attributes":false,"default_variation_attributes":[],"single_product_visibility":"visible","cart_visibility":"visible","order_visibility":"visible","single_product_price_visibility":"visible","cart_price_visibility":"visible","order_price_visibility":"visible","stock_status":"in_stock"}],"bundle_sell_ids":[],"acf":[],"yoast_head":"<!-- This site is optimized with the Yoast SEO Premium plugin v27.3 (Yoast SEO v27.3) - https:\/\/yoast.com\/product\/yoast-seo-premium-wordpress\/ -->\n<title>Beppy All-in Box | Beppy.com<\/title>\n<meta name=\"description\" content=\"La Beppy All-in Box est une bo\u00eete premium qui contient tout ce dont vous avez besoin. Commandez la bo\u00eete d\u00e8s aujourd&#039;hui et d\u00e9couvrez la solution ultime pour vos r\u00e8gles !\" \/>\n<meta name=\"robots\" content=\"index, follow, max-snippet:-1, max-image-preview:large, max-video-preview:-1\" \/>\n<link rel=\"canonical\" href=\"https:\/\/beppy.com\/fr\/product\/set-menstruel-beppy-cotton-candy-copy\/\" \/>\n<meta property=\"og:locale\" content=\"fr_FR\" \/>\n<meta property=\"og:type\" content=\"article\" \/>\n<meta property=\"og:title\" content=\"Bo\u00eete tout-en-un Beppy\" \/>\n<meta property=\"og:description\" content=\"La Beppy All-in Box est une bo\u00eete premium qui contient tout ce dont vous avez besoin. Commandez la bo\u00eete d\u00e8s aujourd&#039;hui et d\u00e9couvrez la solution ultime pour vos r\u00e8gles !\" \/>\n<meta property=\"og:url\" content=\"https:\/\/beppy.com\/fr\/product\/set-menstruel-beppy-cotton-candy-copy\/\" \/>\n<meta property=\"og:site_name\" content=\"Beppy\" \/>\n<meta property=\"article:modified_time\" content=\"2025-09-09T18:25:56+00:00\" \/>\n<meta property=\"og:image\" content=\"https:\/\/beppy.com\/wp-content\/uploads\/2025\/06\/Beppy-All-inBox.webp\" \/>\n\t<meta property=\"og:image:width\" content=\"2400\" \/>\n\t<meta property=\"og:image:height\" content=\"2400\" \/>\n\t<meta property=\"og:image:type\" content=\"image\/webp\" \/>\n<meta name=\"twitter:card\" content=\"summary_large_image\" \/>\n<meta name=\"twitter:description\" content=\"La Beppy All-in Box est une bo\u00eete premium qui contient tout ce dont vous avez besoin. Commandez la bo\u00eete d\u00e8s aujourd&#039;hui et d\u00e9couvrez la solution ultime pour vos r\u00e8gles !\" \/>\n<meta name=\"twitter:label1\" content=\"Prix\" \/>\n\t<meta name=\"twitter:data1\" content=\"&euro;&nbsp;74,95\" \/>\n\t<meta name=\"twitter:label2\" content=\"Disponibilit\u00e9\" \/>\n\t<meta name=\"twitter:data2\" content=\"En stock\" \/>\n<script type=\"application\/ld+json\" class=\"yoast-schema-graph\">{\"@context\":\"https:\\\/\\\/schema.org\",\"@graph\":[{\"@type\":\"WebPage\",\"@id\":\"https:\\\/\\\/beppy.com\\\/fr\\\/product\\\/set-menstruel-beppy-cotton-candy-copy\\\/\",\"url\":\"https:\\\/\\\/beppy.com\\\/fr\\\/product\\\/set-menstruel-beppy-cotton-candy-copy\\\/\",\"name\":\"Beppy All-in Box | Beppy.com\",\"isPartOf\":{\"@id\":\"https:\\\/\\\/beppy.com\\\/fr\\\/#website\"},\"primaryImageOfPage\":{\"@id\":\"https:\\\/\\\/beppy.com\\\/fr\\\/product\\\/set-menstruel-beppy-cotton-candy-copy\\\/#primaryimage\"},\"image\":{\"@id\":\"https:\\\/\\\/beppy.com\\\/fr\\\/product\\\/set-menstruel-beppy-cotton-candy-copy\\\/#primaryimage\"},\"thumbnailUrl\":\"https:\\\/\\\/beppy.com\\\/wp-content\\\/uploads\\\/2025\\\/06\\\/Beppy-All-inBox.webp\",\"datePublished\":\"2025-06-24T10:55:13+00:00\",\"dateModified\":\"2025-09-09T18:25:56+00:00\",\"description\":\"La Beppy All-in Box est une bo\u00eete premium qui contient tout ce dont vous avez besoin. Commandez la bo\u00eete d\u00e8s aujourd'hui et d\u00e9couvrez la solution ultime pour vos r\u00e8gles !\",\"breadcrumb\":{\"@id\":\"https:\\\/\\\/beppy.com\\\/fr\\\/product\\\/set-menstruel-beppy-cotton-candy-copy\\\/#breadcrumb\"},\"inLanguage\":\"fr-FR\",\"potentialAction\":[{\"@type\":\"ReadAction\",\"target\":[\"https:\\\/\\\/beppy.com\\\/fr\\\/product\\\/set-menstruel-beppy-cotton-candy-copy\\\/\"]}]},{\"@type\":\"ImageObject\",\"inLanguage\":\"fr-FR\",\"@id\":\"https:\\\/\\\/beppy.com\\\/fr\\\/product\\\/set-menstruel-beppy-cotton-candy-copy\\\/#primaryimage\",\"url\":\"https:\\\/\\\/beppy.com\\\/wp-content\\\/uploads\\\/2025\\\/06\\\/Beppy-All-inBox.webp\",\"contentUrl\":\"https:\\\/\\\/beppy.com\\\/wp-content\\\/uploads\\\/2025\\\/06\\\/Beppy-All-inBox.webp\",\"width\":2400,\"height\":2400,\"caption\":\"Beppy All-inBox\"},{\"@type\":\"BreadcrumbList\",\"@id\":\"https:\\\/\\\/beppy.com\\\/fr\\\/product\\\/set-menstruel-beppy-cotton-candy-copy\\\/#breadcrumb\",\"itemListElement\":[{\"@type\":\"ListItem\",\"position\":1,\"name\":\"Accueil\",\"item\":\"https:\\\/\\\/beppy.com\\\/fr\\\/\"},{\"@type\":\"ListItem\",\"position\":2,\"name\":\"Produits\",\"item\":\"https:\\\/\\\/beppy.com\\\/fr\\\/shop\\\/\"},{\"@type\":\"ListItem\",\"position\":3,\"name\":\"Bo\u00eete tout-en-un Beppy\"}]},{\"@type\":\"WebSite\",\"@id\":\"https:\\\/\\\/beppy.com\\\/fr\\\/#website\",\"url\":\"https:\\\/\\\/beppy.com\\\/fr\\\/\",\"name\":\"Beppy\",\"description\":\"Menstruatiecups, soft tampons en ondergoed\",\"publisher\":{\"@id\":\"https:\\\/\\\/beppy.com\\\/fr\\\/#organization\"},\"potentialAction\":[{\"@type\":\"SearchAction\",\"target\":{\"@type\":\"EntryPoint\",\"urlTemplate\":\"https:\\\/\\\/beppy.com\\\/fr\\\/?s={search_term_string}\"},\"query-input\":{\"@type\":\"PropertyValueSpecification\",\"valueRequired\":true,\"valueName\":\"search_term_string\"}}],\"inLanguage\":\"fr-FR\"},{\"@type\":\"Organization\",\"@id\":\"https:\\\/\\\/beppy.com\\\/fr\\\/#organization\",\"name\":\"Beppy\",\"url\":\"https:\\\/\\\/beppy.com\\\/fr\\\/\",\"logo\":{\"@type\":\"ImageObject\",\"inLanguage\":\"fr-FR\",\"@id\":\"https:\\\/\\\/beppy.com\\\/fr\\\/#\\\/schema\\\/logo\\\/image\\\/\",\"url\":\"https:\\\/\\\/beppy.com\\\/wp-content\\\/uploads\\\/2024\\\/12\\\/cropped-Beppy_logo.png\",\"contentUrl\":\"https:\\\/\\\/beppy.com\\\/wp-content\\\/uploads\\\/2024\\\/12\\\/cropped-Beppy_logo.png\",\"width\":241,\"height\":84,\"caption\":\"Beppy\"},\"image\":{\"@id\":\"https:\\\/\\\/beppy.com\\\/fr\\\/#\\\/schema\\\/logo\\\/image\\\/\"}}]}<\/script>\n<meta property=\"product:price:amount\" content=\"74.95\" \/>\n<meta property=\"product:price:currency\" content=\"EUR\" \/>\n<meta property=\"og:availability\" content=\"instock\" \/>\n<meta property=\"product:availability\" content=\"instock\" \/>\n<meta property=\"product:retailer_item_id\" content=\"0123456789020\" \/>\n<meta property=\"product:condition\" content=\"new\" \/>\n<!-- \/ Yoast SEO Premium plugin. -->","yoast_head_json":{"title":"Beppy All-in Box | Beppy.com","description":"La Beppy All-in Box est une bo\u00eete premium qui contient tout ce dont vous avez besoin. Commandez la bo\u00eete d\u00e8s aujourd'hui et d\u00e9couvrez la solution ultime pour vos r\u00e8gles !","robots":{"index":"index","follow":"follow","max-snippet":"max-snippet:-1","max-image-preview":"max-image-preview:large","max-video-preview":"max-video-preview:-1"},"canonical":"https:\/\/beppy.com\/fr\/product\/set-menstruel-beppy-cotton-candy-copy\/","og_locale":"fr_FR","og_type":"article","og_title":"Bo\u00eete tout-en-un Beppy","og_description":"La Beppy All-in Box est une bo\u00eete premium qui contient tout ce dont vous avez besoin. Commandez la bo\u00eete d\u00e8s aujourd'hui et d\u00e9couvrez la solution ultime pour vos r\u00e8gles !","og_url":"https:\/\/beppy.com\/fr\/product\/set-menstruel-beppy-cotton-candy-copy\/","og_site_name":"Beppy","article_modified_time":"2025-09-09T18:25:56+00:00","og_image":[{"width":2400,"height":2400,"url":"https:\/\/beppy.com\/wp-content\/uploads\/2025\/06\/Beppy-All-inBox.webp","type":"image\/webp"}],"twitter_card":"summary_large_image","twitter_description":"La Beppy All-in Box est une bo\u00eete premium qui contient tout ce dont vous avez besoin. Commandez la bo\u00eete d\u00e8s aujourd'hui et d\u00e9couvrez la solution ultime pour vos r\u00e8gles !","twitter_misc":{"Prix":"&euro;&nbsp;74,95","Disponibilit\u00e9":"En stock"},"schema":{"@context":"https:\/\/schema.org","@graph":[{"@type":"WebPage","@id":"https:\/\/beppy.com\/fr\/product\/set-menstruel-beppy-cotton-candy-copy\/","url":"https:\/\/beppy.com\/fr\/product\/set-menstruel-beppy-cotton-candy-copy\/","name":"Beppy All-in Box | Beppy.com","isPartOf":{"@id":"https:\/\/beppy.com\/fr\/#website"},"primaryImageOfPage":{"@id":"https:\/\/beppy.com\/fr\/product\/set-menstruel-beppy-cotton-candy-copy\/#primaryimage"},"image":{"@id":"https:\/\/beppy.com\/fr\/product\/set-menstruel-beppy-cotton-candy-copy\/#primaryimage"},"thumbnailUrl":"https:\/\/beppy.com\/wp-content\/uploads\/2025\/06\/Beppy-All-inBox.webp","datePublished":"2025-06-24T10:55:13+00:00","dateModified":"2025-09-09T18:25:56+00:00","description":"La Beppy All-in Box est une bo\u00eete premium qui contient tout ce dont vous avez besoin. Commandez la bo\u00eete d\u00e8s aujourd'hui et d\u00e9couvrez la solution ultime pour vos r\u00e8gles !","breadcrumb":{"@id":"https:\/\/beppy.com\/fr\/product\/set-menstruel-beppy-cotton-candy-copy\/#breadcrumb"},"inLanguage":"fr-FR","potentialAction":[{"@type":"ReadAction","target":["https:\/\/beppy.com\/fr\/product\/set-menstruel-beppy-cotton-candy-copy\/"]}]},{"@type":"ImageObject","inLanguage":"fr-FR","@id":"https:\/\/beppy.com\/fr\/product\/set-menstruel-beppy-cotton-candy-copy\/#primaryimage","url":"https:\/\/beppy.com\/wp-content\/uploads\/2025\/06\/Beppy-All-inBox.webp","contentUrl":"https:\/\/beppy.com\/wp-content\/uploads\/2025\/06\/Beppy-All-inBox.webp","width":2400,"height":2400,"caption":"Beppy All-inBox"},{"@type":"BreadcrumbList","@id":"https:\/\/beppy.com\/fr\/product\/set-menstruel-beppy-cotton-candy-copy\/#breadcrumb","itemListElement":[{"@type":"ListItem","position":1,"name":"Accueil","item":"https:\/\/beppy.com\/fr\/"},{"@type":"ListItem","position":2,"name":"Produits","item":"https:\/\/beppy.com\/fr\/shop\/"},{"@type":"ListItem","position":3,"name":"Bo\u00eete tout-en-un Beppy"}]},{"@type":"WebSite","@id":"https:\/\/beppy.com\/fr\/#website","url":"https:\/\/beppy.com\/fr\/","name":"Beppy","description":"Menstruatiecups, soft tampons en ondergoed","publisher":{"@id":"https:\/\/beppy.com\/fr\/#organization"},"potentialAction":[{"@type":"SearchAction","target":{"@type":"EntryPoint","urlTemplate":"https:\/\/beppy.com\/fr\/?s={search_term_string}"},"query-input":{"@type":"PropertyValueSpecification","valueRequired":true,"valueName":"search_term_string"}}],"inLanguage":"fr-FR"},{"@type":"Organization","@id":"https:\/\/beppy.com\/fr\/#organization","name":"Beppy","url":"https:\/\/beppy.com\/fr\/","logo":{"@type":"ImageObject","inLanguage":"fr-FR","@id":"https:\/\/beppy.com\/fr\/#\/schema\/logo\/image\/","url":"https:\/\/beppy.com\/wp-content\/uploads\/2024\/12\/cropped-Beppy_logo.png","contentUrl":"https:\/\/beppy.com\/wp-content\/uploads\/2024\/12\/cropped-Beppy_logo.png","width":241,"height":84,"caption":"Beppy"},"image":{"@id":"https:\/\/beppy.com\/fr\/#\/schema\/logo\/image\/"}}]},"product_price_amount":"74.95","product_price_currency":"EUR","og_availability":"instock","product_availability":"instock","product_retailer_item_id":"0123456789020","product_condition":"new"},"_links":{"self":[{"href":"https:\/\/beppy.com\/fr\/wp-json\/wp\/v2\/product\/117133","targetHints":{"allow":["GET"]}}],"collection":[{"href":"https:\/\/beppy.com\/fr\/wp-json\/wp\/v2\/product"}],"about":[{"href":"https:\/\/beppy.com\/fr\/wp-json\/wp\/v2\/types\/product"}],"replies":[{"embeddable":true,"href":"https:\/\/beppy.com\/fr\/wp-json\/wp\/v2\/comments?post=117133"}],"wp:featuredmedia":[{"embeddable":true,"href":"https:\/\/beppy.com\/fr\/wp-json\/wp\/v2\/media\/117381"}],"wp:attachment":[{"href":"https:\/\/beppy.com\/fr\/wp-json\/wp\/v2\/media?parent=117133"}],"wp:term":[{"taxonomy":"product_brand","embeddable":true,"href":"https:\/\/beppy.com\/fr\/wp-json\/wp\/v2\/product_brand?post=117133"},{"taxonomy":"product_cat","embeddable":true,"href":"https:\/\/beppy.com\/fr\/wp-json\/wp\/v2\/product_cat?post=117133"},{"taxonomy":"product_tag","embeddable":true,"href":"https:\/\/beppy.com\/fr\/wp-json\/wp\/v2\/product_tag?post=117133"}],"curies":[{"name":"wp","href":"https:\/\/api.w.org\/{rel}","templated":true}]}}