{"id":117136,"date":"2025-06-24T13:01:56","date_gmt":"2025-06-24T11:01:56","guid":{"rendered":"https:\/\/beppy.com\/?post_type=product&#038;p=117136"},"modified":"2025-12-03T23:14:27","modified_gmt":"2025-12-03T22:14:27","slug":"beppy-coupe-menstruelle-1-piece","status":"publish","type":"product","link":"https:\/\/beppy.com\/fr\/product\/beppy-coupe-menstruelle-1-piece\/","title":{"rendered":"Coupe menstruelle Beppy - 1 pi\u00e8ce"},"content":{"rendered":"<p>La <strong data-start=\"183\" data-end=\"214\">coupe menstruelle Beppy 1 pi\u00e8ce<\/strong> est sp\u00e9cialement con\u00e7ue pour rendre vos r\u00e8gles plus confortables et sans souci. Au lieu d&rsquo;une tige dure, comme c&rsquo;est le cas pour de nombreuses autres coupes, la coupe Beppy est dot\u00e9e d&rsquo;une boucle souple et flexible. Cela vous permet de retirer la coupe facilement et agr\u00e9ablement. Le silicone m\u00e9dical souple se moule \u00e0 votre corps et bouge avec vous. Elle est donc confortable, m\u00eame pendant l&rsquo;exercice, le travail, le sport ou les moments intimes. La coupe menstruelle Beppy 1 pi\u00e8ce vous offre une protection fiable et un sentiment de libert\u00e9 au quotidien. Commandez notre coupe menstruelle d\u00e8s aujourd&rsquo;hui et d\u00e9couvrez la diff\u00e9rence !      <\/p>\n<h2><span style=\"vertical-align: inherit;\">Les avantages de la coupe menstruelle Beppy 1 pi\u00e8ce<\/span><\/h2>\n<ul>\n<li><strong>Une boucle de retrait confortable au lieu d&rsquo;une tige dure<\/strong><br data-start=\"250\" data-end=\"253\">Alors que de nombreuses coupes menstruelles ont une tige rigide qui peut irriter, Beppy adopte une approche plus douce. La coupe est dot\u00e9e d&rsquo;une boucle de retrait flexible qui est confortable et facilite grandement le retrait. Pas de probl\u00e8me, pas d&rsquo;inconfort.  <\/li>\n<li><strong>Mat\u00e9riau doux, flexible et respectueux de la peau<\/strong><br data-start=\"560\" data-end=\"563\">La coupe menstruelle Beppy 1 pi\u00e8ce est fabriqu\u00e9e en silicone m\u00e9dical flexible de haute qualit\u00e9. Ce mat\u00e9riau \u00e9pouse les formes de votre corps et bouge avec vous, de sorte que la coupe est confortable, quelle que soit l&rsquo;activit\u00e9 de votre journ\u00e9e. Bien entendu, le silicone est totalement s\u00fbr : il a \u00e9t\u00e9 test\u00e9 dermatologiquement, il est doux pour la peau et ne contient pas de substances nocives.  <\/li>\n<li><strong>Protection suppl\u00e9mentaire contre les fuites<\/strong><br data-start=\"922\" data-end=\"925\">L&rsquo;int\u00e9rieur de la coupe est dot\u00e9 d&rsquo;un bord anti-fuites subtil. Cet ajout astucieux aide \u00e0 retenir le sang menstruel et r\u00e9duit le risque de fuite, m\u00eame pendant les jours les plus intenses de vos r\u00e8gles. <\/li>\n<li><strong>Utilisation fra\u00eeche et inodore<\/strong><br data-start=\"1165\" data-end=\"1168\">Le sang \u00e9tant recueilli directement dans le gobelet, \u00e0 l&rsquo;abri de l&rsquo;air, les odeurs d\u00e9sagr\u00e9ables sont \u00e9limin\u00e9es. Vous vous sentez donc frais et propre tout au long de la journ\u00e9e. <\/li>\n<li><strong>Fabriqu\u00e9e en toute s\u00e9curit\u00e9 selon les normes m\u00e9dicales<\/strong><br data-start=\"1375\" data-end=\"1378\">Chaque coupe menstruelle Beppy 1 pi\u00e8ce est fabriqu\u00e9e avec beaucoup de soin et d&rsquo;attention. La production r\u00e9pond \u00e0 des normes de qualit\u00e9 m\u00e9dicale strictes (ISO 13485:2016), ce qui signifie que la coupe est fabriqu\u00e9e et test\u00e9e sous une supervision rigoureuse. Vous pouvez donc compter sur un produit hygi\u00e9nique et fiable.  <\/li>\n<\/ul>\n<h2>Utilisation en 5 \u00e9tapes faciles<\/h2>\n<ol>\n<li><strong>St\u00e9rilisez la tasse :<\/strong> pour une utilisation hygi\u00e9nique et s\u00fbre, il est important de st\u00e9riliser la tasse avant chaque utilisation. Pour ce faire, faites bouillir la tasse pendant 3 \u00e0 5 minutes dans une grande quantit\u00e9 d&rsquo;eau bouillante. Notre <a href=\"https:\/\/www.beppy.com\/product\/de-beppy-steam-sterilisator\/\">st\u00e9rilisateur<\/a> sp\u00e9cial constitue une alternative pratique : il suffit d&rsquo;appuyer sur un bouton pour que la tasse soit nettoy\u00e9e rapidement et en profondeur. Vous r\u00e9duisez ainsi le risque d&rsquo;infections, telles que le syndrome de choc toxique (SCT), et vous utilisez la tasse en toute tranquillit\u00e9.   <\/li>\n<li><strong>Technique de pliage :<\/strong> il existe diff\u00e9rentes fa\u00e7ons de plier une coupe menstruelle, comme le pliage en C ou le pliage \u00e0 l&#8217;emporte-pi\u00e8ce. Choisissez celle avec laquelle vous \u00eates \u00e0 l&rsquo;aise. Si n\u00e9cessaire, utilisez un peu de <a href=\"https:\/\/www.beppy.com\/product\/beppy-comfort-gel-op-waterbasis\/\">gel confort Beppy<\/a> pour faciliter l&rsquo;insertion.  <\/li>\n<li><strong>D\u00e9tendez-vous :<\/strong> prenez le temps d&rsquo;inspirer et d&rsquo;expirer profond\u00e9ment. La relaxation aide \u00e0 rel\u00e2cher les muscles du plancher pelvien, ce qui facilite l&rsquo;insertion de la cupule. <\/li>\n<li><strong>Insertion :<\/strong> <a href=\"https:\/\/www.youtube.com\/watch?v=K5QUp_RRVvY&amp;t=12s\">Ins\u00e9rez la coupe menstruelle dans le vagin<\/a> et poussez-la vers le haut avec votre doigt jusqu&rsquo;\u00e0 ce qu&rsquo;elle soit confortablement install\u00e9e. Vous ne devriez pas sentir la coupe si elle est bien plac\u00e9e. Tirez tr\u00e8s l\u00e9g\u00e8rement sur la boucle pour v\u00e9rifier si un vide s&rsquo;est form\u00e9.  <\/li>\n<li><strong>Retirer :<\/strong> Tirez doucement sur la boucle jusqu&rsquo;\u00e0 ce que vous puissiez saisir la base du gobelet. Pressez doucement le fond pour lib\u00e9rer le vide et retirez doucement le gobelet. Rincez, st\u00e9rilisez et la tasse est pr\u00eate \u00e0 \u00eatre r\u00e9utilis\u00e9e !  <\/li>\n<\/ol>\n<h3><span style=\"font-size: 16px;\">Coupe menstruelle Beppy<\/span> taille <span style=\"font-size: 16px;\">1 pi\u00e8ce<\/span><\/h3>\n<p data-start=\"1708\" data-end=\"1933\">La coupe menstruelle Beppy 1 pi\u00e8ce a une taille interm\u00e9diaire similaire \u00e0 la taille S\/M. Elle convient donc \u00e0 la plupart des femmes. Gr\u00e2ce \u00e0 sa taille, la coupe offre \u00e0 la fois confort et s\u00e9curit\u00e9 : <\/p>\n<ul>\n<li data-start=\"1937\" data-end=\"1969\"><strong data-start=\"1937\" data-end=\"1950\">Dessus<\/strong>: 4,5 cm de diam\u00e8tre<\/li>\n<li data-start=\"1937\" data-end=\"1969\"><strong data-start=\"1972\" data-end=\"1985\">Fond<\/strong>: 3,5 cm de diam\u00e8tre<\/li>\n<li data-start=\"1937\" data-end=\"1969\"><strong data-start=\"2007\" data-end=\"2024\">Longueur totale<\/strong>: 6 cm, y compris une boucle de retrait souple de 1,5 cm de long<\/li>\n<\/ul>\n<p>Vous avez des questions sur la coupe menstruelle Beppy 1 pi\u00e8ce ou sur nos produits ? N&rsquo;h\u00e9sitez pas \u00e0 nous <a href=\"https:\/\/www.beppy.com\/contact-new\/\">contacter<\/a>! <\/p>\n","protected":false},"excerpt":{"rendered":"<p class=\"ai-optimize-24 ai-optimize-introduction\">Coupe menstruelle Beppy : la meilleure et la plus innovante des coupes menstruelles ! Cette coupe flexible offre un confort ultime et r\u00e9duit le risque de fuites gr\u00e2ce \u00e0 son mat\u00e9riau souple et flexible. <\/p>\n","protected":false},"featured_media":118176,"comment_status":"open","ping_status":"closed","template":"","meta":{"_acf_changed":false},"product_brand":[],"product_cat":[200,190],"product_tag":[],"class_list":{"0":"post-117136","1":"product","2":"type-product","3":"status-publish","4":"has-post-thumbnail","6":"product_cat-coupe-menstruelle-beppy","7":"product_cat-tous-les-produits","9":"first","10":"instock","11":"featured","12":"taxable","13":"shipping-taxable","14":"purchasable","15":"product-type-variable"},"bundled_by":["117177","117133"],"bundle_stock_status":"instock","bundle_stock_quantity":null,"bundle_virtual":false,"bundle_layout":"","bundle_add_to_cart_form_location":"","bundle_editable_in_cart":false,"bundle_sold_individually_context":"","bundle_item_grouping":"","bundle_min_size":"","bundle_max_size":"","bundle_price":[],"bundled_items":[],"bundle_sell_ids":[],"acf":[],"yoast_head":"<!-- This site is optimized with the Yoast SEO Premium plugin v27.3 (Yoast SEO v27.3) - https:\/\/yoast.com\/product\/yoast-seo-premium-wordpress\/ -->\n<title>Coupe menstruelle 1 pi\u00e8ce | Beppy.com<\/title>\n<meta name=\"description\" content=\"Coupe menstruelle Beppy 1 pi\u00e8ce : Coupe confortable et flexible sans tige, en silicone m\u00e9dical. Pour une protection s\u00fbre, inodore et sans fuite !\" \/>\n<meta name=\"robots\" content=\"index, follow, max-snippet:-1, max-image-preview:large, max-video-preview:-1\" \/>\n<link rel=\"canonical\" href=\"https:\/\/beppy.com\/fr\/product\/beppy-coupe-menstruelle-1-piece\/\" \/>\n<meta property=\"og:locale\" content=\"fr_FR\" \/>\n<meta property=\"og:type\" content=\"article\" \/>\n<meta property=\"og:title\" content=\"Coupe menstruelle Beppy - 1 pi\u00e8ce\" \/>\n<meta property=\"og:description\" content=\"Coupe menstruelle Beppy 1 pi\u00e8ce : Coupe confortable et flexible sans tige, en silicone m\u00e9dical. Pour une protection s\u00fbre, inodore et sans fuite !\" \/>\n<meta property=\"og:url\" content=\"https:\/\/beppy.com\/fr\/product\/beppy-coupe-menstruelle-1-piece\/\" \/>\n<meta property=\"og:site_name\" content=\"Beppy\" \/>\n<meta property=\"article:modified_time\" content=\"2025-12-03T22:14:27+00:00\" \/>\n<meta property=\"og:image\" content=\"https:\/\/beppy.com\/wp-content\/uploads\/2025\/06\/Beppy-menstruatiecup-1-stuk-4-2.webp\" \/>\n\t<meta property=\"og:image:width\" content=\"1536\" \/>\n\t<meta property=\"og:image:height\" content=\"1536\" \/>\n\t<meta property=\"og:image:type\" content=\"image\/webp\" \/>\n<meta name=\"twitter:card\" content=\"summary_large_image\" \/>\n<meta name=\"twitter:description\" content=\"Coupe menstruelle Beppy 1 pi\u00e8ce : Coupe confortable et flexible sans tige, en silicone m\u00e9dical. Pour une protection s\u00fbre, inodore et sans fuite !\" \/>\n<meta name=\"twitter:label1\" content=\"Disponibilit\u00e9\" \/>\n\t<meta name=\"twitter:data1\" content=\"En stock\" \/>\n<script type=\"application\/ld+json\" class=\"yoast-schema-graph\">{\"@context\":\"https:\\\/\\\/schema.org\",\"@graph\":[{\"@type\":\"WebPage\",\"@id\":\"https:\\\/\\\/beppy.com\\\/fr\\\/product\\\/beppy-coupe-menstruelle-1-piece\\\/\",\"url\":\"https:\\\/\\\/beppy.com\\\/fr\\\/product\\\/beppy-coupe-menstruelle-1-piece\\\/\",\"name\":\"Coupe menstruelle 1 pi\u00e8ce | Beppy.com\",\"isPartOf\":{\"@id\":\"https:\\\/\\\/beppy.com\\\/fr\\\/#website\"},\"primaryImageOfPage\":{\"@id\":\"https:\\\/\\\/beppy.com\\\/fr\\\/product\\\/beppy-coupe-menstruelle-1-piece\\\/#primaryimage\"},\"image\":{\"@id\":\"https:\\\/\\\/beppy.com\\\/fr\\\/product\\\/beppy-coupe-menstruelle-1-piece\\\/#primaryimage\"},\"thumbnailUrl\":\"https:\\\/\\\/beppy.com\\\/wp-content\\\/uploads\\\/2025\\\/06\\\/Beppy-menstruatiecup-1-stuk-4-2.webp\",\"datePublished\":\"2025-06-24T11:01:56+00:00\",\"dateModified\":\"2025-12-03T22:14:27+00:00\",\"description\":\"Coupe menstruelle Beppy 1 pi\u00e8ce : Coupe confortable et flexible sans tige, en silicone m\u00e9dical. Pour une protection s\u00fbre, inodore et sans fuite !\",\"breadcrumb\":{\"@id\":\"https:\\\/\\\/beppy.com\\\/fr\\\/product\\\/beppy-coupe-menstruelle-1-piece\\\/#breadcrumb\"},\"inLanguage\":\"fr-FR\",\"potentialAction\":[{\"@type\":\"ReadAction\",\"target\":[\"https:\\\/\\\/beppy.com\\\/fr\\\/product\\\/beppy-coupe-menstruelle-1-piece\\\/\"]}]},{\"@type\":\"ImageObject\",\"inLanguage\":\"fr-FR\",\"@id\":\"https:\\\/\\\/beppy.com\\\/fr\\\/product\\\/beppy-coupe-menstruelle-1-piece\\\/#primaryimage\",\"url\":\"https:\\\/\\\/beppy.com\\\/wp-content\\\/uploads\\\/2025\\\/06\\\/Beppy-menstruatiecup-1-stuk-4-2.webp\",\"contentUrl\":\"https:\\\/\\\/beppy.com\\\/wp-content\\\/uploads\\\/2025\\\/06\\\/Beppy-menstruatiecup-1-stuk-4-2.webp\",\"width\":1536,\"height\":1536},{\"@type\":\"BreadcrumbList\",\"@id\":\"https:\\\/\\\/beppy.com\\\/fr\\\/product\\\/beppy-coupe-menstruelle-1-piece\\\/#breadcrumb\",\"itemListElement\":[{\"@type\":\"ListItem\",\"position\":1,\"name\":\"Accueil\",\"item\":\"https:\\\/\\\/beppy.com\\\/fr\\\/\"},{\"@type\":\"ListItem\",\"position\":2,\"name\":\"Produits\",\"item\":\"https:\\\/\\\/beppy.com\\\/fr\\\/shop\\\/\"},{\"@type\":\"ListItem\",\"position\":3,\"name\":\"Coupe menstruelle Beppy - 1 pi\u00e8ce\"}]},{\"@type\":\"WebSite\",\"@id\":\"https:\\\/\\\/beppy.com\\\/fr\\\/#website\",\"url\":\"https:\\\/\\\/beppy.com\\\/fr\\\/\",\"name\":\"Beppy\",\"description\":\"Menstruatiecups, soft tampons en ondergoed\",\"publisher\":{\"@id\":\"https:\\\/\\\/beppy.com\\\/fr\\\/#organization\"},\"potentialAction\":[{\"@type\":\"SearchAction\",\"target\":{\"@type\":\"EntryPoint\",\"urlTemplate\":\"https:\\\/\\\/beppy.com\\\/fr\\\/?s={search_term_string}\"},\"query-input\":{\"@type\":\"PropertyValueSpecification\",\"valueRequired\":true,\"valueName\":\"search_term_string\"}}],\"inLanguage\":\"fr-FR\"},{\"@type\":\"Organization\",\"@id\":\"https:\\\/\\\/beppy.com\\\/fr\\\/#organization\",\"name\":\"Beppy\",\"url\":\"https:\\\/\\\/beppy.com\\\/fr\\\/\",\"logo\":{\"@type\":\"ImageObject\",\"inLanguage\":\"fr-FR\",\"@id\":\"https:\\\/\\\/beppy.com\\\/fr\\\/#\\\/schema\\\/logo\\\/image\\\/\",\"url\":\"https:\\\/\\\/beppy.com\\\/wp-content\\\/uploads\\\/2024\\\/12\\\/cropped-Beppy_logo.png\",\"contentUrl\":\"https:\\\/\\\/beppy.com\\\/wp-content\\\/uploads\\\/2024\\\/12\\\/cropped-Beppy_logo.png\",\"width\":241,\"height\":84,\"caption\":\"Beppy\"},\"image\":{\"@id\":\"https:\\\/\\\/beppy.com\\\/fr\\\/#\\\/schema\\\/logo\\\/image\\\/\"}}]}<\/script>\n<meta property=\"og:availability\" content=\"instock\" \/>\n<meta property=\"product:availability\" content=\"instock\" \/>\n<meta property=\"product:condition\" content=\"new\" \/>\n<!-- \/ Yoast SEO Premium plugin. -->","yoast_head_json":{"title":"Coupe menstruelle 1 pi\u00e8ce | Beppy.com","description":"Coupe menstruelle Beppy 1 pi\u00e8ce : Coupe confortable et flexible sans tige, en silicone m\u00e9dical. Pour une protection s\u00fbre, inodore et sans fuite !","robots":{"index":"index","follow":"follow","max-snippet":"max-snippet:-1","max-image-preview":"max-image-preview:large","max-video-preview":"max-video-preview:-1"},"canonical":"https:\/\/beppy.com\/fr\/product\/beppy-coupe-menstruelle-1-piece\/","og_locale":"fr_FR","og_type":"article","og_title":"Coupe menstruelle Beppy - 1 pi\u00e8ce","og_description":"Coupe menstruelle Beppy 1 pi\u00e8ce : Coupe confortable et flexible sans tige, en silicone m\u00e9dical. Pour une protection s\u00fbre, inodore et sans fuite !","og_url":"https:\/\/beppy.com\/fr\/product\/beppy-coupe-menstruelle-1-piece\/","og_site_name":"Beppy","article_modified_time":"2025-12-03T22:14:27+00:00","og_image":[{"width":1536,"height":1536,"url":"https:\/\/beppy.com\/wp-content\/uploads\/2025\/06\/Beppy-menstruatiecup-1-stuk-4-2.webp","type":"image\/webp"}],"twitter_card":"summary_large_image","twitter_description":"Coupe menstruelle Beppy 1 pi\u00e8ce : Coupe confortable et flexible sans tige, en silicone m\u00e9dical. Pour une protection s\u00fbre, inodore et sans fuite !","twitter_misc":{"Disponibilit\u00e9":"En stock"},"schema":{"@context":"https:\/\/schema.org","@graph":[{"@type":"WebPage","@id":"https:\/\/beppy.com\/fr\/product\/beppy-coupe-menstruelle-1-piece\/","url":"https:\/\/beppy.com\/fr\/product\/beppy-coupe-menstruelle-1-piece\/","name":"Coupe menstruelle 1 pi\u00e8ce | Beppy.com","isPartOf":{"@id":"https:\/\/beppy.com\/fr\/#website"},"primaryImageOfPage":{"@id":"https:\/\/beppy.com\/fr\/product\/beppy-coupe-menstruelle-1-piece\/#primaryimage"},"image":{"@id":"https:\/\/beppy.com\/fr\/product\/beppy-coupe-menstruelle-1-piece\/#primaryimage"},"thumbnailUrl":"https:\/\/beppy.com\/wp-content\/uploads\/2025\/06\/Beppy-menstruatiecup-1-stuk-4-2.webp","datePublished":"2025-06-24T11:01:56+00:00","dateModified":"2025-12-03T22:14:27+00:00","description":"Coupe menstruelle Beppy 1 pi\u00e8ce : Coupe confortable et flexible sans tige, en silicone m\u00e9dical. Pour une protection s\u00fbre, inodore et sans fuite !","breadcrumb":{"@id":"https:\/\/beppy.com\/fr\/product\/beppy-coupe-menstruelle-1-piece\/#breadcrumb"},"inLanguage":"fr-FR","potentialAction":[{"@type":"ReadAction","target":["https:\/\/beppy.com\/fr\/product\/beppy-coupe-menstruelle-1-piece\/"]}]},{"@type":"ImageObject","inLanguage":"fr-FR","@id":"https:\/\/beppy.com\/fr\/product\/beppy-coupe-menstruelle-1-piece\/#primaryimage","url":"https:\/\/beppy.com\/wp-content\/uploads\/2025\/06\/Beppy-menstruatiecup-1-stuk-4-2.webp","contentUrl":"https:\/\/beppy.com\/wp-content\/uploads\/2025\/06\/Beppy-menstruatiecup-1-stuk-4-2.webp","width":1536,"height":1536},{"@type":"BreadcrumbList","@id":"https:\/\/beppy.com\/fr\/product\/beppy-coupe-menstruelle-1-piece\/#breadcrumb","itemListElement":[{"@type":"ListItem","position":1,"name":"Accueil","item":"https:\/\/beppy.com\/fr\/"},{"@type":"ListItem","position":2,"name":"Produits","item":"https:\/\/beppy.com\/fr\/shop\/"},{"@type":"ListItem","position":3,"name":"Coupe menstruelle Beppy - 1 pi\u00e8ce"}]},{"@type":"WebSite","@id":"https:\/\/beppy.com\/fr\/#website","url":"https:\/\/beppy.com\/fr\/","name":"Beppy","description":"Menstruatiecups, soft tampons en ondergoed","publisher":{"@id":"https:\/\/beppy.com\/fr\/#organization"},"potentialAction":[{"@type":"SearchAction","target":{"@type":"EntryPoint","urlTemplate":"https:\/\/beppy.com\/fr\/?s={search_term_string}"},"query-input":{"@type":"PropertyValueSpecification","valueRequired":true,"valueName":"search_term_string"}}],"inLanguage":"fr-FR"},{"@type":"Organization","@id":"https:\/\/beppy.com\/fr\/#organization","name":"Beppy","url":"https:\/\/beppy.com\/fr\/","logo":{"@type":"ImageObject","inLanguage":"fr-FR","@id":"https:\/\/beppy.com\/fr\/#\/schema\/logo\/image\/","url":"https:\/\/beppy.com\/wp-content\/uploads\/2024\/12\/cropped-Beppy_logo.png","contentUrl":"https:\/\/beppy.com\/wp-content\/uploads\/2024\/12\/cropped-Beppy_logo.png","width":241,"height":84,"caption":"Beppy"},"image":{"@id":"https:\/\/beppy.com\/fr\/#\/schema\/logo\/image\/"}}]},"og_availability":"instock","product_availability":"instock","product_condition":"new"},"_links":{"self":[{"href":"https:\/\/beppy.com\/fr\/wp-json\/wp\/v2\/product\/117136","targetHints":{"allow":["GET"]}}],"collection":[{"href":"https:\/\/beppy.com\/fr\/wp-json\/wp\/v2\/product"}],"about":[{"href":"https:\/\/beppy.com\/fr\/wp-json\/wp\/v2\/types\/product"}],"replies":[{"embeddable":true,"href":"https:\/\/beppy.com\/fr\/wp-json\/wp\/v2\/comments?post=117136"}],"wp:featuredmedia":[{"embeddable":true,"href":"https:\/\/beppy.com\/fr\/wp-json\/wp\/v2\/media\/118176"}],"wp:attachment":[{"href":"https:\/\/beppy.com\/fr\/wp-json\/wp\/v2\/media?parent=117136"}],"wp:term":[{"taxonomy":"product_brand","embeddable":true,"href":"https:\/\/beppy.com\/fr\/wp-json\/wp\/v2\/product_brand?post=117136"},{"taxonomy":"product_cat","embeddable":true,"href":"https:\/\/beppy.com\/fr\/wp-json\/wp\/v2\/product_cat?post=117136"},{"taxonomy":"product_tag","embeddable":true,"href":"https:\/\/beppy.com\/fr\/wp-json\/wp\/v2\/product_tag?post=117136"}],"curies":[{"name":"wp","href":"https:\/\/api.w.org\/{rel}","templated":true}]}}