{"id":117177,"date":"2025-06-24T13:14:09","date_gmt":"2025-06-24T11:14:09","guid":{"rendered":"https:\/\/beppy.com\/?post_type=product&#038;p=117177"},"modified":"2025-09-09T20:27:43","modified_gmt":"2025-09-09T18:27:43","slug":"beppy-boite-de-base","status":"publish","type":"product","link":"https:\/\/beppy.com\/fr\/product\/beppy-boite-de-base\/","title":{"rendered":"Bo\u00eete de base Beppy"},"content":{"rendered":"<p><span dir=\"auto\" style=\"vertical-align: inherit;\"><span dir=\"auto\" style=\"vertical-align: inherit;\">La Beppy Basic Box est parfaite pour une p\u00e9riode menstruelle sans souci et confortable. Cette bo\u00eete offre une combinaison des meilleurs produits pour les femmes qui recherchent \u00e0 la fois la durabilit\u00e9 et la commodit\u00e9. Elle contient des produits qui facilitent vos r\u00e8gles, afin que vous puissiez vous concentrer sur les choses qui comptent vraiment. Choisissez le confort, la commodit\u00e9 et une solution durable avec la Beppy Basic Box. Commandez d\u00e8s aujourd&rsquo;hui et faites-en l&rsquo;exp\u00e9rience par vous-m\u00eame !    <\/span><\/span><\/p>\n<h2><strong><span dir=\"auto\" style=\"vertical-align: inherit;\"><span dir=\"auto\" style=\"vertical-align: inherit;\">Que contient la bo\u00eete Beppy Basic ?<\/span><\/span><\/strong><\/h2>\n<p><span dir=\"auto\" style=\"vertical-align: inherit;\"><span dir=\"auto\" style=\"vertical-align: inherit;\">La Beppy Basic Box contient des produits soigneusement s\u00e9lectionn\u00e9s :<\/span><\/span><\/p>\n<ol>\n<li><a href=\"https:\/\/www.beppy.com\/product\/beppy-menstruatiecup-1-stuk\/\"><strong><span dir=\"auto\" style=\"vertical-align: inherit;\"><span dir=\"auto\" style=\"vertical-align: inherit;\">Coupe menstruelle Beppy (<\/span><\/span><\/strong><\/a><span dir=\"auto\" style=\"vertical-align: inherit;\"><span dir=\"auto\" style=\"vertical-align: inherit;\"> 1 pi\u00e8ce)<\/span><\/span><strong><span dir=\"auto\" style=\"vertical-align: inherit;\"><span dir=\"auto\" style=\"vertical-align: inherit;\"> :<\/span><\/span><\/strong><span dir=\"auto\" style=\"vertical-align: inherit;\"><span dir=\"auto\" style=\"vertical-align: inherit;\">  La coupe r\u00e9utilisable Beppy offre une excellente protection pendant vos r\u00e8gles. Fabriqu\u00e9e en silicone de qualit\u00e9 m\u00e9dicale, cette coupe menstruelle est \u00e0 la fois s\u00fbre et durable. Elle est facile \u00e0 utiliser et offre des heures de protection sans se soucier des fuites.  <\/span><\/span><\/li>\n<li><a href=\"https:\/\/www.beppy.com\/product-category\/beppy-tampons\/\"><strong><span dir=\"auto\" style=\"vertical-align: inherit;\"><span dir=\"auto\" style=\"vertical-align: inherit;\">Tampon Beppy WET + DRY<\/span><\/span><\/strong><\/a><strong><span dir=\"auto\" style=\"vertical-align: inherit;\"><span dir=\"auto\" style=\"vertical-align: inherit;\"> :<\/span><\/span><\/strong><span dir=\"auto\" style=\"vertical-align: inherit;\"><span dir=\"auto\" style=\"vertical-align: inherit;\">  Notre tampon innovant sans ficelle offre discr\u00e9tion et confort. La version WET est humidifi\u00e9e avec du lactagel pour une insertion facile, id\u00e9ale pour les d\u00e9butantes. La version DRY convient aux utilisatrices plus exp\u00e9riment\u00e9es qui pr\u00e9f\u00e8rent un tampon sec sans ficelle.  <\/span><\/span><\/li>\n<li><a href=\"https:\/\/www.beppy.com\/product\/beppy-comfort-gel-op-waterbasis\/\"><strong><span dir=\"auto\" style=\"vertical-align: inherit;\"><span dir=\"auto\" style=\"vertical-align: inherit;\">Beppy Comfort Gel \u00e0 base d&rsquo;eau<\/span><\/span><\/strong><\/a><strong><span dir=\"auto\" style=\"vertical-align: inherit;\"><span dir=\"auto\" style=\"vertical-align: inherit;\"> :<\/span><\/span><\/strong><span dir=\"auto\" style=\"vertical-align: inherit;\"><span dir=\"auto\" style=\"vertical-align: inherit;\">  Le gel assure une insertion douce et confortable du tampon et de la coupe menstruelle. Il rend l&rsquo;utilisation de ces produits plus agr\u00e9able et augmente le confort, tant pendant l&rsquo;insertion que pendant les moments intimes. <\/span><\/span><\/li>\n<li><a href=\"https:\/\/www.beppy.com\/product\/new-neutral-cup-soap\/\"><strong><span dir=\"auto\" style=\"vertical-align: inherit;\"><span dir=\"auto\" style=\"vertical-align: inherit;\">Savon naturel en gobelet Beppy<\/span><\/span><\/strong><\/a><strong><span dir=\"auto\" style=\"vertical-align: inherit;\"><span dir=\"auto\" style=\"vertical-align: inherit;\"> :<\/span><\/span><\/strong><span dir=\"auto\" style=\"vertical-align: inherit;\"><span dir=\"auto\" style=\"vertical-align: inherit;\">  Sp\u00e9cialement con\u00e7u pour nettoyer les coupes menstruelles. Ce savon naturel est doux pour votre peau et garde vos coupes menstruelles propres et hygi\u00e9niques, pr\u00eates \u00e0 \u00eatre r\u00e9utilis\u00e9es. <\/span><\/span><\/li>\n<\/ol>\n<h3><strong><span dir=\"auto\" style=\"vertical-align: inherit;\"><span dir=\"auto\" style=\"vertical-align: inherit;\">Pourquoi la Beppy Basic Box est-elle un bon choix ?<\/span><\/span><\/strong><\/h3>\n<p><span dir=\"auto\" style=\"vertical-align: inherit;\"><span dir=\"auto\" style=\"vertical-align: inherit;\">Avec notre Basic Box, vous choisissez une solution pratique et fiable pour vos r\u00e8gles. La bo\u00eete vous offre : <\/span><\/span><\/p>\n<ul>\n<li><strong><span dir=\"auto\" style=\"vertical-align: inherit;\"><span dir=\"auto\" style=\"vertical-align: inherit;\">Polyvalence :<\/span><\/span><\/strong><span dir=\"auto\" style=\"vertical-align: inherit;\"><span dir=\"auto\" style=\"vertical-align: inherit;\">  Le m\u00e9lange parfait de produits pour toutes les femmes. Que vous pr\u00e9f\u00e9riez un tampon ou une coupe menstruelle, vous pouvez exp\u00e9rimenter les deux pour trouver ce qui vous convient le mieux. Peut-\u00eatre m\u00eame les deux !  <\/span><\/span><\/li>\n<li><strong><span dir=\"auto\" style=\"vertical-align: inherit;\"><span dir=\"auto\" style=\"vertical-align: inherit;\">Durable et \u00e9conomique :<\/span><\/span><\/strong><span dir=\"auto\" style=\"vertical-align: inherit;\"><span dir=\"auto\" style=\"vertical-align: inherit;\">  En choisissant des coupes menstruelles r\u00e9utilisables, vous pouvez r\u00e9duire vos co\u00fbts mensuels tout en prot\u00e9geant l&rsquo;environnement. Nos coupes menstruelles sont con\u00e7ues pour durer des ann\u00e9es, ce qui en fait un choix intelligent et durable. <\/span><\/span><\/li>\n<li><strong><span dir=\"auto\" style=\"vertical-align: inherit;\"><span dir=\"auto\" style=\"vertical-align: inherit;\">Confort suppl\u00e9mentaire :<\/span><\/span><\/strong><span dir=\"auto\" style=\"vertical-align: inherit;\"><span dir=\"auto\" style=\"vertical-align: inherit;\">  Le gel Beppy Comfort, \u00e0 base d&rsquo;eau, rend l&rsquo;utilisation des tampons et des coupes menstruelles plus facile et plus confortable. Ce gel augmente la douceur de l&rsquo;insertion, ce qui rend leur utilisation encore plus agr\u00e9able, en particulier pour les femmes qui n&rsquo;ont pas l&rsquo;habitude des coupes menstruelles et des tampons en \u00e9ponge. <\/span><\/span><\/li>\n<li><strong><span dir=\"auto\" style=\"vertical-align: inherit;\"><span dir=\"auto\" style=\"vertical-align: inherit;\">Hygi\u00e8ne fiable :<\/span><\/span><\/strong><span dir=\"auto\" style=\"vertical-align: inherit;\"><span dir=\"auto\" style=\"vertical-align: inherit;\">  Avec le savon naturel pour coupes Beppy, vous pouvez nettoyer vos coupes menstruelles en douceur et en toute s\u00e9curit\u00e9, pour qu&rsquo;elles soient toujours pr\u00eates \u00e0 l&#8217;emploi, sans endommager les mat\u00e9riaux. Cela garantit une utilisation \u00e0 long terme et un entretien hygi\u00e9nique. <\/span><\/span><\/li>\n<\/ul>\n<h3><strong><span dir=\"auto\" style=\"vertical-align: inherit;\"><span dir=\"auto\" style=\"vertical-align: inherit;\">Durable et s\u00fbr<\/span><\/span><\/strong><\/h3>\n<p><span dir=\"auto\" style=\"vertical-align: inherit;\"><span dir=\"auto\" style=\"vertical-align: inherit;\">Nous pensons qu&rsquo;il est important que nos produits ne soient pas seulement bons pour vous, mais aussi pour notre plan\u00e8te. C&rsquo;est pourquoi les produits de la Beppy Basic Box sont exempts de substances nocives et con\u00e7us pour \u00eatre r\u00e9utilis\u00e9s. Les coupes menstruelles sont compos\u00e9es \u00e0 100 % de silicone de qualit\u00e9 m\u00e9dicale, un mat\u00e9riau sans danger pour votre corps et pour la plan\u00e8te. En outre, chaque produit est soumis \u00e0 des tests approfondis afin de garantir une s\u00e9curit\u00e9 et un confort optimaux.   <\/span><\/span><\/p>\n<p><span dir=\"auto\" style=\"vertical-align: inherit;\"><span dir=\"auto\" style=\"vertical-align: inherit;\">Avec la Beppy Basic Box, vous passerez \u00e0 un cycle menstruel plus durable et plus confortable ! Vous avez des questions ? N&rsquo;h\u00e9sitez pas \u00e0    <\/span><\/span><a href=\"https:\/\/www.beppy.com\/contact\/\"><span dir=\"auto\" style=\"vertical-align: inherit;\"><span dir=\"auto\" style=\"vertical-align: inherit;\">pour nous contacter<\/span><\/span><\/a><span dir=\"auto\" style=\"vertical-align: inherit;\"><span dir=\"auto\" style=\"vertical-align: inherit;\"> nous !<\/span><\/span><\/p>\n","protected":false},"excerpt":{"rendered":"<p><strong>Ce que vous recevez<\/strong><br \/>\n1 tasse, 1 savon, 1 tasse, 2 Beppy Wet et 2 Beppy Soft.<\/p>\n","protected":false},"featured_media":117257,"comment_status":"open","ping_status":"closed","template":"","meta":{"_acf_changed":false},"product_brand":[],"product_cat":[200,192,205,195,194,190],"product_tag":[],"class_list":{"0":"post-117177","1":"product","2":"type-product","3":"status-publish","4":"has-post-thumbnail","6":"product_cat-coupe-menstruelle-beppy","7":"product_cat-entretien-des-produits-beppy","8":"product_cat-kit-menstruel-beppy","9":"product_cat-soins-de-la-peau-beppy","10":"product_cat-tampons-beppy","11":"product_cat-tous-les-produits","13":"first","14":"instock","15":"taxable","16":"shipping-taxable","17":"purchasable","18":"product-type-bundle"},"bundled_by":[],"bundle_stock_status":"instock","bundle_stock_quantity":53,"bundle_virtual":false,"bundle_layout":"default","bundle_add_to_cart_form_location":"default","bundle_editable_in_cart":false,"bundle_sold_individually_context":"product","bundle_item_grouping":"parent","bundle_min_size":"","bundle_max_size":"","bundle_price":{"price":{"min":{"incl_tax":"48.95","excl_tax":"40.454545"},"max":{"incl_tax":"48.95","excl_tax":"40.454545"}},"regular_price":{"min":{"incl_tax":"48.95","excl_tax":"40.454545"},"max":{"incl_tax":"48.95","excl_tax":"40.454545"}}},"bundled_items":[{"bundled_item_id":7,"product_id":117136,"menu_order":0,"quantity_min":1,"quantity_max":1,"quantity_default":1,"priced_individually":false,"shipped_individually":false,"override_title":false,"title":"Coupe menstruelle Beppy - 1 pi\u00e8ce","override_description":false,"description":"Coupe menstruelle Beppy - 1 pi\u00e8ce","optional":false,"hide_thumbnail":false,"discount":"","override_variations":false,"allowed_variations":[""],"override_default_variation_attributes":false,"default_variation_attributes":[],"single_product_visibility":"visible","cart_visibility":"visible","order_visibility":"visible","single_product_price_visibility":"visible","cart_price_visibility":"visible","order_price_visibility":"visible","stock_status":"in_stock"},{"bundled_item_id":8,"product_id":116495,"menu_order":1,"quantity_min":1,"quantity_max":1,"quantity_default":1,"priced_individually":false,"shipped_individually":false,"override_title":false,"title":"Savon neutre pour tasses","override_description":false,"description":"Savon neutre pour tasses","optional":false,"hide_thumbnail":false,"discount":"","override_variations":false,"allowed_variations":[""],"override_default_variation_attributes":false,"default_variation_attributes":[],"single_product_visibility":"visible","cart_visibility":"visible","order_visibility":"visible","single_product_price_visibility":"visible","cart_price_visibility":"visible","order_price_visibility":"visible","stock_status":"in_stock"},{"bundled_item_id":9,"product_id":116511,"menu_order":2,"quantity_min":1,"quantity_max":1,"quantity_default":1,"priced_individually":false,"shipped_individually":false,"override_title":false,"title":"Beppy Comfort Gel \u00e0 base d&#8217;eau","override_description":false,"description":"Beppy Comfort Gel \u00e0 base d&#8217;eau","optional":false,"hide_thumbnail":false,"discount":"","override_variations":true,"allowed_variations":[116682],"override_default_variation_attributes":false,"default_variation_attributes":[],"single_product_visibility":"visible","cart_visibility":"visible","order_visibility":"visible","single_product_price_visibility":"visible","cart_price_visibility":"visible","order_price_visibility":"visible","stock_status":"in_stock"},{"bundled_item_id":84,"product_id":120873,"menu_order":3,"quantity_min":1,"quantity_max":1,"quantity_default":1,"priced_individually":false,"shipped_individually":false,"override_title":false,"title":"Beppy DRY - 2 pi\u00e8ces","override_description":true,"description":"Les tampons Beppy Dry allient confort et flexibilit\u00e9 dans un design discret sans fil. Contrairement \u00e0 la version humide, cette version est totalement exempte de lactose. ","optional":false,"hide_thumbnail":false,"discount":"","override_variations":false,"allowed_variations":[""],"override_default_variation_attributes":false,"default_variation_attributes":[],"single_product_visibility":"visible","cart_visibility":"visible","order_visibility":"visible","single_product_price_visibility":"visible","cart_price_visibility":"visible","order_price_visibility":"visible","stock_status":"in_stock"},{"bundled_item_id":85,"product_id":120871,"menu_order":4,"quantity_min":1,"quantity_max":1,"quantity_default":1,"priced_individually":false,"shipped_individually":false,"override_title":false,"title":"Beppy WET - 2 pi\u00e8ces","override_description":true,"description":"Les tampons Beppy Wet sont d\u00e9j\u00e0 l\u00e9g\u00e8rement humidifi\u00e9s avec du gel de lactose, ce qui vous permet de les ins\u00e9rer sans effort. La mati\u00e8re souple et flexible assure une sensation de confort, sans fil visible. ","optional":false,"hide_thumbnail":false,"discount":"","override_variations":false,"allowed_variations":[""],"override_default_variation_attributes":false,"default_variation_attributes":[],"single_product_visibility":"visible","cart_visibility":"visible","order_visibility":"visible","single_product_price_visibility":"visible","cart_price_visibility":"visible","order_price_visibility":"visible","stock_status":"in_stock"}],"bundle_sell_ids":[],"acf":[],"yoast_head":"<!-- This site is optimized with the Yoast SEO Premium plugin v27.3 (Yoast SEO v27.3) - https:\/\/yoast.com\/product\/yoast-seo-premium-wordpress\/ -->\n<title>Beppy Basic Box | Beppy.com<\/title>\n<meta name=\"description\" content=\"La Beppy Basic Box offre tout ce dont vous avez besoin pour des r\u00e8gles confortables et durables. D\u00e9couvrez la commodit\u00e9 de nos produits de qualit\u00e9 sup\u00e9rieure !\" \/>\n<meta name=\"robots\" content=\"index, follow, max-snippet:-1, max-image-preview:large, max-video-preview:-1\" \/>\n<link rel=\"canonical\" href=\"https:\/\/beppy.com\/fr\/product\/beppy-boite-de-base\/\" \/>\n<meta property=\"og:locale\" content=\"fr_FR\" \/>\n<meta property=\"og:type\" content=\"article\" \/>\n<meta property=\"og:title\" content=\"Bo\u00eete de base Beppy\" \/>\n<meta property=\"og:description\" content=\"La Beppy Basic Box offre tout ce dont vous avez besoin pour des r\u00e8gles confortables et durables. D\u00e9couvrez la commodit\u00e9 de nos produits de qualit\u00e9 sup\u00e9rieure !\" \/>\n<meta property=\"og:url\" content=\"https:\/\/beppy.com\/fr\/product\/beppy-boite-de-base\/\" \/>\n<meta property=\"og:site_name\" content=\"Beppy\" \/>\n<meta property=\"article:modified_time\" content=\"2025-09-09T18:27:43+00:00\" \/>\n<meta property=\"og:image\" content=\"https:\/\/beppy.com\/wp-content\/uploads\/2025\/06\/Beppy-Basic-Box.webp\" \/>\n\t<meta property=\"og:image:width\" content=\"2400\" \/>\n\t<meta property=\"og:image:height\" content=\"2400\" \/>\n\t<meta property=\"og:image:type\" content=\"image\/webp\" \/>\n<meta name=\"twitter:card\" content=\"summary_large_image\" \/>\n<meta name=\"twitter:description\" content=\"La Beppy Basic Box offre tout ce dont vous avez besoin pour des r\u00e8gles confortables et durables. D\u00e9couvrez la commodit\u00e9 de nos produits de qualit\u00e9 sup\u00e9rieure !\" \/>\n<meta name=\"twitter:label1\" content=\"Prix\" \/>\n\t<meta name=\"twitter:data1\" content=\"&euro;&nbsp;48,95\" \/>\n\t<meta name=\"twitter:label2\" content=\"Disponibilit\u00e9\" \/>\n\t<meta name=\"twitter:data2\" content=\"En stock\" \/>\n<script type=\"application\/ld+json\" class=\"yoast-schema-graph\">{\"@context\":\"https:\\\/\\\/schema.org\",\"@graph\":[{\"@type\":\"WebPage\",\"@id\":\"https:\\\/\\\/beppy.com\\\/fr\\\/product\\\/beppy-boite-de-base\\\/\",\"url\":\"https:\\\/\\\/beppy.com\\\/fr\\\/product\\\/beppy-boite-de-base\\\/\",\"name\":\"Beppy Basic Box | Beppy.com\",\"isPartOf\":{\"@id\":\"https:\\\/\\\/beppy.com\\\/fr\\\/#website\"},\"primaryImageOfPage\":{\"@id\":\"https:\\\/\\\/beppy.com\\\/fr\\\/product\\\/beppy-boite-de-base\\\/#primaryimage\"},\"image\":{\"@id\":\"https:\\\/\\\/beppy.com\\\/fr\\\/product\\\/beppy-boite-de-base\\\/#primaryimage\"},\"thumbnailUrl\":\"https:\\\/\\\/beppy.com\\\/wp-content\\\/uploads\\\/2025\\\/06\\\/Beppy-Basic-Box.webp\",\"datePublished\":\"2025-06-24T11:14:09+00:00\",\"dateModified\":\"2025-09-09T18:27:43+00:00\",\"description\":\"La Beppy Basic Box offre tout ce dont vous avez besoin pour des r\u00e8gles confortables et durables. D\u00e9couvrez la commodit\u00e9 de nos produits de qualit\u00e9 sup\u00e9rieure !\",\"breadcrumb\":{\"@id\":\"https:\\\/\\\/beppy.com\\\/fr\\\/product\\\/beppy-boite-de-base\\\/#breadcrumb\"},\"inLanguage\":\"fr-FR\",\"potentialAction\":[{\"@type\":\"ReadAction\",\"target\":[\"https:\\\/\\\/beppy.com\\\/fr\\\/product\\\/beppy-boite-de-base\\\/\"]}]},{\"@type\":\"ImageObject\",\"inLanguage\":\"fr-FR\",\"@id\":\"https:\\\/\\\/beppy.com\\\/fr\\\/product\\\/beppy-boite-de-base\\\/#primaryimage\",\"url\":\"https:\\\/\\\/beppy.com\\\/wp-content\\\/uploads\\\/2025\\\/06\\\/Beppy-Basic-Box.webp\",\"contentUrl\":\"https:\\\/\\\/beppy.com\\\/wp-content\\\/uploads\\\/2025\\\/06\\\/Beppy-Basic-Box.webp\",\"width\":2400,\"height\":2400,\"caption\":\"Bo\u00eete de base Beppy\"},{\"@type\":\"BreadcrumbList\",\"@id\":\"https:\\\/\\\/beppy.com\\\/fr\\\/product\\\/beppy-boite-de-base\\\/#breadcrumb\",\"itemListElement\":[{\"@type\":\"ListItem\",\"position\":1,\"name\":\"Accueil\",\"item\":\"https:\\\/\\\/beppy.com\\\/fr\\\/\"},{\"@type\":\"ListItem\",\"position\":2,\"name\":\"Produits\",\"item\":\"https:\\\/\\\/beppy.com\\\/fr\\\/shop\\\/\"},{\"@type\":\"ListItem\",\"position\":3,\"name\":\"Bo\u00eete de base Beppy\"}]},{\"@type\":\"WebSite\",\"@id\":\"https:\\\/\\\/beppy.com\\\/fr\\\/#website\",\"url\":\"https:\\\/\\\/beppy.com\\\/fr\\\/\",\"name\":\"Beppy\",\"description\":\"Menstruatiecups, soft tampons en ondergoed\",\"publisher\":{\"@id\":\"https:\\\/\\\/beppy.com\\\/fr\\\/#organization\"},\"potentialAction\":[{\"@type\":\"SearchAction\",\"target\":{\"@type\":\"EntryPoint\",\"urlTemplate\":\"https:\\\/\\\/beppy.com\\\/fr\\\/?s={search_term_string}\"},\"query-input\":{\"@type\":\"PropertyValueSpecification\",\"valueRequired\":true,\"valueName\":\"search_term_string\"}}],\"inLanguage\":\"fr-FR\"},{\"@type\":\"Organization\",\"@id\":\"https:\\\/\\\/beppy.com\\\/fr\\\/#organization\",\"name\":\"Beppy\",\"url\":\"https:\\\/\\\/beppy.com\\\/fr\\\/\",\"logo\":{\"@type\":\"ImageObject\",\"inLanguage\":\"fr-FR\",\"@id\":\"https:\\\/\\\/beppy.com\\\/fr\\\/#\\\/schema\\\/logo\\\/image\\\/\",\"url\":\"https:\\\/\\\/beppy.com\\\/wp-content\\\/uploads\\\/2024\\\/12\\\/cropped-Beppy_logo.png\",\"contentUrl\":\"https:\\\/\\\/beppy.com\\\/wp-content\\\/uploads\\\/2024\\\/12\\\/cropped-Beppy_logo.png\",\"width\":241,\"height\":84,\"caption\":\"Beppy\"},\"image\":{\"@id\":\"https:\\\/\\\/beppy.com\\\/fr\\\/#\\\/schema\\\/logo\\\/image\\\/\"}}]}<\/script>\n<meta property=\"product:price:amount\" content=\"48.95\" \/>\n<meta property=\"product:price:currency\" content=\"EUR\" \/>\n<meta property=\"og:availability\" content=\"instock\" \/>\n<meta property=\"product:availability\" content=\"instock\" \/>\n<meta property=\"product:retailer_item_id\" content=\"0123456789019\" \/>\n<meta property=\"product:condition\" content=\"new\" \/>\n<!-- \/ Yoast SEO Premium plugin. -->","yoast_head_json":{"title":"Beppy Basic Box | Beppy.com","description":"La Beppy Basic Box offre tout ce dont vous avez besoin pour des r\u00e8gles confortables et durables. D\u00e9couvrez la commodit\u00e9 de nos produits de qualit\u00e9 sup\u00e9rieure !","robots":{"index":"index","follow":"follow","max-snippet":"max-snippet:-1","max-image-preview":"max-image-preview:large","max-video-preview":"max-video-preview:-1"},"canonical":"https:\/\/beppy.com\/fr\/product\/beppy-boite-de-base\/","og_locale":"fr_FR","og_type":"article","og_title":"Bo\u00eete de base Beppy","og_description":"La Beppy Basic Box offre tout ce dont vous avez besoin pour des r\u00e8gles confortables et durables. D\u00e9couvrez la commodit\u00e9 de nos produits de qualit\u00e9 sup\u00e9rieure !","og_url":"https:\/\/beppy.com\/fr\/product\/beppy-boite-de-base\/","og_site_name":"Beppy","article_modified_time":"2025-09-09T18:27:43+00:00","og_image":[{"width":2400,"height":2400,"url":"https:\/\/beppy.com\/wp-content\/uploads\/2025\/06\/Beppy-Basic-Box.webp","type":"image\/webp"}],"twitter_card":"summary_large_image","twitter_description":"La Beppy Basic Box offre tout ce dont vous avez besoin pour des r\u00e8gles confortables et durables. D\u00e9couvrez la commodit\u00e9 de nos produits de qualit\u00e9 sup\u00e9rieure !","twitter_misc":{"Prix":"&euro;&nbsp;48,95","Disponibilit\u00e9":"En stock"},"schema":{"@context":"https:\/\/schema.org","@graph":[{"@type":"WebPage","@id":"https:\/\/beppy.com\/fr\/product\/beppy-boite-de-base\/","url":"https:\/\/beppy.com\/fr\/product\/beppy-boite-de-base\/","name":"Beppy Basic Box | Beppy.com","isPartOf":{"@id":"https:\/\/beppy.com\/fr\/#website"},"primaryImageOfPage":{"@id":"https:\/\/beppy.com\/fr\/product\/beppy-boite-de-base\/#primaryimage"},"image":{"@id":"https:\/\/beppy.com\/fr\/product\/beppy-boite-de-base\/#primaryimage"},"thumbnailUrl":"https:\/\/beppy.com\/wp-content\/uploads\/2025\/06\/Beppy-Basic-Box.webp","datePublished":"2025-06-24T11:14:09+00:00","dateModified":"2025-09-09T18:27:43+00:00","description":"La Beppy Basic Box offre tout ce dont vous avez besoin pour des r\u00e8gles confortables et durables. D\u00e9couvrez la commodit\u00e9 de nos produits de qualit\u00e9 sup\u00e9rieure !","breadcrumb":{"@id":"https:\/\/beppy.com\/fr\/product\/beppy-boite-de-base\/#breadcrumb"},"inLanguage":"fr-FR","potentialAction":[{"@type":"ReadAction","target":["https:\/\/beppy.com\/fr\/product\/beppy-boite-de-base\/"]}]},{"@type":"ImageObject","inLanguage":"fr-FR","@id":"https:\/\/beppy.com\/fr\/product\/beppy-boite-de-base\/#primaryimage","url":"https:\/\/beppy.com\/wp-content\/uploads\/2025\/06\/Beppy-Basic-Box.webp","contentUrl":"https:\/\/beppy.com\/wp-content\/uploads\/2025\/06\/Beppy-Basic-Box.webp","width":2400,"height":2400,"caption":"Bo\u00eete de base Beppy"},{"@type":"BreadcrumbList","@id":"https:\/\/beppy.com\/fr\/product\/beppy-boite-de-base\/#breadcrumb","itemListElement":[{"@type":"ListItem","position":1,"name":"Accueil","item":"https:\/\/beppy.com\/fr\/"},{"@type":"ListItem","position":2,"name":"Produits","item":"https:\/\/beppy.com\/fr\/shop\/"},{"@type":"ListItem","position":3,"name":"Bo\u00eete de base Beppy"}]},{"@type":"WebSite","@id":"https:\/\/beppy.com\/fr\/#website","url":"https:\/\/beppy.com\/fr\/","name":"Beppy","description":"Menstruatiecups, soft tampons en ondergoed","publisher":{"@id":"https:\/\/beppy.com\/fr\/#organization"},"potentialAction":[{"@type":"SearchAction","target":{"@type":"EntryPoint","urlTemplate":"https:\/\/beppy.com\/fr\/?s={search_term_string}"},"query-input":{"@type":"PropertyValueSpecification","valueRequired":true,"valueName":"search_term_string"}}],"inLanguage":"fr-FR"},{"@type":"Organization","@id":"https:\/\/beppy.com\/fr\/#organization","name":"Beppy","url":"https:\/\/beppy.com\/fr\/","logo":{"@type":"ImageObject","inLanguage":"fr-FR","@id":"https:\/\/beppy.com\/fr\/#\/schema\/logo\/image\/","url":"https:\/\/beppy.com\/wp-content\/uploads\/2024\/12\/cropped-Beppy_logo.png","contentUrl":"https:\/\/beppy.com\/wp-content\/uploads\/2024\/12\/cropped-Beppy_logo.png","width":241,"height":84,"caption":"Beppy"},"image":{"@id":"https:\/\/beppy.com\/fr\/#\/schema\/logo\/image\/"}}]},"product_price_amount":"48.95","product_price_currency":"EUR","og_availability":"instock","product_availability":"instock","product_retailer_item_id":"0123456789019","product_condition":"new"},"_links":{"self":[{"href":"https:\/\/beppy.com\/fr\/wp-json\/wp\/v2\/product\/117177","targetHints":{"allow":["GET"]}}],"collection":[{"href":"https:\/\/beppy.com\/fr\/wp-json\/wp\/v2\/product"}],"about":[{"href":"https:\/\/beppy.com\/fr\/wp-json\/wp\/v2\/types\/product"}],"replies":[{"embeddable":true,"href":"https:\/\/beppy.com\/fr\/wp-json\/wp\/v2\/comments?post=117177"}],"wp:featuredmedia":[{"embeddable":true,"href":"https:\/\/beppy.com\/fr\/wp-json\/wp\/v2\/media\/117257"}],"wp:attachment":[{"href":"https:\/\/beppy.com\/fr\/wp-json\/wp\/v2\/media?parent=117177"}],"wp:term":[{"taxonomy":"product_brand","embeddable":true,"href":"https:\/\/beppy.com\/fr\/wp-json\/wp\/v2\/product_brand?post=117177"},{"taxonomy":"product_cat","embeddable":true,"href":"https:\/\/beppy.com\/fr\/wp-json\/wp\/v2\/product_cat?post=117177"},{"taxonomy":"product_tag","embeddable":true,"href":"https:\/\/beppy.com\/fr\/wp-json\/wp\/v2\/product_tag?post=117177"}],"curies":[{"name":"wp","href":"https:\/\/api.w.org\/{rel}","templated":true}]}}