{"id":117564,"date":"2025-06-30T16:39:36","date_gmt":"2025-06-30T14:39:36","guid":{"rendered":"https:\/\/beppy.com\/shop\/non%20class\u00e9\/preservatifs-beppy-8-pieces\/"},"modified":"2025-12-03T23:14:11","modified_gmt":"2025-12-03T22:14:11","slug":"beppy-preservatifs-8-pieces","status":"publish","type":"product","link":"https:\/\/beppy.com\/fr\/product\/beppy-preservatifs-8-pieces\/","title":{"rendered":"Pr\u00e9servatifs Beppy - 8 pi\u00e8ces"},"content":{"rendered":"<p>Pr\u00e9servatifs Beppy - 8 pi\u00e8ces<\/p>\n","protected":false},"excerpt":{"rendered":"<p>Pr\u00e9servatifs Beppy - 8 pi\u00e8ces<\/p>\n","protected":false},"featured_media":117777,"comment_status":"closed","ping_status":"closed","template":"","meta":{"_acf_changed":false},"product_brand":[],"product_cat":[215,190],"product_tag":[],"class_list":{"0":"post-117564","1":"product","2":"type-product","3":"status-publish","4":"has-post-thumbnail","6":"product_cat-preservatifs-beppy","7":"product_cat-tous-les-produits","9":"first","10":"instock","11":"taxable","12":"shipping-taxable","13":"purchasable","14":"product-type-simple"},"bundled_by":["117115"],"bundle_stock_status":"instock","bundle_stock_quantity":null,"bundle_virtual":false,"bundle_layout":"","bundle_add_to_cart_form_location":"","bundle_editable_in_cart":false,"bundle_sold_individually_context":"","bundle_item_grouping":"","bundle_min_size":"","bundle_max_size":"","bundle_price":[],"bundled_items":[],"bundle_sell_ids":[],"acf":[],"yoast_head":"<!-- This site is optimized with the Yoast SEO Premium plugin v27.4 (Yoast SEO v27.4) - https:\/\/yoast.com\/product\/yoast-seo-premium-wordpress\/ -->\n<title>Pr\u00e9servatifs Beppy - 8 pi\u00e8ces, top 10 en 2025<\/title>\n<meta name=\"description\" content=\"Les pr\u00e9servatifs Beppy - 8 pi\u00e8ces offrent confort, s\u00e9curit\u00e9 et sensation suppl\u00e9mentaire. Une qualit\u00e9 fiable pour un moment de d\u00e9tente et de plaisir \u00e0 deux. Achetez maintenant !\" \/>\n<meta name=\"robots\" content=\"index, follow, max-snippet:-1, max-image-preview:large, max-video-preview:-1\" \/>\n<link rel=\"canonical\" href=\"https:\/\/beppy.com\/fr\/product\/beppy-preservatifs-8-pieces\/\" \/>\n<meta property=\"og:locale\" content=\"fr_FR\" \/>\n<meta property=\"og:type\" content=\"article\" \/>\n<meta property=\"og:title\" content=\"Pr\u00e9servatifs Beppy - 8 pi\u00e8ces\" \/>\n<meta property=\"og:description\" content=\"Les pr\u00e9servatifs Beppy 8 pi\u00e8ces offrent confort, s\u00e9curit\u00e9 et sensation suppl\u00e9mentaire. Une qualit\u00e9 fiable pour un moment de d\u00e9tente et de plaisir \u00e0 deux. Achetez maintenant !\" \/>\n<meta property=\"og:url\" content=\"https:\/\/beppy.com\/fr\/product\/beppy-preservatifs-8-pieces\/\" \/>\n<meta property=\"og:site_name\" content=\"Beppy\" \/>\n<meta property=\"article:modified_time\" content=\"2025-12-03T22:14:11+00:00\" \/>\n<meta property=\"og:image\" content=\"https:\/\/beppy.com\/wp-content\/uploads\/2025\/06\/Beppy-condooms-8-stuks.webp\" \/>\n\t<meta property=\"og:image:width\" content=\"2400\" \/>\n\t<meta property=\"og:image:height\" content=\"2400\" \/>\n\t<meta property=\"og:image:type\" content=\"image\/webp\" \/>\n<meta name=\"twitter:card\" content=\"summary_large_image\" \/>\n<meta name=\"twitter:description\" content=\"Les pr\u00e9servatifs Beppy 8 pi\u00e8ces offrent confort, s\u00e9curit\u00e9 et sensation suppl\u00e9mentaire. Une qualit\u00e9 fiable pour un moment de d\u00e9tente et de plaisir \u00e0 deux. Achetez maintenant !\" \/>\n<meta name=\"twitter:label1\" content=\"Prix\" \/>\n\t<meta name=\"twitter:data1\" content=\"&euro;&nbsp;8,00\" \/>\n\t<meta name=\"twitter:label2\" content=\"Disponibilit\u00e9\" \/>\n\t<meta name=\"twitter:data2\" content=\"En stock\" \/>\n<script type=\"application\/ld+json\" class=\"yoast-schema-graph\">{\"@context\":\"https:\\\/\\\/schema.org\",\"@graph\":[{\"@type\":\"WebPage\",\"@id\":\"https:\\\/\\\/beppy.com\\\/fr\\\/product\\\/beppy-preservatifs-8-pieces\\\/\",\"url\":\"https:\\\/\\\/beppy.com\\\/fr\\\/product\\\/beppy-preservatifs-8-pieces\\\/\",\"name\":\"Pr\u00e9servatifs Beppy - 8 pi\u00e8ces, top 10 en 2025\",\"isPartOf\":{\"@id\":\"https:\\\/\\\/beppy.com\\\/fr\\\/#website\"},\"primaryImageOfPage\":{\"@id\":\"https:\\\/\\\/beppy.com\\\/fr\\\/product\\\/beppy-preservatifs-8-pieces\\\/#primaryimage\"},\"image\":{\"@id\":\"https:\\\/\\\/beppy.com\\\/fr\\\/product\\\/beppy-preservatifs-8-pieces\\\/#primaryimage\"},\"thumbnailUrl\":\"https:\\\/\\\/beppy.com\\\/wp-content\\\/uploads\\\/2025\\\/06\\\/Beppy-condooms-8-stuks.webp\",\"datePublished\":\"2025-06-30T14:39:36+00:00\",\"dateModified\":\"2025-12-03T22:14:11+00:00\",\"description\":\"Les pr\u00e9servatifs Beppy - 8 pi\u00e8ces offrent confort, s\u00e9curit\u00e9 et sensation suppl\u00e9mentaire. Une qualit\u00e9 fiable pour un moment de d\u00e9tente et de plaisir \u00e0 deux. Achetez maintenant !\",\"breadcrumb\":{\"@id\":\"https:\\\/\\\/beppy.com\\\/fr\\\/product\\\/beppy-preservatifs-8-pieces\\\/#breadcrumb\"},\"inLanguage\":\"fr-FR\",\"potentialAction\":[{\"@type\":\"ReadAction\",\"target\":[\"https:\\\/\\\/beppy.com\\\/fr\\\/product\\\/beppy-preservatifs-8-pieces\\\/\"]}]},{\"@type\":\"ImageObject\",\"inLanguage\":\"fr-FR\",\"@id\":\"https:\\\/\\\/beppy.com\\\/fr\\\/product\\\/beppy-preservatifs-8-pieces\\\/#primaryimage\",\"url\":\"https:\\\/\\\/beppy.com\\\/wp-content\\\/uploads\\\/2025\\\/06\\\/Beppy-condooms-8-stuks.webp\",\"contentUrl\":\"https:\\\/\\\/beppy.com\\\/wp-content\\\/uploads\\\/2025\\\/06\\\/Beppy-condooms-8-stuks.webp\",\"width\":2400,\"height\":2400,\"caption\":\"Pr\u00e9servatifs Beppy - 8 pi\u00e8ces\"},{\"@type\":\"BreadcrumbList\",\"@id\":\"https:\\\/\\\/beppy.com\\\/fr\\\/product\\\/beppy-preservatifs-8-pieces\\\/#breadcrumb\",\"itemListElement\":[{\"@type\":\"ListItem\",\"position\":1,\"name\":\"Accueil\",\"item\":\"https:\\\/\\\/beppy.com\\\/fr\\\/accueil-2\\\/\"},{\"@type\":\"ListItem\",\"position\":2,\"name\":\"Produits\",\"item\":\"https:\\\/\\\/beppy.com\\\/fr\\\/shop\\\/\"},{\"@type\":\"ListItem\",\"position\":3,\"name\":\"Pr\u00e9servatifs Beppy - 8 pi\u00e8ces\"}]},{\"@type\":\"WebSite\",\"@id\":\"https:\\\/\\\/beppy.com\\\/fr\\\/#website\",\"url\":\"https:\\\/\\\/beppy.com\\\/fr\\\/\",\"name\":\"Beppy\",\"description\":\"Menstruatiecups, soft tampons en ondergoed\",\"publisher\":{\"@id\":\"https:\\\/\\\/beppy.com\\\/fr\\\/#organization\"},\"potentialAction\":[{\"@type\":\"SearchAction\",\"target\":{\"@type\":\"EntryPoint\",\"urlTemplate\":\"https:\\\/\\\/beppy.com\\\/fr\\\/?s={search_term_string}\"},\"query-input\":{\"@type\":\"PropertyValueSpecification\",\"valueRequired\":true,\"valueName\":\"search_term_string\"}}],\"inLanguage\":\"fr-FR\"},{\"@type\":\"Organization\",\"@id\":\"https:\\\/\\\/beppy.com\\\/fr\\\/#organization\",\"name\":\"Beppy\",\"url\":\"https:\\\/\\\/beppy.com\\\/fr\\\/\",\"logo\":{\"@type\":\"ImageObject\",\"inLanguage\":\"fr-FR\",\"@id\":\"https:\\\/\\\/beppy.com\\\/fr\\\/#\\\/schema\\\/logo\\\/image\\\/\",\"url\":\"https:\\\/\\\/beppy.com\\\/wp-content\\\/uploads\\\/2024\\\/12\\\/cropped-Beppy_logo.png\",\"contentUrl\":\"https:\\\/\\\/beppy.com\\\/wp-content\\\/uploads\\\/2024\\\/12\\\/cropped-Beppy_logo.png\",\"width\":241,\"height\":84,\"caption\":\"Beppy\"},\"image\":{\"@id\":\"https:\\\/\\\/beppy.com\\\/fr\\\/#\\\/schema\\\/logo\\\/image\\\/\"}}]}<\/script>\n<meta property=\"product:price:amount\" content=\"8.00\" \/>\n<meta property=\"product:price:currency\" content=\"EUR\" \/>\n<meta property=\"og:availability\" content=\"instock\" \/>\n<meta property=\"product:availability\" content=\"instock\" \/>\n<meta property=\"product:retailer_item_id\" content=\"8714777000010\" \/>\n<meta property=\"product:condition\" content=\"new\" \/>\n<!-- \/ Yoast SEO Premium plugin. -->","yoast_head_json":{"title":"Pr\u00e9servatifs Beppy - 8 pi\u00e8ces, top 10 en 2025","description":"Les pr\u00e9servatifs Beppy - 8 pi\u00e8ces offrent confort, s\u00e9curit\u00e9 et sensation suppl\u00e9mentaire. Une qualit\u00e9 fiable pour un moment de d\u00e9tente et de plaisir \u00e0 deux. Achetez maintenant !","robots":{"index":"index","follow":"follow","max-snippet":"max-snippet:-1","max-image-preview":"max-image-preview:large","max-video-preview":"max-video-preview:-1"},"canonical":"https:\/\/beppy.com\/fr\/product\/beppy-preservatifs-8-pieces\/","og_locale":"fr_FR","og_type":"article","og_title":"Pr\u00e9servatifs Beppy - 8 pi\u00e8ces","og_description":"Les pr\u00e9servatifs Beppy 8 pi\u00e8ces offrent confort, s\u00e9curit\u00e9 et sensation suppl\u00e9mentaire. Une qualit\u00e9 fiable pour un moment de d\u00e9tente et de plaisir \u00e0 deux. Achetez maintenant !","og_url":"https:\/\/beppy.com\/fr\/product\/beppy-preservatifs-8-pieces\/","og_site_name":"Beppy","article_modified_time":"2025-12-03T22:14:11+00:00","og_image":[{"width":2400,"height":2400,"url":"https:\/\/beppy.com\/wp-content\/uploads\/2025\/06\/Beppy-condooms-8-stuks.webp","type":"image\/webp"}],"twitter_card":"summary_large_image","twitter_description":"Les pr\u00e9servatifs Beppy 8 pi\u00e8ces offrent confort, s\u00e9curit\u00e9 et sensation suppl\u00e9mentaire. Une qualit\u00e9 fiable pour un moment de d\u00e9tente et de plaisir \u00e0 deux. Achetez maintenant !","twitter_misc":{"Prix":"&euro;&nbsp;8,00","Disponibilit\u00e9":"En stock"},"schema":{"@context":"https:\/\/schema.org","@graph":[{"@type":"WebPage","@id":"https:\/\/beppy.com\/fr\/product\/beppy-preservatifs-8-pieces\/","url":"https:\/\/beppy.com\/fr\/product\/beppy-preservatifs-8-pieces\/","name":"Pr\u00e9servatifs Beppy - 8 pi\u00e8ces, top 10 en 2025","isPartOf":{"@id":"https:\/\/beppy.com\/fr\/#website"},"primaryImageOfPage":{"@id":"https:\/\/beppy.com\/fr\/product\/beppy-preservatifs-8-pieces\/#primaryimage"},"image":{"@id":"https:\/\/beppy.com\/fr\/product\/beppy-preservatifs-8-pieces\/#primaryimage"},"thumbnailUrl":"https:\/\/beppy.com\/wp-content\/uploads\/2025\/06\/Beppy-condooms-8-stuks.webp","datePublished":"2025-06-30T14:39:36+00:00","dateModified":"2025-12-03T22:14:11+00:00","description":"Les pr\u00e9servatifs Beppy - 8 pi\u00e8ces offrent confort, s\u00e9curit\u00e9 et sensation suppl\u00e9mentaire. Une qualit\u00e9 fiable pour un moment de d\u00e9tente et de plaisir \u00e0 deux. Achetez maintenant !","breadcrumb":{"@id":"https:\/\/beppy.com\/fr\/product\/beppy-preservatifs-8-pieces\/#breadcrumb"},"inLanguage":"fr-FR","potentialAction":[{"@type":"ReadAction","target":["https:\/\/beppy.com\/fr\/product\/beppy-preservatifs-8-pieces\/"]}]},{"@type":"ImageObject","inLanguage":"fr-FR","@id":"https:\/\/beppy.com\/fr\/product\/beppy-preservatifs-8-pieces\/#primaryimage","url":"https:\/\/beppy.com\/wp-content\/uploads\/2025\/06\/Beppy-condooms-8-stuks.webp","contentUrl":"https:\/\/beppy.com\/wp-content\/uploads\/2025\/06\/Beppy-condooms-8-stuks.webp","width":2400,"height":2400,"caption":"Pr\u00e9servatifs Beppy - 8 pi\u00e8ces"},{"@type":"BreadcrumbList","@id":"https:\/\/beppy.com\/fr\/product\/beppy-preservatifs-8-pieces\/#breadcrumb","itemListElement":[{"@type":"ListItem","position":1,"name":"Accueil","item":"https:\/\/beppy.com\/fr\/accueil-2\/"},{"@type":"ListItem","position":2,"name":"Produits","item":"https:\/\/beppy.com\/fr\/shop\/"},{"@type":"ListItem","position":3,"name":"Pr\u00e9servatifs Beppy - 8 pi\u00e8ces"}]},{"@type":"WebSite","@id":"https:\/\/beppy.com\/fr\/#website","url":"https:\/\/beppy.com\/fr\/","name":"Beppy","description":"Menstruatiecups, soft tampons en ondergoed","publisher":{"@id":"https:\/\/beppy.com\/fr\/#organization"},"potentialAction":[{"@type":"SearchAction","target":{"@type":"EntryPoint","urlTemplate":"https:\/\/beppy.com\/fr\/?s={search_term_string}"},"query-input":{"@type":"PropertyValueSpecification","valueRequired":true,"valueName":"search_term_string"}}],"inLanguage":"fr-FR"},{"@type":"Organization","@id":"https:\/\/beppy.com\/fr\/#organization","name":"Beppy","url":"https:\/\/beppy.com\/fr\/","logo":{"@type":"ImageObject","inLanguage":"fr-FR","@id":"https:\/\/beppy.com\/fr\/#\/schema\/logo\/image\/","url":"https:\/\/beppy.com\/wp-content\/uploads\/2024\/12\/cropped-Beppy_logo.png","contentUrl":"https:\/\/beppy.com\/wp-content\/uploads\/2024\/12\/cropped-Beppy_logo.png","width":241,"height":84,"caption":"Beppy"},"image":{"@id":"https:\/\/beppy.com\/fr\/#\/schema\/logo\/image\/"}}]},"product_price_amount":"8.00","product_price_currency":"EUR","og_availability":"instock","product_availability":"instock","product_retailer_item_id":"8714777000010","product_condition":"new"},"_links":{"self":[{"href":"https:\/\/beppy.com\/fr\/wp-json\/wp\/v2\/product\/117564","targetHints":{"allow":["GET"]}}],"collection":[{"href":"https:\/\/beppy.com\/fr\/wp-json\/wp\/v2\/product"}],"about":[{"href":"https:\/\/beppy.com\/fr\/wp-json\/wp\/v2\/types\/product"}],"replies":[{"embeddable":true,"href":"https:\/\/beppy.com\/fr\/wp-json\/wp\/v2\/comments?post=117564"}],"wp:featuredmedia":[{"embeddable":true,"href":"https:\/\/beppy.com\/fr\/wp-json\/wp\/v2\/media\/117777"}],"wp:attachment":[{"href":"https:\/\/beppy.com\/fr\/wp-json\/wp\/v2\/media?parent=117564"}],"wp:term":[{"taxonomy":"product_brand","embeddable":true,"href":"https:\/\/beppy.com\/fr\/wp-json\/wp\/v2\/product_brand?post=117564"},{"taxonomy":"product_cat","embeddable":true,"href":"https:\/\/beppy.com\/fr\/wp-json\/wp\/v2\/product_cat?post=117564"},{"taxonomy":"product_tag","embeddable":true,"href":"https:\/\/beppy.com\/fr\/wp-json\/wp\/v2\/product_tag?post=117564"}],"curies":[{"name":"wp","href":"https:\/\/api.w.org\/{rel}","templated":true}]}}