{"id":117565,"date":"2025-06-30T16:45:01","date_gmt":"2025-06-30T14:45:01","guid":{"rendered":"https:\/\/beppy.com\/shop\/non%20class\u00e9\/culotte-beppy-2-pieces\/"},"modified":"2025-12-03T23:14:26","modified_gmt":"2025-12-03T22:14:26","slug":"beppy-culotte-menstruelle","status":"publish","type":"product","link":"https:\/\/beppy.com\/fr\/product\/beppy-culotte-menstruelle\/","title":{"rendered":"Culotte Beppy - 2 pi\u00e8ces"},"content":{"rendered":"<p>Vos sous-v\u00eatements sont-ils trop serr\u00e9s lorsque vous avez vos r\u00e8gles ? Ou avez-vous simplement l&rsquo;impression qu&rsquo;ils s&rsquo;affaissent les jours o\u00f9 ils sont plus l\u00e9gers ? Vous n&rsquo;\u00eates pas la seule. Votre corps change pendant vos r\u00e8gles, ce qui n\u00e9cessite des sous-v\u00eatements qui bougent avec vous. Les culottes Beppy Panties sont sp\u00e9cialement con\u00e7ues pour votre cycle, votre confort et votre flux. Cette culotte intelligente s&rsquo;adapte \u00e0 vous, et non l&rsquo;inverse. Gr\u00e2ce \u00e0 des clics r\u00e9glables, vous choisissez le degr\u00e9 de serrage de votre culotte et le niveau d&rsquo;absorption dont vous avez besoin. C&rsquo;est la culotte menstruelle telle qu&rsquo;elle devrait \u00eatre : confortable, discr\u00e8te et fiable. Commandez votre couleur d\u00e8s aujourd&rsquo;hui et d\u00e9couvrez la diff\u00e9rence !        <\/p>\n<h2 data-start=\"1203\" data-end=\"1269\">Qu&rsquo;est-ce qui diff\u00e9rencie les culottes Beppy Panties des sous-v\u00eatements menstruels ordinaires ?<\/h2>\n<p data-start=\"1271\" data-end=\"1634\">Les culottes Beppy sont con\u00e7ues pour les femmes qui veulent se sentir libres, m\u00eame pendant leurs r\u00e8gles. Pas de mod\u00e8le fixe que vous devez porter chaque jour du cycle, mais deux culottes diff\u00e9rentes qui r\u00e9pondent \u00e0 votre niveau de flux et \u00e0 votre sensation. Une culotte est \u00e9quip\u00e9e de 2 clics et l&rsquo;autre de 4, ce qui vous permet de vous adapter facilement \u00e0 une journ\u00e9e plus l\u00e9g\u00e8re ou plus abondante. Ce syst\u00e8me innovant vous permet de d\u00e9tacher et de changer facilement votre sous-v\u00eatement menstruel sans enlever votre pantalon. Pratique lorsque vous \u00eates au travail, sur la route ou dans un lieu public o\u00f9 le confort et la rapidit\u00e9 sont importants. De plus, la commodit\u00e9 est prise en compte dans chaque emballage : vous recevez un sac de lavage, un sac de voyage et un livret d&rsquo;instructions.     <\/p>\n<h3 data-start=\"1990\" data-end=\"2054\">Comment choisir la bonne culotte Beppy pour vos jours de menstruation ?<\/h3>\n<p data-start=\"214\" data-end=\"817\">Nos sous-v\u00eatements menstruels sont disponibles en diff\u00e9rentes combinaisons de couleurs. Chaque paquet contient deux slips dont les niveaux d&rsquo;absorption sont diff\u00e9rents. Pour l&rsquo;ensemble Onyx, les deux slips sont noirs. Coral contient une culotte rose clair et une culotte corail. Siren se compose d&rsquo;un slip violet et d&rsquo;un slip turquoise. La couleur la plus claire de chaque ensemble est destin\u00e9e aux jours de faible d\u00e9bit, la plus fonc\u00e9e aux moments o\u00f9 vous avez besoin d&rsquo;une plus grande protection. La diff\u00e9rence de clics se remarque \u00e9galement visuellement : 2 clics conviennent aux menstruations l\u00e9g\u00e8res avec 10 \u00e0 20 ml de liquide. Les 4 boutons peuvent g\u00e9rer jusqu&rsquo;\u00e0 40 ml, selon le mod\u00e8le.       <\/p>\n<p data-start=\"819\" data-end=\"1288\">En plus de ces culottes ajustables de Beppy, il y a aussi le <a href=\"https:\/\/beppy.com\/shop\/alle-producten\/beppy-pure-menstruatieslip\/\"><strong data-start=\"869\" data-end=\"883\">Beppy Pure<\/strong><\/a>une culotte menstruelle douce et \u00e9l\u00e9gante sans syst\u00e8me de clic. Cette variante offre la m\u00eame protection et le m\u00eame confort, mais sa coupe est fixe. Le Beppy Pure est id\u00e9al si vous pr\u00e9f\u00e9rez porter une culotte qui s&rsquo;ajuste imm\u00e9diatement, sans parties r\u00e9glables. Disponible en noir classique et en diff\u00e9rentes tailles, il s&rsquo;agit d&rsquo;une option fine et fiable pour celles qui aiment la simplicit\u00e9 et la commodit\u00e9 pendant les r\u00e8gles.   <\/p>\n<h3 data-start=\"2653\" data-end=\"2718\">Comment nos sous-v\u00eatements contribuent \u00e0 plus de confort pendant votre cycle<\/h3>\n<p data-start=\"2720\" data-end=\"3085\">La plupart des femmes souffrent de ballonnements avant ou pendant leurs r\u00e8gles. Ce ph\u00e9nom\u00e8ne est d\u00fb aux fluctuations hormonales et peut entra\u00eener une pression suppl\u00e9mentaire sur le ventre et le bas du corps. Les culottes Beppy Panties vous donnent la libert\u00e9 de r\u00e9agir avec souplesse. Vous d\u00e9cidez du degr\u00e9 d&rsquo;\u00e9tanch\u00e9it\u00e9 de votre sous-v\u00eatement et vous pouvez facilement en changer lorsque vous remarquez que c&rsquo;est le moment.   <\/p>\n<p data-start=\"3087\" data-end=\"3140\"><strong>La culotte Beppy offre plusieurs avantages \u00e0 la fois :<\/strong><\/p>\n<ol data-start=\"3141\" data-end=\"3742\">\n<li data-start=\"3141\" data-end=\"3235\">\n<p data-start=\"3144\" data-end=\"3235\">Clips lat\u00e9raux r\u00e9glables pour un ajustement confortable, quelle que soit votre condition physique<\/p>\n<\/li>\n<li data-start=\"3236\" data-end=\"3290\">\n<p data-start=\"3239\" data-end=\"3290\">Deux glissi\u00e8res par jeu pour les jours plus l\u00e9gers et plus lourds<\/p>\n<\/li>\n<li data-start=\"3291\" data-end=\"3370\">\n<p data-start=\"3294\" data-end=\"3370\">Combinaisons de couleurs pratiques pour que vous puissiez voir imm\u00e9diatement de quel short vous avez besoin<\/p>\n<\/li>\n<li data-start=\"3371\" data-end=\"3440\">\n<p data-start=\"3374\" data-end=\"3440\">Peut \u00eatre chang\u00e9 sans enlever votre pantalon, id\u00e9al pour les voyages<\/p>\n<\/li>\n<li data-start=\"3441\" data-end=\"3518\">\n<p data-start=\"3444\" data-end=\"3518\">Des sous-v\u00eatements menstruels durables que vous pouvez r\u00e9utiliser \u00e0 l&rsquo;infini<\/p>\n<\/li>\n<li data-start=\"3519\" data-end=\"3592\">\n<p data-start=\"3522\" data-end=\"3592\">Comprend un sac de lavage et une pochette de voyage pour faciliter l&rsquo;entretien et le transport.<\/p>\n<\/li>\n<li data-start=\"3593\" data-end=\"3666\">\n<p data-start=\"3596\" data-end=\"3666\">Plusieurs couches absorbantes qui bloquent l&rsquo;humidit\u00e9 et vous gardent bien au sec<\/p>\n<\/li>\n<li data-start=\"3667\" data-end=\"3742\">\n<p data-start=\"3670\" data-end=\"3742\">Mati\u00e8re souple et respirante pour un confort optimal, de jour comme de nuit<\/p>\n<\/li>\n<li data-start=\"3667\" data-end=\"3742\">Exempt de produits chimiques nocifs et de PFA<\/li>\n<\/ol>\n<p>Vous voulez des sous-v\u00eatements menstruels qui s&rsquo;adaptent \u00e0 vous et non l&rsquo;inverse ? Les culottes Beppy Panties vous offrent libert\u00e9, protection et confort lorsque vous en avez le plus besoin. Choisissez l&rsquo;ensemble de couleurs qui vous convient et d\u00e9couvrez \u00e0 quel point il est confortable d&rsquo;\u00eatre vraiment pr\u00e9par\u00e9e pour chaque jour de votre cycle.   Commandez d\u00e8s aujourd&rsquo;hui !<\/p>\n","protected":false},"excerpt":{"rendered":"<p>Vos sous-v\u00eatements sont-ils trop serr\u00e9s lorsque vous avez vos r\u00e8gles ? Ou avez-vous simplement l&rsquo;impression qu&rsquo;ils s&rsquo;affaissent les jours o\u00f9 ils sont plus l\u00e9gers ? Vous n&rsquo;\u00eates pas la seule. Votre corps change pendant vos r\u00e8gles, ce qui n\u00e9cessite des sous-v\u00eatements qui bougent avec vous. Les culottes Beppy Panties sont sp\u00e9cialement con\u00e7ues pour votre cycle, [&hellip;]<\/p>\n","protected":false},"featured_media":118013,"comment_status":"closed","ping_status":"closed","template":"","meta":{"_acf_changed":false},"product_brand":[],"product_cat":[191,190],"product_tag":[],"class_list":{"0":"post-117565","1":"product","2":"type-product","3":"status-publish","4":"has-post-thumbnail","6":"product_cat-sous-vetements-menstruels-beppy","7":"product_cat-tous-les-produits","9":"first","10":"instock","11":"taxable","12":"shipping-taxable","13":"purchasable","14":"product-type-variable"},"bundled_by":["117133"],"bundle_stock_status":"instock","bundle_stock_quantity":null,"bundle_virtual":false,"bundle_layout":"","bundle_add_to_cart_form_location":"","bundle_editable_in_cart":false,"bundle_sold_individually_context":"","bundle_item_grouping":"","bundle_min_size":"","bundle_max_size":"","bundle_price":[],"bundled_items":[],"bundle_sell_ids":[],"acf":[],"yoast_head":"<!-- This site is optimized with the Yoast SEO Premium plugin v27.4 (Yoast SEO v27.4) - https:\/\/yoast.com\/product\/yoast-seo-premium-wordpress\/ -->\n<title>Culotte Beppy - 2 pi\u00e8ces - Beppy<\/title>\n<meta name=\"description\" content=\"Beppy Panties est une culotte menstruelle innovante qui s&#039;adapte \u00e0 votre cycle. Choisissez le confort, la flexibilit\u00e9 et la confiance. Commandez votre set d\u00e8s maintenant !\" \/>\n<meta name=\"robots\" content=\"index, follow, max-snippet:-1, max-image-preview:large, max-video-preview:-1\" \/>\n<link rel=\"canonical\" href=\"https:\/\/beppy.com\/fr\/product\/beppy-culotte-menstruelle\/\" \/>\n<meta property=\"og:locale\" content=\"fr_FR\" \/>\n<meta property=\"og:type\" content=\"article\" \/>\n<meta property=\"og:title\" content=\"Culotte Beppy - 2 pi\u00e8ces\" \/>\n<meta property=\"og:description\" content=\"Beppy Panties est une culotte menstruelle innovante qui s&#039;adapte \u00e0 votre cycle. Choisissez le confort, la flexibilit\u00e9 et la confiance. Commandez votre set d\u00e8s maintenant !\" \/>\n<meta property=\"og:url\" content=\"https:\/\/beppy.com\/fr\/product\/beppy-culotte-menstruelle\/\" \/>\n<meta property=\"og:site_name\" content=\"Beppy\" \/>\n<meta property=\"article:modified_time\" content=\"2025-12-03T22:14:26+00:00\" \/>\n<meta property=\"og:image\" content=\"https:\/\/beppy.com\/wp-content\/uploads\/2025\/06\/Beppy-Panties.webp\" \/>\n\t<meta property=\"og:image:width\" content=\"2400\" \/>\n\t<meta property=\"og:image:height\" content=\"2400\" \/>\n\t<meta property=\"og:image:type\" content=\"image\/webp\" \/>\n<meta name=\"twitter:card\" content=\"summary_large_image\" \/>\n<meta name=\"twitter:description\" content=\"Beppy Panties est une culotte menstruelle innovante qui s&#039;adapte \u00e0 votre cycle. Choisissez le confort, la flexibilit\u00e9 et la confiance. Commandez votre set d\u00e8s maintenant !\" \/>\n<meta name=\"twitter:label1\" content=\"Disponibilit\u00e9\" \/>\n\t<meta name=\"twitter:data1\" content=\"En stock\" \/>\n<script type=\"application\/ld+json\" class=\"yoast-schema-graph\">{\"@context\":\"https:\\\/\\\/schema.org\",\"@graph\":[{\"@type\":\"WebPage\",\"@id\":\"https:\\\/\\\/beppy.com\\\/fr\\\/product\\\/beppy-culotte-menstruelle\\\/\",\"url\":\"https:\\\/\\\/beppy.com\\\/fr\\\/product\\\/beppy-culotte-menstruelle\\\/\",\"name\":\"Culotte Beppy - 2 pi\u00e8ces - Beppy\",\"isPartOf\":{\"@id\":\"https:\\\/\\\/beppy.com\\\/fr\\\/#website\"},\"primaryImageOfPage\":{\"@id\":\"https:\\\/\\\/beppy.com\\\/fr\\\/product\\\/beppy-culotte-menstruelle\\\/#primaryimage\"},\"image\":{\"@id\":\"https:\\\/\\\/beppy.com\\\/fr\\\/product\\\/beppy-culotte-menstruelle\\\/#primaryimage\"},\"thumbnailUrl\":\"https:\\\/\\\/beppy.com\\\/wp-content\\\/uploads\\\/2025\\\/06\\\/Beppy-Panties.webp\",\"datePublished\":\"2025-06-30T14:45:01+00:00\",\"dateModified\":\"2025-12-03T22:14:26+00:00\",\"description\":\"Beppy Panties est une culotte menstruelle innovante qui s'adapte \u00e0 votre cycle. Choisissez le confort, la flexibilit\u00e9 et la confiance. Commandez votre set d\u00e8s maintenant !\",\"breadcrumb\":{\"@id\":\"https:\\\/\\\/beppy.com\\\/fr\\\/product\\\/beppy-culotte-menstruelle\\\/#breadcrumb\"},\"inLanguage\":\"fr-FR\",\"potentialAction\":[{\"@type\":\"ReadAction\",\"target\":[\"https:\\\/\\\/beppy.com\\\/fr\\\/product\\\/beppy-culotte-menstruelle\\\/\"]}]},{\"@type\":\"ImageObject\",\"inLanguage\":\"fr-FR\",\"@id\":\"https:\\\/\\\/beppy.com\\\/fr\\\/product\\\/beppy-culotte-menstruelle\\\/#primaryimage\",\"url\":\"https:\\\/\\\/beppy.com\\\/wp-content\\\/uploads\\\/2025\\\/06\\\/Beppy-Panties.webp\",\"contentUrl\":\"https:\\\/\\\/beppy.com\\\/wp-content\\\/uploads\\\/2025\\\/06\\\/Beppy-Panties.webp\",\"width\":2400,\"height\":2400,\"caption\":\"Culotte Beppy\"},{\"@type\":\"BreadcrumbList\",\"@id\":\"https:\\\/\\\/beppy.com\\\/fr\\\/product\\\/beppy-culotte-menstruelle\\\/#breadcrumb\",\"itemListElement\":[{\"@type\":\"ListItem\",\"position\":1,\"name\":\"Accueil\",\"item\":\"https:\\\/\\\/beppy.com\\\/fr\\\/accueil-2\\\/\"},{\"@type\":\"ListItem\",\"position\":2,\"name\":\"Produits\",\"item\":\"https:\\\/\\\/beppy.com\\\/fr\\\/shop\\\/\"},{\"@type\":\"ListItem\",\"position\":3,\"name\":\"Culotte Beppy - 2 pi\u00e8ces\"}]},{\"@type\":\"WebSite\",\"@id\":\"https:\\\/\\\/beppy.com\\\/fr\\\/#website\",\"url\":\"https:\\\/\\\/beppy.com\\\/fr\\\/\",\"name\":\"Beppy\",\"description\":\"Menstruatiecups, soft tampons en ondergoed\",\"publisher\":{\"@id\":\"https:\\\/\\\/beppy.com\\\/fr\\\/#organization\"},\"potentialAction\":[{\"@type\":\"SearchAction\",\"target\":{\"@type\":\"EntryPoint\",\"urlTemplate\":\"https:\\\/\\\/beppy.com\\\/fr\\\/?s={search_term_string}\"},\"query-input\":{\"@type\":\"PropertyValueSpecification\",\"valueRequired\":true,\"valueName\":\"search_term_string\"}}],\"inLanguage\":\"fr-FR\"},{\"@type\":\"Organization\",\"@id\":\"https:\\\/\\\/beppy.com\\\/fr\\\/#organization\",\"name\":\"Beppy\",\"url\":\"https:\\\/\\\/beppy.com\\\/fr\\\/\",\"logo\":{\"@type\":\"ImageObject\",\"inLanguage\":\"fr-FR\",\"@id\":\"https:\\\/\\\/beppy.com\\\/fr\\\/#\\\/schema\\\/logo\\\/image\\\/\",\"url\":\"https:\\\/\\\/beppy.com\\\/wp-content\\\/uploads\\\/2024\\\/12\\\/cropped-Beppy_logo.png\",\"contentUrl\":\"https:\\\/\\\/beppy.com\\\/wp-content\\\/uploads\\\/2024\\\/12\\\/cropped-Beppy_logo.png\",\"width\":241,\"height\":84,\"caption\":\"Beppy\"},\"image\":{\"@id\":\"https:\\\/\\\/beppy.com\\\/fr\\\/#\\\/schema\\\/logo\\\/image\\\/\"}}]}<\/script>\n<meta property=\"og:availability\" content=\"instock\" \/>\n<meta property=\"product:availability\" content=\"instock\" \/>\n<meta property=\"product:condition\" content=\"new\" \/>\n<!-- \/ Yoast SEO Premium plugin. -->","yoast_head_json":{"title":"Culotte Beppy - 2 pi\u00e8ces - Beppy","description":"Beppy Panties est une culotte menstruelle innovante qui s'adapte \u00e0 votre cycle. Choisissez le confort, la flexibilit\u00e9 et la confiance. Commandez votre set d\u00e8s maintenant !","robots":{"index":"index","follow":"follow","max-snippet":"max-snippet:-1","max-image-preview":"max-image-preview:large","max-video-preview":"max-video-preview:-1"},"canonical":"https:\/\/beppy.com\/fr\/product\/beppy-culotte-menstruelle\/","og_locale":"fr_FR","og_type":"article","og_title":"Culotte Beppy - 2 pi\u00e8ces","og_description":"Beppy Panties est une culotte menstruelle innovante qui s'adapte \u00e0 votre cycle. Choisissez le confort, la flexibilit\u00e9 et la confiance. Commandez votre set d\u00e8s maintenant !","og_url":"https:\/\/beppy.com\/fr\/product\/beppy-culotte-menstruelle\/","og_site_name":"Beppy","article_modified_time":"2025-12-03T22:14:26+00:00","og_image":[{"width":2400,"height":2400,"url":"https:\/\/beppy.com\/wp-content\/uploads\/2025\/06\/Beppy-Panties.webp","type":"image\/webp"}],"twitter_card":"summary_large_image","twitter_description":"Beppy Panties est une culotte menstruelle innovante qui s'adapte \u00e0 votre cycle. Choisissez le confort, la flexibilit\u00e9 et la confiance. Commandez votre set d\u00e8s maintenant !","twitter_misc":{"Disponibilit\u00e9":"En stock"},"schema":{"@context":"https:\/\/schema.org","@graph":[{"@type":"WebPage","@id":"https:\/\/beppy.com\/fr\/product\/beppy-culotte-menstruelle\/","url":"https:\/\/beppy.com\/fr\/product\/beppy-culotte-menstruelle\/","name":"Culotte Beppy - 2 pi\u00e8ces - Beppy","isPartOf":{"@id":"https:\/\/beppy.com\/fr\/#website"},"primaryImageOfPage":{"@id":"https:\/\/beppy.com\/fr\/product\/beppy-culotte-menstruelle\/#primaryimage"},"image":{"@id":"https:\/\/beppy.com\/fr\/product\/beppy-culotte-menstruelle\/#primaryimage"},"thumbnailUrl":"https:\/\/beppy.com\/wp-content\/uploads\/2025\/06\/Beppy-Panties.webp","datePublished":"2025-06-30T14:45:01+00:00","dateModified":"2025-12-03T22:14:26+00:00","description":"Beppy Panties est une culotte menstruelle innovante qui s'adapte \u00e0 votre cycle. Choisissez le confort, la flexibilit\u00e9 et la confiance. Commandez votre set d\u00e8s maintenant !","breadcrumb":{"@id":"https:\/\/beppy.com\/fr\/product\/beppy-culotte-menstruelle\/#breadcrumb"},"inLanguage":"fr-FR","potentialAction":[{"@type":"ReadAction","target":["https:\/\/beppy.com\/fr\/product\/beppy-culotte-menstruelle\/"]}]},{"@type":"ImageObject","inLanguage":"fr-FR","@id":"https:\/\/beppy.com\/fr\/product\/beppy-culotte-menstruelle\/#primaryimage","url":"https:\/\/beppy.com\/wp-content\/uploads\/2025\/06\/Beppy-Panties.webp","contentUrl":"https:\/\/beppy.com\/wp-content\/uploads\/2025\/06\/Beppy-Panties.webp","width":2400,"height":2400,"caption":"Culotte Beppy"},{"@type":"BreadcrumbList","@id":"https:\/\/beppy.com\/fr\/product\/beppy-culotte-menstruelle\/#breadcrumb","itemListElement":[{"@type":"ListItem","position":1,"name":"Accueil","item":"https:\/\/beppy.com\/fr\/accueil-2\/"},{"@type":"ListItem","position":2,"name":"Produits","item":"https:\/\/beppy.com\/fr\/shop\/"},{"@type":"ListItem","position":3,"name":"Culotte Beppy - 2 pi\u00e8ces"}]},{"@type":"WebSite","@id":"https:\/\/beppy.com\/fr\/#website","url":"https:\/\/beppy.com\/fr\/","name":"Beppy","description":"Menstruatiecups, soft tampons en ondergoed","publisher":{"@id":"https:\/\/beppy.com\/fr\/#organization"},"potentialAction":[{"@type":"SearchAction","target":{"@type":"EntryPoint","urlTemplate":"https:\/\/beppy.com\/fr\/?s={search_term_string}"},"query-input":{"@type":"PropertyValueSpecification","valueRequired":true,"valueName":"search_term_string"}}],"inLanguage":"fr-FR"},{"@type":"Organization","@id":"https:\/\/beppy.com\/fr\/#organization","name":"Beppy","url":"https:\/\/beppy.com\/fr\/","logo":{"@type":"ImageObject","inLanguage":"fr-FR","@id":"https:\/\/beppy.com\/fr\/#\/schema\/logo\/image\/","url":"https:\/\/beppy.com\/wp-content\/uploads\/2024\/12\/cropped-Beppy_logo.png","contentUrl":"https:\/\/beppy.com\/wp-content\/uploads\/2024\/12\/cropped-Beppy_logo.png","width":241,"height":84,"caption":"Beppy"},"image":{"@id":"https:\/\/beppy.com\/fr\/#\/schema\/logo\/image\/"}}]},"og_availability":"instock","product_availability":"instock","product_condition":"new"},"_links":{"self":[{"href":"https:\/\/beppy.com\/fr\/wp-json\/wp\/v2\/product\/117565","targetHints":{"allow":["GET"]}}],"collection":[{"href":"https:\/\/beppy.com\/fr\/wp-json\/wp\/v2\/product"}],"about":[{"href":"https:\/\/beppy.com\/fr\/wp-json\/wp\/v2\/types\/product"}],"replies":[{"embeddable":true,"href":"https:\/\/beppy.com\/fr\/wp-json\/wp\/v2\/comments?post=117565"}],"wp:featuredmedia":[{"embeddable":true,"href":"https:\/\/beppy.com\/fr\/wp-json\/wp\/v2\/media\/118013"}],"wp:attachment":[{"href":"https:\/\/beppy.com\/fr\/wp-json\/wp\/v2\/media?parent=117565"}],"wp:term":[{"taxonomy":"product_brand","embeddable":true,"href":"https:\/\/beppy.com\/fr\/wp-json\/wp\/v2\/product_brand?post=117565"},{"taxonomy":"product_cat","embeddable":true,"href":"https:\/\/beppy.com\/fr\/wp-json\/wp\/v2\/product_cat?post=117565"},{"taxonomy":"product_tag","embeddable":true,"href":"https:\/\/beppy.com\/fr\/wp-json\/wp\/v2\/product_tag?post=117565"}],"curies":[{"name":"wp","href":"https:\/\/api.w.org\/{rel}","templated":true}]}}